{"id":2837,"date":"2017-03-09T09:18:29","date_gmt":"2017-03-09T08:18:29","guid":{"rendered":"http:\/\/agora.xtec.cat\/ceipladraga\/?page_id=2837"},"modified":"2023-07-06T22:53:46","modified_gmt":"2023-07-06T20:53:46","slug":"qui-som","status":"publish","type":"page","link":"https:\/\/agora.xtec.cat\/ceipladraga\/afa\/qui-som\/","title":{"rendered":"Qui som"},"content":{"rendered":"<p>&nbsp;<\/p>\n<p><a href=\"https:\/\/agora.xtec.cat\/ceipladraga\/wp-content\/uploads\/usu1220\/2023\/07\/Presentacio_AFA.pdf\">Clica a la imatge per veure la presentaci\u00f3 de l&#8217;AFA:<\/a><\/p>\n<p><a href=\"https:\/\/agora.xtec.cat\/ceipladraga\/wp-content\/uploads\/usu1220\/2023\/07\/Presentacio_AFA.pdf\"><img loading=\"lazy\" decoding=\"async\" class=\"size-medium wp-image-13384 alignleft\" src=\"https:\/\/agora.xtec.cat\/ceipladraga\/wp-content\/uploads\/usu1220\/2023\/07\/Presentacio_AFA-300x194.png\" alt=\"\" width=\"300\" height=\"194\" srcset=\"https:\/\/agora.xtec.cat\/ceipladraga\/wp-content\/uploads\/usu1220\/2023\/07\/Presentacio_AFA-300x194.png 300w, https:\/\/agora.xtec.cat\/ceipladraga\/wp-content\/uploads\/usu1220\/2023\/07\/Presentacio_AFA-768x496.png 768w, https:\/\/agora.xtec.cat\/ceipladraga\/wp-content\/uploads\/usu1220\/2023\/07\/Presentacio_AFA.png 871w\" sizes=\"auto, (max-width: 300px) 100vw, 300px\" \/><\/a><\/p>\n<p>&nbsp;<\/p>\n<p>&nbsp;<\/p>\n<p>&nbsp;<\/p>\n<p>&nbsp;<\/p>\n<p>&nbsp;<\/p>\n<p>&nbsp;<\/p>\n<p><strong>Qui composa l\u2019AFA?<\/strong><\/p>\n<p>La Junta de l\u2019AFA \u00e9s el seu \u00f2rgan de govern i representaci\u00f3. Aquesta, al seu torn, s\u2019organitza en diferents \u00e0rees, amb els seus corresponents vocals.<\/p>\n<p>La Junta de l\u2019AFA es reuneix peri\u00f2dicament, al menjador de l&#8217;escola o via telem\u00e0tica segons la necessitat.<\/p>\n<p>Composen La Junta: (curs 2022-23)<\/p>\n<ul>\n<li>Presidenta: \u00cdngrid Calpe<\/li>\n<li>Secretari: Miquel Navarro<\/li>\n<li>Tresorera: Laura Palmada<\/li>\n<li>Coordinadora mares\/pares delegades\/ts: Laura Aradas<\/li>\n<\/ul>\n<p>&nbsp;<\/p>\n<p>Per una millor organitzaci\u00f3 de treball, estem distribu\u00efts en comissions:<\/p>\n<p><img loading=\"lazy\" decoding=\"async\" class=\"alignnone size-large wp-image-12692\" src=\"https:\/\/agora.xtec.cat\/ceipladraga\/wp-content\/uploads\/usu1220\/2023\/02\/Comissions22_23-410x1024.jpeg\" alt=\"\" width=\"410\" height=\"1024\" srcset=\"https:\/\/agora.xtec.cat\/ceipladraga\/wp-content\/uploads\/usu1220\/2023\/02\/Comissions22_23-410x1024.jpeg 410w, https:\/\/agora.xtec.cat\/ceipladraga\/wp-content\/uploads\/usu1220\/2023\/02\/Comissions22_23-120x300.jpeg 120w, https:\/\/agora.xtec.cat\/ceipladraga\/wp-content\/uploads\/usu1220\/2023\/02\/Comissions22_23.jpeg 640w\" sizes=\"auto, (max-width: 410px) 100vw, 410px\" \/><\/p>\n<p>&nbsp;<\/p>\n","protected":false},"excerpt":{"rendered":"<p>&nbsp; Clica a la imatge per veure la presentaci\u00f3 de l&#8217;AFA: &nbsp; &nbsp; &nbsp; &nbsp; &nbsp; &nbsp; Qui composa l\u2019AFA? [&hellip;]<\/p>\n","protected":false},"author":20,"featured_media":0,"parent":66,"menu_order":0,"comment_status":"closed","ping_status":"closed","template":"page-templates\/side-menu.php","meta":{"_bbp_topic_count":0,"_bbp_reply_count":0,"_bbp_total_topic_count":0,"_bbp_total_reply_count":0,"_bbp_voice_count":0,"_bbp_anonymous_reply_count":0,"_bbp_topic_count_hidden":0,"_bbp_reply_count_hidden":0,"_bbp_forum_subforum_count":0,"site-sidebar-layout":"default","site-content-layout":"","ast-site-content-layout":"","site-content-style":"default","site-sidebar-style":"default","ast-global-header-display":"","ast-banner-title-visibility":"","ast-main-header-display":"","ast-hfb-above-header-display":"","ast-hfb-below-header-display":"","ast-hfb-mobile-header-display":"","site-post-title":"","ast-breadcrumbs-content":"","ast-featured-img":"","footer-sml-layout":"","theme-transparent-header-meta":"","adv-header-id-meta":"","stick-header-meta":"","header-above-stick-meta":"","header-main-stick-meta":"","header-below-stick-meta":"","astra-migrate-meta-layouts":"default","ast-page-background-enabled":"default","ast-page-background-meta":{"desktop":{"background-color":"var(--ast-global-color-4)","background-image":"","background-repeat":"repeat","background-position":"center center","background-size":"auto","background-attachment":"scroll","background-type":"","background-media":"","overlay-type":"","overlay-color":"","overlay-opacity":"","overlay-gradient":""},"tablet":{"background-color":"","background-image":"","background-repeat":"repeat","background-position":"center center","background-size":"auto","background-attachment":"scroll","background-type":"","background-media":"","overlay-type":"","overlay-color":"","overlay-opacity":"","overlay-gradient":""},"mobile":{"background-color":"","background-image":"","background-repeat":"repeat","background-position":"center center","background-size":"auto","background-attachment":"scroll","background-type":"","background-media":"","overlay-type":"","overlay-color":"","overlay-opacity":"","overlay-gradient":""}},"ast-content-background-meta":{"desktop":{"background-color":"var(--ast-global-color-5)","background-image":"","background-repeat":"repeat","background-position":"center center","background-size":"auto","background-attachment":"scroll","background-type":"","background-media":"","overlay-type":"","overlay-color":"","overlay-opacity":"","overlay-gradient":""},"tablet":{"background-color":"var(--ast-global-color-5)","background-image":"","background-repeat":"repeat","background-position":"center center","background-size":"auto","background-attachment":"scroll","background-type":"","background-media":"","overlay-type":"","overlay-color":"","overlay-opacity":"","overlay-gradient":""},"mobile":{"background-color":"var(--ast-global-color-5)","background-image":"","background-repeat":"repeat","background-position":"center center","background-size":"auto","background-attachment":"scroll","background-type":"","background-media":"","overlay-type":"","overlay-color":"","overlay-opacity":"","overlay-gradient":""}},"footnotes":""},"class_list":["post-2837","page","type-page","status-publish","hentry"],"post_mailing_queue_ids":[],"_links":{"self":[{"href":"https:\/\/agora.xtec.cat\/ceipladraga\/wp-json\/wp\/v2\/pages\/2837","targetHints":{"allow":["GET"]}}],"collection":[{"href":"https:\/\/agora.xtec.cat\/ceipladraga\/wp-json\/wp\/v2\/pages"}],"about":[{"href":"https:\/\/agora.xtec.cat\/ceipladraga\/wp-json\/wp\/v2\/types\/page"}],"author":[{"embeddable":true,"href":"https:\/\/agora.xtec.cat\/ceipladraga\/wp-json\/wp\/v2\/users\/20"}],"replies":[{"embeddable":true,"href":"https:\/\/agora.xtec.cat\/ceipladraga\/wp-json\/wp\/v2\/comments?post=2837"}],"version-history":[{"count":3,"href":"https:\/\/agora.xtec.cat\/ceipladraga\/wp-json\/wp\/v2\/pages\/2837\/revisions"}],"predecessor-version":[{"id":13386,"href":"https:\/\/agora.xtec.cat\/ceipladraga\/wp-json\/wp\/v2\/pages\/2837\/revisions\/13386"}],"up":[{"embeddable":true,"href":"https:\/\/agora.xtec.cat\/ceipladraga\/wp-json\/wp\/v2\/pages\/66"}],"wp:attachment":[{"href":"https:\/\/agora.xtec.cat\/ceipladraga\/wp-json\/wp\/v2\/media?parent=2837"}],"curies":[{"name":"wp","href":"https:\/\/api.w.org\/{rel}","templated":true}]}}