{"id":28,"date":"2014-09-18T12:29:35","date_gmt":"2014-09-18T11:29:35","guid":{"rendered":"http:\/\/agora.xtec.cat\/ceipladraga\/?page_id=28"},"modified":"2025-08-27T19:23:07","modified_gmt":"2025-08-27T17:23:07","slug":"claustre","status":"publish","type":"page","link":"https:\/\/agora.xtec.cat\/ceipladraga\/lescola\/claustre\/","title":{"rendered":"Equip Pedag\u00f2gic"},"content":{"rendered":"\n<div class=\"wp-block-getwid-accordion alignwide has-icon-left alignwide\" data-active-element=\"0\">\n<div class=\"wp-block-getwid-accordion__header-wrapper\"><span class=\"wp-block-getwid-accordion__header\"><a href=\"#\"><span class=\"wp-block-getwid-accordion__header-title\">EQUIP DIRECTIU<\/span><span class=\"wp-block-getwid-accordion__icon is-active\"><i class=\"fas fa-plus\"><\/i><\/span><span class=\"wp-block-getwid-accordion__icon is-passive\"><i class=\"fas fa-minus\"><\/i><\/span><\/a><\/span><\/div><div class=\"wp-block-getwid-accordion__content-wrapper\"><div class=\"wp-block-getwid-accordion__content\">\n<p><strong>Directora: <\/strong>L\u00eddia Canet<\/p>\n\n\n\n<p><strong>Cap d\u2019Estudis:<\/strong>&nbsp;Sandra Masdevall<\/p>\n\n\n\n<p><strong>Secret\u00e0ria:<\/strong> Anna Moradell<\/p>\n<\/div><\/div>\n\n\n\n<div class=\"wp-block-getwid-accordion__header-wrapper\"><span class=\"wp-block-getwid-accordion__header\"><a href=\"#\"><span class=\"wp-block-getwid-accordion__header-title\">EDUCACI\u00d3 INFANTIL <\/span><span class=\"wp-block-getwid-accordion__icon is-active\"><i class=\"fas fa-plus\"><\/i><\/span><span class=\"wp-block-getwid-accordion__icon is-passive\"><i class=\"fas fa-minus\"><\/i><\/span><\/a><\/span><\/div><div class=\"wp-block-getwid-accordion__content-wrapper\"><div class=\"wp-block-getwid-accordion__content\">\n<p><strong>I3A:<\/strong> Olga Esteba<\/p>\n\n\n\n<p><strong>I3B:<\/strong> Anna Moradell<\/p>\n\n\n\n<p><strong>I4A:<\/strong> Eva Salv\u00e0<\/p>\n\n\n\n<p><strong>I4B:<\/strong> Elisabet Hern\u00e1ndez<\/p>\n\n\n\n<p><strong>I5A:<\/strong> Dolors Guardiola<\/p>\n\n\n\n<p><strong>I5B:<\/strong> Marta Roura<\/p>\n\n\n\n<p><strong>Suport Infantil:<\/strong> \u00cdngrid Roura i Marce Vila<\/p>\n\n\n\n<p><strong>TEI<\/strong>: Eli Vila<\/p>\n\n\n\n<p><strong> Vetlladora: <\/strong>Meli Gri<\/p>\n<\/div><\/div>\n\n\n\n<div class=\"wp-block-getwid-accordion__header-wrapper\"><span class=\"wp-block-getwid-accordion__header\"><a href=\"#\"><span class=\"wp-block-getwid-accordion__header-title\">EDUCACI\u00d3 PRIM\u00c0RIA<\/span><span class=\"wp-block-getwid-accordion__icon is-active\"><i class=\"fas fa-plus\"><\/i><\/span><span class=\"wp-block-getwid-accordion__icon is-passive\"><i class=\"fas fa-minus\"><\/i><\/span><\/a><\/span><\/div><div class=\"wp-block-getwid-accordion__content-wrapper\"><div class=\"wp-block-getwid-accordion__content\">\n<p><strong>1A: <\/strong>Helena Ballell<\/p>\n\n\n\n<p><strong>1B: <\/strong>Carlota Omedes<\/p>\n\n\n\n<p><strong>2nA: <\/strong>Aida Esquinas<\/p>\n\n\n\n<p><strong>2nB <\/strong>Irene Padrosa<\/p>\n\n\n\n<p><strong>3r:<\/strong> Laia Jansana<\/p>\n\n\n\n<p><strong>4A:<\/strong> Sonia de la Concepci\u00f3n<\/p>\n\n\n\n<p><strong>4B:<\/strong> Lloren\u00e7 Llop<\/p>\n\n\n\n<p><b>5A<\/b>: Berta Duran<\/p>\n\n\n\n<p><strong>5B: <\/strong>Carme Guerrero<\/p>\n\n\n\n<p><strong>6A: <\/strong>Laia Plans<\/p>\n\n\n\n<p><strong>6B: <\/strong>Dolo Nogu\u00e9<\/p>\n\n\n\n<p><strong>Suport prim\u00e0ria:<\/strong> Ant\u00f2nia Pag\u00e8s (codoc\u00e8ncia matem\u00e0tiques), Imma Reoyo i Sandra Masdevall<\/p>\n<\/div><\/div>\n\n\n\n<div class=\"wp-block-getwid-accordion__header-wrapper\"><span class=\"wp-block-getwid-accordion__header\"><a href=\"#\"><span class=\"wp-block-getwid-accordion__header-title\">ESPECIALISTES<\/span><span class=\"wp-block-getwid-accordion__icon is-active\"><i class=\"fas fa-plus\"><\/i><\/span><span class=\"wp-block-getwid-accordion__icon is-passive\"><i class=\"fas fa-minus\"><\/i><\/span><\/a><\/span><\/div><div class=\"wp-block-getwid-accordion__content-wrapper\"><div class=\"wp-block-getwid-accordion__content\">\n<p><strong>M\u00fasica<\/strong>: Elena Virgili<\/p>\n\n\n\n<p><strong>Angl\u00e8s:<\/strong> Anna Roura i S\u00f2nia Garcia<\/p>\n\n\n\n<p><strong>Educaci\u00f3 f\u00edsica<\/strong>: Ana Molina i Marc Vila<\/p>\n\n\n\n<p><strong>Religi\u00f3<\/strong>: Gladis Mont<\/p>\n<\/div><\/div>\n\n\n\n<div class=\"wp-block-getwid-accordion__header-wrapper\"><span class=\"wp-block-getwid-accordion__header\"><a href=\"#\"><span class=\"wp-block-getwid-accordion__header-title\">ATENCI\u00d3 A LA DIVERSITAT<\/span><span class=\"wp-block-getwid-accordion__icon is-active\"><i class=\"fas fa-plus\"><\/i><\/span><span class=\"wp-block-getwid-accordion__icon is-passive\"><i class=\"fas fa-minus\"><\/i><\/span><\/a><\/span><\/div><div class=\"wp-block-getwid-accordion__content-wrapper\"><div class=\"wp-block-getwid-accordion__content\">\n<p>Orianna Ruscalleda<\/p>\n\n\n\n<p>M\u00f2nica Casademont<\/p>\n\n\n\n<p>Imma Reoyo<\/p>\n\n\n\n<p>L\u00eddia Canet<\/p>\n\n\n\n<p>Lourdes Zarzuela<\/p>\n\n\n\n<p>M.\u00c0ngels Serra (Educadora)<\/p>\n\n\n\n<p>Cl\u00e0udia Bueno (psicopedagoga)<\/p>\n\n\n\n<p>Marta Compta (treballadora social)<\/p>\n\n\n\n<p><strong>Desdoblaments i suports:<\/strong> Sandra Masdevall, Ana Molina, Gladis Mont, Orianna Ruscalleda, M\u00f2nica Casademont, Imma Reoyo i L\u00eddia Canet<\/p>\n<\/div><\/div>\n\n\n\n<div class=\"wp-block-getwid-accordion__header-wrapper\"><span class=\"wp-block-getwid-accordion__header\"><a href=\"#\"><span class=\"wp-block-getwid-accordion__header-title\">ALTRE PERSONAL<\/span><span class=\"wp-block-getwid-accordion__icon is-active\"><i class=\"fas fa-plus\"><\/i><\/span><span class=\"wp-block-getwid-accordion__icon is-passive\"><i class=\"fas fa-minus\"><\/i><\/span><\/a><\/span><\/div><div class=\"wp-block-getwid-accordion__content-wrapper\"><div class=\"wp-block-getwid-accordion__content\">\n<p><strong>Administrativa:<\/strong> Montserrat Vila<\/p>\n\n\n\n<p><strong>Conserge:<\/strong> Llu\u00eds Gratac\u00f3s<\/p>\n\n\n\n<p><strong>Coordinador de menjador:<\/strong> Ignasi Font\u00e0s<\/p>\n<\/div><\/div>\n<\/div>\n","protected":false},"excerpt":{"rendered":"","protected":false},"author":2,"featured_media":0,"parent":22,"menu_order":50,"comment_status":"closed","ping_status":"closed","template":"","meta":{"_bbp_topic_count":0,"_bbp_reply_count":0,"_bbp_total_topic_count":0,"_bbp_total_reply_count":0,"_bbp_voice_count":0,"_bbp_anonymous_reply_count":0,"_bbp_topic_count_hidden":0,"_bbp_reply_count_hidden":0,"_bbp_forum_subforum_count":0,"site-sidebar-layout":"default","site-content-layout":"","ast-site-content-layout":"default","site-content-style":"default","site-sidebar-style":"default","ast-global-header-display":"","ast-banner-title-visibility":"","ast-main-header-display":"","ast-hfb-above-header-display":"","ast-hfb-below-header-display":"","ast-hfb-mobile-header-display":"","site-post-title":"","ast-breadcrumbs-content":"","ast-featured-img":"","footer-sml-layout":"","theme-transparent-header-meta":"","adv-header-id-meta":"","stick-header-meta":"","header-above-stick-meta":"","header-main-stick-meta":"","header-below-stick-meta":"","astra-migrate-meta-layouts":"set","ast-page-background-enabled":"default","ast-page-background-meta":{"desktop":{"background-color":"var(--ast-global-color-4)","background-image":"","background-repeat":"repeat","background-position":"center center","background-size":"auto","background-attachment":"scroll","background-type":"","background-media":"","overlay-type":"","overlay-color":"","overlay-opacity":"","overlay-gradient":""},"tablet":{"background-color":"","background-image":"","background-repeat":"repeat","background-position":"center center","background-size":"auto","background-attachment":"scroll","background-type":"","background-media":"","overlay-type":"","overlay-color":"","overlay-opacity":"","overlay-gradient":""},"mobile":{"background-color":"","background-image":"","background-repeat":"repeat","background-position":"center center","background-size":"auto","background-attachment":"scroll","background-type":"","background-media":"","overlay-type":"","overlay-color":"","overlay-opacity":"","overlay-gradient":""}},"ast-content-background-meta":{"desktop":{"background-color":"var(--ast-global-color-5)","background-image":"","background-repeat":"repeat","background-position":"center center","background-size":"auto","background-attachment":"scroll","background-type":"","background-media":"","overlay-type":"","overlay-color":"","overlay-opacity":"","overlay-gradient":""},"tablet":{"background-color":"var(--ast-global-color-5)","background-image":"","background-repeat":"repeat","background-position":"center center","background-size":"auto","background-attachment":"scroll","background-type":"","background-media":"","overlay-type":"","overlay-color":"","overlay-opacity":"","overlay-gradient":""},"mobile":{"background-color":"var(--ast-global-color-5)","background-image":"","background-repeat":"repeat","background-position":"center center","background-size":"auto","background-attachment":"scroll","background-type":"","background-media":"","overlay-type":"","overlay-color":"","overlay-opacity":"","overlay-gradient":""}},"footnotes":""},"class_list":["post-28","page","type-page","status-publish","hentry"],"post_mailing_queue_ids":[],"_links":{"self":[{"href":"https:\/\/agora.xtec.cat\/ceipladraga\/wp-json\/wp\/v2\/pages\/28","targetHints":{"allow":["GET"]}}],"collection":[{"href":"https:\/\/agora.xtec.cat\/ceipladraga\/wp-json\/wp\/v2\/pages"}],"about":[{"href":"https:\/\/agora.xtec.cat\/ceipladraga\/wp-json\/wp\/v2\/types\/page"}],"author":[{"embeddable":true,"href":"https:\/\/agora.xtec.cat\/ceipladraga\/wp-json\/wp\/v2\/users\/2"}],"replies":[{"embeddable":true,"href":"https:\/\/agora.xtec.cat\/ceipladraga\/wp-json\/wp\/v2\/comments?post=28"}],"version-history":[{"count":6,"href":"https:\/\/agora.xtec.cat\/ceipladraga\/wp-json\/wp\/v2\/pages\/28\/revisions"}],"predecessor-version":[{"id":16467,"href":"https:\/\/agora.xtec.cat\/ceipladraga\/wp-json\/wp\/v2\/pages\/28\/revisions\/16467"}],"up":[{"embeddable":true,"href":"https:\/\/agora.xtec.cat\/ceipladraga\/wp-json\/wp\/v2\/pages\/22"}],"wp:attachment":[{"href":"https:\/\/agora.xtec.cat\/ceipladraga\/wp-json\/wp\/v2\/media?parent=28"}],"curies":[{"name":"wp","href":"https:\/\/api.w.org\/{rel}","templated":true}]}}