{"id":15685,"date":"2025-02-08T13:14:54","date_gmt":"2025-02-08T12:14:54","guid":{"rendered":"https:\/\/agora.xtec.cat\/ceipladraga\/?page_id=15685"},"modified":"2025-12-02T22:20:54","modified_gmt":"2025-12-02T21:20:54","slug":"comissio-de-carnestoltes","status":"publish","type":"page","link":"https:\/\/agora.xtec.cat\/ceipladraga\/afa\/comissio-de-carnestoltes\/","title":{"rendered":"Comissi\u00f3 de carnestoltes"},"content":{"rendered":"\n<figure class=\"wp-block-image size-large\"><img loading=\"lazy\" decoding=\"async\" width=\"724\" height=\"1024\" src=\"https:\/\/agora.xtec.cat\/ceipladraga\/wp-content\/uploads\/usu1220\/2025\/12\/WhatsApp-Image-2025-12-02-at-21.51.26-724x1024.jpeg\" alt=\"\" class=\"wp-image-16868\" srcset=\"https:\/\/agora.xtec.cat\/ceipladraga\/wp-content\/uploads\/usu1220\/2025\/12\/WhatsApp-Image-2025-12-02-at-21.51.26-724x1024.jpeg 724w, https:\/\/agora.xtec.cat\/ceipladraga\/wp-content\/uploads\/usu1220\/2025\/12\/WhatsApp-Image-2025-12-02-at-21.51.26-212x300.jpeg 212w, https:\/\/agora.xtec.cat\/ceipladraga\/wp-content\/uploads\/usu1220\/2025\/12\/WhatsApp-Image-2025-12-02-at-21.51.26-768x1086.jpeg 768w, https:\/\/agora.xtec.cat\/ceipladraga\/wp-content\/uploads\/usu1220\/2025\/12\/WhatsApp-Image-2025-12-02-at-21.51.26-1086x1536.jpeg 1086w, https:\/\/agora.xtec.cat\/ceipladraga\/wp-content\/uploads\/usu1220\/2025\/12\/WhatsApp-Image-2025-12-02-at-21.51.26.jpeg 1131w\" sizes=\"auto, (max-width: 724px) 100vw, 724px\" \/><\/figure>\n\n\n\n<div data-wp-interactive=\"core\/file\" class=\"wp-block-file\"><object data-wp-bind--hidden=\"!state.hasPdfPreview\" hidden class=\"wp-block-file__embed\" data=\"https:\/\/agora.xtec.cat\/ceipladraga\/wp-content\/uploads\/usu1220\/2025\/12\/CARNAVAL-LA-DRAGA-2026-MECANICS.pdf\" type=\"application\/pdf\" style=\"width:100%;height:600px\" aria-label=\"Incrustaci\u00f3 del fitxer CARNAVAL LA DRAGA 2026 - MEC\u00c0NICS.\"><\/object><a id=\"wp-block-file--media-67be9f9f-13f7-464a-b16b-50630d5fcc1d\" href=\"https:\/\/agora.xtec.cat\/ceipladraga\/wp-content\/uploads\/usu1220\/2025\/12\/CARNAVAL-LA-DRAGA-2026-MECANICS.pdf\">CARNAVAL LA DRAGA 2026 &#8211; MEC\u00c0NICS<\/a><a href=\"https:\/\/agora.xtec.cat\/ceipladraga\/wp-content\/uploads\/usu1220\/2025\/12\/CARNAVAL-LA-DRAGA-2026-MECANICS.pdf\" class=\"wp-block-file__button wp-element-button\" download aria-describedby=\"wp-block-file--media-67be9f9f-13f7-464a-b16b-50630d5fcc1d\">Baixa<\/a><\/div>\n\n\n\n<p><strong>IMPORTANT\u00cdSSIM <\/strong>Data l\u00edmit per demanar disfressa el <strong>31 de desembre <\/strong>de 2025 per internet a trav\u00e9s del formulari.<br>Qui no ha hagi fet la comanda en el per\u00edode habilitat, malauradament <strong>NO <\/strong>podr\u00e0 venir al Carnaval.<br>Tot i que el Carnaval \u00e9s el 7 de febrer, les samarretes i les gorres s&#8217;han d&#8217;estampar i la comissi\u00f3 ha de passar la comanda la primera setmana de l&#8217;any!<br>Gr\u00e0cies<\/p>\n\n\n\n<p><a href=\"https:\/\/docs.google.com\/forms\/d\/e\/1FAIpQLSd9XkfJ08GazZ4_PpJLK44lrxVDw8t3gOiz6lVVpir_XjvgJQ\/viewform\">Formulari per inscriure&#8217;s<\/a><\/p>\n\n\n\n<p><\/p>\n","protected":false},"excerpt":{"rendered":"<p>IMPORTANT\u00cdSSIM Data l\u00edmit per demanar disfressa el 31 de desembre de 2025 per internet a trav\u00e9s del formulari.Qui no ha [&hellip;]<\/p>\n","protected":false},"author":20,"featured_media":0,"parent":66,"menu_order":0,"comment_status":"closed","ping_status":"closed","template":"","meta":{"_bbp_topic_count":0,"_bbp_reply_count":0,"_bbp_total_topic_count":0,"_bbp_total_reply_count":0,"_bbp_voice_count":0,"_bbp_anonymous_reply_count":0,"_bbp_topic_count_hidden":0,"_bbp_reply_count_hidden":0,"_bbp_forum_subforum_count":0,"site-sidebar-layout":"default","site-content-layout":"","ast-site-content-layout":"default","site-content-style":"default","site-sidebar-style":"default","ast-global-header-display":"","ast-banner-title-visibility":"","ast-main-header-display":"","ast-hfb-above-header-display":"","ast-hfb-below-header-display":"","ast-hfb-mobile-header-display":"","site-post-title":"","ast-breadcrumbs-content":"","ast-featured-img":"","footer-sml-layout":"","theme-transparent-header-meta":"","adv-header-id-meta":"","stick-header-meta":"","header-above-stick-meta":"","header-main-stick-meta":"","header-below-stick-meta":"","astra-migrate-meta-layouts":"set","ast-page-background-enabled":"default","ast-page-background-meta":{"desktop":{"background-color":"var(--ast-global-color-4)","background-image":"","background-repeat":"repeat","background-position":"center center","background-size":"auto","background-attachment":"scroll","background-type":"","background-media":"","overlay-type":"","overlay-color":"","overlay-opacity":"","overlay-gradient":""},"tablet":{"background-color":"","background-image":"","background-repeat":"repeat","background-position":"center center","background-size":"auto","background-attachment":"scroll","background-type":"","background-media":"","overlay-type":"","overlay-color":"","overlay-opacity":"","overlay-gradient":""},"mobile":{"background-color":"","background-image":"","background-repeat":"repeat","background-position":"center center","background-size":"auto","background-attachment":"scroll","background-type":"","background-media":"","overlay-type":"","overlay-color":"","overlay-opacity":"","overlay-gradient":""}},"ast-content-background-meta":{"desktop":{"background-color":"var(--ast-global-color-5)","background-image":"","background-repeat":"repeat","background-position":"center center","background-size":"auto","background-attachment":"scroll","background-type":"","background-media":"","overlay-type":"","overlay-color":"","overlay-opacity":"","overlay-gradient":""},"tablet":{"background-color":"var(--ast-global-color-5)","background-image":"","background-repeat":"repeat","background-position":"center center","background-size":"auto","background-attachment":"scroll","background-type":"","background-media":"","overlay-type":"","overlay-color":"","overlay-opacity":"","overlay-gradient":""},"mobile":{"background-color":"var(--ast-global-color-5)","background-image":"","background-repeat":"repeat","background-position":"center center","background-size":"auto","background-attachment":"scroll","background-type":"","background-media":"","overlay-type":"","overlay-color":"","overlay-opacity":"","overlay-gradient":""}},"footnotes":""},"class_list":["post-15685","page","type-page","status-publish","hentry"],"post_mailing_queue_ids":[],"_links":{"self":[{"href":"https:\/\/agora.xtec.cat\/ceipladraga\/wp-json\/wp\/v2\/pages\/15685","targetHints":{"allow":["GET"]}}],"collection":[{"href":"https:\/\/agora.xtec.cat\/ceipladraga\/wp-json\/wp\/v2\/pages"}],"about":[{"href":"https:\/\/agora.xtec.cat\/ceipladraga\/wp-json\/wp\/v2\/types\/page"}],"author":[{"embeddable":true,"href":"https:\/\/agora.xtec.cat\/ceipladraga\/wp-json\/wp\/v2\/users\/20"}],"replies":[{"embeddable":true,"href":"https:\/\/agora.xtec.cat\/ceipladraga\/wp-json\/wp\/v2\/comments?post=15685"}],"version-history":[{"count":5,"href":"https:\/\/agora.xtec.cat\/ceipladraga\/wp-json\/wp\/v2\/pages\/15685\/revisions"}],"predecessor-version":[{"id":16869,"href":"https:\/\/agora.xtec.cat\/ceipladraga\/wp-json\/wp\/v2\/pages\/15685\/revisions\/16869"}],"up":[{"embeddable":true,"href":"https:\/\/agora.xtec.cat\/ceipladraga\/wp-json\/wp\/v2\/pages\/66"}],"wp:attachment":[{"href":"https:\/\/agora.xtec.cat\/ceipladraga\/wp-json\/wp\/v2\/media?parent=15685"}],"curies":[{"name":"wp","href":"https:\/\/api.w.org\/{rel}","templated":true}]}}