{"id":64,"date":"2014-09-18T12:39:08","date_gmt":"2014-09-18T11:39:08","guid":{"rendered":"http:\/\/agora.xtec.cat\/ceiplacreutorrefarrera\/?page_id=64"},"modified":"2025-10-03T12:30:49","modified_gmt":"2025-10-03T10:30:49","slug":"projecte-educatiu","status":"publish","type":"page","link":"https:\/\/agora.xtec.cat\/ceiplacreutorrefarrera\/lescola\/projecte-educatiu\/","title":{"rendered":"Documents de centre"},"content":{"rendered":"<ul style=\"list-style-type: disc;\">\n<li>\n<h5><strong><a href=\"https:\/\/agora.xtec.cat\/ceiplacreutorrefarrera\/wp-content\/uploads\/usu389\/2019\/01\/PEC-LA-CREU-2018.pdf\">PEC (Projecte Educatiu del Centre) &#8211; Actualitzaci\u00f3 2018<\/a><\/strong><\/h5>\n<\/li>\n<li>\n<h5><a href=\"https:\/\/drive.google.com\/file\/d\/1IJ6L5XNdrvPevAc-4ipKqn0AWF7hYL6Y\/view?usp=share_link\">NOFC &#8211; Actualitzaci\u00f3 19\/10\/2023<\/a><\/h5>\n<\/li>\n<li>\n<h5><a href=\"https:\/\/drive.google.com\/file\/d\/1ujnf0pQA1hlqfi9_DX2HnTuvGF9HKIuw\/view?usp=drive_link\">Programaci\u00f3 general anual 2025\/2026<\/a><\/h5>\n<\/li>\n<li>\n<h5><a href=\"https:\/\/docs.google.com\/spreadsheets\/d\/15BbgyFSyE_8c5FbvOs2B2yWBmb1If5lhs0zJB6w3qus\/edit?usp=sharing\">Pressupost exercici econ\u00f2mic 2025.<\/a><\/h5>\n<\/li>\n<li>\n<h5><a href=\"https:\/\/agora.xtec.cat\/ceiplacreutorrefarrera\/estrategia-digital-de-centre\/\">Estrat\u00e8gia digital del centre<\/a><\/h5>\n<\/li>\n<li>\n<h5><strong><a href=\"https:\/\/drive.google.com\/file\/d\/1gQBEmKrAyvzxgWy1OFP2vJV0DD4-4F1G\/view?usp=sharing\">Projecte Ling\u00fc\u00edstic: actualitzaci\u00f3 2023<\/a><\/strong><\/h5>\n<\/li>\n<li>\n<h5><strong><a href=\"https:\/\/agora.xtec.cat\/ceiplacreutorrefarrera\/wp-content\/uploads\/usu389\/2019\/01\/Declaraci\u00f3-opci\u00f3-religi\u00f3.pdf\">Declaraci\u00f3 opci\u00f3 religi\u00f3<\/a><\/strong><\/h5>\n<\/li>\n<li>\n<h5><strong><a href=\"https:\/\/agora.xtec.cat\/ceiplacreutorrefarrera\/wp-content\/uploads\/usu389\/2019\/01\/Carta-de-comprom%C3%ADs-educatiu-Infantil-pre-inscripci%C3%B3.pdf\">Carta de Comprom\u00eds Educatiu &#8211; Alumnes d&#8217;educaci\u00f3 infantil\u00a0<\/a><\/strong><\/h5>\n<\/li>\n<li>\n<h5><strong><a href=\"https:\/\/agora.xtec.cat\/ceiplacreutorrefarrera\/wp-content\/uploads\/usu389\/2019\/01\/Carta-de-comprom%C3%ADs-educatiu-Prim%C3%A0ria-pre-inscripci%C3%B3.pdf\">Carta de Comprom\u00eds Educatiu &#8211; Alumnes d&#8217;educaci\u00f3 prim\u00e0ria<\/a><\/strong><\/h5>\n<\/li>\n<li><strong>Quota de material: a qu\u00e8 van destinades les aportacions volunt\u00e0ries de les fam\u00edlies.<\/strong><\/li>\n<\/ul>\n<h5><\/h5>\n","protected":false},"excerpt":{"rendered":"<p>PEC (Projecte Educatiu del Centre) &#8211; Actualitzaci\u00f3 2018 NOFC &#8211; Actualitzaci\u00f3 19\/10\/2023 Programaci\u00f3 general anual 2025\/2026 Pressupost exercici econ\u00f2mic 2025. Estrat\u00e8gia digital del centre Projecte Ling\u00fc\u00edstic: actualitzaci\u00f3 2023 Declaraci\u00f3 opci\u00f3 religi\u00f3 Carta de Comprom\u00eds Educatiu &#8211; Alumnes d&#8217;educaci\u00f3 infantil\u00a0 Carta de Comprom\u00eds Educatiu &#8211; Alumnes d&#8217;educaci\u00f3 prim\u00e0ria Quota de material: a qu\u00e8 van destinades les [&hellip;]<\/p>\n","protected":false},"author":1,"featured_media":0,"parent":22,"menu_order":0,"comment_status":"closed","ping_status":"closed","template":"","meta":{"_bbp_topic_count":0,"_bbp_reply_count":0,"_bbp_total_topic_count":0,"_bbp_total_reply_count":0,"_bbp_voice_count":0,"_bbp_anonymous_reply_count":0,"_bbp_topic_count_hidden":0,"_bbp_reply_count_hidden":0,"_bbp_forum_subforum_count":0,"site-sidebar-layout":"default","site-content-layout":"","ast-site-content-layout":"default","site-content-style":"default","site-sidebar-style":"default","ast-global-header-display":"","ast-banner-title-visibility":"","ast-main-header-display":"","ast-hfb-above-header-display":"","ast-hfb-below-header-display":"","ast-hfb-mobile-header-display":"","site-post-title":"","ast-breadcrumbs-content":"","ast-featured-img":"","footer-sml-layout":"","theme-transparent-header-meta":"","adv-header-id-meta":"","stick-header-meta":"","header-above-stick-meta":"","header-main-stick-meta":"","header-below-stick-meta":"","astra-migrate-meta-layouts":"set","ast-page-background-enabled":"default","ast-page-background-meta":{"desktop":{"background-color":"var(--ast-global-color-4)","background-image":"","background-repeat":"repeat","background-position":"center center","background-size":"auto","background-attachment":"scroll","background-type":"","background-media":"","overlay-type":"","overlay-color":"","overlay-opacity":"","overlay-gradient":""},"tablet":{"background-color":"","background-image":"","background-repeat":"repeat","background-position":"center center","background-size":"auto","background-attachment":"scroll","background-type":"","background-media":"","overlay-type":"","overlay-color":"","overlay-opacity":"","overlay-gradient":""},"mobile":{"background-color":"","background-image":"","background-repeat":"repeat","background-position":"center center","background-size":"auto","background-attachment":"scroll","background-type":"","background-media":"","overlay-type":"","overlay-color":"","overlay-opacity":"","overlay-gradient":""}},"ast-content-background-meta":{"desktop":{"background-color":"var(--ast-global-color-5)","background-image":"","background-repeat":"repeat","background-position":"center center","background-size":"auto","background-attachment":"scroll","background-type":"","background-media":"","overlay-type":"","overlay-color":"","overlay-opacity":"","overlay-gradient":""},"tablet":{"background-color":"var(--ast-global-color-5)","background-image":"","background-repeat":"repeat","background-position":"center center","background-size":"auto","background-attachment":"scroll","background-type":"","background-media":"","overlay-type":"","overlay-color":"","overlay-opacity":"","overlay-gradient":""},"mobile":{"background-color":"var(--ast-global-color-5)","background-image":"","background-repeat":"repeat","background-position":"center center","background-size":"auto","background-attachment":"scroll","background-type":"","background-media":"","overlay-type":"","overlay-color":"","overlay-opacity":"","overlay-gradient":""}},"footnotes":""},"class_list":["post-64","page","type-page","status-publish","hentry"],"post_mailing_queue_ids":[],"_links":{"self":[{"href":"https:\/\/agora.xtec.cat\/ceiplacreutorrefarrera\/wp-json\/wp\/v2\/pages\/64","targetHints":{"allow":["GET"]}}],"collection":[{"href":"https:\/\/agora.xtec.cat\/ceiplacreutorrefarrera\/wp-json\/wp\/v2\/pages"}],"about":[{"href":"https:\/\/agora.xtec.cat\/ceiplacreutorrefarrera\/wp-json\/wp\/v2\/types\/page"}],"author":[{"embeddable":true,"href":"https:\/\/agora.xtec.cat\/ceiplacreutorrefarrera\/wp-json\/wp\/v2\/users\/1"}],"replies":[{"embeddable":true,"href":"https:\/\/agora.xtec.cat\/ceiplacreutorrefarrera\/wp-json\/wp\/v2\/comments?post=64"}],"version-history":[{"count":6,"href":"https:\/\/agora.xtec.cat\/ceiplacreutorrefarrera\/wp-json\/wp\/v2\/pages\/64\/revisions"}],"predecessor-version":[{"id":6345,"href":"https:\/\/agora.xtec.cat\/ceiplacreutorrefarrera\/wp-json\/wp\/v2\/pages\/64\/revisions\/6345"}],"up":[{"embeddable":true,"href":"https:\/\/agora.xtec.cat\/ceiplacreutorrefarrera\/wp-json\/wp\/v2\/pages\/22"}],"wp:attachment":[{"href":"https:\/\/agora.xtec.cat\/ceiplacreutorrefarrera\/wp-json\/wp\/v2\/media?parent=64"}],"curies":[{"name":"wp","href":"https:\/\/api.w.org\/{rel}","templated":true}]}}