{"id":8232,"date":"2025-10-22T12:34:38","date_gmt":"2025-10-22T10:34:38","guid":{"rendered":"https:\/\/agora.xtec.cat\/ceiplacarpa\/?page_id=8232"},"modified":"2026-03-17T09:27:21","modified_gmt":"2026-03-17T08:27:21","slug":"documents-i-autoritzacions","status":"publish","type":"page","link":"https:\/\/agora.xtec.cat\/ceiplacarpa\/lescola\/documents-i-autoritzacions\/","title":{"rendered":"Documents i autoritzacions"},"content":{"rendered":"<p><span style=\"font-weight: 400;\">Aqu\u00ed trobareu els documents del centre per a la vostra consulta i les autoritzacions per si us cal descarregar-les.<\/span><\/p>\n<p><b><i>CURS 2025-2026<\/i><\/b><\/p>\n<p><a href=\"https:\/\/docs.google.com\/document\/d\/1QO9ilkZN3haCquAM4Fot4NIv6efCFvFZ\/edit\"><span style=\"font-weight: 400;\">SORTIDES, COL\u00d2NIES I ACTIVITATS<\/span><\/a><\/p>\n<p><a href=\"https:\/\/agora.xtec.cat\/ceiplacarpa\/wp-content\/uploads\/usu1915\/2025\/10\/Llistat-Llibres-de-Text-curs-2025_26_Escola_La_Carpa.docx.pdf\"><span style=\"font-weight: 400;\">LLISTAT LLIBRES DE TEXT<\/span><\/a><\/p>\n<p><b><i>DOCUMENTS DE CENTRE<\/i><\/b><\/p>\n<p><a href=\"https:\/\/drive.google.com\/file\/d\/1b2bux1Cv6n-yTntlOa5zAXmYpy6opFyr\/view\"><span style=\"font-weight: 400;\">Projecte Educatiu de Centre (PEC)<\/span><\/a><\/p>\n<p><a href=\"https:\/\/drive.google.com\/file\/d\/1YlA8fWYugyLqOsl13HxcCqk2-mVnMJB7\/view\"><span style=\"font-weight: 400;\">Normes d\u2019Organitzaci\u00f3 i Funcionament de Centre (NOFC)<\/span><\/a><\/p>\n<p><a href=\"https:\/\/drive.google.com\/file\/d\/1-5IletUMOnZbMW1Xr9JTB21sTvPUFmmk\/view\"><span style=\"font-weight: 400;\">PROJECTE DE CONVIV\u00c8NCIA<\/span><\/a><\/p>\n<p><a href=\"https:\/\/drive.google.com\/file\/d\/12SU4z_EQ1oApOr_lIblQkPvtH50dB8fR\/view\"><span style=\"font-weight: 400;\">Carta de Comprom\u00eds Educatiu<\/span><\/a><\/p>\n<p><b><i>AUTORITZACI\u00d3 USOS INTERNET<\/i><\/b><\/p>\n<p><a href=\"https:\/\/agora.xtec.cat\/ceiplacarpa\/wp-content\/uploads\/usu1915\/2026\/03\/Autoritzacio-relativa-als-alumnes-de-menys-de-14-anys_-us-de-Serveis_Escola-La-Carpa.pdf\">Autoritzacio-relativa-als-alumnes-de-menys-de-14-anys_-us-de-Serveis_Escola-La-Carpa<\/a><\/p>\n<p><b><i>PROGRAMA T\u00c8CNICS D\u2019INTEGRACI\u00d3 SOCIAL I EDUCADORS SOCIALS<\/i><\/b><\/p>\n<p><a href=\"https:\/\/agora.xtec.cat\/ceiplacarpa\/general\/programa-tecnics-dintegracio-social-i-educadors-socials\/\"><span style=\"font-weight: 400;\">https:\/\/agora.xtec.cat\/ceiplacarpa\/general\/programa-tecnics-dintegracio-social-i-educadors-socials\/<\/span><\/a><\/p>\n","protected":false},"excerpt":{"rendered":"<p>Aqu\u00ed trobareu els documents del centre per a la vostra consulta i les autoritzacions per si us cal descarregar-les. CURS 2025-2026 SORTIDES, COL\u00d2NIES I ACTIVITATS LLISTAT LLIBRES DE TEXT DOCUMENTS DE CENTRE Projecte Educatiu de Centre (PEC) Normes d\u2019Organitzaci\u00f3 i Funcionament de Centre (NOFC) PROJECTE DE CONVIV\u00c8NCIA Carta de Comprom\u00eds Educatiu AUTORITZACI\u00d3 USOS INTERNET Autoritzacio-relativa-als-alumnes-de-menys-de-14-anys_-us-de-Serveis_Escola-La-Carpa [&hellip;]<\/p>\n","protected":false},"author":1,"featured_media":0,"parent":22,"menu_order":0,"comment_status":"closed","ping_status":"closed","template":"","meta":{"_bbp_topic_count":0,"_bbp_reply_count":0,"_bbp_total_topic_count":0,"_bbp_total_reply_count":0,"_bbp_voice_count":0,"_bbp_anonymous_reply_count":0,"_bbp_topic_count_hidden":0,"_bbp_reply_count_hidden":0,"_bbp_forum_subforum_count":0,"site-sidebar-layout":"default","site-content-layout":"","ast-site-content-layout":"default","site-content-style":"default","site-sidebar-style":"default","ast-global-header-display":"","ast-banner-title-visibility":"","ast-main-header-display":"","ast-hfb-above-header-display":"","ast-hfb-below-header-display":"","ast-hfb-mobile-header-display":"","site-post-title":"","ast-breadcrumbs-content":"","ast-featured-img":"","footer-sml-layout":"","theme-transparent-header-meta":"default","adv-header-id-meta":"","stick-header-meta":"","header-above-stick-meta":"","header-main-stick-meta":"","header-below-stick-meta":"","astra-migrate-meta-layouts":"set","ast-page-background-enabled":"default","ast-page-background-meta":{"desktop":{"background-color":"var(--ast-global-color-4)","background-image":"","background-repeat":"repeat","background-position":"center center","background-size":"auto","background-attachment":"scroll","background-type":"","background-media":"","overlay-type":"","overlay-color":"","overlay-opacity":"","overlay-gradient":""},"tablet":{"background-color":"","background-image":"","background-repeat":"repeat","background-position":"center center","background-size":"auto","background-attachment":"scroll","background-type":"","background-media":"","overlay-type":"","overlay-color":"","overlay-opacity":"","overlay-gradient":""},"mobile":{"background-color":"","background-image":"","background-repeat":"repeat","background-position":"center center","background-size":"auto","background-attachment":"scroll","background-type":"","background-media":"","overlay-type":"","overlay-color":"","overlay-opacity":"","overlay-gradient":""}},"ast-content-background-meta":{"desktop":{"background-color":"var(--ast-global-color-5)","background-image":"","background-repeat":"repeat","background-position":"center center","background-size":"auto","background-attachment":"scroll","background-type":"","background-media":"","overlay-type":"","overlay-color":"","overlay-opacity":"","overlay-gradient":""},"tablet":{"background-color":"var(--ast-global-color-5)","background-image":"","background-repeat":"repeat","background-position":"center center","background-size":"auto","background-attachment":"scroll","background-type":"","background-media":"","overlay-type":"","overlay-color":"","overlay-opacity":"","overlay-gradient":""},"mobile":{"background-color":"var(--ast-global-color-5)","background-image":"","background-repeat":"repeat","background-position":"center center","background-size":"auto","background-attachment":"scroll","background-type":"","background-media":"","overlay-type":"","overlay-color":"","overlay-opacity":"","overlay-gradient":""}},"footnotes":""},"class_list":["post-8232","page","type-page","status-publish","hentry"],"post_mailing_queue_ids":[],"_links":{"self":[{"href":"https:\/\/agora.xtec.cat\/ceiplacarpa\/wp-json\/wp\/v2\/pages\/8232","targetHints":{"allow":["GET"]}}],"collection":[{"href":"https:\/\/agora.xtec.cat\/ceiplacarpa\/wp-json\/wp\/v2\/pages"}],"about":[{"href":"https:\/\/agora.xtec.cat\/ceiplacarpa\/wp-json\/wp\/v2\/types\/page"}],"author":[{"embeddable":true,"href":"https:\/\/agora.xtec.cat\/ceiplacarpa\/wp-json\/wp\/v2\/users\/1"}],"replies":[{"embeddable":true,"href":"https:\/\/agora.xtec.cat\/ceiplacarpa\/wp-json\/wp\/v2\/comments?post=8232"}],"version-history":[{"count":5,"href":"https:\/\/agora.xtec.cat\/ceiplacarpa\/wp-json\/wp\/v2\/pages\/8232\/revisions"}],"predecessor-version":[{"id":8595,"href":"https:\/\/agora.xtec.cat\/ceiplacarpa\/wp-json\/wp\/v2\/pages\/8232\/revisions\/8595"}],"up":[{"embeddable":true,"href":"https:\/\/agora.xtec.cat\/ceiplacarpa\/wp-json\/wp\/v2\/pages\/22"}],"wp:attachment":[{"href":"https:\/\/agora.xtec.cat\/ceiplacarpa\/wp-json\/wp\/v2\/media?parent=8232"}],"curies":[{"name":"wp","href":"https:\/\/api.w.org\/{rel}","templated":true}]}}