{"id":77,"date":"2014-09-18T14:05:08","date_gmt":"2014-09-18T13:05:08","guid":{"rendered":"http:\/\/agora.xtec.cat\/ceiplacarpa\/?page_id=77"},"modified":"2018-11-02T22:39:34","modified_gmt":"2018-11-02T21:39:34","slug":"acollida","status":"publish","type":"page","link":"https:\/\/agora.xtec.cat\/ceiplacarpa\/serveis\/acollida\/","title":{"rendered":"Acollida"},"content":{"rendered":"<div id=\"Serveis1_Capcalera\">\n<table class=\"EstilGris\" width=\"650\" cellpadding=\"2\">\n<tbody>\n<tr>\n<td style=\"text-align: justify;\">El servei d&#8217;acollida pels matins va adre\u00e7at als alumnes de l&#8217;escola, est\u00e0 organitzat per l&#8217;<strong>AMPA<\/strong>\u00a0i est\u00e0 sota la supervisi\u00f3 del\u00a0<strong>Consell Escolar<\/strong>.<\/td>\n<\/tr>\n<\/tbody>\n<\/table>\n<\/div>\n<div id=\"Serveis1_Taula\">\n<table border=\"0\" width=\"650\" cellspacing=\"0\" cellpadding=\"10\" bgcolor=\"#E9E9E9\">\n<tbody>\n<tr>\n<td colspan=\"2\" bgcolor=\"#F2E0F7\" width=\"650\">\n<div class=\"EstilCapcaleraTaula\" align=\"left\"><strong>Funcionament<\/strong><\/div>\n<\/td>\n<\/tr>\n<tr>\n<td style=\"text-align: justify;\" colspan=\"2\" bgcolor=\"#E9E9E9\"><span class=\"EstiloPetit EstilGris\">El servei d&#8217;acollida el realitzaran\u00a0<strong>monitors de l&#8217;Esplai Can Serra<\/strong>\u00a0que s&#8217;encarregaran d&#8217;atendre els nens i nenes i fer activitats de lectura, m\u00fasica, enllestir deures pendents, en un ambient relaxat i c\u00e0lid.<\/span><\/p>\n<p><span class=\"EstiloPetit EstilGris\">Funcionar\u00e0 durant tot el curs els dies marcats al calendari escolar.<\/span><\/td>\n<\/tr>\n<tr>\n<td colspan=\"2\" bgcolor=\"#E2A9F3\">\n<div class=\"EstilCapcaleraTaula\" style=\"text-align: justify;\" align=\"left\"><strong>Quotes<\/strong><\/div>\n<\/td>\n<\/tr>\n<tr>\n<td style=\"text-align: justify;\" colspan=\"2\" bgcolor=\"#E9E9E9\"><span class=\"EstiloPetit EstilGris\">Hi haur\u00e0 dues quotes en funci\u00f3 de si es fa 1 hora (<strong>8h a 9h<\/strong>) o \u00bd hora (de\u00a0<strong>8,30h a 9h<\/strong>), tot i que es pot venir quan es vulgui. Tamb\u00e9 ser\u00e0 possible acollir-se puntualment a aquest servei els dies necessaris; en aquest cas caldr\u00e0 adquirir amb antelaci\u00f3 uns\u00a0<strong>tiquets<\/strong>\u00a0a l&#8217;Esplai Can Serra i es portaran els dies que els nens i nenes vinguin a l&#8217;acollida (dels tiquets no utilitzats es retornaran els diners al final de curs).<\/span><\/p>\n<p>Les quotes dels nens\/es fixes es domiciliaran a trav\u00e9s del banc i els eventuals caldr\u00e0 que adquireixin el tiquet a l&#8217;Esplai Can Serra.<\/td>\n<\/tr>\n<tr>\n<td colspan=\"2\" bgcolor=\"#CC2EFA\">\n<div class=\"EstilCapcaleraTaula\" align=\"left\"><strong>Inscripci\u00f3<\/strong><\/div>\n<\/td>\n<\/tr>\n<tr>\n<td style=\"text-align: justify;\" width=\"460\"><span class=\"EstiloPetit EstilGris\">Els interessats en acollir-se a aquest servei han de passar per L&#8217;Esplai Can Serra.<\/span><\/p>\n<p style=\"text-align: center;\"><strong>ESPLAI CAN SERRA<br \/>\n<\/strong>Carretera d&#8217;Esplugues, 12<br \/>\nHorari de 16h a 20h<br \/>\nTel\u00e8fon: 93 438 60 42<\/p>\n<\/td>\n<\/tr>\n<\/tbody>\n<\/table>\n<\/div>\n","protected":false},"excerpt":{"rendered":"<p>El servei d&#8217;acollida pels matins va adre\u00e7at als alumnes de l&#8217;escola, est\u00e0 organitzat per l&#8217;AMPA\u00a0i est\u00e0 sota la supervisi\u00f3 del\u00a0Consell Escolar. Funcionament El servei d&#8217;acollida el realitzaran\u00a0monitors de l&#8217;Esplai Can Serra\u00a0que s&#8217;encarregaran d&#8217;atendre els nens i nenes i fer activitats de lectura, m\u00fasica, enllestir deures pendents, en un ambient relaxat i c\u00e0lid. Funcionar\u00e0 durant tot [&hellip;]<\/p>\n","protected":false},"author":1,"featured_media":0,"parent":66,"menu_order":20,"comment_status":"closed","ping_status":"closed","template":"page-templates\/side-menu.php","meta":{"_bbp_topic_count":0,"_bbp_reply_count":0,"_bbp_total_topic_count":0,"_bbp_total_reply_count":0,"_bbp_voice_count":0,"_bbp_anonymous_reply_count":0,"_bbp_topic_count_hidden":0,"_bbp_reply_count_hidden":0,"_bbp_forum_subforum_count":0,"site-sidebar-layout":"default","site-content-layout":"","ast-site-content-layout":"","site-content-style":"default","site-sidebar-style":"default","ast-global-header-display":"","ast-banner-title-visibility":"","ast-main-header-display":"","ast-hfb-above-header-display":"","ast-hfb-below-header-display":"","ast-hfb-mobile-header-display":"","site-post-title":"","ast-breadcrumbs-content":"","ast-featured-img":"","footer-sml-layout":"","theme-transparent-header-meta":"","adv-header-id-meta":"","stick-header-meta":"","header-above-stick-meta":"","header-main-stick-meta":"","header-below-stick-meta":"","astra-migrate-meta-layouts":"default","ast-page-background-enabled":"default","ast-page-background-meta":{"desktop":{"background-color":"var(--ast-global-color-4)","background-image":"","background-repeat":"repeat","background-position":"center center","background-size":"auto","background-attachment":"scroll","background-type":"","background-media":"","overlay-type":"","overlay-color":"","overlay-opacity":"","overlay-gradient":""},"tablet":{"background-color":"","background-image":"","background-repeat":"repeat","background-position":"center center","background-size":"auto","background-attachment":"scroll","background-type":"","background-media":"","overlay-type":"","overlay-color":"","overlay-opacity":"","overlay-gradient":""},"mobile":{"background-color":"","background-image":"","background-repeat":"repeat","background-position":"center center","background-size":"auto","background-attachment":"scroll","background-type":"","background-media":"","overlay-type":"","overlay-color":"","overlay-opacity":"","overlay-gradient":""}},"ast-content-background-meta":{"desktop":{"background-color":"var(--ast-global-color-5)","background-image":"","background-repeat":"repeat","background-position":"center center","background-size":"auto","background-attachment":"scroll","background-type":"","background-media":"","overlay-type":"","overlay-color":"","overlay-opacity":"","overlay-gradient":""},"tablet":{"background-color":"var(--ast-global-color-5)","background-image":"","background-repeat":"repeat","background-position":"center center","background-size":"auto","background-attachment":"scroll","background-type":"","background-media":"","overlay-type":"","overlay-color":"","overlay-opacity":"","overlay-gradient":""},"mobile":{"background-color":"var(--ast-global-color-5)","background-image":"","background-repeat":"repeat","background-position":"center center","background-size":"auto","background-attachment":"scroll","background-type":"","background-media":"","overlay-type":"","overlay-color":"","overlay-opacity":"","overlay-gradient":""}},"footnotes":""},"class_list":["post-77","page","type-page","status-publish","hentry"],"post_mailing_queue_ids":[],"_links":{"self":[{"href":"https:\/\/agora.xtec.cat\/ceiplacarpa\/wp-json\/wp\/v2\/pages\/77","targetHints":{"allow":["GET"]}}],"collection":[{"href":"https:\/\/agora.xtec.cat\/ceiplacarpa\/wp-json\/wp\/v2\/pages"}],"about":[{"href":"https:\/\/agora.xtec.cat\/ceiplacarpa\/wp-json\/wp\/v2\/types\/page"}],"author":[{"embeddable":true,"href":"https:\/\/agora.xtec.cat\/ceiplacarpa\/wp-json\/wp\/v2\/users\/1"}],"replies":[{"embeddable":true,"href":"https:\/\/agora.xtec.cat\/ceiplacarpa\/wp-json\/wp\/v2\/comments?post=77"}],"version-history":[{"count":0,"href":"https:\/\/agora.xtec.cat\/ceiplacarpa\/wp-json\/wp\/v2\/pages\/77\/revisions"}],"up":[{"embeddable":true,"href":"https:\/\/agora.xtec.cat\/ceiplacarpa\/wp-json\/wp\/v2\/pages\/66"}],"wp:attachment":[{"href":"https:\/\/agora.xtec.cat\/ceiplacarpa\/wp-json\/wp\/v2\/media?parent=77"}],"curies":[{"name":"wp","href":"https:\/\/api.w.org\/{rel}","templated":true}]}}