{"id":548,"date":"2018-11-01T19:26:06","date_gmt":"2018-11-01T18:26:06","guid":{"rendered":"http:\/\/agora.xtec.cat\/ceiplacarpa\/?page_id=548"},"modified":"2023-04-18T09:27:28","modified_gmt":"2023-04-18T07:27:28","slug":"ampa","status":"publish","type":"page","link":"https:\/\/agora.xtec.cat\/ceiplacarpa\/ampa\/","title":{"rendered":"AFA"},"content":{"rendered":"<table class=\"EstilGris\" border=\"0\" width=\"967\" cellspacing=\"10\" cellpadding=\"10\">\n<tbody>\n<tr>\n<td class=\"EstiloGran\"><strong>Qui \u00e9s l\u2019AFA i Com funciona<\/strong><\/td>\n<\/tr>\n<tr>\n<td bgcolor=\"#E9E9E9\">L\u2019<strong>AFA<\/strong> \u00e9s una associaci\u00f3 sense afany de lucre, que permet la participaci\u00f3 de les fam\u00edlies dels alumnes en les escoles.<br \/>\nL\u2019associaci\u00f3 es regeix per l\u2019<strong>Assemblea general<\/strong> i la <strong>Junta Directiva<\/strong>.<br \/>\nContacte l\u2019AFA a <a class=\"EstiloLink\" href=\"mailto:ampa-lacarpa@hotmail.com\">ampa-lacarpa@hotmail.com<\/a>Accedeix al la p\u00e0gina del Facebook de l&#8217;AFA a <a class=\"EstiloLink\" href=\"https:\/\/es-la.facebook.com\/ampa.ceiplacarpa\" target=\"_blank\" rel=\"noopener\">https:\/\/es-la.facebook.com\/ampa.ceiplacarpa<\/a><\/td>\n<\/tr>\n<tr>\n<td>\n<table border=\"1\" cellspacing=\"0\" cellpadding=\"10\">\n<tbody>\n<tr>\n<td bgcolor=\"#E2A9F3\"><span class=\"EstiloPetit\">L\u2019Assemblea\u00a0general<\/span><\/td>\n<td bgcolor=\"#E9E9E9\">\u00c9s l\u2019\u00f2rgan suprem de l\u2019associaci\u00f3 i est\u00e0 constitu\u00cfda per tots els socis, \u00e9s a dir, els pares i mares (o tutors) de tots els alumnes de l\u2019escola. Segons els estatuts de la nostra associaci\u00f3, l\u2019Assemblea general es reuneixen sessi\u00f3 ordin\u00e0ria, almenys, una vegada al any.<\/td>\n<\/tr>\n<tr>\n<td bgcolor=\"#D358F7\"><span class=\"EstiloPetit\">La Junta Directiva<\/span><\/td>\n<td bgcolor=\"#E9E9E9\">Ha d\u2019estar formada, necess\u00e0riament i com a m\u00ednim, per un\/a president\/a, un\/a tresorer\/a i un\/a secretari\/a. Actualment, la nostra est\u00e0 formada per:<\/p>\n<p><strong>Presidenta \u00a0\u00a0\u00a0\u00a0&#8211;\u00a0\u00a0\u00a0\u00a0 Vicepresidenta \u00a0\u00a0\u00a0\u00a0&#8211;\u00a0\u00a0\u00a0\u00a0 Tresorera \u00a0\u00a0\u00a0\u00a0&#8211;\u00a0\u00a0\u00a0\u00a0 Secretaria \u00a0\u00a0\u00a0\u00a0&#8211;\u00a0\u00a0\u00a0\u00a0 Vocals<\/strong><\/td>\n<\/tr>\n<\/tbody>\n<\/table>\n<\/td>\n<\/tr>\n<tr>\n<td colspan=\"2\" bgcolor=\"#E9E9E9\">El finan\u00e7ament de l\u2019associaci\u00f3 \u00e9s mitjan\u00e7ant les quotes del socis i possibles subvencions.<\/td>\n<\/tr>\n<tr>\n<td><\/td>\n<\/tr>\n<tr>\n<td class=\"EstiloGran\">Qu\u00e8 fa l\u2019AFA de La Carpa<\/td>\n<\/tr>\n<tr>\n<td bgcolor=\"#F8EFFB\"><span class=\"EstilCapcaleraTaula\">Gesti\u00f3 del banc de llibres<\/span><\/td>\n<\/tr>\n<tr>\n<td bgcolor=\"#E9E9E9\">L\u2019AFA La Carpa \u00e9s pionera a Catalunya en la socialitzaci\u00f3 dels llibres de text i el material escolar que suposa un estalvi important per a les fam\u00edlies.<\/td>\n<\/tr>\n<tr>\n<td bgcolor=\"#F2E0F7\"><span class=\"EstilCapcaleraTaula\">Venda de roba esportiva i bates<\/span><\/td>\n<\/tr>\n<tr>\n<td bgcolor=\"#E9E9E9\"><\/td>\n<\/tr>\n<tr>\n<td bgcolor=\"#E2A9F3\"><span class=\"EstilCapcaleraTaula\">Organitzaci\u00f3 de les Festes<\/span><\/td>\n<\/tr>\n<tr>\n<td bgcolor=\"#E9E9E9\"><span class=\"EstiloPetit\">Carnestoltes, Sopar de Germanor, Festa de fi de Curs i suport a l\u2019organitzaci\u00f3 de la Festa de Acomiadament de 6\u00e9.<\/span><\/td>\n<\/tr>\n<tr>\n<td bgcolor=\"#DA81F5\"><span class=\"EstilCapcaleraTaula\">Servei d\u2019Acollida matinal<\/span><\/td>\n<\/tr>\n<tr>\n<td bgcolor=\"#E9E9E9\"><span class=\"EstiloPetit\">Gestionada per l\u2019AFA en col\u00b7laboraci\u00f3 amb L\u2019Esplai Can Serra.<\/span><\/td>\n<\/tr>\n<tr>\n<td bgcolor=\"#D358F7\"><span class=\"EstilCapcaleraTaula\">Atenci\u00f3 als socis a les tardes<\/span><\/td>\n<\/tr>\n<tr>\n<td bgcolor=\"#E9E9E9\"><span class=\"EstiloPetit\">Horari: De dilluns a dijous de 17,15 a 18,15h.<\/span><\/td>\n<\/tr>\n<tr>\n<td bgcolor=\"#CC2EFA\"><span class=\"EstilCapcaleraTaula\">Contactes peri\u00f2dics<\/span><\/td>\n<\/tr>\n<tr>\n<td bgcolor=\"#E9E9E9\"><span class=\"EstiloPetit\">Amb l&#8217;equip directiu de l&#8217;escola i amb responsables municipals per traslladar opinions i observacions de les fam\u00edlies i per col\u00b7laborar quan calgui.<\/span><\/td>\n<\/tr>\n<tr>\n<td bgcolor=\"#A901DB\"><span class=\"EstilCapcaleraTaula\">Organitzaci\u00f3 d\u2019activitats extraescolars<\/span><\/td>\n<\/tr>\n<tr>\n<td bgcolor=\"#E9E9E9\">\n<ul>\n<li><strong>Futbol<\/strong> \u00a0\u00a0\u00a0\u00a0\u00a0(Lloc: l\u2019escola)<\/li>\n<li><strong>Aer\u00f2bic<\/strong> \u00a0\u00a0 (Lloc: l\u2019escola)<\/li>\n<li><strong>Pintura i pl\u00e0stica<\/strong> \u00a0\u00a0\u00a0 (Lloc: l\u2019escola)<\/li>\n<li><strong>Iniciaci\u00f3 Esportiva<\/strong> \u00a0\u00a0(Lloc: l\u2019escola)<\/li>\n<li><strong>K\u00e0rate<\/strong> \u00a0\u00a0(Lloc: l\u2019escola)<\/li>\n<li><strong>Piscina<\/strong> \u00a0\u00a0\u00a0\u00a0\u00a0(Lloc: Poliesportiu Les Planes)<\/li>\n<\/ul>\n<\/td>\n<\/tr>\n<\/tbody>\n<\/table>\n","protected":false},"excerpt":{"rendered":"<p>Qui \u00e9s l\u2019AFA i Com funciona L\u2019AFA \u00e9s una associaci\u00f3 sense afany de lucre, que permet la participaci\u00f3 de les fam\u00edlies dels alumnes en les escoles. L\u2019associaci\u00f3 es regeix per l\u2019Assemblea general i la Junta Directiva. Contacte l\u2019AFA a ampa-lacarpa@hotmail.comAccedeix al la p\u00e0gina del Facebook de l&#8217;AFA a https:\/\/es-la.facebook.com\/ampa.ceiplacarpa L\u2019Assemblea\u00a0general \u00c9s l\u2019\u00f2rgan suprem de l\u2019associaci\u00f3 [&hellip;]<\/p>\n","protected":false},"author":1,"featured_media":0,"parent":0,"menu_order":0,"comment_status":"closed","ping_status":"closed","template":"","meta":{"_bbp_topic_count":0,"_bbp_reply_count":0,"_bbp_total_topic_count":0,"_bbp_total_reply_count":0,"_bbp_voice_count":0,"_bbp_anonymous_reply_count":0,"_bbp_topic_count_hidden":0,"_bbp_reply_count_hidden":0,"_bbp_forum_subforum_count":0,"site-sidebar-layout":"default","site-content-layout":"","ast-site-content-layout":"","site-content-style":"default","site-sidebar-style":"default","ast-global-header-display":"","ast-banner-title-visibility":"","ast-main-header-display":"","ast-hfb-above-header-display":"","ast-hfb-below-header-display":"","ast-hfb-mobile-header-display":"","site-post-title":"","ast-breadcrumbs-content":"","ast-featured-img":"","footer-sml-layout":"","theme-transparent-header-meta":"","adv-header-id-meta":"","stick-header-meta":"","header-above-stick-meta":"","header-main-stick-meta":"","header-below-stick-meta":"","astra-migrate-meta-layouts":"default","ast-page-background-enabled":"default","ast-page-background-meta":{"desktop":{"background-color":"var(--ast-global-color-4)","background-image":"","background-repeat":"repeat","background-position":"center center","background-size":"auto","background-attachment":"scroll","background-type":"","background-media":"","overlay-type":"","overlay-color":"","overlay-opacity":"","overlay-gradient":""},"tablet":{"background-color":"","background-image":"","background-repeat":"repeat","background-position":"center center","background-size":"auto","background-attachment":"scroll","background-type":"","background-media":"","overlay-type":"","overlay-color":"","overlay-opacity":"","overlay-gradient":""},"mobile":{"background-color":"","background-image":"","background-repeat":"repeat","background-position":"center center","background-size":"auto","background-attachment":"scroll","background-type":"","background-media":"","overlay-type":"","overlay-color":"","overlay-opacity":"","overlay-gradient":""}},"ast-content-background-meta":{"desktop":{"background-color":"var(--ast-global-color-5)","background-image":"","background-repeat":"repeat","background-position":"center center","background-size":"auto","background-attachment":"scroll","background-type":"","background-media":"","overlay-type":"","overlay-color":"","overlay-opacity":"","overlay-gradient":""},"tablet":{"background-color":"var(--ast-global-color-5)","background-image":"","background-repeat":"repeat","background-position":"center center","background-size":"auto","background-attachment":"scroll","background-type":"","background-media":"","overlay-type":"","overlay-color":"","overlay-opacity":"","overlay-gradient":""},"mobile":{"background-color":"var(--ast-global-color-5)","background-image":"","background-repeat":"repeat","background-position":"center center","background-size":"auto","background-attachment":"scroll","background-type":"","background-media":"","overlay-type":"","overlay-color":"","overlay-opacity":"","overlay-gradient":""}},"footnotes":""},"class_list":["post-548","page","type-page","status-publish","hentry"],"post_mailing_queue_ids":[],"_links":{"self":[{"href":"https:\/\/agora.xtec.cat\/ceiplacarpa\/wp-json\/wp\/v2\/pages\/548","targetHints":{"allow":["GET"]}}],"collection":[{"href":"https:\/\/agora.xtec.cat\/ceiplacarpa\/wp-json\/wp\/v2\/pages"}],"about":[{"href":"https:\/\/agora.xtec.cat\/ceiplacarpa\/wp-json\/wp\/v2\/types\/page"}],"author":[{"embeddable":true,"href":"https:\/\/agora.xtec.cat\/ceiplacarpa\/wp-json\/wp\/v2\/users\/1"}],"replies":[{"embeddable":true,"href":"https:\/\/agora.xtec.cat\/ceiplacarpa\/wp-json\/wp\/v2\/comments?post=548"}],"version-history":[{"count":0,"href":"https:\/\/agora.xtec.cat\/ceiplacarpa\/wp-json\/wp\/v2\/pages\/548\/revisions"}],"wp:attachment":[{"href":"https:\/\/agora.xtec.cat\/ceiplacarpa\/wp-json\/wp\/v2\/media?parent=548"}],"curies":[{"name":"wp","href":"https:\/\/api.w.org\/{rel}","templated":true}]}}