{"id":34,"date":"2014-09-18T12:32:18","date_gmt":"2014-09-18T11:32:18","guid":{"rendered":"http:\/\/agora.xtec.cat\/ceiplacarpa\/?page_id=34"},"modified":"2022-09-06T11:58:40","modified_gmt":"2022-09-06T09:58:40","slug":"oferta-educativa","status":"publish","type":"page","link":"https:\/\/agora.xtec.cat\/ceiplacarpa\/lescola\/oferta-educativa\/","title":{"rendered":"Funcionament del centre"},"content":{"rendered":"<h2><strong>NORMATIVA\u00a0<\/strong><\/h2>\n<div><\/div>\n<div>\n<ol>\n<li><strong>Entrades i sortides<\/strong><\/li>\n<\/ol>\n<ul>\n<li>L&#8217;entrada i la sortir\u00e0 de l\u2019escola es far\u00e0 pel pati.<\/li>\n<li>L\u2019alumnat <strong>d\u2019educaci\u00f3 prim\u00e0ria<\/strong> pujar\u00e0 a les aules amb les files respectives.<\/li>\n<li><strong>La recollida de l\u2019alumnat de 1r, 2n, 3r i 4t es far\u00e0 a la pista. <\/strong><\/li>\n<li>L\u2019alumnat de cicle superior sortir\u00e0 sol de l\u2019escola.<\/li>\n<li>L\u2019alumnat <strong>d\u2019educaci\u00f3 infantil<\/strong> ser\u00e0 acompanyat per un familiar fins a l\u2019aula tant a l\u2019arribada com a la recollida.<\/li>\n<li>Cal complir la normativa: no poden entrar gossos, no es pot fumar al centre escolar ni accedir sobre patinets o bicicletes.<\/li>\n<li><strong style=\"font-family: inherit; font-size: 1em;\"><em>\u00c9s molt important la PUNTUALITAT tant a l\u2019arribada per no interrompre les classes com a la recollida.<\/em><\/strong><\/li>\n<\/ul>\n<ol start=\"2\">\n<li><strong>Normativa de salut<\/strong><\/li>\n<\/ol>\n<ul>\n<li>Els alumnes NO han d\u2019assistir a l\u2019escola MALALTS, NI AMB FEBRE, NI AMB POLLS, pel seu b\u00e9 i dels seus companys i companyes.<\/li>\n<li>Recordem que, pel que fa als polls, cal que reviseu els caps dels vostres fills i filles setmanalment i nom\u00e9s, si en t\u00e9, prendre les mesures oportunes.<\/li>\n<li>En cas de detectar un alumne amb s\u00edmptomes de malaltia avisarem perqu\u00e8 el vingueu a buscar.<\/li>\n<li>Si un alumne est\u00e0 malalt no ha de tornar a l\u2019escola fins que estigui guarit, en cas de febre cal esperar a que passin 24h sense tenir-ne.<\/li>\n<\/ul>\n<ol start=\"3\">\n<li><strong>Medicaments<\/strong><\/li>\n<\/ol>\n<p>L\u2019escola <strong>NO POT ADMINISTRAR CAP TIPUS DE MEDICAMENT<\/strong>,\u00a0 llevat d\u2019algun cas excepcional on cal el certificat m\u00e8dic o la recepta amb la prescripci\u00f3 m\u00e8dica que indiqui la necessitat de fer-ho en horari escolar i la sol\u00b7licitud i autoritzaci\u00f3 familiar per escrit.<\/p>\n<ol start=\"4\">\n<li><strong>Abs\u00e8ncies<\/strong><\/li>\n<\/ol>\n<p>En cas d\u2019abs\u00e8ncia cal avisar per tel\u00e8fon a l\u2019escola i s\u2019ha de justificar l\u2019abs\u00e8ncia per escrit a l\u2019agenda quan l&#8217;alumne\/a s&#8217;incorpori de nou al centre.<\/p>\n<p>Dins l\u2019horari escolar NO ES DEIXAR\u00c0 SORTIR CAP INFANT SENSE QUE ALGUN FAMILIAR EL VINGUI A BUSCAR.<\/p>\n<ol start=\"5\">\n<li><strong>Quota anual<\/strong><\/li>\n<\/ol>\n<p>La quota anual inclou tant el material, llibres socialitzats, sortides i AMPA. Tamb\u00e9 inclou la nataci\u00f3 educativa a cicle mitj\u00e0.<\/p>\n<p><strong>\u00c9S MOLT IMPORTANT que entregueu el comprovant de \u00a0\u00a0pagament al tutor\/a. <\/strong><\/p>\n<ol start=\"6\">\n<li><strong>Material<\/strong><\/li>\n<\/ol>\n<ul>\n<li>\u00c9s important que l\u2019alumnat de prim\u00e0ria porti a la motxilla tot el necessari (llibres, carpeta, agenda, esmorzar&#8230;).<\/li>\n<li>En alguns moments del curs es pot demanar la col\u00b7laboraci\u00f3 amb materials concrets (rotllos paper cuina, llibres de consulta, materials reciclats, materials espec\u00edfics de cicle superior&#8230;).<\/li>\n<li>L\u2019alumnat no pot portar diners, m\u00f2bils, joguines, pilotes&#8230;<\/li>\n<\/ul>\n<ol start=\"7\">\n<li><strong>Treballs escolars<\/strong><\/li>\n<\/ol>\n<p>\u00c9s molt important que valoreu positivament els treballs escolars de les vostres filles i fills.<\/p>\n<p>Normalment els podreu veure recollits en \u00e0lbums o quan us arribin en dates senyalades, tanmateix sovint hi ha una part les tasques no queda recollida en suport f\u00edsic per\u00f2 que podeu veure a les not\u00edcies del web de l\u2019escola.<\/p>\n<ol start=\"8\">\n<li><strong>Vestuari<\/strong><\/li>\n<\/ol>\n<p>Totes les peces d\u2019abric i la bata hauran de portar una CINTA per penjar-les i el NOM.<\/p>\n<ol start=\"9\">\n<li><strong> Esmorzars<\/strong><\/li>\n<\/ol>\n<p>L\u2019esmorzar ha de ser saludable: ENTREP\u00c0, FRUITA&#8230;<\/p>\n<p>NO es poden portar cap tipus de LLAMINADURES, ni SUCS DE FRUITA, NI IOGURTS O SIMILARS<strong>.<\/strong><\/p>\n<p><strong>L\u2019embolcall ha de ser reutilitzable (carmanyola o boc\u2019n roll). <\/strong><\/p>\n<p><u>No feu servir el paper film<\/u> i\/o d\u2019<u>alumini<\/u>.<\/p>\n<\/div>\n<div><\/div>\n<div id=\"Serveis2_Taula\">\n<div id=\"NotaInfantil\">\n<p>&nbsp;<\/p>\n<\/div>\n<\/div>\n","protected":false},"excerpt":{"rendered":"<p>NORMATIVA\u00a0 Entrades i sortides L&#8217;entrada i la sortir\u00e0 de l\u2019escola es far\u00e0 pel pati. L\u2019alumnat d\u2019educaci\u00f3 prim\u00e0ria pujar\u00e0 a les aules amb les files respectives. La recollida de l\u2019alumnat de 1r, 2n, 3r i 4t es far\u00e0 a la pista. L\u2019alumnat de cicle superior sortir\u00e0 sol de l\u2019escola. L\u2019alumnat d\u2019educaci\u00f3 infantil ser\u00e0 acompanyat per un [&hellip;]<\/p>\n","protected":false},"author":1,"featured_media":0,"parent":22,"menu_order":60,"comment_status":"closed","ping_status":"closed","template":"page-templates\/side-menu.php","meta":{"_bbp_topic_count":0,"_bbp_reply_count":0,"_bbp_total_topic_count":0,"_bbp_total_reply_count":0,"_bbp_voice_count":0,"_bbp_anonymous_reply_count":0,"_bbp_topic_count_hidden":0,"_bbp_reply_count_hidden":0,"_bbp_forum_subforum_count":0,"site-sidebar-layout":"default","site-content-layout":"","ast-site-content-layout":"","site-content-style":"default","site-sidebar-style":"default","ast-global-header-display":"","ast-banner-title-visibility":"","ast-main-header-display":"","ast-hfb-above-header-display":"","ast-hfb-below-header-display":"","ast-hfb-mobile-header-display":"","site-post-title":"","ast-breadcrumbs-content":"","ast-featured-img":"","footer-sml-layout":"","theme-transparent-header-meta":"","adv-header-id-meta":"","stick-header-meta":"","header-above-stick-meta":"","header-main-stick-meta":"","header-below-stick-meta":"","astra-migrate-meta-layouts":"default","ast-page-background-enabled":"default","ast-page-background-meta":{"desktop":{"background-color":"var(--ast-global-color-4)","background-image":"","background-repeat":"repeat","background-position":"center center","background-size":"auto","background-attachment":"scroll","background-type":"","background-media":"","overlay-type":"","overlay-color":"","overlay-opacity":"","overlay-gradient":""},"tablet":{"background-color":"","background-image":"","background-repeat":"repeat","background-position":"center center","background-size":"auto","background-attachment":"scroll","background-type":"","background-media":"","overlay-type":"","overlay-color":"","overlay-opacity":"","overlay-gradient":""},"mobile":{"background-color":"","background-image":"","background-repeat":"repeat","background-position":"center center","background-size":"auto","background-attachment":"scroll","background-type":"","background-media":"","overlay-type":"","overlay-color":"","overlay-opacity":"","overlay-gradient":""}},"ast-content-background-meta":{"desktop":{"background-color":"var(--ast-global-color-5)","background-image":"","background-repeat":"repeat","background-position":"center center","background-size":"auto","background-attachment":"scroll","background-type":"","background-media":"","overlay-type":"","overlay-color":"","overlay-opacity":"","overlay-gradient":""},"tablet":{"background-color":"var(--ast-global-color-5)","background-image":"","background-repeat":"repeat","background-position":"center center","background-size":"auto","background-attachment":"scroll","background-type":"","background-media":"","overlay-type":"","overlay-color":"","overlay-opacity":"","overlay-gradient":""},"mobile":{"background-color":"var(--ast-global-color-5)","background-image":"","background-repeat":"repeat","background-position":"center center","background-size":"auto","background-attachment":"scroll","background-type":"","background-media":"","overlay-type":"","overlay-color":"","overlay-opacity":"","overlay-gradient":""}},"footnotes":""},"class_list":["post-34","page","type-page","status-publish","hentry"],"post_mailing_queue_ids":[],"_links":{"self":[{"href":"https:\/\/agora.xtec.cat\/ceiplacarpa\/wp-json\/wp\/v2\/pages\/34","targetHints":{"allow":["GET"]}}],"collection":[{"href":"https:\/\/agora.xtec.cat\/ceiplacarpa\/wp-json\/wp\/v2\/pages"}],"about":[{"href":"https:\/\/agora.xtec.cat\/ceiplacarpa\/wp-json\/wp\/v2\/types\/page"}],"author":[{"embeddable":true,"href":"https:\/\/agora.xtec.cat\/ceiplacarpa\/wp-json\/wp\/v2\/users\/1"}],"replies":[{"embeddable":true,"href":"https:\/\/agora.xtec.cat\/ceiplacarpa\/wp-json\/wp\/v2\/comments?post=34"}],"version-history":[{"count":0,"href":"https:\/\/agora.xtec.cat\/ceiplacarpa\/wp-json\/wp\/v2\/pages\/34\/revisions"}],"up":[{"embeddable":true,"href":"https:\/\/agora.xtec.cat\/ceiplacarpa\/wp-json\/wp\/v2\/pages\/22"}],"wp:attachment":[{"href":"https:\/\/agora.xtec.cat\/ceiplacarpa\/wp-json\/wp\/v2\/media?parent=34"}],"curies":[{"name":"wp","href":"https:\/\/api.w.org\/{rel}","templated":true}]}}