{"id":26,"date":"2014-09-18T12:24:32","date_gmt":"2014-09-18T11:24:32","guid":{"rendered":"http:\/\/agora.xtec.cat\/ceiplacarpa\/?page_id=26"},"modified":"2025-10-22T12:51:16","modified_gmt":"2025-10-22T10:51:16","slug":"historia","status":"publish","type":"page","link":"https:\/\/agora.xtec.cat\/ceiplacarpa\/lescola\/historia\/","title":{"rendered":"Hist\u00f2ria"},"content":{"rendered":"<p style=\"text-align: justify;\">L\u2019Espai que avui coneixem com barri de Can Serra estava format des de temps antic per un conjunt de cases pairals: Can Cervera, Can Serra, Can Boixeres, i Can Closet, aquesta \u00faltima dona nom a l\u2019actual Parc de Can Closet.., envoltades de terres de conreu amb garrofers.<\/p>\n<p><a href=\"https:\/\/agora.xtec.cat\/ceiplacarpa\/wp-content\/uploads\/usu1915\/2025\/06\/1367-plaza-carpa-1972.jpg\"><img loading=\"lazy\" decoding=\"async\" class=\"size-medium wp-image-8168 alignleft\" src=\"https:\/\/agora.xtec.cat\/ceiplacarpa\/wp-content\/uploads\/usu1915\/2025\/06\/1367-plaza-carpa-1972-300x169.jpg\" alt=\"\" width=\"300\" height=\"169\" srcset=\"https:\/\/agora.xtec.cat\/ceiplacarpa\/wp-content\/uploads\/usu1915\/2025\/06\/1367-plaza-carpa-1972-300x169.jpg 300w, https:\/\/agora.xtec.cat\/ceiplacarpa\/wp-content\/uploads\/usu1915\/2025\/06\/1367-plaza-carpa-1972-768x432.jpg 768w, https:\/\/agora.xtec.cat\/ceiplacarpa\/wp-content\/uploads\/usu1915\/2025\/06\/1367-plaza-carpa-1972.jpg 1000w\" sizes=\"auto, (max-width: 300px) 100vw, 300px\" \/><\/a>A nivell de planificaci\u00f3 urban\u00edstica es parla de Can Serra per primera vegada l\u2019any 1953 en el Pla Comarcal de Barcelona.<\/p>\n<p style=\"text-align: justify;\"><span style=\"font-family: inherit; font-size: 1em;\">La consigna municipal semblava ser: construir, construir i construir\u00a0 fos com fos i all\u00e0 on fos, destruint la riquesa natural i sense exigir res a canvi a les immobili\u00e0ries, ni reserves d\u2019espais per a serveis ni qualitat en els habitatges. L\u2019argument justificatiu era precisament la necessitat d\u2019absorbir la massa immigrat\u00f2ria.<\/span><\/p>\n<p style=\"text-align: justify;\"><strong>Can Serra<\/strong>\u00a0havia de ser, segons deien els diaris del moment,\u00a0<strong>L\u2019Hospitalet del futur, ciutat residencial, el Pedralbes de l\u2019Hospitalet.<\/strong> Per\u00f2 aviat comen\u00e7aren noves modificacions sobre el Pla Parcial del 61.<\/p>\n<p style=\"text-align: justify;\">La immobili\u00e0ria \u201cAmaltea\u201d va comprar el terreny de la Carpa, solar m\u00e9s c\u00e8ntric del barri, per construir 13 blocs de 14 plantes. L\u2019associaci\u00f3 de ve\u00efns de Can Serra no acceptava aquest projecte i en canvi volien fer un mercat, un ambulatori i una escola donada la gran\u00a0 quantitat de nens que havia al barri.<\/p>\n<p style=\"text-align: justify;\">Per aconseguir tots els objectius es feien reunions\u00a0 a la casa de la Reconciliaci\u00f3 i a l\u2019Associaci\u00f3 de Ve\u00efns de Can Serra. Finalment s\u2019arriba a un acord. Fruit innombrables hores de reuni\u00f3 amb representants pol\u00edtics i t\u00e8cnics de l\u2019Ajuntament,\u00a0 la Corporaci\u00f3 Metropolitana i l\u2019Associaci\u00f3 de ve\u00efns. Assembles obertes al barri, manifestacions, noves recollides de firmes, accions legals i accions il.legals. Es per aix\u00f2 que a Can Serra, el nom de \u201cla Carpa\u201d tenen un car\u00e0cter m\u00edtic. Ara, finalment, a la Carpa ja hi ha una escola de d\u2019EGB, ara CEIP, que porta precisament aquest nom, un mercat municipal, una pla\u00e7a i un parc.<\/p>\n<p style=\"text-align: justify;\">En aquell descampat on volien fer aquest projectes hi havia\u00a0<strong>dues carpes de ferro cobertes amb lona<\/strong>\u00a0on feien espectacles, teatre. Despr\u00e8s de molt anys de lluita i treball per part dels ve\u00efns liderats per L\u2019Associaci\u00f3 dels ve\u00efns, en Juny de 1976, finalment el barri va tomar possessi\u00f3 del solar. Es va netejar i es celebra per primera vegada la Festa Major coincidim amb nit de Sant Joan. I des de aquest moment totes les Festes Major es van celebrar a la \u201cCarpa\u201d, baixaven tots el ve\u00efns taules i cadires i s\u2019organitzaven espectacles i diferents activitats culturals.<\/p>\n<p style=\"text-align: justify;\">La lluita va ser cont\u00ednua i repetida, els agents immobiliaris posaven tanques i els ve\u00efns les enderrocaven. Aquestes i altres an\u00e8cdotes s\u00f3n part viva de l\u2019historia del barri.<\/p>\n<p><img loading=\"lazy\" decoding=\"async\" class=\"alignright wp-image-471\" src=\"https:\/\/agora.xtec.cat\/ceiplacarpa\/wp-content\/uploads\/usu1915\/2018\/10\/foto1.jpg\" alt=\"\" width=\"450\" height=\"208\" \/><\/p>\n<p style=\"text-align: justify;\">L\u2019any 1973 hi va haver un canvi fonamental de la pol\u00edtica d\u2019urbanisme, nova llei de s\u00f2l. El nou equip adopta una pol\u00edtica m\u00e9s possibilista de frenar la construcci\u00f3 de pisos , que cada vegada es constru\u00efen m\u00e9s petis (70m2) i els blocs m\u00e9s alts (de 6 passen a ser de 14 plantes).<\/p>\n<p style=\"text-align: justify;\">L\u2019any 1975 l\u2019Ajuntament desestima les immobili\u00e0ries. La revisi\u00f3 del Pla Parcial s\u2019aprova i la Carpa ja \u00e9s pel barri. Provisionalment, mentre es constru\u00efa l\u2019escola, els alumnes de p\u00e0rvuls van estar ubicats a la carretera d\u2019Esplugues, 10-12 i 14, davant el parc de Can Boixeres. A la primavera del 85-86 el nou edifici \u00e9s inaugurat i el setembre 86-87 va ser 1r curs escolar sencer. Els nens havien d\u2019anar a dinar a l\u2019escola Rubi\u00f3 i Ors (avui IES).<\/p>\n<p style=\"text-align: justify;\">Uns anys m\u00e9s tard l\u2019escola d\u2019EGB, El Samont\u00e0, avui escola oficial d\u2019idiomes, passa \u00edntegrament a la nostra escola (alumnat i professorat).<\/p>\n<p style=\"text-align: justify;\">Gr\u00e0cies a tota la gent que ha lluitat per aquesta escola, ve\u00efns, pares i molts mestres que han passat per aqu\u00ed. Gr\u00e0cies, gr\u00e0cies, gr\u00e0cies, \u2026<\/p>\n","protected":false},"excerpt":{"rendered":"<p>L\u2019Espai que avui coneixem com barri de Can Serra estava format des de temps antic per un conjunt de cases pairals: Can Cervera, Can Serra, Can Boixeres, i Can Closet, aquesta \u00faltima dona nom a l\u2019actual Parc de Can Closet.., envoltades de terres de conreu amb garrofers. A nivell de planificaci\u00f3 urban\u00edstica es parla de [&hellip;]<\/p>\n","protected":false},"author":1,"featured_media":0,"parent":22,"menu_order":20,"comment_status":"closed","ping_status":"closed","template":"","meta":{"_bbp_topic_count":0,"_bbp_reply_count":0,"_bbp_total_topic_count":0,"_bbp_total_reply_count":0,"_bbp_voice_count":0,"_bbp_anonymous_reply_count":0,"_bbp_topic_count_hidden":0,"_bbp_reply_count_hidden":0,"_bbp_forum_subforum_count":0,"site-sidebar-layout":"default","site-content-layout":"","ast-site-content-layout":"default","site-content-style":"default","site-sidebar-style":"default","ast-global-header-display":"","ast-banner-title-visibility":"","ast-main-header-display":"","ast-hfb-above-header-display":"","ast-hfb-below-header-display":"","ast-hfb-mobile-header-display":"","site-post-title":"","ast-breadcrumbs-content":"","ast-featured-img":"","footer-sml-layout":"","theme-transparent-header-meta":"default","adv-header-id-meta":"","stick-header-meta":"","header-above-stick-meta":"","header-main-stick-meta":"","header-below-stick-meta":"","astra-migrate-meta-layouts":"set","ast-page-background-enabled":"default","ast-page-background-meta":{"desktop":{"background-color":"var(--ast-global-color-4)","background-image":"","background-repeat":"repeat","background-position":"center center","background-size":"auto","background-attachment":"scroll","background-type":"","background-media":"","overlay-type":"","overlay-color":"","overlay-opacity":"","overlay-gradient":""},"tablet":{"background-color":"","background-image":"","background-repeat":"repeat","background-position":"center center","background-size":"auto","background-attachment":"scroll","background-type":"","background-media":"","overlay-type":"","overlay-color":"","overlay-opacity":"","overlay-gradient":""},"mobile":{"background-color":"","background-image":"","background-repeat":"repeat","background-position":"center center","background-size":"auto","background-attachment":"scroll","background-type":"","background-media":"","overlay-type":"","overlay-color":"","overlay-opacity":"","overlay-gradient":""}},"ast-content-background-meta":{"desktop":{"background-color":"var(--ast-global-color-5)","background-image":"","background-repeat":"repeat","background-position":"center center","background-size":"auto","background-attachment":"scroll","background-type":"","background-media":"","overlay-type":"","overlay-color":"","overlay-opacity":"","overlay-gradient":""},"tablet":{"background-color":"var(--ast-global-color-5)","background-image":"","background-repeat":"repeat","background-position":"center center","background-size":"auto","background-attachment":"scroll","background-type":"","background-media":"","overlay-type":"","overlay-color":"","overlay-opacity":"","overlay-gradient":""},"mobile":{"background-color":"var(--ast-global-color-5)","background-image":"","background-repeat":"repeat","background-position":"center center","background-size":"auto","background-attachment":"scroll","background-type":"","background-media":"","overlay-type":"","overlay-color":"","overlay-opacity":"","overlay-gradient":""}},"footnotes":""},"class_list":["post-26","page","type-page","status-publish","hentry"],"post_mailing_queue_ids":[],"_links":{"self":[{"href":"https:\/\/agora.xtec.cat\/ceiplacarpa\/wp-json\/wp\/v2\/pages\/26","targetHints":{"allow":["GET"]}}],"collection":[{"href":"https:\/\/agora.xtec.cat\/ceiplacarpa\/wp-json\/wp\/v2\/pages"}],"about":[{"href":"https:\/\/agora.xtec.cat\/ceiplacarpa\/wp-json\/wp\/v2\/types\/page"}],"author":[{"embeddable":true,"href":"https:\/\/agora.xtec.cat\/ceiplacarpa\/wp-json\/wp\/v2\/users\/1"}],"replies":[{"embeddable":true,"href":"https:\/\/agora.xtec.cat\/ceiplacarpa\/wp-json\/wp\/v2\/comments?post=26"}],"version-history":[{"count":1,"href":"https:\/\/agora.xtec.cat\/ceiplacarpa\/wp-json\/wp\/v2\/pages\/26\/revisions"}],"predecessor-version":[{"id":8169,"href":"https:\/\/agora.xtec.cat\/ceiplacarpa\/wp-json\/wp\/v2\/pages\/26\/revisions\/8169"}],"up":[{"embeddable":true,"href":"https:\/\/agora.xtec.cat\/ceiplacarpa\/wp-json\/wp\/v2\/pages\/22"}],"wp:attachment":[{"href":"https:\/\/agora.xtec.cat\/ceiplacarpa\/wp-json\/wp\/v2\/media?parent=26"}],"curies":[{"name":"wp","href":"https:\/\/api.w.org\/{rel}","templated":true}]}}