{"id":496,"date":"2019-07-31T11:27:56","date_gmt":"2019-07-31T09:27:56","guid":{"rendered":"https:\/\/agora.xtec.cat\/ceiplacanonja\/?page_id=496"},"modified":"2025-11-24T14:56:03","modified_gmt":"2025-11-24T13:56:03","slug":"personal-del-centre","status":"publish","type":"page","link":"https:\/\/agora.xtec.cat\/ceiplacanonja\/lescola\/personal-del-centre\/","title":{"rendered":"Personal del centre"},"content":{"rendered":"<table style=\"width: 100.249%; height: 768px;\" width=\"697\">\n<tbody>\n<tr style=\"height: 57px;\">\n<td style=\"width: 98.775%; height: 57px;\" colspan=\"3\" width=\"697\">\n<p style=\"text-align: center;\"><strong>PERSONAL ESCOLA LA CANONJA CURS 2025-2026<\/strong><\/p>\n<\/td>\n<\/tr>\n<tr style=\"height: 57px;\">\n<td style=\"width: 98.775%; height: 57px;\" colspan=\"3\" width=\"697\">\n<p style=\"text-align: center;\"><strong>EQUIP DIRECTIU<\/strong><\/p>\n<\/td>\n<\/tr>\n<tr style=\"height: 137px;\">\n<td style=\"width: 98.775%; height: 137px;\" colspan=\"3\" width=\"697\"><strong>DIRECTORA:<\/strong>\u00a0 Elisenda Virgili i Jos\u00e9<\/p>\n<p><strong>CAP D\u2019ESTUDIS:<\/strong>\u00a0 M. Soraya Casanova Sorribes<\/p>\n<p><strong>SECRETARI: <\/strong>\u00a0H\u00e9ctor Portugal Portero<\/td>\n<\/tr>\n<tr style=\"height: 57px;\">\n<td style=\"width: 98.775%; height: 43px;\" colspan=\"3\" width=\"697\">\n<p style=\"text-align: center;\"><strong>COORDINADORES DE CICLE<\/strong><\/p>\n<\/td>\n<\/tr>\n<tr style=\"height: 177px;\">\n<td style=\"width: 98.775%; height: 166px;\" colspan=\"3\" width=\"697\"><strong>ED. INFANTIL: M. <\/strong>Isabel Pe\u00f1a P\u00e9rez<\/p>\n<p><strong>CICLE INICIAL: <\/strong>Carlos Trujillo Secaduras<\/p>\n<p><strong>CICLE MITJ\u00c0: <\/strong>Gemma Ceballos Sanahuja<\/p>\n<p><strong>CICLE SUPERIOR: <\/strong>S\u00edlvia Gaya Fibla<strong><br \/>\n<\/strong><\/td>\n<\/tr>\n<tr style=\"height: 57px;\">\n<td style=\"width: 98.775%; height: 10px;\" colspan=\"3\" width=\"697\">\n<p style=\"text-align: center;\"><strong>TUTORIES<\/strong><\/p>\n<\/td>\n<\/tr>\n<tr style=\"height: 33px;\">\n<td style=\"width: 32.965%; height: 33px; text-align: left;\" width=\"225\"><strong>I3A: <\/strong>Josep P\u00e9rez Olmedo<strong><br \/>\n<\/strong><\/td>\n<td style=\"width: 65.81%; height: 33px;\" colspan=\"2\" width=\"236\"><strong>I3B: <\/strong>Laura Oya Cobacho<strong><br \/>\n<\/strong><\/td>\n<\/tr>\n<tr style=\"height: 33px;\">\n<td style=\"height: 33px; width: 32.965%; text-align: left;\" width=\"354\"><strong>I4A: <\/strong>Lydia Amores Cervera<strong><br \/>\n<\/strong><\/td>\n<td style=\"width: 30.5913%; height: 33px;\"><strong>I4B: <\/strong>Beatriz Gago Lorente<strong><br \/>\n<\/strong><\/td>\n<td style=\"width: 35.2187%; height: 33px;\"><strong>I4C: <\/strong>Ana M. Ruiz Ord\u00f3ez<strong><br \/>\n<\/strong><\/td>\n<\/tr>\n<tr style=\"height: 33px;\">\n<td style=\"height: 33px; width: 32.965%; text-align: left;\" width=\"354\"><strong>I5A: <\/strong>Merc\u00e8 For\u00e8s Vall\u00e8s<strong><br \/>\n<\/strong><\/td>\n<td style=\"height: 33px; width: 30.5913%;\"><strong>I5B: <\/strong>Bel\u00e9n Noguera Mutll\u00f3<strong><br \/>\n<\/strong><\/td>\n<td style=\"width: 35.2187%; height: 33px;\"><strong>I5C: <\/strong>Cristina Latorre Pedroche<strong><br \/>\n<\/strong><\/td>\n<\/tr>\n<tr style=\"height: 33px;\">\n<td style=\"width: 32.965%; height: 34px; text-align: left;\" width=\"225\"><strong>1rA: <\/strong>Aida Rovira Amen\u00f3s<strong><br \/>\n<\/strong><\/td>\n<td style=\"width: 30.5913%; height: 34px;\" width=\"227\"><strong>1rB: <\/strong>David P\u00e9rez Lucio\u00a0<strong><br \/>\n<\/strong><\/td>\n<td style=\"width: 35.2187%; height: 34px;\" width=\"246\"><strong>1rC:<\/strong> Carlos Trujillo Secaduras<strong><br \/>\n<\/strong><\/td>\n<\/tr>\n<tr style=\"height: 33px;\">\n<td style=\"width: 32.965%; height: 33px; text-align: left;\" width=\"225\"><strong>2nA: <\/strong>Teresa J\u00falia Mor Dolz \/ Beatriz Alastrue Gais\u00e1n<strong><br \/>\n<\/strong><\/td>\n<td style=\"width: 30.5913%; height: 33px;\" width=\"227\"><strong>2nB: <\/strong>Anabel Pinel Sevilla<strong><br \/>\n<\/strong><\/td>\n<td style=\"width: 35.2187%; height: 33px;\" width=\"246\"><strong>2nC: <\/strong>Maria Herrera Cuadro<strong><br \/>\n<\/strong><\/td>\n<\/tr>\n<tr style=\"height: 33px;\">\n<td style=\"width: 32.965%; height: 33px; text-align: left;\" width=\"225\"><strong>3rA: <\/strong>Cristina Villalba Rubio<strong><br \/>\n<\/strong><\/td>\n<td style=\"width: 30.5913%; height: 33px;\" width=\"227\"><strong>3rB: <\/strong>Francisca Guti\u00e9rrez Anguera<strong><br \/>\n<\/strong><\/td>\n<td style=\"width: 35.2187%; height: 33px;\" width=\"246\"><strong>3rC: <\/strong>Roser Dom\u00ednguez Roncero<strong><br \/>\n<\/strong><\/td>\n<\/tr>\n<tr style=\"height: 33px;\">\n<td style=\"width: 32.965%; height: 33px; text-align: left;\" width=\"225\"><strong>4tA: <\/strong>Sandra Borr\u00e1s Caparr\u00f3s<strong><br \/>\n<\/strong><\/td>\n<td style=\"width: 30.5913%; height: 33px;\" width=\"227\"><strong>4tB: <\/strong>Carla Gasc\u00f3<strong><br \/>\n<\/strong><\/td>\n<td style=\"width: 35.2187%; height: 33px;\" width=\"246\"><strong>4tC: <\/strong>Gemma Ceballos Sanahuja<strong><br \/>\n<\/strong><\/td>\n<\/tr>\n<tr style=\"height: 33px;\">\n<td style=\"width: 32.965%; height: 33px; text-align: left;\" width=\"225\"><strong>5\u00e8A: <\/strong>Francesc Xavier Rion Robert<strong><br \/>\n<\/strong><\/td>\n<td style=\"width: 30.5913%; height: 33px;\" width=\"227\"><strong>5\u00e8B: <\/strong>\u00c0ngels Fern\u00e1ndez Rioz<strong><br \/>\n<\/strong><\/td>\n<td style=\"width: 35.2187%; height: 33px;\" width=\"246\"><strong>5\u00e8C: <\/strong>Elisabet Lahoz Manj\u00f3n<strong><br \/>\n<\/strong><\/td>\n<\/tr>\n<tr style=\"height: 33px;\">\n<td style=\"width: 32.965%; height: 33px; text-align: left;\" width=\"225\"><strong>6\u00e8A: <\/strong>Pau Panisello Molluna<strong><br \/>\n<\/strong><\/td>\n<td style=\"width: 30.5913%; height: 33px;\" width=\"227\"><strong>6\u00e8B: <\/strong>Elisabet Badia Catal\u00e0<strong><br \/>\n<\/strong><\/td>\n<td style=\"width: 35.2187%; height: 33px;\" width=\"246\"><strong>6\u00e8C: <\/strong>Montse Tolr\u00e0 Pont<strong><br \/>\n<\/strong><\/td>\n<\/tr>\n<\/tbody>\n<\/table>\n<table style=\"width: 100.311%; height: 719px;\">\n<tbody>\n<tr>\n<td style=\"width: 99.3384%;\" colspan=\"2\" width=\"697\">\n<p style=\"text-align: center;\"><strong>ESPECIALISTES<\/strong><\/p>\n<\/td>\n<\/tr>\n<tr>\n<td style=\"width: 33.1803%;\" width=\"225\"><strong>Suport EI<\/strong><\/td>\n<td style=\"width: 66.1581%;\" width=\"227\">Pilar Arnal Azn\u00e1rez<\/td>\n<\/tr>\n<tr>\n<td style=\"width: 33.1803%;\" width=\"225\"><strong>Suport EI<\/strong><\/td>\n<td style=\"width: 66.1581%;\" width=\"227\">Sandra Garc\u00eda Camacho<\/td>\n<\/tr>\n<tr>\n<td style=\"width: 33.1803%;\" width=\"225\"><strong>Suport EI<\/strong><\/td>\n<td style=\"width: 66.1581%;\" width=\"227\">M. Isabel Pe\u00f1a P\u00e9rez<\/td>\n<\/tr>\n<tr>\n<td style=\"width: 33.1803%;\" width=\"225\"><strong>SIEI 1 (2\/3)<\/strong><\/td>\n<td style=\"width: 66.1581%;\" width=\"227\">Erika Garc\u00eda Molina<\/td>\n<\/tr>\n<tr>\n<td style=\"width: 33.1803%;\"><strong>SIEI 1 (1\/2)<\/strong><\/td>\n<td style=\"width: 66.1581%;\">Maria Guarche Duch<\/td>\n<\/tr>\n<tr>\n<td style=\"width: 33.1803%;\" width=\"225\"><b>SIEI 2<\/b><\/td>\n<td style=\"width: 66.1581%;\" width=\"227\">M. Gl\u00f2ria Escoda Brull<\/td>\n<\/tr>\n<tr>\n<td style=\"width: 33.1803%;\" width=\"225\"><strong>Religi\u00f3 &#8211; Suport EI<\/strong><\/td>\n<td style=\"width: 66.1581%;\" width=\"227\">Rosario P\u00e9rez Fern\u00e1ndez<\/td>\n<\/tr>\n<tr>\n<td style=\"width: 33.1803%;\" width=\"225\"><strong>Angl\u00e8s EI + Suport EP<\/strong><\/td>\n<td style=\"width: 66.1581%;\" width=\"227\">M. Elisa Santero G\u00f3mez<\/td>\n<\/tr>\n<tr>\n<td style=\"width: 33.1803%;\"><strong>M\u00fasica EI + CI<\/strong><\/td>\n<td style=\"width: 66.1581%;\">T\u00e0nia Bujalance Garc\u00eda<\/td>\n<\/tr>\n<tr>\n<td style=\"width: 33.1803%;\" width=\"225\"><strong>EF CI<\/strong><\/td>\n<td style=\"width: 66.1581%;\" width=\"227\">David Navarro Montes<\/td>\n<\/tr>\n<tr>\n<td style=\"width: 33.1803%;\" width=\"225\"><strong>MESI EI + 2n<\/strong><\/td>\n<td style=\"width: 66.1581%;\" width=\"227\">J\u00e9ssica Barranco Aguilar<\/td>\n<\/tr>\n<tr>\n<td style=\"width: 33.1803%;\" width=\"225\"><strong>Angl\u00e8s CI + CM<\/strong><\/td>\n<td style=\"width: 66.1581%;\" width=\"227\">Manuela Rodr\u00edguez Carmona<\/td>\n<\/tr>\n<tr>\n<td style=\"width: 33.1803%;\" width=\"225\"><strong>MEE CM<\/strong><\/td>\n<td style=\"width: 66.1581%;\" width=\"227\">Marta Carrasco Jurado<\/td>\n<\/tr>\n<tr>\n<td style=\"width: 33.1803%;\" width=\"225\"><strong>MEE CM<\/strong><\/td>\n<td style=\"width: 66.1581%;\" width=\"227\">Elisabet Mir\u00f3 Valls<\/td>\n<\/tr>\n<tr>\n<td style=\"width: 33.1803%;\" width=\"225\"><strong>Art\u00edstica CM<\/strong><\/td>\n<td style=\"width: 66.1581%;\" width=\"227\">Ester Salvad\u00f3 Bofarull<\/td>\n<\/tr>\n<tr>\n<td style=\"width: 33.1803%;\" width=\"225\"><strong>EF 4t + 6\u00e8<\/strong><\/td>\n<td style=\"width: 66.1581%;\" width=\"227\">Ruben Dar\u00edo Garc\u00eda L\u00f3pez<\/td>\n<\/tr>\n<tr>\n<td style=\"width: 33.1803%;\" width=\"225\"><strong>Angl\u00e8s CS<\/strong><\/td>\n<td style=\"width: 66.1581%;\" width=\"227\">S\u00edlvia Gaya Fibla<\/td>\n<\/tr>\n<tr>\n<td style=\"width: 33.1803%;\" width=\"225\"><strong>MEE CS<\/strong><\/td>\n<td style=\"width: 66.1581%;\" width=\"227\">Carolina Cid Moreno<\/td>\n<\/tr>\n<tr>\n<td style=\"width: 33.1803%;\" width=\"225\"><strong>Art\u00edstica CS<\/strong><\/td>\n<td style=\"width: 66.1581%;\" width=\"227\">Neus Mart\u00ednez Sol\u00e9<\/td>\n<\/tr>\n<tr>\n<td style=\"width: 33.1803%;\" width=\"225\"><strong>Aula d&#8217;acollida (1\/2)<\/strong><\/td>\n<td style=\"width: 66.1581%;\" width=\"227\">Andrea Sol Matamoros<\/td>\n<\/tr>\n<tr>\n<td style=\"width: 33.1803%;\"><strong>Aula d&#8217;acollida (1\/2)<\/strong><\/td>\n<td style=\"width: 66.1581%;\">Sheila D\u00edez Cano<\/td>\n<\/tr>\n<\/tbody>\n<\/table>\n<table style=\"width: 100.192%;\">\n<tbody>\n<tr>\n<td style=\"width: 50.0707%;\" colspan=\"3\" width=\"697\"><strong>ALTRES COORDINACIONS<\/strong><\/td>\n<\/tr>\n<tr>\n<td style=\"width: 50.0707%;\" colspan=\"3\" width=\"697\"><strong>COORDINADORA RISCOS LABORALS:\u00a0<\/strong>Ana M. Ruiz Ord\u00f3ez<\/p>\n<p><strong>COORDINADORA ESCOLES VERDES i ESCOLAQUA:\u00a0<\/strong>Roser Dom\u00ednguez Roncero<\/p>\n<p><strong>COORDINADORA CLIC:\u00a0<\/strong>Andrea Sol Matamoros<\/p>\n<p><strong>COORDINADORA BIBLIOTECA: <\/strong>Elisenda Virgili i Jos\u00e9<strong><br \/>\n<\/strong><\/p>\n<p><strong>COORDINADORA COCOBE: <\/strong>Cristina Villalba Rubio<\/p>\n<p><strong>COORDINADOR PCEE: <\/strong>H\u00e9ctor Portugal Portero<\/p>\n<p><strong>COORDINADOR TAC: <\/strong>Pau Panisello Molluna<\/td>\n<\/tr>\n<tr>\n<td style=\"width: 50.0707%;\" colspan=\"3\" width=\"697\"><strong>PERSONAL PAE + PAS<\/strong><\/td>\n<\/tr>\n<tr>\n<td style=\"width: 50.0707%;\" colspan=\"3\" width=\"697\"><strong>TEEI:\u00a0 <\/strong>Marisol Del Pozo<\/p>\n<p><strong>EEE:\u00a0<\/strong>Merc\u00e8 Abell\u00f3 Ribot<\/p>\n<p><strong>VETLLADORA: <\/strong>Sonia G\u00f3mez de la Torre<\/p>\n<p><strong>MONITORA DE SALUT: <\/strong>Gemma S\u00e1nchez Segura<strong><br \/>\n<\/strong><\/p>\n<p><strong>CONSERGERIA:\u00a0<\/strong>Isaac Cano<\/p>\n<p><strong>ADMINISTRACI\u00d3:\u00a0<\/strong>Montserrat Caballero<\/td>\n<\/tr>\n<\/tbody>\n<\/table>\n<p>&nbsp;<\/p>\n","protected":false},"excerpt":{"rendered":"<p>PERSONAL ESCOLA LA CANONJA CURS 2025-2026 EQUIP DIRECTIU DIRECTORA:\u00a0 Elisenda Virgili i Jos\u00e9 CAP D\u2019ESTUDIS:\u00a0 M. Soraya Casanova Sorribes SECRETARI: \u00a0H\u00e9ctor Portugal Portero COORDINADORES DE CICLE ED. INFANTIL: M. Isabel Pe\u00f1a P\u00e9rez CICLE INICIAL: Carlos Trujillo Secaduras CICLE MITJ\u00c0: Gemma Ceballos Sanahuja CICLE SUPERIOR: S\u00edlvia Gaya Fibla TUTORIES I3A: Josep P\u00e9rez Olmedo I3B: Laura Oya [&hellip;]<\/p>\n","protected":false},"author":1,"featured_media":0,"parent":22,"menu_order":0,"comment_status":"closed","ping_status":"closed","template":"","meta":{"_bbp_topic_count":0,"_bbp_reply_count":0,"_bbp_total_topic_count":0,"_bbp_total_reply_count":0,"_bbp_voice_count":0,"_bbp_anonymous_reply_count":0,"_bbp_topic_count_hidden":0,"_bbp_reply_count_hidden":0,"_bbp_forum_subforum_count":0,"site-sidebar-layout":"default","site-content-layout":"","ast-site-content-layout":"default","site-content-style":"default","site-sidebar-style":"default","ast-global-header-display":"","ast-banner-title-visibility":"","ast-main-header-display":"","ast-hfb-above-header-display":"","ast-hfb-below-header-display":"","ast-hfb-mobile-header-display":"","site-post-title":"","ast-breadcrumbs-content":"","ast-featured-img":"","footer-sml-layout":"","theme-transparent-header-meta":"default","adv-header-id-meta":"","stick-header-meta":"","header-above-stick-meta":"","header-main-stick-meta":"","header-below-stick-meta":"","astra-migrate-meta-layouts":"set","ast-page-background-enabled":"default","ast-page-background-meta":{"desktop":{"background-color":"var(--ast-global-color-4)","background-image":"","background-repeat":"repeat","background-position":"center center","background-size":"auto","background-attachment":"scroll","background-type":"","background-media":"","overlay-type":"","overlay-color":"","overlay-opacity":"","overlay-gradient":""},"tablet":{"background-color":"","background-image":"","background-repeat":"repeat","background-position":"center center","background-size":"auto","background-attachment":"scroll","background-type":"","background-media":"","overlay-type":"","overlay-color":"","overlay-opacity":"","overlay-gradient":""},"mobile":{"background-color":"","background-image":"","background-repeat":"repeat","background-position":"center center","background-size":"auto","background-attachment":"scroll","background-type":"","background-media":"","overlay-type":"","overlay-color":"","overlay-opacity":"","overlay-gradient":""}},"ast-content-background-meta":{"desktop":{"background-color":"var(--ast-global-color-5)","background-image":"","background-repeat":"repeat","background-position":"center center","background-size":"auto","background-attachment":"scroll","background-type":"","background-media":"","overlay-type":"","overlay-color":"","overlay-opacity":"","overlay-gradient":""},"tablet":{"background-color":"var(--ast-global-color-5)","background-image":"","background-repeat":"repeat","background-position":"center center","background-size":"auto","background-attachment":"scroll","background-type":"","background-media":"","overlay-type":"","overlay-color":"","overlay-opacity":"","overlay-gradient":""},"mobile":{"background-color":"var(--ast-global-color-5)","background-image":"","background-repeat":"repeat","background-position":"center center","background-size":"auto","background-attachment":"scroll","background-type":"","background-media":"","overlay-type":"","overlay-color":"","overlay-opacity":"","overlay-gradient":""}},"footnotes":""},"class_list":["post-496","page","type-page","status-publish","hentry"],"post_mailing_queue_ids":[],"_links":{"self":[{"href":"https:\/\/agora.xtec.cat\/ceiplacanonja\/wp-json\/wp\/v2\/pages\/496","targetHints":{"allow":["GET"]}}],"collection":[{"href":"https:\/\/agora.xtec.cat\/ceiplacanonja\/wp-json\/wp\/v2\/pages"}],"about":[{"href":"https:\/\/agora.xtec.cat\/ceiplacanonja\/wp-json\/wp\/v2\/types\/page"}],"author":[{"embeddable":true,"href":"https:\/\/agora.xtec.cat\/ceiplacanonja\/wp-json\/wp\/v2\/users\/1"}],"replies":[{"embeddable":true,"href":"https:\/\/agora.xtec.cat\/ceiplacanonja\/wp-json\/wp\/v2\/comments?post=496"}],"version-history":[{"count":9,"href":"https:\/\/agora.xtec.cat\/ceiplacanonja\/wp-json\/wp\/v2\/pages\/496\/revisions"}],"predecessor-version":[{"id":26531,"href":"https:\/\/agora.xtec.cat\/ceiplacanonja\/wp-json\/wp\/v2\/pages\/496\/revisions\/26531"}],"up":[{"embeddable":true,"href":"https:\/\/agora.xtec.cat\/ceiplacanonja\/wp-json\/wp\/v2\/pages\/22"}],"wp:attachment":[{"href":"https:\/\/agora.xtec.cat\/ceiplacanonja\/wp-json\/wp\/v2\/media?parent=496"}],"curies":[{"name":"wp","href":"https:\/\/api.w.org\/{rel}","templated":true}]}}