{"id":28,"date":"2014-09-18T12:29:35","date_gmt":"2014-09-18T11:29:35","guid":{"rendered":"http:\/\/agora.xtec.cat\/ceiplacanonja\/?page_id=28"},"modified":"2025-11-21T16:20:44","modified_gmt":"2025-11-21T15:20:44","slug":"consell-escolar","status":"publish","type":"page","link":"https:\/\/agora.xtec.cat\/ceiplacanonja\/lescola\/consell-escolar\/","title":{"rendered":"Consell Escolar"},"content":{"rendered":"<header class=\"entry-header\">\n<h1 class=\"entry-title\"><\/h1>\n<\/header>\n<div class=\"entry-content\">\n<h4><strong>Per comunicar-vos amb els pares i mares del <span style=\"text-decoration: underline;\"><em>Consell Escolar<\/em><\/span> de l&#8217;escola, a partir d&#8217;ara podeu enviar correus electr\u00f2nics en aquesta adre\u00e7a:<\/strong><\/h4>\n<p><a href=\"paresconsellescolarlacanonja@gmail.com\"><strong>paresconsellescolarlacanonja@gmail.com<\/strong><\/a><\/p>\n<table style=\"width: 100%; height: 867px;\">\n<tbody>\n<tr style=\"height: 53px;\">\n<td style=\"height: 53px;\" colspan=\"2\" width=\"707\"><strong>CONSELL ESCOLAR CURS 24-25<\/strong><\/td>\n<\/tr>\n<tr style=\"height: 53px;\">\n<td style=\"height: 53px;\" width=\"354\"><strong>PRESIDENTA (DIRECTORA)<\/strong><\/td>\n<td style=\"height: 53px;\" width=\"354\"><strong>ELISENDA VIRGILI I JOS\u00c9<\/strong><\/td>\n<\/tr>\n<tr style=\"height: 53px;\">\n<td style=\"height: 53px;\" width=\"354\"><strong>CAP D\u2019ESTUDIS<\/strong><\/td>\n<td style=\"height: 53px;\" width=\"354\"><strong>SORAIA CASANOVA SORRIBES<\/strong><\/td>\n<\/tr>\n<tr style=\"height: 53px;\">\n<td style=\"height: 53px;\" width=\"354\"><strong>SECRETARI<\/strong><\/td>\n<td style=\"height: 53px;\" width=\"354\"><strong>H\u00c9CTOR PORTUGAL PORTERO<\/strong><\/td>\n<\/tr>\n<tr style=\"height: 195px;\">\n<td style=\"height: 195px;\" width=\"354\"><strong>SECTOR PROFESSORAT TITULARS<\/strong><\/td>\n<td style=\"height: 195px;\" width=\"354\">\n<ul>\n<li><strong>GEMMA CEBALLOS<\/strong><\/li>\n<li><strong>FRANGI GUTI\u00c9RREZ<\/strong><\/li>\n<li><strong>TANIA BUJALANCE<\/strong><\/li>\n<li><strong>MANUELA RODR\u00cdGUEZ<\/strong><\/li>\n<li><strong> BEA GAGO<\/strong><\/li>\n<\/ul>\n<\/td>\n<\/tr>\n<tr style=\"height: 53px;\">\n<td style=\"height: 53px;\" width=\"354\"><strong>SECTOR PROFESSORAT SUPLENTS<\/strong><\/td>\n<td style=\"height: 53px;\" width=\"354\">\n<ul>\n<li><strong>BEL\u00c9N NOGUERA<\/strong><\/li>\n<li><strong>MARTA CARRASCO<\/strong><\/li>\n<\/ul>\n<\/td>\n<\/tr>\n<tr style=\"height: 53px;\">\n<td style=\"height: 53px;\" width=\"354\"><strong>REPRESENTATNT PAS\/PAE<\/strong><\/td>\n<td style=\"height: 53px;\" width=\"354\"><strong>MARISOL DEL POZO<\/strong><\/td>\n<\/tr>\n<tr style=\"height: 53px;\">\n<td style=\"height: 53px;\" width=\"354\"><strong>REPRESENTANT AMPA<\/strong><\/td>\n<td style=\"height: 53px;\" width=\"354\"><strong>BLANCA MAR\u00cdN<\/strong><\/td>\n<\/tr>\n<tr style=\"height: 195px;\">\n<td style=\"height: 195px;\" width=\"354\"><strong>SECTOR FAM\u00cdLIES<\/strong><\/td>\n<td style=\"height: 195px;\" width=\"354\">\n<ul>\n<li><strong>M\u00d2NICA GARC\u00cdA<\/strong><\/li>\n<li><strong>SARA HERAS<\/strong><\/li>\n<li><strong>B\u00c0RBARA ALCARAZ<\/strong><\/li>\n<li><strong>DOMINGO PADILLO RODR\u00cdGUEZ<\/strong><\/li>\n<li><strong>N\u00daRIA CLIMENT<\/strong><\/li>\n<\/ul>\n<\/td>\n<\/tr>\n<tr style=\"height: 53px;\">\n<td style=\"height: 53px;\" width=\"354\"><strong>SECTOR FAM\u00cdLIES SUPLENTS<\/strong><\/td>\n<td style=\"height: 53px;\" width=\"354\">\n<ul>\n<li><strong>FRANCISCO M. RODR\u00cdGUEZ GALLARDO<\/strong><\/li>\n<\/ul>\n<\/td>\n<\/tr>\n<tr style=\"height: 53px;\">\n<td style=\"height: 53px;\" width=\"354\"><strong>REPRESENTANT AJUNTAMENT<\/strong><\/td>\n<td style=\"height: 53px;\" width=\"354\"><strong>MIQUEL P\u00c9REZ PLA<\/strong><\/td>\n<\/tr>\n<\/tbody>\n<\/table>\n<p>&nbsp;<\/p>\n<\/div>\n","protected":false},"excerpt":{"rendered":"<p>Per comunicar-vos amb els pares i mares del Consell Escolar de l&#8217;escola, a partir d&#8217;ara podeu enviar correus electr\u00f2nics en aquesta adre\u00e7a: paresconsellescolarlacanonja@gmail.com CONSELL ESCOLAR CURS 24-25 PRESIDENTA (DIRECTORA) ELISENDA VIRGILI I JOS\u00c9 CAP D\u2019ESTUDIS SORAIA CASANOVA SORRIBES SECRETARI H\u00c9CTOR PORTUGAL PORTERO SECTOR PROFESSORAT TITULARS GEMMA CEBALLOS FRANGI GUTI\u00c9RREZ TANIA BUJALANCE MANUELA RODR\u00cdGUEZ BEA GAGO [&hellip;]<\/p>\n","protected":false},"author":1,"featured_media":0,"parent":22,"menu_order":30,"comment_status":"closed","ping_status":"closed","template":"","meta":{"_bbp_topic_count":0,"_bbp_reply_count":0,"_bbp_total_topic_count":0,"_bbp_total_reply_count":0,"_bbp_voice_count":0,"_bbp_anonymous_reply_count":0,"_bbp_topic_count_hidden":0,"_bbp_reply_count_hidden":0,"_bbp_forum_subforum_count":0,"site-sidebar-layout":"default","site-content-layout":"","ast-site-content-layout":"default","site-content-style":"default","site-sidebar-style":"default","ast-global-header-display":"","ast-banner-title-visibility":"","ast-main-header-display":"","ast-hfb-above-header-display":"","ast-hfb-below-header-display":"","ast-hfb-mobile-header-display":"","site-post-title":"","ast-breadcrumbs-content":"","ast-featured-img":"","footer-sml-layout":"","theme-transparent-header-meta":"default","adv-header-id-meta":"","stick-header-meta":"","header-above-stick-meta":"","header-main-stick-meta":"","header-below-stick-meta":"","astra-migrate-meta-layouts":"set","ast-page-background-enabled":"default","ast-page-background-meta":{"desktop":{"background-color":"var(--ast-global-color-4)","background-image":"","background-repeat":"repeat","background-position":"center center","background-size":"auto","background-attachment":"scroll","background-type":"","background-media":"","overlay-type":"","overlay-color":"","overlay-opacity":"","overlay-gradient":""},"tablet":{"background-color":"","background-image":"","background-repeat":"repeat","background-position":"center center","background-size":"auto","background-attachment":"scroll","background-type":"","background-media":"","overlay-type":"","overlay-color":"","overlay-opacity":"","overlay-gradient":""},"mobile":{"background-color":"","background-image":"","background-repeat":"repeat","background-position":"center center","background-size":"auto","background-attachment":"scroll","background-type":"","background-media":"","overlay-type":"","overlay-color":"","overlay-opacity":"","overlay-gradient":""}},"ast-content-background-meta":{"desktop":{"background-color":"var(--ast-global-color-5)","background-image":"","background-repeat":"repeat","background-position":"center center","background-size":"auto","background-attachment":"scroll","background-type":"","background-media":"","overlay-type":"","overlay-color":"","overlay-opacity":"","overlay-gradient":""},"tablet":{"background-color":"var(--ast-global-color-5)","background-image":"","background-repeat":"repeat","background-position":"center center","background-size":"auto","background-attachment":"scroll","background-type":"","background-media":"","overlay-type":"","overlay-color":"","overlay-opacity":"","overlay-gradient":""},"mobile":{"background-color":"var(--ast-global-color-5)","background-image":"","background-repeat":"repeat","background-position":"center center","background-size":"auto","background-attachment":"scroll","background-type":"","background-media":"","overlay-type":"","overlay-color":"","overlay-opacity":"","overlay-gradient":""}},"footnotes":""},"class_list":["post-28","page","type-page","status-publish","hentry"],"post_mailing_queue_ids":[],"_links":{"self":[{"href":"https:\/\/agora.xtec.cat\/ceiplacanonja\/wp-json\/wp\/v2\/pages\/28","targetHints":{"allow":["GET"]}}],"collection":[{"href":"https:\/\/agora.xtec.cat\/ceiplacanonja\/wp-json\/wp\/v2\/pages"}],"about":[{"href":"https:\/\/agora.xtec.cat\/ceiplacanonja\/wp-json\/wp\/v2\/types\/page"}],"author":[{"embeddable":true,"href":"https:\/\/agora.xtec.cat\/ceiplacanonja\/wp-json\/wp\/v2\/users\/1"}],"replies":[{"embeddable":true,"href":"https:\/\/agora.xtec.cat\/ceiplacanonja\/wp-json\/wp\/v2\/comments?post=28"}],"version-history":[{"count":8,"href":"https:\/\/agora.xtec.cat\/ceiplacanonja\/wp-json\/wp\/v2\/pages\/28\/revisions"}],"predecessor-version":[{"id":26525,"href":"https:\/\/agora.xtec.cat\/ceiplacanonja\/wp-json\/wp\/v2\/pages\/28\/revisions\/26525"}],"up":[{"embeddable":true,"href":"https:\/\/agora.xtec.cat\/ceiplacanonja\/wp-json\/wp\/v2\/pages\/22"}],"wp:attachment":[{"href":"https:\/\/agora.xtec.cat\/ceiplacanonja\/wp-json\/wp\/v2\/media?parent=28"}],"curies":[{"name":"wp","href":"https:\/\/api.w.org\/{rel}","templated":true}]}}