{"id":683,"date":"2020-11-20T17:13:21","date_gmt":"2020-11-20T16:13:21","guid":{"rendered":"https:\/\/agora.xtec.cat\/ceiplacaixa\/?page_id=683"},"modified":"2025-07-04T13:49:39","modified_gmt":"2025-07-04T11:49:39","slug":"fotos","status":"publish","type":"page","link":"https:\/\/agora.xtec.cat\/ceiplacaixa\/nivells\/fotos\/","title":{"rendered":"FOTOS!"},"content":{"rendered":"<p>&nbsp;<\/p>\n<table style=\"width: 100%;\">\n<tbody>\n<tr>\n<td style=\"width: 99.196%; text-align: center;\" colspan=\"3\">\n<h4>COMUNITAT DE PETITS<\/h4>\n<\/td>\n<\/tr>\n<tr>\n<td style=\"width: 34.1709%; text-align: center;\">I3<\/td>\n<td style=\"width: 34.0703%; text-align: center;\">I4<\/td>\n<td style=\"width: 30.9548%; text-align: center;\">I5<\/td>\n<\/tr>\n<tr>\n<td style=\"width: 34.1709%; text-align: center;\"><a href=\"https:\/\/agora.xtec.cat\/ceiplacaixa\/nivells\/fotos\/promocio-2025-fotos-i-videos\/\">Promoci\u00f3 2025<\/a><\/td>\n<td style=\"width: 34.0703%; text-align: center;\"><a href=\"https:\/\/agora.xtec.cat\/ceiplacaixa\/nivells\/fotos\/promocio-2024-fotos-i-videos\/\">Promoci\u00f3 2024<\/a><\/td>\n<td style=\"width: 30.9548%; text-align: center;\"><a href=\"https:\/\/agora.xtec.cat\/ceiplacaixa\/fotos\/promocio-2023-fotos-i-videos\/\">Promoci\u00f3 2023<\/a><\/td>\n<\/tr>\n<\/tbody>\n<\/table>\n<p>&nbsp;<\/p>\n<table style=\"width: 100%; height: 132px;\">\n<tbody>\n<tr style=\"height: 59px;\">\n<td style=\"text-align: center; width: 174.221%; height: 59px;\" colspan=\"3\">\n<h4>COMUNITAT DE MITJANS<\/h4>\n<\/td>\n<\/tr>\n<tr style=\"height: 40px;\">\n<td style=\"width: 34.287%; text-align: center; height: 40px;\">1r<\/td>\n<td style=\"width: 34.3783%; text-align: center; height: 40px;\">2n<\/td>\n<td style=\"width: 105.556%; text-align: center; height: 40px;\">3r<\/td>\n<\/tr>\n<tr style=\"height: 33px;\">\n<td style=\"width: 34.287%; text-align: center; height: 33px;\"><a href=\"https:\/\/agora.xtec.cat\/ceiplacaixa\/nivells\/fotos\/promocio-2022-fotos-i-videos\/\">\u00a0Promoci\u00f3 2022<\/a><\/td>\n<td style=\"width: 34.3783%; text-align: center; height: 33px;\"><a href=\"https:\/\/agora.xtec.cat\/ceiplacaixa\/nivells\/fotos\/promocio-2021-fotos-i-videos\/\">Promoci\u00f3 2021<\/a><\/td>\n<td style=\"width: 105.556%; text-align: center; height: 33px;\"><a href=\"https:\/\/agora.xtec.cat\/ceiplacaixa\/nivells\/fotos\/promocio-2020-fotos-i-videos\/\">Promoci\u00f3 2020<\/a><\/td>\n<\/tr>\n<\/tbody>\n<\/table>\n<table style=\"width: 100%; height: 124px;\">\n<tbody>\n<tr style=\"height: 59px;\">\n<td style=\"text-align: center; width: 68.6653%; height: 59px;\" colspan=\"3\">\n<h4>COMUNITAT DE GRANS<\/h4>\n<\/td>\n<\/tr>\n<tr style=\"height: 32px;\">\n<td style=\"width: 34.287%; text-align: center; height: 32px;\">4t<\/td>\n<td style=\"width: 34.3783%; text-align: center; height: 32px;\">5\u00e8<\/td>\n<td style=\"width: 105.556%; text-align: center; height: 32px;\">6\u00e8<\/td>\n<\/tr>\n<tr style=\"height: 33px;\">\n<td style=\"width: 34.287%; text-align: center; height: 33px;\"><a href=\"https:\/\/agora.xtec.cat\/ceiplacaixa\/nivells\/fotos\/promocio-2019-fotos-i-videos\/\">Promoci\u00f3 2019<\/a><\/td>\n<td style=\"width: 34.3783%; text-align: center; height: 33px;\"><a href=\"https:\/\/agora.xtec.cat\/ceiplacaixa\/nivells\/fotos\/promocio-2018-fotos-i-videos\/\" target=\"_blank\" rel=\"noopener\">Promoci\u00f3 2018<\/a><\/td>\n<td style=\"width: 105.556%; text-align: center; height: 33px;\"><a href=\"https:\/\/agora.xtec.cat\/ceiplacaixa\/nivells\/fotos\/promocio-2017-fotos-i-videos\/\">Promoci\u00f3 2017<\/a><\/td>\n<\/tr>\n<\/tbody>\n<\/table>\n","protected":false},"excerpt":{"rendered":"<p>&nbsp; COMUNITAT DE PETITS I3 I4 I5 Promoci\u00f3 2025 Promoci\u00f3 2024 Promoci\u00f3 2023 &nbsp; COMUNITAT DE MITJANS 1r 2n 3r \u00a0Promoci\u00f3 2022 Promoci\u00f3 2021 Promoci\u00f3 2020 COMUNITAT DE GRANS 4t 5\u00e8 6\u00e8 Promoci\u00f3 2019 Promoci\u00f3 2018 Promoci\u00f3 2017<\/p>\n","protected":false},"author":3,"featured_media":0,"parent":87,"menu_order":0,"comment_status":"closed","ping_status":"closed","template":"page-templates\/side-menu.php","meta":{"_bbp_topic_count":0,"_bbp_reply_count":0,"_bbp_total_topic_count":0,"_bbp_total_reply_count":0,"_bbp_voice_count":0,"_bbp_anonymous_reply_count":0,"_bbp_topic_count_hidden":0,"_bbp_reply_count_hidden":0,"_bbp_forum_subforum_count":0,"site-sidebar-layout":"default","site-content-layout":"","ast-site-content-layout":"","site-content-style":"default","site-sidebar-style":"default","ast-global-header-display":"","ast-banner-title-visibility":"","ast-main-header-display":"","ast-hfb-above-header-display":"","ast-hfb-below-header-display":"","ast-hfb-mobile-header-display":"","site-post-title":"","ast-breadcrumbs-content":"","ast-featured-img":"","footer-sml-layout":"","theme-transparent-header-meta":"","adv-header-id-meta":"","stick-header-meta":"","header-above-stick-meta":"","header-main-stick-meta":"","header-below-stick-meta":"","astra-migrate-meta-layouts":"default","ast-page-background-enabled":"default","ast-page-background-meta":{"desktop":{"background-color":"var(--ast-global-color-4)","background-image":"","background-repeat":"repeat","background-position":"center center","background-size":"auto","background-attachment":"scroll","background-type":"","background-media":"","overlay-type":"","overlay-color":"","overlay-opacity":"","overlay-gradient":""},"tablet":{"background-color":"","background-image":"","background-repeat":"repeat","background-position":"center center","background-size":"auto","background-attachment":"scroll","background-type":"","background-media":"","overlay-type":"","overlay-color":"","overlay-opacity":"","overlay-gradient":""},"mobile":{"background-color":"","background-image":"","background-repeat":"repeat","background-position":"center center","background-size":"auto","background-attachment":"scroll","background-type":"","background-media":"","overlay-type":"","overlay-color":"","overlay-opacity":"","overlay-gradient":""}},"ast-content-background-meta":{"desktop":{"background-color":"var(--ast-global-color-5)","background-image":"","background-repeat":"repeat","background-position":"center center","background-size":"auto","background-attachment":"scroll","background-type":"","background-media":"","overlay-type":"","overlay-color":"","overlay-opacity":"","overlay-gradient":""},"tablet":{"background-color":"var(--ast-global-color-5)","background-image":"","background-repeat":"repeat","background-position":"center center","background-size":"auto","background-attachment":"scroll","background-type":"","background-media":"","overlay-type":"","overlay-color":"","overlay-opacity":"","overlay-gradient":""},"mobile":{"background-color":"var(--ast-global-color-5)","background-image":"","background-repeat":"repeat","background-position":"center center","background-size":"auto","background-attachment":"scroll","background-type":"","background-media":"","overlay-type":"","overlay-color":"","overlay-opacity":"","overlay-gradient":""}},"footnotes":""},"class_list":["post-683","page","type-page","status-publish","hentry"],"post_mailing_queue_ids":[],"_links":{"self":[{"href":"https:\/\/agora.xtec.cat\/ceiplacaixa\/wp-json\/wp\/v2\/pages\/683","targetHints":{"allow":["GET"]}}],"collection":[{"href":"https:\/\/agora.xtec.cat\/ceiplacaixa\/wp-json\/wp\/v2\/pages"}],"about":[{"href":"https:\/\/agora.xtec.cat\/ceiplacaixa\/wp-json\/wp\/v2\/types\/page"}],"author":[{"embeddable":true,"href":"https:\/\/agora.xtec.cat\/ceiplacaixa\/wp-json\/wp\/v2\/users\/3"}],"replies":[{"embeddable":true,"href":"https:\/\/agora.xtec.cat\/ceiplacaixa\/wp-json\/wp\/v2\/comments?post=683"}],"version-history":[{"count":5,"href":"https:\/\/agora.xtec.cat\/ceiplacaixa\/wp-json\/wp\/v2\/pages\/683\/revisions"}],"predecessor-version":[{"id":4151,"href":"https:\/\/agora.xtec.cat\/ceiplacaixa\/wp-json\/wp\/v2\/pages\/683\/revisions\/4151"}],"up":[{"embeddable":true,"href":"https:\/\/agora.xtec.cat\/ceiplacaixa\/wp-json\/wp\/v2\/pages\/87"}],"wp:attachment":[{"href":"https:\/\/agora.xtec.cat\/ceiplacaixa\/wp-json\/wp\/v2\/media?parent=683"}],"curies":[{"name":"wp","href":"https:\/\/api.w.org\/{rel}","templated":true}]}}