{"id":64,"date":"2014-09-18T12:39:08","date_gmt":"2014-09-18T11:39:08","guid":{"rendered":"http:\/\/agora.xtec.cat\/ceiplacaixa\/?page_id=64"},"modified":"2021-06-17T14:24:27","modified_gmt":"2021-06-17T12:24:27","slug":"projecte-educatiu","status":"publish","type":"page","link":"https:\/\/agora.xtec.cat\/ceiplacaixa\/projecte-educatiu\/","title":{"rendered":"Projecte educatiu"},"content":{"rendered":"<p style=\"text-align: center;\"><a href=\"https:\/\/drive.google.com\/file\/d\/14EBFqONz8uSOqJDs7CpHjJP1s3F0Wsmw\/view?usp=sharing\"><img loading=\"lazy\" decoding=\"async\" class=\"aligncenter  wp-image-1241\" src=\"https:\/\/agora.xtec.cat\/ceiplacaixa\/wp-content\/uploads\/usu1455\/2021\/06\/PEC-1024x573.jpg\" alt=\"\" width=\"418\" height=\"234\" srcset=\"https:\/\/agora.xtec.cat\/ceiplacaixa\/wp-content\/uploads\/usu1455\/2021\/06\/PEC-1024x573.jpg 1024w, https:\/\/agora.xtec.cat\/ceiplacaixa\/wp-content\/uploads\/usu1455\/2021\/06\/PEC-300x168.jpg 300w, https:\/\/agora.xtec.cat\/ceiplacaixa\/wp-content\/uploads\/usu1455\/2021\/06\/PEC-768x430.jpg 768w, https:\/\/agora.xtec.cat\/ceiplacaixa\/wp-content\/uploads\/usu1455\/2021\/06\/PEC.jpg 1043w\" sizes=\"auto, (max-width: 418px) 100vw, 418px\" \/>Cliqueu la imatge per veure el projecte sencer<\/a><\/p>\n<h4><span style=\"font-weight: 400;\">MISSI\u00d3, VISI\u00d3 I VALORS<\/span><\/h4>\n<table style=\"width: 1052px;\">\n<tbody>\n<tr>\n<td style=\"width: 709px;\">\n<h4><span style=\"font-weight: 400;\">Qui som i qu\u00e8 fem?<\/span><\/h4>\n<ul>\n<li style=\"font-weight: 400;\" aria-level=\"1\"><span style=\"font-weight: 400;\">Som una escola p\u00fablica, laica, plural, democr\u00e0tica i inclusiva.<\/span><\/li>\n<li style=\"font-weight: 400;\" aria-level=\"1\"><span style=\"font-weight: 400;\">Eduquem per afavorir el desenvolupament integral dels infants en un ambient acollidor tenint en compte l\u2019aspecte emocional, el sociocultural i l\u2019intel\u00b7lectual.\u00a0<\/span><\/li>\n<li style=\"font-weight: 400;\" aria-level=\"1\"><span style=\"font-weight: 400;\">Eduquem per despertar l\u2019esperit cr\u00edtic del nostre alumnat per tal que pugui esdevenir una persona aut\u00f2noma i competent en una societat multicultural, tecnol\u00f2gica i compromesa amb el seu entorn.\u00a0<\/span><\/li>\n<li style=\"font-weight: 400;\" aria-level=\"1\"><span style=\"font-weight: 400;\">Treballem per afavorir la cohesi\u00f3 social del nostre alumnat mitjan\u00e7ant l\u2019aprenentatge cooperatiu, el treball en equip, creant espais a les aules on els alumnes tinguin veu\u00a0 a trav\u00e9s\u00a0 de l\u2019escolta i el di\u00e0leg, amb respecte, on puguin cr\u00e9ixer emocionalment i desenvolupar l\u2019empatia vers els altres.\u00a0<\/span><\/li>\n<li style=\"font-weight: 400;\" aria-level=\"1\"><span style=\"font-weight: 400;\">Vetllem perqu\u00e8 l\u2019alumne adquireixi\u00a0 les\u00a0 compet\u00e8ncies per adaptar-se a situacions canviants de manera responsable, cr\u00edtica i aut\u00f2noma.\u00a0<\/span><\/li>\n<li style=\"font-weight: 400;\" aria-level=\"1\"><span style=\"font-weight: 400;\">Donem import\u00e0ncia a la comunicaci\u00f3 i di\u00e0leg entre tota la comunitat educativa fomentant la participaci\u00f3 de les fam\u00edlies en diferents activitats proposades al centre.<\/span><\/li>\n<\/ul>\n<\/td>\n<td style=\"width: 335px;\">\n<h4><span style=\"font-weight: 400;\">Quins s\u00f3n els valors que fomentem?<\/span><\/h4>\n<ul>\n<li style=\"font-weight: 400;\" aria-level=\"1\"><span style=\"font-weight: 400;\">\u00a0Els valors \u00e8tics del respecte, la toler\u00e0ncia, la solidaritat, la cooperaci\u00f3, el di\u00e0leg, la pau, el civisme i l\u2019equitat.<\/span><\/li>\n<li style=\"font-weight: 400;\" aria-level=\"1\">El saber esperar, saber escoltar, saber dir no, l\u2019autocontrol, donar les gr\u00e0cies, empatitzar i saber demanar ajut.<\/li>\n<li style=\"font-weight: 400;\" aria-level=\"1\"><span style=\"font-weight: 400;\">La cultura de l\u2019esfor\u00e7, la perseveran\u00e7a, la const\u00e0ncia, la creativitat i la sensibilitat.\u00a0<\/span><\/li>\n<li style=\"font-weight: 400;\" aria-level=\"1\"><span style=\"font-weight: 400;\">El respecte dels alumnes vers el nostre entorn natural i cultural.<\/span><\/li>\n<\/ul>\n<\/td>\n<\/tr>\n<tr>\n<td style=\"width: 1046px;\" colspan=\"2\">\n<h4><span style=\"font-weight: 400;\">Qu\u00e8 volem aconseguir?<\/span><\/h4>\n<ul>\n<li style=\"font-weight: 400;\" aria-level=\"1\"><span style=\"font-weight: 400;\">Una escola integrada a l\u2019entorn i al barri, amb un equip docent\u00a0 obert als canvis, comprom\u00e8s, il\u00b7lusionat i emprenedor<\/span> <span style=\"font-weight: 400;\">on tota la comunitat educativa es senti ben valorada.<\/span><\/li>\n<li style=\"font-weight: 400;\" aria-level=\"1\"><span style=\"font-weight: 400;\">Potenciar l\u2019\u00fas de la llengua catalana com a llengua vehicular tot i que cercarem l\u2019assoliment d\u2019una bona compet\u00e8ncia ling\u00fc\u00edstica de les dues lleng\u00fces oficials de Catalunya.<\/span><\/li>\n<li style=\"font-weight: 400;\" aria-level=\"1\"><span style=\"font-weight: 400;\">Potenciar al m\u00e0xim l&#8217;aprenentatge de l\u2019angl\u00e8s a partir de l\u2019ensenyament d&#8217;altres mat\u00e8ries curriculars amb llengua estrangera per tal de fer els nostres alumnes m\u00e9s competents per desenvolupar-se en un m\u00f3n cada vegada m\u00e9s global i pluriling\u00fce.<\/span><\/li>\n<li style=\"font-weight: 400;\" aria-level=\"1\"><span style=\"font-weight: 400;\">Continuar treballant per tal que els nostres alumnes\u00a0 aconsegueixin uns bons resultats educatius atenent, com escola inclusiva que som, les diferents necessitats educatives.<\/span><span style=\"font-weight: 400;\">\u00a0<\/span><\/li>\n<li style=\"font-weight: 400;\" aria-level=\"1\"><span style=\"font-weight: 400;\">Un bon desenvolupament emocional dels nostres alumnes de manera que progressin en el seu creixement personal, formant persones estables, amb criteri propi i amb esperit cr\u00edtic.<\/span><\/li>\n<li style=\"font-weight: 400;\" aria-level=\"1\"><span style=\"font-weight: 400;\">Estimular la creativitat a partir de l&#8217;art i la ci\u00e8ncia, l&#8217;h\u00e0bit lector i el gust per la lectura.\u00a0<\/span><\/li>\n<li style=\"font-weight: 400;\" aria-level=\"1\"><span style=\"font-weight: 400;\">Ampliar l&#8217;\u00fas de les tecnologies de l\u2019aprenentatge i el coneixement a l\u2019aula com a eina de treball.<\/span><\/li>\n<li style=\"font-weight: 400;\" aria-level=\"1\"><span style=\"font-weight: 400;\">Volem que l\u2019aprenentatge sigui\u00a0 significatiu, per tant potenciarem les metodologies basades en l\u2019observaci\u00f3, manipulaci\u00f3 i l\u2019experimentaci\u00f3.<\/span><\/li>\n<\/ul>\n<\/td>\n<\/tr>\n<\/tbody>\n<\/table>\n<p>&nbsp;<\/p>\n","protected":false},"excerpt":{"rendered":"<p>Cliqueu la imatge per veure el projecte sencer MISSI\u00d3, VISI\u00d3 I VALORS Qui som i qu\u00e8 fem? Som una escola p\u00fablica, laica, plural, democr\u00e0tica i inclusiva. Eduquem per afavorir el desenvolupament integral dels infants en un ambient acollidor tenint en compte l\u2019aspecte emocional, el sociocultural i l\u2019intel\u00b7lectual.\u00a0 Eduquem per despertar l\u2019esperit cr\u00edtic del nostre alumnat [&hellip;]<\/p>\n","protected":false},"author":1,"featured_media":0,"parent":0,"menu_order":0,"comment_status":"closed","ping_status":"closed","template":"page-templates\/side-menu.php","meta":{"_bbp_topic_count":0,"_bbp_reply_count":0,"_bbp_total_topic_count":0,"_bbp_total_reply_count":0,"_bbp_voice_count":0,"_bbp_anonymous_reply_count":0,"_bbp_topic_count_hidden":0,"_bbp_reply_count_hidden":0,"_bbp_forum_subforum_count":0,"site-sidebar-layout":"default","site-content-layout":"","ast-site-content-layout":"","site-content-style":"default","site-sidebar-style":"default","ast-global-header-display":"","ast-banner-title-visibility":"","ast-main-header-display":"","ast-hfb-above-header-display":"","ast-hfb-below-header-display":"","ast-hfb-mobile-header-display":"","site-post-title":"","ast-breadcrumbs-content":"","ast-featured-img":"","footer-sml-layout":"","theme-transparent-header-meta":"","adv-header-id-meta":"","stick-header-meta":"","header-above-stick-meta":"","header-main-stick-meta":"","header-below-stick-meta":"","astra-migrate-meta-layouts":"default","ast-page-background-enabled":"default","ast-page-background-meta":{"desktop":{"background-color":"var(--ast-global-color-4)","background-image":"","background-repeat":"repeat","background-position":"center center","background-size":"auto","background-attachment":"scroll","background-type":"","background-media":"","overlay-type":"","overlay-color":"","overlay-opacity":"","overlay-gradient":""},"tablet":{"background-color":"","background-image":"","background-repeat":"repeat","background-position":"center center","background-size":"auto","background-attachment":"scroll","background-type":"","background-media":"","overlay-type":"","overlay-color":"","overlay-opacity":"","overlay-gradient":""},"mobile":{"background-color":"","background-image":"","background-repeat":"repeat","background-position":"center center","background-size":"auto","background-attachment":"scroll","background-type":"","background-media":"","overlay-type":"","overlay-color":"","overlay-opacity":"","overlay-gradient":""}},"ast-content-background-meta":{"desktop":{"background-color":"var(--ast-global-color-5)","background-image":"","background-repeat":"repeat","background-position":"center center","background-size":"auto","background-attachment":"scroll","background-type":"","background-media":"","overlay-type":"","overlay-color":"","overlay-opacity":"","overlay-gradient":""},"tablet":{"background-color":"var(--ast-global-color-5)","background-image":"","background-repeat":"repeat","background-position":"center center","background-size":"auto","background-attachment":"scroll","background-type":"","background-media":"","overlay-type":"","overlay-color":"","overlay-opacity":"","overlay-gradient":""},"mobile":{"background-color":"var(--ast-global-color-5)","background-image":"","background-repeat":"repeat","background-position":"center center","background-size":"auto","background-attachment":"scroll","background-type":"","background-media":"","overlay-type":"","overlay-color":"","overlay-opacity":"","overlay-gradient":""}},"footnotes":""},"class_list":["post-64","page","type-page","status-publish","hentry"],"post_mailing_queue_ids":[],"_links":{"self":[{"href":"https:\/\/agora.xtec.cat\/ceiplacaixa\/wp-json\/wp\/v2\/pages\/64","targetHints":{"allow":["GET"]}}],"collection":[{"href":"https:\/\/agora.xtec.cat\/ceiplacaixa\/wp-json\/wp\/v2\/pages"}],"about":[{"href":"https:\/\/agora.xtec.cat\/ceiplacaixa\/wp-json\/wp\/v2\/types\/page"}],"author":[{"embeddable":true,"href":"https:\/\/agora.xtec.cat\/ceiplacaixa\/wp-json\/wp\/v2\/users\/1"}],"replies":[{"embeddable":true,"href":"https:\/\/agora.xtec.cat\/ceiplacaixa\/wp-json\/wp\/v2\/comments?post=64"}],"version-history":[{"count":3,"href":"https:\/\/agora.xtec.cat\/ceiplacaixa\/wp-json\/wp\/v2\/pages\/64\/revisions"}],"predecessor-version":[{"id":1242,"href":"https:\/\/agora.xtec.cat\/ceiplacaixa\/wp-json\/wp\/v2\/pages\/64\/revisions\/1242"}],"wp:attachment":[{"href":"https:\/\/agora.xtec.cat\/ceiplacaixa\/wp-json\/wp\/v2\/media?parent=64"}],"curies":[{"name":"wp","href":"https:\/\/api.w.org\/{rel}","templated":true}]}}