{"id":594,"date":"2020-10-22T10:40:53","date_gmt":"2020-10-22T08:40:53","guid":{"rendered":"https:\/\/agora.xtec.cat\/ceiplacaixa\/?page_id=594"},"modified":"2026-04-10T14:57:09","modified_gmt":"2026-04-10T12:57:09","slug":"temps-educatiu-migdia","status":"publish","type":"page","link":"https:\/\/agora.xtec.cat\/ceiplacaixa\/serveis\/menjador-escolar\/temps-educatiu-migdia\/","title":{"rendered":"Temps educatiu migdia"},"content":{"rendered":"<p><strong>\u00a0<\/strong><\/p>\n<p><span style=\"text-decoration: underline;\"><strong>\u00a0<\/strong><strong>De Dilluns a Dijous (Divendres joc lliure)<\/strong><\/span><\/p>\n<p><strong>Duraci\u00f3 activitats:<\/strong> 40 minuts (4t a 6\u00e8) i 30 minuts (I5 a 3r).<\/p>\n<p><span style=\"text-decoration: underline;\"><strong>Comunitat de Petits\u00a0 (14h a 14.30h)<\/strong><\/span><\/p>\n<p><strong>Projecte<\/strong> &#8212; Espais (art\u00edstic, moviment, ball)<\/p>\n<p><strong>Jocs &#8212;<\/strong>\u00a0jocs \u00a0cooperatius, esportius i d\u2019arreu del m\u00f3n.<\/p>\n<p><span style=\"text-decoration: underline;\"><strong>Comunitat de Mitjans (14h a 14.30h) Grup de 4t a 6\u00e8 (12.45h a 13.25h)<\/strong><\/span><\/p>\n<p><strong>Projecte<\/strong> &#8212; Espais (art\u00edstic, medi ambient, expressi\u00f3, ioga-relaxaci\u00f3 &#8230; )<\/p>\n<p><strong>Jocs &#8212;<\/strong>\u00a0jocs diversos de cooperaci\u00f3, d\u2019arreu del m\u00f3n&#8230;<\/p>\n<p><strong>Esports en Valors &#8212;\u00a0<\/strong>esports donant \u00e8mfasi als valors de cadascun.<\/p>\n<p><strong>Durant l\u2019estona lliure<\/strong> el material est\u00e0 distribu\u00eft de la seg\u00fcent manera; dilluns: jocs lliure dirigit, dimarts\/dimecres\/dijous: espais i divendres: joc lliure.<\/p>\n<p><strong>1 setmana al mes<\/strong>\u00a0no hi haur\u00e0 activitats programades, seran activitats extres proposades pels nens i nenes. Per exemple, tornejos varis, Kids talent, activitats en angl\u00e8s, Dia del ball, jocs de taula gegants, sessi\u00f3 de dibuix Manga, etc &#8230;<\/p>\n","protected":false},"excerpt":{"rendered":"<p>\u00a0 \u00a0De Dilluns a Dijous (Divendres joc lliure) Duraci\u00f3 activitats: 40 minuts (4t a 6\u00e8) i 30 minuts (I5 a 3r). Comunitat de Petits\u00a0 (14h a 14.30h) Projecte &#8212; Espais (art\u00edstic, moviment, ball) Jocs &#8212;\u00a0jocs \u00a0cooperatius, esportius i d\u2019arreu del m\u00f3n. Comunitat de Mitjans (14h a 14.30h) Grup de 4t a 6\u00e8 (12.45h a 13.25h) [&hellip;]<\/p>\n","protected":false},"author":1,"featured_media":0,"parent":73,"menu_order":0,"comment_status":"closed","ping_status":"closed","template":"","meta":{"_bbp_topic_count":0,"_bbp_reply_count":0,"_bbp_total_topic_count":0,"_bbp_total_reply_count":0,"_bbp_voice_count":0,"_bbp_anonymous_reply_count":0,"_bbp_topic_count_hidden":0,"_bbp_reply_count_hidden":0,"_bbp_forum_subforum_count":0,"site-sidebar-layout":"default","site-content-layout":"","ast-site-content-layout":"default","site-content-style":"default","site-sidebar-style":"default","ast-global-header-display":"","ast-banner-title-visibility":"","ast-main-header-display":"","ast-hfb-above-header-display":"","ast-hfb-below-header-display":"","ast-hfb-mobile-header-display":"","site-post-title":"","ast-breadcrumbs-content":"","ast-featured-img":"","footer-sml-layout":"","theme-transparent-header-meta":"","adv-header-id-meta":"","stick-header-meta":"","header-above-stick-meta":"","header-main-stick-meta":"","header-below-stick-meta":"","astra-migrate-meta-layouts":"set","ast-page-background-enabled":"default","ast-page-background-meta":{"desktop":{"background-color":"var(--ast-global-color-4)","background-image":"","background-repeat":"repeat","background-position":"center center","background-size":"auto","background-attachment":"scroll","background-type":"","background-media":"","overlay-type":"","overlay-color":"","overlay-opacity":"","overlay-gradient":""},"tablet":{"background-color":"","background-image":"","background-repeat":"repeat","background-position":"center center","background-size":"auto","background-attachment":"scroll","background-type":"","background-media":"","overlay-type":"","overlay-color":"","overlay-opacity":"","overlay-gradient":""},"mobile":{"background-color":"","background-image":"","background-repeat":"repeat","background-position":"center center","background-size":"auto","background-attachment":"scroll","background-type":"","background-media":"","overlay-type":"","overlay-color":"","overlay-opacity":"","overlay-gradient":""}},"ast-content-background-meta":{"desktop":{"background-color":"var(--ast-global-color-5)","background-image":"","background-repeat":"repeat","background-position":"center center","background-size":"auto","background-attachment":"scroll","background-type":"","background-media":"","overlay-type":"","overlay-color":"","overlay-opacity":"","overlay-gradient":""},"tablet":{"background-color":"var(--ast-global-color-5)","background-image":"","background-repeat":"repeat","background-position":"center center","background-size":"auto","background-attachment":"scroll","background-type":"","background-media":"","overlay-type":"","overlay-color":"","overlay-opacity":"","overlay-gradient":""},"mobile":{"background-color":"var(--ast-global-color-5)","background-image":"","background-repeat":"repeat","background-position":"center center","background-size":"auto","background-attachment":"scroll","background-type":"","background-media":"","overlay-type":"","overlay-color":"","overlay-opacity":"","overlay-gradient":""}},"footnotes":""},"class_list":["post-594","page","type-page","status-publish","hentry"],"post_mailing_queue_ids":[],"_links":{"self":[{"href":"https:\/\/agora.xtec.cat\/ceiplacaixa\/wp-json\/wp\/v2\/pages\/594","targetHints":{"allow":["GET"]}}],"collection":[{"href":"https:\/\/agora.xtec.cat\/ceiplacaixa\/wp-json\/wp\/v2\/pages"}],"about":[{"href":"https:\/\/agora.xtec.cat\/ceiplacaixa\/wp-json\/wp\/v2\/types\/page"}],"author":[{"embeddable":true,"href":"https:\/\/agora.xtec.cat\/ceiplacaixa\/wp-json\/wp\/v2\/users\/1"}],"replies":[{"embeddable":true,"href":"https:\/\/agora.xtec.cat\/ceiplacaixa\/wp-json\/wp\/v2\/comments?post=594"}],"version-history":[{"count":5,"href":"https:\/\/agora.xtec.cat\/ceiplacaixa\/wp-json\/wp\/v2\/pages\/594\/revisions"}],"predecessor-version":[{"id":4707,"href":"https:\/\/agora.xtec.cat\/ceiplacaixa\/wp-json\/wp\/v2\/pages\/594\/revisions\/4707"}],"up":[{"embeddable":true,"href":"https:\/\/agora.xtec.cat\/ceiplacaixa\/wp-json\/wp\/v2\/pages\/73"}],"wp:attachment":[{"href":"https:\/\/agora.xtec.cat\/ceiplacaixa\/wp-json\/wp\/v2\/media?parent=594"}],"curies":[{"name":"wp","href":"https:\/\/api.w.org\/{rel}","templated":true}]}}