{"id":579,"date":"2020-10-22T10:19:01","date_gmt":"2020-10-22T08:19:01","guid":{"rendered":"https:\/\/agora.xtec.cat\/ceiplacaixa\/?page_id=579"},"modified":"2026-03-27T12:05:32","modified_gmt":"2026-03-27T11:05:32","slug":"menu-menjador","status":"publish","type":"page","link":"https:\/\/agora.xtec.cat\/ceiplacaixa\/serveis\/menjador-escolar\/menu-menjador\/","title":{"rendered":"Men\u00fa Espai Migdia"},"content":{"rendered":"<div class=\"itemBody\">\n<div class=\"itemFullText\">\n<h4><strong>MEN\u00daS DEL MES<\/strong><\/h4>\n<p>Els men\u00fas de l\u00b4Espai Migdia de l\u2019escola canvien mensualment, seguint els men\u00fas que proposen els nutricionistes i dietistes de l\u2019empresa Alimentart en funci\u00f3 de les directrius que marca Sanitat.<\/p>\n<p>En el document PDF podreu trobar el men\u00fa general i les adaptacions sense carn, sense gluten, sense ou, sense lactosa, sense porc i de control de greixos &#8230;<\/p>\n<p><strong>Men\u00fas i derivacions del mes de Abril de 2026 (<a href=\"https:\/\/drive.google.com\/file\/d\/11l1S9Vlf6iNTjggypW_foz8qh8umW7yJ\/view?usp=sharing\">clic per descarregar<\/a>)\u00a0 <a href=\"https:\/\/drive.google.com\/file\/d\/1bRiuxZ0k8yutY00F-NORxwOEsAprlDLA\/view?usp=sharing\">(derivades<\/a> )<\/strong><\/p>\n<h4><\/h4>\n<h4>P\u00cdCNIC a les SORTIDES<\/h4>\n<p><a href=\"https:\/\/agora.xtec.cat\/ceiplacaixa\/wp-content\/uploads\/usu1455\/2020\/11\/excursi\u00f3.jpg\"><img loading=\"lazy\" decoding=\"async\" class=\"size-thumbnail wp-image-673 alignleft\" src=\"https:\/\/agora.xtec.cat\/ceiplacaixa\/wp-content\/uploads\/usu1455\/2020\/11\/excursi\u00f3-150x150.jpg\" alt=\"\" width=\"150\" height=\"150\" srcset=\"https:\/\/agora.xtec.cat\/ceiplacaixa\/wp-content\/uploads\/usu1455\/2020\/11\/excursi\u00f3-150x150.jpg 150w, https:\/\/agora.xtec.cat\/ceiplacaixa\/wp-content\/uploads\/usu1455\/2020\/11\/excursi\u00f3-300x300.jpg 300w, https:\/\/agora.xtec.cat\/ceiplacaixa\/wp-content\/uploads\/usu1455\/2020\/11\/excursi\u00f3.jpg 626w\" sizes=\"auto, (max-width: 150px) 100vw, 150px\" \/><\/a><\/p>\n<\/div>\n<\/div>\n<p>L\u00b4Espai Migdia t\u00e9 calendaritzades les sortides dels grups escolars i prepara els p\u00edcnics pels usuaris habituals de menjador. <strong>Si la fam\u00edlia no vol p\u00edcnic haur\u00e0 d&#8217;avisar amb 48h lectives abans.\u00a0<\/strong><\/p>\n<p>En cas de no haver-se comunicat correctament, el dia de la sortida el nen o nena tindr\u00e0 el p\u00edcnic fet i es comptabilitzar\u00e0 com dia assistit a l\u00b4Espai Migdia.<\/p>\n","protected":false},"excerpt":{"rendered":"<p>MEN\u00daS DEL MES Els men\u00fas de l\u00b4Espai Migdia de l\u2019escola canvien mensualment, seguint els men\u00fas que proposen els nutricionistes i dietistes de l\u2019empresa Alimentart en funci\u00f3 de les directrius que marca Sanitat. En el document PDF podreu trobar el men\u00fa general i les adaptacions sense carn, sense gluten, sense ou, sense lactosa, sense porc i [&hellip;]<\/p>\n","protected":false},"author":1,"featured_media":0,"parent":73,"menu_order":0,"comment_status":"closed","ping_status":"closed","template":"","meta":{"_bbp_topic_count":0,"_bbp_reply_count":0,"_bbp_total_topic_count":0,"_bbp_total_reply_count":0,"_bbp_voice_count":0,"_bbp_anonymous_reply_count":0,"_bbp_topic_count_hidden":0,"_bbp_reply_count_hidden":0,"_bbp_forum_subforum_count":0,"site-sidebar-layout":"default","site-content-layout":"","ast-site-content-layout":"default","site-content-style":"default","site-sidebar-style":"default","ast-global-header-display":"","ast-banner-title-visibility":"","ast-main-header-display":"","ast-hfb-above-header-display":"","ast-hfb-below-header-display":"","ast-hfb-mobile-header-display":"","site-post-title":"","ast-breadcrumbs-content":"","ast-featured-img":"","footer-sml-layout":"","theme-transparent-header-meta":"","adv-header-id-meta":"","stick-header-meta":"","header-above-stick-meta":"","header-main-stick-meta":"","header-below-stick-meta":"","astra-migrate-meta-layouts":"set","ast-page-background-enabled":"default","ast-page-background-meta":{"desktop":{"background-color":"var(--ast-global-color-4)","background-image":"","background-repeat":"repeat","background-position":"center center","background-size":"auto","background-attachment":"scroll","background-type":"","background-media":"","overlay-type":"","overlay-color":"","overlay-opacity":"","overlay-gradient":""},"tablet":{"background-color":"","background-image":"","background-repeat":"repeat","background-position":"center center","background-size":"auto","background-attachment":"scroll","background-type":"","background-media":"","overlay-type":"","overlay-color":"","overlay-opacity":"","overlay-gradient":""},"mobile":{"background-color":"","background-image":"","background-repeat":"repeat","background-position":"center center","background-size":"auto","background-attachment":"scroll","background-type":"","background-media":"","overlay-type":"","overlay-color":"","overlay-opacity":"","overlay-gradient":""}},"ast-content-background-meta":{"desktop":{"background-color":"var(--ast-global-color-5)","background-image":"","background-repeat":"repeat","background-position":"center center","background-size":"auto","background-attachment":"scroll","background-type":"","background-media":"","overlay-type":"","overlay-color":"","overlay-opacity":"","overlay-gradient":""},"tablet":{"background-color":"var(--ast-global-color-5)","background-image":"","background-repeat":"repeat","background-position":"center center","background-size":"auto","background-attachment":"scroll","background-type":"","background-media":"","overlay-type":"","overlay-color":"","overlay-opacity":"","overlay-gradient":""},"mobile":{"background-color":"var(--ast-global-color-5)","background-image":"","background-repeat":"repeat","background-position":"center center","background-size":"auto","background-attachment":"scroll","background-type":"","background-media":"","overlay-type":"","overlay-color":"","overlay-opacity":"","overlay-gradient":""}},"footnotes":""},"class_list":["post-579","page","type-page","status-publish","hentry"],"post_mailing_queue_ids":[],"_links":{"self":[{"href":"https:\/\/agora.xtec.cat\/ceiplacaixa\/wp-json\/wp\/v2\/pages\/579","targetHints":{"allow":["GET"]}}],"collection":[{"href":"https:\/\/agora.xtec.cat\/ceiplacaixa\/wp-json\/wp\/v2\/pages"}],"about":[{"href":"https:\/\/agora.xtec.cat\/ceiplacaixa\/wp-json\/wp\/v2\/types\/page"}],"author":[{"embeddable":true,"href":"https:\/\/agora.xtec.cat\/ceiplacaixa\/wp-json\/wp\/v2\/users\/1"}],"replies":[{"embeddable":true,"href":"https:\/\/agora.xtec.cat\/ceiplacaixa\/wp-json\/wp\/v2\/comments?post=579"}],"version-history":[{"count":6,"href":"https:\/\/agora.xtec.cat\/ceiplacaixa\/wp-json\/wp\/v2\/pages\/579\/revisions"}],"predecessor-version":[{"id":4704,"href":"https:\/\/agora.xtec.cat\/ceiplacaixa\/wp-json\/wp\/v2\/pages\/579\/revisions\/4704"}],"up":[{"embeddable":true,"href":"https:\/\/agora.xtec.cat\/ceiplacaixa\/wp-json\/wp\/v2\/pages\/73"}],"wp:attachment":[{"href":"https:\/\/agora.xtec.cat\/ceiplacaixa\/wp-json\/wp\/v2\/media?parent=579"}],"curies":[{"name":"wp","href":"https:\/\/api.w.org\/{rel}","templated":true}]}}