{"id":4581,"date":"2026-02-11T10:22:58","date_gmt":"2026-02-11T09:22:58","guid":{"rendered":"https:\/\/agora.xtec.cat\/ceiplacaixa\/?page_id=4581"},"modified":"2026-02-11T13:24:10","modified_gmt":"2026-02-11T12:24:10","slug":"green-habits-bright-futures-2025-2026","status":"publish","type":"page","link":"https:\/\/agora.xtec.cat\/ceiplacaixa\/projecte-educatiu\/erasmus\/green-habits-bright-futures-2025-2026\/","title":{"rendered":"Green Habits, Bright Futures (2025-2026)"},"content":{"rendered":"\n<figure class=\"wp-block-table\"><table class=\"has-fixed-layout\"><tbody>\n<tr><td colspan=\"3\">Curs 25-26 &#8220;GREEN HABITS, BRIGHT FUTURES&#8221;<\/td><\/tr>\n<tr>\n  <td rowspan=\"3\"><\/td>\n  <td rowspan=\"3\"><\/td>\n  <td><strong><a href=\"https:\/\/agora.xtec.cat\/ceiplacaixa\/projecte-educatiu\/erasmus\/green-habits-bright-futures-2025-2026\/activitats-etwining-corner\/\" target=\"_blank\">Activitats<\/a><\/strong> (eTwinning Corner)<\/td>\n<\/tr>\n<tr>\n  <td><strong><a href=\"https:\/\/agora.xtec.cat\/ceiplacaixa\/projecte-educatiu\/erasmus\/green-habits-bright-futures-2025-2026\/mobilitat-dalumnes\/\" target=\"_blank\">Mobilitat d&#8217;alumnes<\/a><\/strong><\/td>\n<\/tr>\n<tr>\n  <td><strong><a href=\"https:\/\/agora.xtec.cat\/ceiplacaixa\/projecte-educatiu\/erasmus\/green-habits-bright-futures-2025-2026\/mobilitat-de-mestres\/\" target=\"_blank\">Mobilitat de mestres<\/a><\/strong><\/td>\n<\/tr>\n<\/tbody><\/table><\/figure>\n\n\n\n<h3 class=\"wp-block-heading\">ENTRA ALS DIFERENTS APARTATS I GAUDEIX DE TOTES LES EXPERI\u00c8NCIES QUE ENS FA VIURE AQUEST MAGN\u00cdFIC PROJECTE!<\/h3>\n\n\n\n<figure class=\"wp-block-table\"><table class=\"has-pale-cyan-blue-background-color has-background has-fixed-layout\"><tbody>\n<tr>\n  <td class=\"has-text-align-center\" data-align=\"center\">\n    <figure><img loading=\"lazy\" decoding=\"async\" class=\"aligncenter wp-image-2058\" src=\"https:\/\/agora.xtec.cat\/ceiplacaixa\/wp-content\/uploads\/usu1455\/2022\/10\/es_v_cofinanciado_por_la_union_europea_pos.png\" alt=\"\" width=\"192\" height=\"195\" srcset=\"https:\/\/agora.xtec.cat\/ceiplacaixa\/wp-content\/uploads\/usu1455\/2022\/10\/es_v_cofinanciado_por_la_union_europea_pos.png 910w, https:\/\/agora.xtec.cat\/ceiplacaixa\/wp-content\/uploads\/usu1455\/2022\/10\/es_v_cofinanciado_por_la_union_europea_pos-296x300.png 296w, https:\/\/agora.xtec.cat\/ceiplacaixa\/wp-content\/uploads\/usu1455\/2022\/10\/es_v_cofinanciado_por_la_union_europea_pos-768x778.png 768w\" sizes=\"auto, (max-width: 192px) 100vw, 192px\" \/><\/figure>\n  <\/td>\n  <td>\n    El projecte &#8220;Seeds of change&#8221; est\u00e0 cofinan\u00e7at pel programa Erasmus+ de la Uni\u00f3 Europea. El contingut d&#8217;aquesta publicaci\u00f3 es responsabilitat exclusiva de l&#8217;escola La Caixa i ni la Comissi\u00f3 Europea, ni el Servei Espanyol per la Internacionalitzaci\u00f3 de la Educaci\u00f3 (SEPIE) s\u00f3n responsables de l&#8217;\u00fas que pugui fer-se de la informaci\u00f3 aqu\u00ed difosa.\n  <\/td>\n<\/tr>\n<tr>\n  <td class=\"has-text-align-center\" data-align=\"center\" colspan=\"2\">\n    <h3>Informa&#8217;t m\u00e9s sobre ERASMUS+ al web del SEPIE<\/h3>\n    <figure><a href=\"http:\/\/sepie.es\/\" target=\"_blank\"><img loading=\"lazy\" decoding=\"async\" width=\"400\" height=\"148\" class=\"aligncenter size-full wp-image-2060\" src=\"https:\/\/agora.xtec.cat\/ceiplacaixa\/wp-content\/uploads\/usu1455\/2022\/10\/SEPIE_erasmus_plus.gif\" alt=\"\"><\/a><\/figure>\n  <\/td>\n<\/tr>\n<\/tbody><\/table><\/figure>\n\n","protected":false},"excerpt":{"rendered":"<p>Curs 25-26 &#8220;GREEN HABITS, BRIGHT FUTURES&#8221; Activitats (eTwinning Corner) Mobilitat d&#8217;alumnes Mobilitat de mestres ENTRA ALS DIFERENTS APARTATS I GAUDEIX DE TOTES LES EXPERI\u00c8NCIES QUE ENS FA VIURE AQUEST MAGN\u00cdFIC PROJECTE! El projecte &#8220;Seeds of change&#8221; est\u00e0 cofinan\u00e7at pel programa Erasmus+ de la Uni\u00f3 Europea. El contingut d&#8217;aquesta publicaci\u00f3 es responsabilitat exclusiva de l&#8217;escola La [&hellip;]<\/p>\n","protected":false},"author":3,"featured_media":0,"parent":2057,"menu_order":1,"comment_status":"closed","ping_status":"closed","template":"","meta":{"_bbp_topic_count":0,"_bbp_reply_count":0,"_bbp_total_topic_count":0,"_bbp_total_reply_count":0,"_bbp_voice_count":0,"_bbp_anonymous_reply_count":0,"_bbp_topic_count_hidden":0,"_bbp_reply_count_hidden":0,"_bbp_forum_subforum_count":0,"site-sidebar-layout":"default","site-content-layout":"","ast-site-content-layout":"default","site-content-style":"default","site-sidebar-style":"default","ast-global-header-display":"","ast-banner-title-visibility":"","ast-main-header-display":"","ast-hfb-above-header-display":"","ast-hfb-below-header-display":"","ast-hfb-mobile-header-display":"","site-post-title":"","ast-breadcrumbs-content":"","ast-featured-img":"","footer-sml-layout":"","theme-transparent-header-meta":"","adv-header-id-meta":"","stick-header-meta":"","header-above-stick-meta":"","header-main-stick-meta":"","header-below-stick-meta":"","astra-migrate-meta-layouts":"set","ast-page-background-enabled":"default","ast-page-background-meta":{"desktop":{"background-color":"var(--ast-global-color-4)","background-image":"","background-repeat":"repeat","background-position":"center center","background-size":"auto","background-attachment":"scroll","background-type":"","background-media":"","overlay-type":"","overlay-color":"","overlay-opacity":"","overlay-gradient":""},"tablet":{"background-color":"","background-image":"","background-repeat":"repeat","background-position":"center center","background-size":"auto","background-attachment":"scroll","background-type":"","background-media":"","overlay-type":"","overlay-color":"","overlay-opacity":"","overlay-gradient":""},"mobile":{"background-color":"","background-image":"","background-repeat":"repeat","background-position":"center center","background-size":"auto","background-attachment":"scroll","background-type":"","background-media":"","overlay-type":"","overlay-color":"","overlay-opacity":"","overlay-gradient":""}},"ast-content-background-meta":{"desktop":{"background-color":"var(--ast-global-color-5)","background-image":"","background-repeat":"repeat","background-position":"center center","background-size":"auto","background-attachment":"scroll","background-type":"","background-media":"","overlay-type":"","overlay-color":"","overlay-opacity":"","overlay-gradient":""},"tablet":{"background-color":"var(--ast-global-color-5)","background-image":"","background-repeat":"repeat","background-position":"center center","background-size":"auto","background-attachment":"scroll","background-type":"","background-media":"","overlay-type":"","overlay-color":"","overlay-opacity":"","overlay-gradient":""},"mobile":{"background-color":"var(--ast-global-color-5)","background-image":"","background-repeat":"repeat","background-position":"center center","background-size":"auto","background-attachment":"scroll","background-type":"","background-media":"","overlay-type":"","overlay-color":"","overlay-opacity":"","overlay-gradient":""}},"footnotes":""},"class_list":["post-4581","page","type-page","status-publish","hentry"],"post_mailing_queue_ids":[],"_links":{"self":[{"href":"https:\/\/agora.xtec.cat\/ceiplacaixa\/wp-json\/wp\/v2\/pages\/4581","targetHints":{"allow":["GET"]}}],"collection":[{"href":"https:\/\/agora.xtec.cat\/ceiplacaixa\/wp-json\/wp\/v2\/pages"}],"about":[{"href":"https:\/\/agora.xtec.cat\/ceiplacaixa\/wp-json\/wp\/v2\/types\/page"}],"author":[{"embeddable":true,"href":"https:\/\/agora.xtec.cat\/ceiplacaixa\/wp-json\/wp\/v2\/users\/3"}],"replies":[{"embeddable":true,"href":"https:\/\/agora.xtec.cat\/ceiplacaixa\/wp-json\/wp\/v2\/comments?post=4581"}],"version-history":[{"count":2,"href":"https:\/\/agora.xtec.cat\/ceiplacaixa\/wp-json\/wp\/v2\/pages\/4581\/revisions"}],"predecessor-version":[{"id":4637,"href":"https:\/\/agora.xtec.cat\/ceiplacaixa\/wp-json\/wp\/v2\/pages\/4581\/revisions\/4637"}],"up":[{"embeddable":true,"href":"https:\/\/agora.xtec.cat\/ceiplacaixa\/wp-json\/wp\/v2\/pages\/2057"}],"wp:attachment":[{"href":"https:\/\/agora.xtec.cat\/ceiplacaixa\/wp-json\/wp\/v2\/media?parent=4581"}],"curies":[{"name":"wp","href":"https:\/\/api.w.org\/{rel}","templated":true}]}}