{"id":4083,"date":"2025-06-25T13:15:48","date_gmt":"2025-06-25T11:15:48","guid":{"rendered":"https:\/\/agora.xtec.cat\/ceiplacaixa\/?page_id=4083"},"modified":"2025-06-25T13:16:16","modified_gmt":"2025-06-25T11:16:16","slug":"educacio-socioemocional","status":"publish","type":"page","link":"https:\/\/agora.xtec.cat\/ceiplacaixa\/projecte-educatiu\/educacio-socioemocional\/","title":{"rendered":"Educaci\u00f3 socioemocional"},"content":{"rendered":"<p>&nbsp;<\/p>\n<table style=\"border-collapse: collapse; width: 100%; height: 343px;\">\n<tbody>\n<tr style=\"height: 66px;\">\n<td style=\"width: 50%; text-align: center; height: 66px;\">\n<h3>Infantil<\/h3>\n<\/td>\n<td style=\"width: 25%; text-align: center; height: 66px;\" colspan=\"2\">\n<h3>Prim\u00e0ria<\/h3>\n<\/td>\n<\/tr>\n<tr style=\"height: 122px;\">\n<td style=\"width: 50%; height: 277px;\" rowspan=\"2\"><a href=\"https:\/\/www.aspb.cat\/documents\/1-2-3-emocio\/\"><img loading=\"lazy\" decoding=\"async\" class=\"aligncenter wp-image-4084\" src=\"https:\/\/agora.xtec.cat\/ceiplacaixa\/wp-content\/uploads\/usu1455\/2025\/06\/1-2-3_emocio.jpg\" alt=\"\" width=\"263\" height=\"374\" srcset=\"https:\/\/agora.xtec.cat\/ceiplacaixa\/wp-content\/uploads\/usu1455\/2025\/06\/1-2-3_emocio.jpg 396w, https:\/\/agora.xtec.cat\/ceiplacaixa\/wp-content\/uploads\/usu1455\/2025\/06\/1-2-3_emocio-211x300.jpg 211w\" sizes=\"auto, (max-width: 263px) 100vw, 263px\" \/><\/a><\/td>\n<td style=\"width: 25%; height: 122px;\"><img loading=\"lazy\" decoding=\"async\" class=\"aligncenter wp-image-4087\" src=\"https:\/\/agora.xtec.cat\/ceiplacaixa\/wp-content\/uploads\/usu1455\/2025\/06\/tutoria-individual.png\" alt=\"\" width=\"177\" height=\"135\" srcset=\"https:\/\/agora.xtec.cat\/ceiplacaixa\/wp-content\/uploads\/usu1455\/2025\/06\/tutoria-individual.png 385w, https:\/\/agora.xtec.cat\/ceiplacaixa\/wp-content\/uploads\/usu1455\/2025\/06\/tutoria-individual-300x229.png 300w\" sizes=\"auto, (max-width: 177px) 100vw, 177px\" \/><\/p>\n<p>&nbsp;<\/td>\n<td style=\"width: 25%; height: 122px;\">Tutories individuals i grupals a l&#8217;aula.<\/td>\n<\/tr>\n<tr style=\"height: 155px;\">\n<td style=\"width: 25%; height: 155px;\"><img loading=\"lazy\" decoding=\"async\" class=\"aligncenter wp-image-4088\" src=\"https:\/\/agora.xtec.cat\/ceiplacaixa\/wp-content\/uploads\/usu1455\/2025\/06\/UAB.png\" alt=\"\" width=\"257\" height=\"96\" srcset=\"https:\/\/agora.xtec.cat\/ceiplacaixa\/wp-content\/uploads\/usu1455\/2025\/06\/UAB.png 367w, https:\/\/agora.xtec.cat\/ceiplacaixa\/wp-content\/uploads\/usu1455\/2025\/06\/UAB-300x112.png 300w\" sizes=\"auto, (max-width: 257px) 100vw, 257px\" \/><\/td>\n<td style=\"width: 25%; height: 155px;\">Projecte conjunt amb la UAB.<\/p>\n<p>Curs 24-25 &#8211; Obrim la caixa de les emocions<\/td>\n<\/tr>\n<\/tbody>\n<\/table>\n<p>Durant el curs 24-25 s&#8217;ha realitzat un projecte conjunt amb alumnes de l&#8217;\u00faltim curs de psicologia. El projecte portava de nom &#8220;Obrim la caixa de les emocions&#8221; i tenia com objectiu principal:<\/p>\n<ul>\n<li>Desenvolupar la intel\u00b7lig\u00e8ncia emocional i promoure valors i h\u00e0bits inclusius entre l&#8217;alumnat, millorant aix\u00ed l&#8217;autoconeixement, la gesti\u00f3 personal, la resoluci\u00f3 de conflictes i les relacions saludables dels estudiants, contribuint a un millor ambient i enfortint els lla\u00e7os socials dins del grup classe.<\/li>\n<\/ul>\n<p>El projecte es va desenvolupar amb el grup de 5\u00e8 de prim\u00e0ria durant tot el curs. Es van realitzar sessions amb el grup classe on van treballar l&#8217;autoconsci\u00e8ncia, autogesti\u00f3, consci\u00e8ncia social, habilitat de relaci\u00f3 i presa de decisions. Tamb\u00e9 es va dotar a l&#8217;alumnat de recursos i eines per tal que esdevinguessin mentors de la resta de grups de prim\u00e0ria.<\/p>\n<p>Aix\u00ed doncs, tot i que el gran pes del projecte es va realitzar a 5\u00e8, es va poder implicar a tots els grups a trav\u00e9s de les mentories.<\/p>\n<p>Les alumnes ens han fet arribar aquesta nota de premsa per a que pugueu con\u00e8ixer millor el programa:<\/p>\n<p>&nbsp;<\/p>\n<p><img loading=\"lazy\" decoding=\"async\" class=\"aligncenter size-large wp-image-4086\" src=\"https:\/\/agora.xtec.cat\/ceiplacaixa\/wp-content\/uploads\/usu1455\/2025\/06\/nota-premsa-UAB-724x1024.png\" alt=\"\" width=\"724\" height=\"1024\" srcset=\"https:\/\/agora.xtec.cat\/ceiplacaixa\/wp-content\/uploads\/usu1455\/2025\/06\/nota-premsa-UAB-724x1024.png 724w, https:\/\/agora.xtec.cat\/ceiplacaixa\/wp-content\/uploads\/usu1455\/2025\/06\/nota-premsa-UAB-212x300.png 212w, https:\/\/agora.xtec.cat\/ceiplacaixa\/wp-content\/uploads\/usu1455\/2025\/06\/nota-premsa-UAB-768x1086.png 768w, https:\/\/agora.xtec.cat\/ceiplacaixa\/wp-content\/uploads\/usu1455\/2025\/06\/nota-premsa-UAB-1086x1536.png 1086w, https:\/\/agora.xtec.cat\/ceiplacaixa\/wp-content\/uploads\/usu1455\/2025\/06\/nota-premsa-UAB-1448x2048.png 1448w, https:\/\/agora.xtec.cat\/ceiplacaixa\/wp-content\/uploads\/usu1455\/2025\/06\/nota-premsa-UAB.png 1587w\" sizes=\"auto, (max-width: 724px) 100vw, 724px\" \/><\/p>\n","protected":false},"excerpt":{"rendered":"<p>&nbsp; Infantil Prim\u00e0ria &nbsp; Tutories individuals i grupals a l&#8217;aula. Projecte conjunt amb la UAB. Curs 24-25 &#8211; Obrim la caixa de les emocions Durant el curs 24-25 s&#8217;ha realitzat un projecte conjunt amb alumnes de l&#8217;\u00faltim curs de psicologia. El projecte portava de nom &#8220;Obrim la caixa de les emocions&#8221; i tenia com objectiu [&hellip;]<\/p>\n","protected":false},"author":3,"featured_media":0,"parent":64,"menu_order":20,"comment_status":"closed","ping_status":"closed","template":"page-templates\/side-menu.php","meta":{"_bbp_topic_count":0,"_bbp_reply_count":0,"_bbp_total_topic_count":0,"_bbp_total_reply_count":0,"_bbp_voice_count":0,"_bbp_anonymous_reply_count":0,"_bbp_topic_count_hidden":0,"_bbp_reply_count_hidden":0,"_bbp_forum_subforum_count":0,"site-sidebar-layout":"default","site-content-layout":"","ast-site-content-layout":"","site-content-style":"default","site-sidebar-style":"default","ast-global-header-display":"","ast-banner-title-visibility":"","ast-main-header-display":"","ast-hfb-above-header-display":"","ast-hfb-below-header-display":"","ast-hfb-mobile-header-display":"","site-post-title":"","ast-breadcrumbs-content":"","ast-featured-img":"","footer-sml-layout":"","theme-transparent-header-meta":"","adv-header-id-meta":"","stick-header-meta":"","header-above-stick-meta":"","header-main-stick-meta":"","header-below-stick-meta":"","astra-migrate-meta-layouts":"default","ast-page-background-enabled":"default","ast-page-background-meta":{"desktop":{"background-color":"var(--ast-global-color-4)","background-image":"","background-repeat":"repeat","background-position":"center center","background-size":"auto","background-attachment":"scroll","background-type":"","background-media":"","overlay-type":"","overlay-color":"","overlay-opacity":"","overlay-gradient":""},"tablet":{"background-color":"","background-image":"","background-repeat":"repeat","background-position":"center center","background-size":"auto","background-attachment":"scroll","background-type":"","background-media":"","overlay-type":"","overlay-color":"","overlay-opacity":"","overlay-gradient":""},"mobile":{"background-color":"","background-image":"","background-repeat":"repeat","background-position":"center center","background-size":"auto","background-attachment":"scroll","background-type":"","background-media":"","overlay-type":"","overlay-color":"","overlay-opacity":"","overlay-gradient":""}},"ast-content-background-meta":{"desktop":{"background-color":"var(--ast-global-color-5)","background-image":"","background-repeat":"repeat","background-position":"center center","background-size":"auto","background-attachment":"scroll","background-type":"","background-media":"","overlay-type":"","overlay-color":"","overlay-opacity":"","overlay-gradient":""},"tablet":{"background-color":"var(--ast-global-color-5)","background-image":"","background-repeat":"repeat","background-position":"center center","background-size":"auto","background-attachment":"scroll","background-type":"","background-media":"","overlay-type":"","overlay-color":"","overlay-opacity":"","overlay-gradient":""},"mobile":{"background-color":"var(--ast-global-color-5)","background-image":"","background-repeat":"repeat","background-position":"center center","background-size":"auto","background-attachment":"scroll","background-type":"","background-media":"","overlay-type":"","overlay-color":"","overlay-opacity":"","overlay-gradient":""}},"footnotes":""},"class_list":["post-4083","page","type-page","status-publish","hentry"],"post_mailing_queue_ids":[],"_links":{"self":[{"href":"https:\/\/agora.xtec.cat\/ceiplacaixa\/wp-json\/wp\/v2\/pages\/4083","targetHints":{"allow":["GET"]}}],"collection":[{"href":"https:\/\/agora.xtec.cat\/ceiplacaixa\/wp-json\/wp\/v2\/pages"}],"about":[{"href":"https:\/\/agora.xtec.cat\/ceiplacaixa\/wp-json\/wp\/v2\/types\/page"}],"author":[{"embeddable":true,"href":"https:\/\/agora.xtec.cat\/ceiplacaixa\/wp-json\/wp\/v2\/users\/3"}],"replies":[{"embeddable":true,"href":"https:\/\/agora.xtec.cat\/ceiplacaixa\/wp-json\/wp\/v2\/comments?post=4083"}],"version-history":[{"count":2,"href":"https:\/\/agora.xtec.cat\/ceiplacaixa\/wp-json\/wp\/v2\/pages\/4083\/revisions"}],"predecessor-version":[{"id":4090,"href":"https:\/\/agora.xtec.cat\/ceiplacaixa\/wp-json\/wp\/v2\/pages\/4083\/revisions\/4090"}],"up":[{"embeddable":true,"href":"https:\/\/agora.xtec.cat\/ceiplacaixa\/wp-json\/wp\/v2\/pages\/64"}],"wp:attachment":[{"href":"https:\/\/agora.xtec.cat\/ceiplacaixa\/wp-json\/wp\/v2\/media?parent=4083"}],"curies":[{"name":"wp","href":"https:\/\/api.w.org\/{rel}","templated":true}]}}