{"id":3888,"date":"2025-03-10T18:07:42","date_gmt":"2025-03-10T17:07:42","guid":{"rendered":"https:\/\/agora.xtec.cat\/ceiplacaixa\/?page_id=3888"},"modified":"2025-07-04T11:07:35","modified_gmt":"2025-07-04T09:07:35","slug":"auxiliar-de-conversa","status":"publish","type":"page","link":"https:\/\/agora.xtec.cat\/ceiplacaixa\/projecte-educatiu\/projecte-linguistic\/angles\/auxiliar-de-conversa\/","title":{"rendered":"Auxiliar de conversa"},"content":{"rendered":"<p><strong>&#8220;El Programa d&#8217;<a href=\"https:\/\/espai.educacio.gencat.cat\/Centres\/Projectes-educatius\/Auxiliars-conversa\/Pagines\/default.aspx\">auxiliars de conversa<\/a> s&#8217;emmarca dins del conjunt d&#8217;actuacions destinades a donar suport a aquells centres que desenvolupen un projecte innovador per a la gesti\u00f3 de les lleng\u00fces estrangeres curriculars.<\/strong><\/p>\n<p><strong>Els auxiliars de conversa s\u00f3n ambaixadors de la seva cultura i de la seva llengua i s\u00f3n un valu\u00f3s recurs per millorar la compet\u00e8ncia oral i augmentar la motivaci\u00f3 i l&#8217;inter\u00e8s envers altres lleng\u00fces i cultures.&#8221;<\/strong><\/p>\n<p>Aquest curs 2024-2025, l&#8217;escola La Caixa ha estat dotada d&#8217;una auxiliar de conversa anglesa que prov\u00e9 de Wisconsin (ciutat molt a prop de Chicago).<\/p>\n<p>La seva funci\u00f3 principal \u00e9s ajudar al nostre alumnat a millorar la seva expressi\u00f3 oral en llengua anglesa. Per\u00f2 no nom\u00e9s ajuda als nens i nenes sin\u00f3 tamb\u00e9 al professorat, ja que tenir-la al centre \u00e9s un al\u00b7licient molt motivador per deixar anar la por i practicar.<\/p>\n<p>La Madelyn participa des de <strong>3r fins a 6\u00e8 de prim\u00e0ria<\/strong> i dona suport en gran grup o en petit grup segons les activitats programades i les necessitats educatives.<\/p>\n<p>A continuaci\u00f3 hi ha alguns exemples de les activitats realitzades:<\/p>\n<table style=\"border-collapse: collapse; width: 100%;\">\n<tbody>\n<tr>\n<td style=\"width: 33.3333%; text-align: center;\" colspan=\"2\">\n<h4>Halloween<\/h4>\n<\/td>\n<td style=\"width: 33.3333%; text-align: center;\">\n<h4>St Valentine&#8217;s Day<\/h4>\n<\/td>\n<\/tr>\n<tr>\n<td style=\"width: 33.3333%;\"><img loading=\"lazy\" decoding=\"async\" class=\"aligncenter wp-image-3886\" src=\"https:\/\/agora.xtec.cat\/ceiplacaixa\/wp-content\/uploads\/usu1455\/2025\/03\/auxiliar-conversa-10-768x1024.jpeg\" alt=\"\" width=\"262\" height=\"349\" srcset=\"https:\/\/agora.xtec.cat\/ceiplacaixa\/wp-content\/uploads\/usu1455\/2025\/03\/auxiliar-conversa-10-768x1024.jpeg 768w, https:\/\/agora.xtec.cat\/ceiplacaixa\/wp-content\/uploads\/usu1455\/2025\/03\/auxiliar-conversa-10-225x300.jpeg 225w, https:\/\/agora.xtec.cat\/ceiplacaixa\/wp-content\/uploads\/usu1455\/2025\/03\/auxiliar-conversa-10-1152x1536.jpeg 1152w, https:\/\/agora.xtec.cat\/ceiplacaixa\/wp-content\/uploads\/usu1455\/2025\/03\/auxiliar-conversa-10.jpeg 1200w\" sizes=\"auto, (max-width: 262px) 100vw, 262px\" \/><\/td>\n<td style=\"width: 33.3333%;\"><img loading=\"lazy\" decoding=\"async\" class=\"aligncenter size-large wp-image-3890\" src=\"https:\/\/agora.xtec.cat\/ceiplacaixa\/wp-content\/uploads\/usu1455\/2025\/03\/auxiliar-conversa-11-1024x768.jpeg\" alt=\"\" width=\"1024\" height=\"768\" srcset=\"https:\/\/agora.xtec.cat\/ceiplacaixa\/wp-content\/uploads\/usu1455\/2025\/03\/auxiliar-conversa-11-1024x768.jpeg 1024w, https:\/\/agora.xtec.cat\/ceiplacaixa\/wp-content\/uploads\/usu1455\/2025\/03\/auxiliar-conversa-11-300x225.jpeg 300w, https:\/\/agora.xtec.cat\/ceiplacaixa\/wp-content\/uploads\/usu1455\/2025\/03\/auxiliar-conversa-11-768x576.jpeg 768w, https:\/\/agora.xtec.cat\/ceiplacaixa\/wp-content\/uploads\/usu1455\/2025\/03\/auxiliar-conversa-11-1536x1152.jpeg 1536w, https:\/\/agora.xtec.cat\/ceiplacaixa\/wp-content\/uploads\/usu1455\/2025\/03\/auxiliar-conversa-11-200x150.jpeg 200w, https:\/\/agora.xtec.cat\/ceiplacaixa\/wp-content\/uploads\/usu1455\/2025\/03\/auxiliar-conversa-11.jpeg 1600w\" sizes=\"auto, (max-width: 1024px) 100vw, 1024px\" \/><\/td>\n<td style=\"width: 33.3333%;\"><img loading=\"lazy\" decoding=\"async\" class=\"aligncenter size-large wp-image-3891\" src=\"https:\/\/agora.xtec.cat\/ceiplacaixa\/wp-content\/uploads\/usu1455\/2025\/03\/auxiliar-conversa-5-1024x768.jpeg\" alt=\"\" width=\"1024\" height=\"768\" srcset=\"https:\/\/agora.xtec.cat\/ceiplacaixa\/wp-content\/uploads\/usu1455\/2025\/03\/auxiliar-conversa-5-1024x768.jpeg 1024w, https:\/\/agora.xtec.cat\/ceiplacaixa\/wp-content\/uploads\/usu1455\/2025\/03\/auxiliar-conversa-5-300x225.jpeg 300w, https:\/\/agora.xtec.cat\/ceiplacaixa\/wp-content\/uploads\/usu1455\/2025\/03\/auxiliar-conversa-5-768x576.jpeg 768w, https:\/\/agora.xtec.cat\/ceiplacaixa\/wp-content\/uploads\/usu1455\/2025\/03\/auxiliar-conversa-5-1536x1152.jpeg 1536w, https:\/\/agora.xtec.cat\/ceiplacaixa\/wp-content\/uploads\/usu1455\/2025\/03\/auxiliar-conversa-5-200x150.jpeg 200w, https:\/\/agora.xtec.cat\/ceiplacaixa\/wp-content\/uploads\/usu1455\/2025\/03\/auxiliar-conversa-5.jpeg 2048w\" sizes=\"auto, (max-width: 1024px) 100vw, 1024px\" \/><\/td>\n<\/tr>\n<tr>\n<td style=\"width: 33.3333%; text-align: center;\">\n<h4>Thanksgiving<\/h4>\n<\/td>\n<td style=\"width: 33.3333%; text-align: center;\">\n<h4>Christmas sweater contest<\/h4>\n<\/td>\n<td style=\"width: 33.3333%;\">\n<h4 style=\"text-align: center;\">English Day<\/h4>\n<\/td>\n<\/tr>\n<tr>\n<td style=\"width: 33.3333%; text-align: center;\"><img loading=\"lazy\" decoding=\"async\" class=\"aligncenter wp-image-3892\" src=\"https:\/\/agora.xtec.cat\/ceiplacaixa\/wp-content\/uploads\/usu1455\/2025\/03\/auxiliar-conversa-3-768x1024.jpeg\" alt=\"\" width=\"356\" height=\"474\" srcset=\"https:\/\/agora.xtec.cat\/ceiplacaixa\/wp-content\/uploads\/usu1455\/2025\/03\/auxiliar-conversa-3-768x1024.jpeg 768w, https:\/\/agora.xtec.cat\/ceiplacaixa\/wp-content\/uploads\/usu1455\/2025\/03\/auxiliar-conversa-3-225x300.jpeg 225w, https:\/\/agora.xtec.cat\/ceiplacaixa\/wp-content\/uploads\/usu1455\/2025\/03\/auxiliar-conversa-3-1152x1536.jpeg 1152w, https:\/\/agora.xtec.cat\/ceiplacaixa\/wp-content\/uploads\/usu1455\/2025\/03\/auxiliar-conversa-3.jpeg 1536w\" sizes=\"auto, (max-width: 356px) 100vw, 356px\" \/><\/p>\n<h4><\/h4>\n<\/td>\n<td style=\"width: 33.3333%; text-align: center;\">\n<h4><img loading=\"lazy\" decoding=\"async\" class=\"aligncenter size-large wp-image-3899\" src=\"https:\/\/agora.xtec.cat\/ceiplacaixa\/wp-content\/uploads\/usu1455\/2025\/03\/auxiliar-conversa-1024x645.png\" alt=\"\" width=\"1024\" height=\"645\" srcset=\"https:\/\/agora.xtec.cat\/ceiplacaixa\/wp-content\/uploads\/usu1455\/2025\/03\/auxiliar-conversa-1024x645.png 1024w, https:\/\/agora.xtec.cat\/ceiplacaixa\/wp-content\/uploads\/usu1455\/2025\/03\/auxiliar-conversa-300x189.png 300w, https:\/\/agora.xtec.cat\/ceiplacaixa\/wp-content\/uploads\/usu1455\/2025\/03\/auxiliar-conversa-768x483.png 768w, https:\/\/agora.xtec.cat\/ceiplacaixa\/wp-content\/uploads\/usu1455\/2025\/03\/auxiliar-conversa.png 1109w\" sizes=\"auto, (max-width: 1024px) 100vw, 1024px\" \/><\/h4>\n<\/td>\n<td style=\"width: 33.3333%;\"><img loading=\"lazy\" decoding=\"async\" class=\"aligncenter wp-image-3838\" src=\"https:\/\/agora.xtec.cat\/ceiplacaixa\/wp-content\/uploads\/usu1455\/2025\/02\/17-02-2025-819x1024.png\" alt=\"\" width=\"399\" height=\"498\" srcset=\"https:\/\/agora.xtec.cat\/ceiplacaixa\/wp-content\/uploads\/usu1455\/2025\/02\/17-02-2025-819x1024.png 819w, https:\/\/agora.xtec.cat\/ceiplacaixa\/wp-content\/uploads\/usu1455\/2025\/02\/17-02-2025-240x300.png 240w, https:\/\/agora.xtec.cat\/ceiplacaixa\/wp-content\/uploads\/usu1455\/2025\/02\/17-02-2025-768x960.png 768w, https:\/\/agora.xtec.cat\/ceiplacaixa\/wp-content\/uploads\/usu1455\/2025\/02\/17-02-2025.png 1080w\" sizes=\"auto, (max-width: 399px) 100vw, 399px\" \/><\/td>\n<\/tr>\n<tr>\n<td style=\"width: 33.3333%; text-align: center;\">\n<h4><\/h4>\n<\/td>\n<td style=\"width: 33.3333%; text-align: center;\">\n<h4>COMIAT MADELYN<\/h4>\n<\/td>\n<td style=\"width: 33.3333%;\"><\/td>\n<\/tr>\n<tr>\n<td style=\"width: 33.3333%; text-align: center;\">\n<h4><\/h4>\n<\/td>\n<td style=\"width: 33.3333%; text-align: center;\">\n<h4><img loading=\"lazy\" decoding=\"async\" class=\"aligncenter size-large wp-image-4121\" src=\"https:\/\/agora.xtec.cat\/ceiplacaixa\/wp-content\/uploads\/usu1455\/2025\/07\/Comiat-Madelyn-2-1024x769.jpg\" alt=\"\" width=\"1024\" height=\"769\" srcset=\"https:\/\/agora.xtec.cat\/ceiplacaixa\/wp-content\/uploads\/usu1455\/2025\/07\/Comiat-Madelyn-2-1024x769.jpg 1024w, https:\/\/agora.xtec.cat\/ceiplacaixa\/wp-content\/uploads\/usu1455\/2025\/07\/Comiat-Madelyn-2-300x225.jpg 300w, https:\/\/agora.xtec.cat\/ceiplacaixa\/wp-content\/uploads\/usu1455\/2025\/07\/Comiat-Madelyn-2-768x577.jpg 768w, https:\/\/agora.xtec.cat\/ceiplacaixa\/wp-content\/uploads\/usu1455\/2025\/07\/Comiat-Madelyn-2-200x150.jpg 200w, https:\/\/agora.xtec.cat\/ceiplacaixa\/wp-content\/uploads\/usu1455\/2025\/07\/Comiat-Madelyn-2.jpg 1156w\" sizes=\"auto, (max-width: 1024px) 100vw, 1024px\" \/><\/h4>\n<\/td>\n<td style=\"width: 33.3333%;\"><\/td>\n<\/tr>\n<\/tbody>\n<\/table>\n<p>&nbsp;<\/p>\n","protected":false},"excerpt":{"rendered":"<p>&#8220;El Programa d&#8217;auxiliars de conversa s&#8217;emmarca dins del conjunt d&#8217;actuacions destinades a donar suport a aquells centres que desenvolupen un projecte innovador per a la gesti\u00f3 de les lleng\u00fces estrangeres curriculars. Els auxiliars de conversa s\u00f3n ambaixadors de la seva cultura i de la seva llengua i s\u00f3n un valu\u00f3s recurs per millorar la compet\u00e8ncia [&hellip;]<\/p>\n","protected":false},"author":3,"featured_media":0,"parent":2311,"menu_order":30,"comment_status":"closed","ping_status":"closed","template":"page-templates\/side-menu.php","meta":{"_bbp_topic_count":0,"_bbp_reply_count":0,"_bbp_total_topic_count":0,"_bbp_total_reply_count":0,"_bbp_voice_count":0,"_bbp_anonymous_reply_count":0,"_bbp_topic_count_hidden":0,"_bbp_reply_count_hidden":0,"_bbp_forum_subforum_count":0,"site-sidebar-layout":"default","site-content-layout":"","ast-site-content-layout":"","site-content-style":"default","site-sidebar-style":"default","ast-global-header-display":"","ast-banner-title-visibility":"","ast-main-header-display":"","ast-hfb-above-header-display":"","ast-hfb-below-header-display":"","ast-hfb-mobile-header-display":"","site-post-title":"","ast-breadcrumbs-content":"","ast-featured-img":"","footer-sml-layout":"","theme-transparent-header-meta":"","adv-header-id-meta":"","stick-header-meta":"","header-above-stick-meta":"","header-main-stick-meta":"","header-below-stick-meta":"","astra-migrate-meta-layouts":"default","ast-page-background-enabled":"default","ast-page-background-meta":{"desktop":{"background-color":"var(--ast-global-color-4)","background-image":"","background-repeat":"repeat","background-position":"center center","background-size":"auto","background-attachment":"scroll","background-type":"","background-media":"","overlay-type":"","overlay-color":"","overlay-opacity":"","overlay-gradient":""},"tablet":{"background-color":"","background-image":"","background-repeat":"repeat","background-position":"center center","background-size":"auto","background-attachment":"scroll","background-type":"","background-media":"","overlay-type":"","overlay-color":"","overlay-opacity":"","overlay-gradient":""},"mobile":{"background-color":"","background-image":"","background-repeat":"repeat","background-position":"center center","background-size":"auto","background-attachment":"scroll","background-type":"","background-media":"","overlay-type":"","overlay-color":"","overlay-opacity":"","overlay-gradient":""}},"ast-content-background-meta":{"desktop":{"background-color":"var(--ast-global-color-5)","background-image":"","background-repeat":"repeat","background-position":"center center","background-size":"auto","background-attachment":"scroll","background-type":"","background-media":"","overlay-type":"","overlay-color":"","overlay-opacity":"","overlay-gradient":""},"tablet":{"background-color":"var(--ast-global-color-5)","background-image":"","background-repeat":"repeat","background-position":"center center","background-size":"auto","background-attachment":"scroll","background-type":"","background-media":"","overlay-type":"","overlay-color":"","overlay-opacity":"","overlay-gradient":""},"mobile":{"background-color":"var(--ast-global-color-5)","background-image":"","background-repeat":"repeat","background-position":"center center","background-size":"auto","background-attachment":"scroll","background-type":"","background-media":"","overlay-type":"","overlay-color":"","overlay-opacity":"","overlay-gradient":""}},"footnotes":""},"class_list":["post-3888","page","type-page","status-publish","hentry"],"post_mailing_queue_ids":[],"_links":{"self":[{"href":"https:\/\/agora.xtec.cat\/ceiplacaixa\/wp-json\/wp\/v2\/pages\/3888","targetHints":{"allow":["GET"]}}],"collection":[{"href":"https:\/\/agora.xtec.cat\/ceiplacaixa\/wp-json\/wp\/v2\/pages"}],"about":[{"href":"https:\/\/agora.xtec.cat\/ceiplacaixa\/wp-json\/wp\/v2\/types\/page"}],"author":[{"embeddable":true,"href":"https:\/\/agora.xtec.cat\/ceiplacaixa\/wp-json\/wp\/v2\/users\/3"}],"replies":[{"embeddable":true,"href":"https:\/\/agora.xtec.cat\/ceiplacaixa\/wp-json\/wp\/v2\/comments?post=3888"}],"version-history":[{"count":4,"href":"https:\/\/agora.xtec.cat\/ceiplacaixa\/wp-json\/wp\/v2\/pages\/3888\/revisions"}],"predecessor-version":[{"id":4122,"href":"https:\/\/agora.xtec.cat\/ceiplacaixa\/wp-json\/wp\/v2\/pages\/3888\/revisions\/4122"}],"up":[{"embeddable":true,"href":"https:\/\/agora.xtec.cat\/ceiplacaixa\/wp-json\/wp\/v2\/pages\/2311"}],"wp:attachment":[{"href":"https:\/\/agora.xtec.cat\/ceiplacaixa\/wp-json\/wp\/v2\/media?parent=3888"}],"curies":[{"name":"wp","href":"https:\/\/api.w.org\/{rel}","templated":true}]}}