{"id":3847,"date":"2025-02-20T15:38:08","date_gmt":"2025-02-20T14:38:08","guid":{"rendered":"https:\/\/agora.xtec.cat\/ceiplacaixa\/?page_id=3847"},"modified":"2025-12-18T15:23:35","modified_gmt":"2025-12-18T14:23:35","slug":"caixes-daprenentatge","status":"publish","type":"page","link":"https:\/\/agora.xtec.cat\/ceiplacaixa\/projecte-educatiu\/caixes-daprenentatge\/","title":{"rendered":"Caixes d&#8217;aprenentatge"},"content":{"rendered":"<h4>Qu\u00e8 \u00e9s una caixa d&#8217;aprenentatge?<\/h4>\n<p><b>Una caixa d&#8217;aprenentatge \u00e9s una proposta de treball guiat, globalitzat i transversal que planteja un repte a assolir.<\/b><span style=\"font-weight: 400;\"> S&#8217;assembla a un kit o una capsa que cont\u00e9 tot el necessari per a l&#8217;alumne\/a o el grup d&#8217;alumnes pugui completar la tasca de manera aut\u00f2noma i cooperativa.<\/span><\/p>\n<p><span style=\"font-weight: 400;\">Detalls:<\/span><\/p>\n<ul>\n<li style=\"font-weight: 400;\" aria-level=\"1\"><span style=\"font-weight: 400;\">S&#8217;utilitzen a l&#8217;aula per a treballar diferents mat\u00e8ries de manera transversal.<\/span><\/li>\n<li style=\"font-weight: 400;\" aria-level=\"1\"><span style=\"font-weight: 400;\">Cada caixa est\u00e0 dissenyada per a un nivell educatiu concret de la comunitat de grans i t\u00e9 un objectiu d&#8217;aprenentatge espec\u00edfic enfocat a treballar les tres lleng\u00fces que treballem a l\u2019escola <\/span>(llengua catalana, llengua castellana i llengua anglesa).<\/li>\n<li style=\"font-weight: 400;\" aria-level=\"1\"><span style=\"font-weight: 400;\">Els materials que inclouen s\u00f3n diversos i atractius per als alumnes. Cont\u00e9 un repte a assolir i materials diversos per aconseguir-ho, com ara llibres, fitxes, jocs, etc.<\/span><\/li>\n<li style=\"font-weight: 400;\" aria-level=\"1\"><span style=\"font-weight: 400;\">El treball en equip \u00e9s un element essencial , ja que permet als alumnes aprendre dels seus companys i desenvolupar habilitats socials.<\/span><\/li>\n<li style=\"font-weight: 400;\" aria-level=\"1\"><span style=\"font-weight: 400;\">S\u00f3n una eina flexible que s&#8217;adapta a les necessitats i ritmes d&#8217;aprenentatge dels alumnes.<\/span><\/li>\n<li style=\"font-weight: 400;\" aria-level=\"1\"><span style=\"font-weight: 400;\">Fomenten la creativitat, la investigaci\u00f3, la resoluci\u00f3 de problemes i l&#8217;autoavaluaci\u00f3.<\/span><\/li>\n<\/ul>\n<h4>Quines Caixes d&#8217;Aprenentatge tenim?<\/h4>\n<table style=\"border-collapse: collapse; width: 100%; height: 366px;\">\n<tbody>\n<tr style=\"height: 49px;\">\n<td style=\"width: 20%; text-align: center; height: 49px;\" colspan=\"5\">\n<h5 style=\"text-align: center;\">Caixes d&#8217;aprenentatge &#8211; Comunitat de Grans<\/h5>\n<\/td>\n<\/tr>\n<tr style=\"height: 317px;\">\n<td style=\"width: 20%; height: 317px;\"><a href=\"https:\/\/agora.xtec.cat\/ceiplacaixa\/projecte-educatiu\/espais-daprenentatge\/espai-grans-art\/\"><img loading=\"lazy\" decoding=\"async\" class=\"alignnone size-large wp-image-3023\" src=\"https:\/\/agora.xtec.cat\/ceiplacaixa\/wp-content\/uploads\/usu1455\/2024\/01\/White-Photocentric-Modern-Youre-Wonderful-Photo-Instagram-Story-2-691x1024.png\" alt=\"\" width=\"691\" height=\"1024\" srcset=\"https:\/\/agora.xtec.cat\/ceiplacaixa\/wp-content\/uploads\/usu1455\/2024\/01\/White-Photocentric-Modern-Youre-Wonderful-Photo-Instagram-Story-2-691x1024.png 691w, https:\/\/agora.xtec.cat\/ceiplacaixa\/wp-content\/uploads\/usu1455\/2024\/01\/White-Photocentric-Modern-Youre-Wonderful-Photo-Instagram-Story-2-203x300.png 203w, https:\/\/agora.xtec.cat\/ceiplacaixa\/wp-content\/uploads\/usu1455\/2024\/01\/White-Photocentric-Modern-Youre-Wonderful-Photo-Instagram-Story-2-768x1138.png 768w, https:\/\/agora.xtec.cat\/ceiplacaixa\/wp-content\/uploads\/usu1455\/2024\/01\/White-Photocentric-Modern-Youre-Wonderful-Photo-Instagram-Story-2.png 875w\" sizes=\"auto, (max-width: 691px) 100vw, 691px\" \/><\/a><\/td>\n<td style=\"width: 20%; height: 317px;\"><a href=\"https:\/\/agora.xtec.cat\/ceiplacaixa\/projecte-educatiu\/espais-daprenentatge\/espai-grans-fem-ciencia\/\"><img loading=\"lazy\" decoding=\"async\" class=\"alignnone wp-image-3025\" src=\"https:\/\/agora.xtec.cat\/ceiplacaixa\/wp-content\/uploads\/usu1455\/2024\/01\/White-Photocentric-Modern-Youre-Wonderful-Photo-Instagram-Story-3-660x1024.png\" alt=\"\" width=\"180\" height=\"280\" srcset=\"https:\/\/agora.xtec.cat\/ceiplacaixa\/wp-content\/uploads\/usu1455\/2024\/01\/White-Photocentric-Modern-Youre-Wonderful-Photo-Instagram-Story-3-660x1024.png 660w, https:\/\/agora.xtec.cat\/ceiplacaixa\/wp-content\/uploads\/usu1455\/2024\/01\/White-Photocentric-Modern-Youre-Wonderful-Photo-Instagram-Story-3-193x300.png 193w, https:\/\/agora.xtec.cat\/ceiplacaixa\/wp-content\/uploads\/usu1455\/2024\/01\/White-Photocentric-Modern-Youre-Wonderful-Photo-Instagram-Story-3-768x1191.png 768w, https:\/\/agora.xtec.cat\/ceiplacaixa\/wp-content\/uploads\/usu1455\/2024\/01\/White-Photocentric-Modern-Youre-Wonderful-Photo-Instagram-Story-3.png 844w\" sizes=\"auto, (max-width: 180px) 100vw, 180px\" \/><\/a><\/td>\n<td style=\"width: 20%; height: 317px;\">\n<h4><a href=\"https:\/\/agora.xtec.cat\/ceiplacaixa\/projecte-educatiu\/espais-daprenentatge\/espai-grans-social\/\"><img loading=\"lazy\" decoding=\"async\" class=\"alignnone size-large wp-image-3061\" src=\"https:\/\/agora.xtec.cat\/ceiplacaixa\/wp-content\/uploads\/usu1455\/2024\/01\/White-Photocentric-Modern-Youre-Wonderful-Photo-Instagram-Story-7-691x1024.png\" alt=\"\" width=\"691\" height=\"1024\" srcset=\"https:\/\/agora.xtec.cat\/ceiplacaixa\/wp-content\/uploads\/usu1455\/2024\/01\/White-Photocentric-Modern-Youre-Wonderful-Photo-Instagram-Story-7-691x1024.png 691w, https:\/\/agora.xtec.cat\/ceiplacaixa\/wp-content\/uploads\/usu1455\/2024\/01\/White-Photocentric-Modern-Youre-Wonderful-Photo-Instagram-Story-7-203x300.png 203w, https:\/\/agora.xtec.cat\/ceiplacaixa\/wp-content\/uploads\/usu1455\/2024\/01\/White-Photocentric-Modern-Youre-Wonderful-Photo-Instagram-Story-7-768x1137.png 768w, https:\/\/agora.xtec.cat\/ceiplacaixa\/wp-content\/uploads\/usu1455\/2024\/01\/White-Photocentric-Modern-Youre-Wonderful-Photo-Instagram-Story-7.png 873w\" sizes=\"auto, (max-width: 691px) 100vw, 691px\" \/><\/a><\/h4>\n<\/td>\n<td style=\"width: 20%; height: 317px;\">\n<h4><a href=\"https:\/\/agora.xtec.cat\/ceiplacaixa\/projecte-educatiu\/espais-daprenentatge\/espai-grans-matematicas\/\"><img loading=\"lazy\" decoding=\"async\" class=\"alignnone size-full wp-image-3320\" src=\"https:\/\/agora.xtec.cat\/ceiplacaixa\/wp-content\/uploads\/usu1455\/2024\/02\/Screenshot-2024-02-15-105655.png\" alt=\"\" width=\"236\" height=\"355\" srcset=\"https:\/\/agora.xtec.cat\/ceiplacaixa\/wp-content\/uploads\/usu1455\/2024\/02\/Screenshot-2024-02-15-105655.png 236w, https:\/\/agora.xtec.cat\/ceiplacaixa\/wp-content\/uploads\/usu1455\/2024\/02\/Screenshot-2024-02-15-105655-199x300.png 199w\" sizes=\"auto, (max-width: 236px) 100vw, 236px\" \/><\/a><\/h4>\n<\/td>\n<td style=\"width: 20%; height: 317px;\"><a href=\"https:\/\/agora.xtec.cat\/ceiplacaixa\/projecte-educatiu\/espais-daprenentatge\/residu-zero\/\"><img loading=\"lazy\" decoding=\"async\" class=\"alignright wp-image-3371 size-large\" src=\"https:\/\/agora.xtec.cat\/ceiplacaixa\/wp-content\/uploads\/usu1455\/2024\/03\/White-Photocentric-Modern-Youre-Wonderful-Photo-Instagram-Story-1-576x1024.png\" alt=\"\" width=\"576\" height=\"1024\" srcset=\"https:\/\/agora.xtec.cat\/ceiplacaixa\/wp-content\/uploads\/usu1455\/2024\/03\/White-Photocentric-Modern-Youre-Wonderful-Photo-Instagram-Story-1-576x1024.png 576w, https:\/\/agora.xtec.cat\/ceiplacaixa\/wp-content\/uploads\/usu1455\/2024\/03\/White-Photocentric-Modern-Youre-Wonderful-Photo-Instagram-Story-1-169x300.png 169w, https:\/\/agora.xtec.cat\/ceiplacaixa\/wp-content\/uploads\/usu1455\/2024\/03\/White-Photocentric-Modern-Youre-Wonderful-Photo-Instagram-Story-1-768x1365.png 768w, https:\/\/agora.xtec.cat\/ceiplacaixa\/wp-content\/uploads\/usu1455\/2024\/03\/White-Photocentric-Modern-Youre-Wonderful-Photo-Instagram-Story-1-864x1536.png 864w, https:\/\/agora.xtec.cat\/ceiplacaixa\/wp-content\/uploads\/usu1455\/2024\/03\/White-Photocentric-Modern-Youre-Wonderful-Photo-Instagram-Story-1.png 1080w\" sizes=\"auto, (max-width: 576px) 100vw, 576px\" \/><\/a><\/td>\n<\/tr>\n<\/tbody>\n<\/table>\n","protected":false},"excerpt":{"rendered":"<p>Qu\u00e8 \u00e9s una caixa d&#8217;aprenentatge? Una caixa d&#8217;aprenentatge \u00e9s una proposta de treball guiat, globalitzat i transversal que planteja un repte a assolir. S&#8217;assembla a un kit o una capsa que cont\u00e9 tot el necessari per a l&#8217;alumne\/a o el grup d&#8217;alumnes pugui completar la tasca de manera aut\u00f2noma i cooperativa. Detalls: S&#8217;utilitzen a l&#8217;aula [&hellip;]<\/p>\n","protected":false},"author":3,"featured_media":0,"parent":64,"menu_order":80,"comment_status":"closed","ping_status":"closed","template":"","meta":{"_bbp_topic_count":0,"_bbp_reply_count":0,"_bbp_total_topic_count":0,"_bbp_total_reply_count":0,"_bbp_voice_count":0,"_bbp_anonymous_reply_count":0,"_bbp_topic_count_hidden":0,"_bbp_reply_count_hidden":0,"_bbp_forum_subforum_count":0,"site-sidebar-layout":"default","site-content-layout":"","ast-site-content-layout":"default","site-content-style":"default","site-sidebar-style":"default","ast-global-header-display":"","ast-banner-title-visibility":"","ast-main-header-display":"","ast-hfb-above-header-display":"","ast-hfb-below-header-display":"","ast-hfb-mobile-header-display":"","site-post-title":"","ast-breadcrumbs-content":"","ast-featured-img":"","footer-sml-layout":"","theme-transparent-header-meta":"","adv-header-id-meta":"","stick-header-meta":"","header-above-stick-meta":"","header-main-stick-meta":"","header-below-stick-meta":"","astra-migrate-meta-layouts":"set","ast-page-background-enabled":"default","ast-page-background-meta":{"desktop":{"background-color":"var(--ast-global-color-4)","background-image":"","background-repeat":"repeat","background-position":"center center","background-size":"auto","background-attachment":"scroll","background-type":"","background-media":"","overlay-type":"","overlay-color":"","overlay-opacity":"","overlay-gradient":""},"tablet":{"background-color":"","background-image":"","background-repeat":"repeat","background-position":"center center","background-size":"auto","background-attachment":"scroll","background-type":"","background-media":"","overlay-type":"","overlay-color":"","overlay-opacity":"","overlay-gradient":""},"mobile":{"background-color":"","background-image":"","background-repeat":"repeat","background-position":"center center","background-size":"auto","background-attachment":"scroll","background-type":"","background-media":"","overlay-type":"","overlay-color":"","overlay-opacity":"","overlay-gradient":""}},"ast-content-background-meta":{"desktop":{"background-color":"var(--ast-global-color-5)","background-image":"","background-repeat":"repeat","background-position":"center center","background-size":"auto","background-attachment":"scroll","background-type":"","background-media":"","overlay-type":"","overlay-color":"","overlay-opacity":"","overlay-gradient":""},"tablet":{"background-color":"var(--ast-global-color-5)","background-image":"","background-repeat":"repeat","background-position":"center center","background-size":"auto","background-attachment":"scroll","background-type":"","background-media":"","overlay-type":"","overlay-color":"","overlay-opacity":"","overlay-gradient":""},"mobile":{"background-color":"var(--ast-global-color-5)","background-image":"","background-repeat":"repeat","background-position":"center center","background-size":"auto","background-attachment":"scroll","background-type":"","background-media":"","overlay-type":"","overlay-color":"","overlay-opacity":"","overlay-gradient":""}},"footnotes":""},"class_list":["post-3847","page","type-page","status-publish","hentry"],"post_mailing_queue_ids":[],"_links":{"self":[{"href":"https:\/\/agora.xtec.cat\/ceiplacaixa\/wp-json\/wp\/v2\/pages\/3847","targetHints":{"allow":["GET"]}}],"collection":[{"href":"https:\/\/agora.xtec.cat\/ceiplacaixa\/wp-json\/wp\/v2\/pages"}],"about":[{"href":"https:\/\/agora.xtec.cat\/ceiplacaixa\/wp-json\/wp\/v2\/types\/page"}],"author":[{"embeddable":true,"href":"https:\/\/agora.xtec.cat\/ceiplacaixa\/wp-json\/wp\/v2\/users\/3"}],"replies":[{"embeddable":true,"href":"https:\/\/agora.xtec.cat\/ceiplacaixa\/wp-json\/wp\/v2\/comments?post=3847"}],"version-history":[{"count":2,"href":"https:\/\/agora.xtec.cat\/ceiplacaixa\/wp-json\/wp\/v2\/pages\/3847\/revisions"}],"predecessor-version":[{"id":4412,"href":"https:\/\/agora.xtec.cat\/ceiplacaixa\/wp-json\/wp\/v2\/pages\/3847\/revisions\/4412"}],"up":[{"embeddable":true,"href":"https:\/\/agora.xtec.cat\/ceiplacaixa\/wp-json\/wp\/v2\/pages\/64"}],"wp:attachment":[{"href":"https:\/\/agora.xtec.cat\/ceiplacaixa\/wp-json\/wp\/v2\/media?parent=3847"}],"curies":[{"name":"wp","href":"https:\/\/api.w.org\/{rel}","templated":true}]}}