{"id":38,"date":"2014-09-18T12:34:08","date_gmt":"2014-09-18T11:34:08","guid":{"rendered":"http:\/\/agora.xtec.cat\/ceiplacaixa\/?page_id=38"},"modified":"2022-09-07T10:00:36","modified_gmt":"2022-09-07T08:00:36","slug":"salut","status":"publish","type":"page","link":"https:\/\/agora.xtec.cat\/ceiplacaixa\/lescola\/salut\/","title":{"rendered":"Salut"},"content":{"rendered":"<table style=\"width: 100%; height: 378px;\">\n<tbody>\n<tr style=\"height: 271px;\">\n<td style=\"width: 13.5977%; height: 271px; text-align: center;\"><strong>MALALTIES <\/strong><\/p>\n<p><strong>I <\/strong><\/p>\n<p><strong>MEDICAMENTS<\/strong><\/td>\n<td style=\"width: 85.6469%; height: 271px;\"><strong>Administraci\u00f3 de medicaments<\/strong><\/p>\n<p style=\"text-align: justify;\">Cal que les fam\u00edlies organitzin l\u2019horari per a l\u2019administraci\u00f3 de medicines als seus fills de manera que no coincideixi amb les hores de perman\u00e8ncia al centre.<\/p>\n<p style=\"text-align: justify;\">En els casos que aix\u00f2\u00a0no sigui possible, per administrar medicaments als alumnes cal que els pares o tutor\u00a0legal aportin una recepta o informe del metge on consti el nom de l\u2019alumne, la pauta (on\u00a0s\u2019expliqui detalladament la manera d\u2019administrar-lo) i el nom del medicament que ha de prendre. <span style=\"font-family: inherit; font-size: 1em;\">Aix\u00ed mateix, el pare, mare o tutor legal ha d\u2019aportar un escrit on es demani i s\u2019autoritzi al personal del centre educatiu a administrar a l\u2019infant la medicaci\u00f3 prescrita sempre que sigui imprescindible fer-ho en horari lectiu. <strong>Si no es segueix aquest protocol que marca la normativa no s\u2019administrar\u00e0 cap medicament.<\/strong><\/span><\/p>\n<p style=\"text-align: justify;\">En cap cas es donar\u00e0 a l\u2019alumnat una primera dosi de medicament, per evitar problemes\u00a0de reaccions al\u00b7l\u00e8rgiques que no es poden preveure o que no vinguin autoritzades com explica l\u2019apartat anterior.<\/p>\n<p style=\"text-align: justify;\">\u00c9s convenient que sigui comunicat als tutors aquells alumnes que tinguin alguna\u00a0problem\u00e0tica en concret (intoler\u00e0ncies aliment\u00e0ries, al\u00b7l\u00e8rgies, asma, epil\u00e8psia\u2026). Si\u00a0s\u2019escau adjunteu certificat m\u00e8dic o similar. Tamb\u00e9 cal comunicar diligentment les\u00a0malalties i par\u00e0sits que puguin ser contagiosos pels altres nens.<\/p>\n<p style=\"text-align: justify;\"><strong>Actuaci\u00f3 de l\u2019Escola en cas de lesi\u00f3 d\u2019un alumne\/a<\/strong><\/p>\n<p style=\"text-align: justify;\">En el cas que un alumne\/a durant l\u2019activitat escolar, extraescolar o complement\u00e0ria prengui mal, el centre actuar\u00e0 de la manera prevista en la resoluci\u00f3 19\/06\/2012 d\u2019acord amb les instruccions d\u2019inici de curs i en all\u00f2 que estableix les NOFC de l\u2019escola.<\/p>\n<p style=\"text-align: justify;\">En el cas que l\u2019alumne\/a prengui mal, el professor o persona responsable de l\u2019activitat, intervindr\u00e0 per atendre\u2019l amb els mitjans que es disposa (farmaciola de l\u2019escola). En cas que l\u2019atenci\u00f3 sigui urgent, es trucar\u00e0 al servei d\u2019urg\u00e8ncies m\u00e8diques (061) i es comunicar\u00e0 l\u2019actuaci\u00f3 als pares. En cas que es consideri necess\u00e0ria una atenci\u00f3 m\u00e8dica menys urgent, es comunicar\u00e0 a algun membre de l\u2019equip directiu, qui estendr\u00e0 la petici\u00f3 de prestaci\u00f3 perqu\u00e8 l\u2019alumne pugui ser at\u00e8s al centre m\u00e8dic corresponent; simult\u00e0niament es comunicar\u00e0 a la fam\u00edlia perqu\u00e8 acompanyi l\u2019alumne\/a.<\/p>\n<p><strong>Documents:<\/strong><\/p>\n<p><a href=\"https:\/\/drive.google.com\/file\/d\/1tB50pd9upOTO5VoRYZF3zS0g4-7eJR1a\/view?usp=sharing\">Full d&#8217;administraci\u00f3 de medicaments<\/a><\/td>\n<\/tr>\n<tr>\n<td style=\"width: 13.5977%; text-align: center;\"><strong>AL\u00b7L\u00c8RGIES<\/strong><\/td>\n<td style=\"width: 85.6469%; text-align: justify;\">\u00c9s molt important que les al\u00b7l\u00e8rgies que poden afectar a la normalitat del dia a dia de l&#8217;infant siguin notificades a principi de curs.<\/p>\n<p><strong>Documents:<\/strong><\/p>\n<p><a href=\"https:\/\/drive.google.com\/file\/d\/1EQcnGGHkp3sKHViG3B0Kug1Iv-kaHGdO\/view?usp=sharing\">Full de comunicats d&#8217;al\u00b7l\u00e8rgies<\/a><\/td>\n<\/tr>\n<tr>\n<td style=\"width: 13.5977%; text-align: center;\"><strong>\u00a0<\/strong><\/p>\n<p><a href=\"https:\/\/agora.xtec.cat\/ceiplacaixa\/wp-content\/uploads\/usu1455\/2021\/01\/poll.jpg\"><img loading=\"lazy\" decoding=\"async\" class=\"alignnone wp-image-782\" src=\"https:\/\/agora.xtec.cat\/ceiplacaixa\/wp-content\/uploads\/usu1455\/2021\/01\/poll.jpg\" alt=\"\" width=\"87\" height=\"62\" \/><\/a><strong>PAR\u00c0SITS<\/strong><\/td>\n<td style=\"width: 85.6469%; text-align: justify;\">Cal que des de casa hi hagi un control rutinari dels possibles par\u00e0sits tant freq\u00fcents en els nens i nenes.<\/td>\n<\/tr>\n<\/tbody>\n<\/table>\n<p>&nbsp;<\/p>\n<p>&nbsp;<\/p>\n<p>&nbsp;<\/p>\n<p>&nbsp;<\/p>\n<p>&nbsp;<\/p>\n","protected":false},"excerpt":{"rendered":"<p>MALALTIES I MEDICAMENTS Administraci\u00f3 de medicaments Cal que les fam\u00edlies organitzin l\u2019horari per a l\u2019administraci\u00f3 de medicines als seus fills de manera que no coincideixi amb les hores de perman\u00e8ncia al centre. En els casos que aix\u00f2\u00a0no sigui possible, per administrar medicaments als alumnes cal que els pares o tutor\u00a0legal aportin una recepta o informe [&hellip;]<\/p>\n","protected":false},"author":1,"featured_media":0,"parent":22,"menu_order":80,"comment_status":"closed","ping_status":"closed","template":"page-templates\/side-menu.php","meta":{"_bbp_topic_count":0,"_bbp_reply_count":0,"_bbp_total_topic_count":0,"_bbp_total_reply_count":0,"_bbp_voice_count":0,"_bbp_anonymous_reply_count":0,"_bbp_topic_count_hidden":0,"_bbp_reply_count_hidden":0,"_bbp_forum_subforum_count":0,"site-sidebar-layout":"default","site-content-layout":"","ast-site-content-layout":"","site-content-style":"default","site-sidebar-style":"default","ast-global-header-display":"","ast-banner-title-visibility":"","ast-main-header-display":"","ast-hfb-above-header-display":"","ast-hfb-below-header-display":"","ast-hfb-mobile-header-display":"","site-post-title":"","ast-breadcrumbs-content":"","ast-featured-img":"","footer-sml-layout":"","theme-transparent-header-meta":"","adv-header-id-meta":"","stick-header-meta":"","header-above-stick-meta":"","header-main-stick-meta":"","header-below-stick-meta":"","astra-migrate-meta-layouts":"default","ast-page-background-enabled":"default","ast-page-background-meta":{"desktop":{"background-color":"var(--ast-global-color-4)","background-image":"","background-repeat":"repeat","background-position":"center center","background-size":"auto","background-attachment":"scroll","background-type":"","background-media":"","overlay-type":"","overlay-color":"","overlay-opacity":"","overlay-gradient":""},"tablet":{"background-color":"","background-image":"","background-repeat":"repeat","background-position":"center center","background-size":"auto","background-attachment":"scroll","background-type":"","background-media":"","overlay-type":"","overlay-color":"","overlay-opacity":"","overlay-gradient":""},"mobile":{"background-color":"","background-image":"","background-repeat":"repeat","background-position":"center center","background-size":"auto","background-attachment":"scroll","background-type":"","background-media":"","overlay-type":"","overlay-color":"","overlay-opacity":"","overlay-gradient":""}},"ast-content-background-meta":{"desktop":{"background-color":"var(--ast-global-color-5)","background-image":"","background-repeat":"repeat","background-position":"center center","background-size":"auto","background-attachment":"scroll","background-type":"","background-media":"","overlay-type":"","overlay-color":"","overlay-opacity":"","overlay-gradient":""},"tablet":{"background-color":"var(--ast-global-color-5)","background-image":"","background-repeat":"repeat","background-position":"center center","background-size":"auto","background-attachment":"scroll","background-type":"","background-media":"","overlay-type":"","overlay-color":"","overlay-opacity":"","overlay-gradient":""},"mobile":{"background-color":"var(--ast-global-color-5)","background-image":"","background-repeat":"repeat","background-position":"center center","background-size":"auto","background-attachment":"scroll","background-type":"","background-media":"","overlay-type":"","overlay-color":"","overlay-opacity":"","overlay-gradient":""}},"footnotes":""},"class_list":["post-38","page","type-page","status-publish","hentry"],"post_mailing_queue_ids":[],"_links":{"self":[{"href":"https:\/\/agora.xtec.cat\/ceiplacaixa\/wp-json\/wp\/v2\/pages\/38","targetHints":{"allow":["GET"]}}],"collection":[{"href":"https:\/\/agora.xtec.cat\/ceiplacaixa\/wp-json\/wp\/v2\/pages"}],"about":[{"href":"https:\/\/agora.xtec.cat\/ceiplacaixa\/wp-json\/wp\/v2\/types\/page"}],"author":[{"embeddable":true,"href":"https:\/\/agora.xtec.cat\/ceiplacaixa\/wp-json\/wp\/v2\/users\/1"}],"replies":[{"embeddable":true,"href":"https:\/\/agora.xtec.cat\/ceiplacaixa\/wp-json\/wp\/v2\/comments?post=38"}],"version-history":[{"count":4,"href":"https:\/\/agora.xtec.cat\/ceiplacaixa\/wp-json\/wp\/v2\/pages\/38\/revisions"}],"predecessor-version":[{"id":1968,"href":"https:\/\/agora.xtec.cat\/ceiplacaixa\/wp-json\/wp\/v2\/pages\/38\/revisions\/1968"}],"up":[{"embeddable":true,"href":"https:\/\/agora.xtec.cat\/ceiplacaixa\/wp-json\/wp\/v2\/pages\/22"}],"wp:attachment":[{"href":"https:\/\/agora.xtec.cat\/ceiplacaixa\/wp-json\/wp\/v2\/media?parent=38"}],"curies":[{"name":"wp","href":"https:\/\/api.w.org\/{rel}","templated":true}]}}