{"id":3724,"date":"2024-12-17T16:11:56","date_gmt":"2024-12-17T15:11:56","guid":{"rendered":"https:\/\/agora.xtec.cat\/ceiplacaixa\/?page_id=3724"},"modified":"2026-02-11T13:25:00","modified_gmt":"2026-02-11T12:25:00","slug":"seeds-of-change-2024-2025","status":"publish","type":"page","link":"https:\/\/agora.xtec.cat\/ceiplacaixa\/projecte-educatiu\/erasmus\/seeds-of-change-2024-2025\/","title":{"rendered":"Seeds of Change (2024-2025)"},"content":{"rendered":"<table style=\"border-collapse: collapse; width: 100%; height: 96px;\">\n<tbody>\n<tr style=\"height: 66px;\">\n<td style=\"background-color: #ad33de; width: 100%; height: 66px; text-align: center;\" colspan=\"3\">\n<h3>Curs 24-25 &#8220;SEEDS OF CHANGE&#8221;<\/h3>\n<\/td>\n<\/tr>\n<tr style=\"height: 10px;\">\n<td style=\"width: 50%; height: 30px;\" rowspan=\"3\"><img loading=\"lazy\" decoding=\"async\" class=\"aligncenter size-large wp-image-3725\" src=\"https:\/\/agora.xtec.cat\/ceiplacaixa\/wp-content\/uploads\/usu1455\/2024\/12\/Poster_Erasmus-1024x576.jpg\" alt=\"\" width=\"1024\" height=\"576\" srcset=\"https:\/\/agora.xtec.cat\/ceiplacaixa\/wp-content\/uploads\/usu1455\/2024\/12\/Poster_Erasmus-1024x576.jpg 1024w, https:\/\/agora.xtec.cat\/ceiplacaixa\/wp-content\/uploads\/usu1455\/2024\/12\/Poster_Erasmus-300x169.jpg 300w, https:\/\/agora.xtec.cat\/ceiplacaixa\/wp-content\/uploads\/usu1455\/2024\/12\/Poster_Erasmus-768x432.jpg 768w, https:\/\/agora.xtec.cat\/ceiplacaixa\/wp-content\/uploads\/usu1455\/2024\/12\/Poster_Erasmus.jpg 1440w\" sizes=\"auto, (max-width: 1024px) 100vw, 1024px\" \/><\/td>\n<td style=\"width: 25%; height: 30px;\" rowspan=\"3\"><img loading=\"lazy\" decoding=\"async\" class=\"aligncenter size-full wp-image-3723\" src=\"https:\/\/agora.xtec.cat\/ceiplacaixa\/wp-content\/uploads\/usu1455\/2024\/12\/LogoErasmus24-25.png\" alt=\"\" width=\"397\" height=\"562\" srcset=\"https:\/\/agora.xtec.cat\/ceiplacaixa\/wp-content\/uploads\/usu1455\/2024\/12\/LogoErasmus24-25.png 397w, https:\/\/agora.xtec.cat\/ceiplacaixa\/wp-content\/uploads\/usu1455\/2024\/12\/LogoErasmus24-25-212x300.png 212w\" sizes=\"auto, (max-width: 397px) 100vw, 397px\" \/><\/td>\n<td style=\"width: 25%; height: 10px; text-align: center;\">\n<h4><a href=\"https:\/\/agora.xtec.cat\/ceiplacaixa\/projecte-educatiu\/erasmus\/seeds-of-change-2024-2025\/activitats-erasmus-seeds-of-change-24-25\/\"><strong>Activitats<\/strong><\/a><\/h4>\n<p>(eTwining Corner)<\/p>\n<\/td>\n<\/tr>\n<tr style=\"height: 10px;\">\n<td style=\"width: 25%; height: 10px; text-align: center;\">\n<h4><a href=\"https:\/\/agora.xtec.cat\/ceiplacaixa\/projecte-educatiu\/erasmus\/seeds-of-change-2024-2025\/mobilitat-dalumnes-erasmus-24-25\/\"><strong>Mobilitat d&#8217;alumnes<\/strong><\/a><\/h4>\n<\/td>\n<\/tr>\n<tr style=\"height: 10px;\">\n<td style=\"width: 25%; height: 10px; text-align: center;\">\n<h4><strong>Mobilitat de mestres<\/strong><\/h4>\n<\/td>\n<\/tr>\n<\/tbody>\n<\/table>\n<h2 style=\"text-align: center;\">ENTRA ALS DIFERENTS APARTATS I GAUDEIX DE TOTES LES EXPERI\u00c8NCIES QUE ENS FA VIURE AQUEST MAGN\u00cdFIC PROJECTE!<\/h2>\n<table style=\"border-collapse: collapse; width: 100%; height: 737px;\">\n<tbody>\n<tr style=\"height: 908px;\">\n<td style=\"width: 26.6497%; height: 727px;\">\n<p><img loading=\"lazy\" decoding=\"async\" class=\"aligncenter wp-image-3446\" src=\"https:\/\/agora.xtec.cat\/ceiplacaixa\/wp-content\/uploads\/usu1455\/2024\/04\/IMG_20240423_153538-512x1024.jpg\" alt=\"\" width=\"229\" height=\"458\" srcset=\"https:\/\/agora.xtec.cat\/ceiplacaixa\/wp-content\/uploads\/usu1455\/2024\/04\/IMG_20240423_153538-512x1024.jpg 512w, https:\/\/agora.xtec.cat\/ceiplacaixa\/wp-content\/uploads\/usu1455\/2024\/04\/IMG_20240423_153538-150x300.jpg 150w, https:\/\/agora.xtec.cat\/ceiplacaixa\/wp-content\/uploads\/usu1455\/2024\/04\/IMG_20240423_153538-768x1536.jpg 768w, https:\/\/agora.xtec.cat\/ceiplacaixa\/wp-content\/uploads\/usu1455\/2024\/04\/IMG_20240423_153538-1024x2048.jpg 1024w, https:\/\/agora.xtec.cat\/ceiplacaixa\/wp-content\/uploads\/usu1455\/2024\/04\/IMG_20240423_153538-scaled.jpg 1280w\" sizes=\"auto, (max-width: 229px) 100vw, 229px\" \/><\/p>\n<\/td>\n<td style=\"width: 73.3503%; height: 727px;\">\n<p>SOM CENTRE ACREDITAT, amb un projecte fins al 2027.<\/p>\n<p>Durant aquest curs 24-25, amb el nostre alumnat realitzarem activitats conjuntes amb altres escoles d&#8217;Europa i, a m\u00e9s a m\u00e9s, tamb\u00e9 fem mobilitats amb alumnat i mestres.<\/p>\n<p>I, d&#8217;altra banda, tamb\u00e9 rebem mestres i alumnat d&#8217;altres escoles!<\/p>\n<p style=\"text-align: justify;\">Els objectius principals del projecte s\u00f3n:<\/p>\n<ul style=\"text-align: justify;\">\n<li>Consolidar la l\u00ednia de l&#8217;escola cap a la sostenibilitat.<\/li>\n<li>Millorar la compet\u00e8ncia digital docent i la de l&#8217;alumnat.<\/li>\n<li>Implementar millores metodol\u00f2giques a partir de la internacionalitzaci\u00f3 del centre.<\/li>\n<li>Millorar la compet\u00e8ncia ling\u00fc\u00edstica i l&#8217;inter\u00e8s de l&#8217;alumnat i personal docent del centre en llengua anglesa.<\/li>\n<\/ul>\n<p>Els protagonistes de les activitats i la mobilitat del projecte seran els i les alumnes de 6\u00e8, que treballaran conjuntament amb escoles europees a trav\u00e9s de la plataforma <strong>ETWINING<\/strong>.<\/p>\n<p>Tota l&#8217;escola es veur\u00e0 beneficiada ja que l&#8217;alumnat de 6\u00e8 compartir\u00e0 els aprenentatges amb tota la comunitat.<\/p>\n<p style=\"text-align: justify;\">L&#8217;equip de mestres tamb\u00e9 rebr\u00e0 formaci\u00f3 espec\u00edfica per millorar les seves compet\u00e8ncies i traslladar-les a la resta dels mestres i aplicar-les al seu dia a dia a les aules.<\/p>\n<\/td>\n<\/tr>\n<tr style=\"height: 10px;\">\n<td style=\"width: 26.6497%; height: 10px; text-align: left;\">\n<h5>Certificaci\u00f3 de qualitat<\/h5>\n<\/td>\n<td style=\"width: 73.3503%; height: 10px; text-align: left;\"><style>\n.wp-block-button__link.wp-element-button {\n    display: inline-block;\n    background-color: #e74c3c;\n    color: white;\n    padding: 12px 25px;\n    border-radius: 8px;\n    text-decoration: none;\n    font-weight: bold;\n    font-size: 1em;\n    transition: transform 0.2s ease, background-color 0.2s ease;\n    text-align: center;\n    border: none;\n    cursor: pointer;\n    margin: 5px 0;\n}\n.wp-block-button__link.wp-element-button:hover {\n    transform: scale(1.05);\n    background-color: #c0392b;\n}\n.button-with-image {\n    display: flex;\n    align-items: center;\n    gap: 15px;\n    flex-wrap: wrap;\n}\n.button-with-image img {\n    display: block;\n    max-width: 100%;\n    height: auto;\n}\n<\/style>\n<div class=\"button-with-image\">\n<div class=\"wp-block-button\" style=\"text-align: left;\"><a class=\"wp-block-button__link wp-element-button\" href=\"https:\/\/agora.xtec.cat\/ceiplacaixa\/projecte-educatiu\/premis-i-reconeixements\/\">Premis i reconeixements<\/a><\/div>\n<img loading=\"lazy\" decoding=\"async\" class=\"wp-image-1041 alignnone\" src=\"https:\/\/agora.xtec.cat\/ceiplacaixa\/wp-content\/uploads\/usu1455\/2021\/03\/Copa-Trofeo-83132.gif\" alt=\"\" width=\"106\" height=\"106\" \/><\/div>\n<\/td>\n<\/tr>\n<\/tbody>\n<\/table>\n\n\n<figure class=\"wp-block-table\"><table class=\"has-pale-cyan-blue-background-color has-background has-fixed-layout\"><tbody><tr><td class=\"has-text-align-center\" data-align=\"center\"><figure><img loading=\"lazy\" decoding=\"async\" class=\"aligncenter wp-image-2058\" src=\"https:\/\/agora.xtec.cat\/ceiplacaixa\/wp-content\/uploads\/usu1455\/2022\/10\/es_v_cofinanciado_por_la_union_europea_pos.png\" alt=\"\" width=\"192\" height=\"195\" srcset=\"https:\/\/agora.xtec.cat\/ceiplacaixa\/wp-content\/uploads\/usu1455\/2022\/10\/es_v_cofinanciado_por_la_union_europea_pos.png 910w, https:\/\/agora.xtec.cat\/ceiplacaixa\/wp-content\/uploads\/usu1455\/2022\/10\/es_v_cofinanciado_por_la_union_europea_pos-296x300.png 296w, https:\/\/agora.xtec.cat\/ceiplacaixa\/wp-content\/uploads\/usu1455\/2022\/10\/es_v_cofinanciado_por_la_union_europea_pos-768x778.png 768w\" sizes=\"auto, (max-width: 192px) 100vw, 192px\" \/><\/figure><\/td><td>El projecte &#8220;Seeds of change&#8221; est\u00e0 cofinan\u00e7at pel programa Erasmus+ de la Uni\u00f3 Europea. El contingut d&#8217;aquesta publicaci\u00f3 es responsabilitat exclusiva de l&#8217;escola La Caixa i ni la Comissi\u00f3 Europea, ni el Servei Espanyol per la Internacionalitzaci\u00f3 de la Educaci\u00f3 (SEPIE) s\u00f3n responsables de l&#8217;\u00fas que pugui fer-se de la informaci\u00f3 aqu\u00ed difosa.<\/td><\/tr><tr><td class=\"has-text-align-center\" data-align=\"center\" colspan=\"2\"><h3>Informa&#8217;t m\u00e9s sobre ERASMUS+ al web del SEPIE<\/h3> <figure><a href=\"http:\/\/sepie.es\/\"><img loading=\"lazy\" decoding=\"async\" width=\"400\" height=\"148\" class=\"aligncenter size-full wp-image-2060\" src=\"https:\/\/agora.xtec.cat\/ceiplacaixa\/wp-content\/uploads\/usu1455\/2022\/10\/SEPIE_erasmus_plus.gif\" alt=\"\"><\/a><\/figure><\/td><\/tr><\/tbody><\/table><\/figure>\n","protected":false},"excerpt":{"rendered":"<p>Curs 24-25 &#8220;SEEDS OF CHANGE&#8221; Activitats (eTwining Corner) Mobilitat d&#8217;alumnes Mobilitat de mestres ENTRA ALS DIFERENTS APARTATS I GAUDEIX DE TOTES LES EXPERI\u00c8NCIES QUE ENS FA VIURE AQUEST MAGN\u00cdFIC PROJECTE! SOM CENTRE ACREDITAT, amb un projecte fins al 2027. Durant aquest curs 24-25, amb el nostre alumnat realitzarem activitats conjuntes amb altres escoles d&#8217;Europa i, [&hellip;]<\/p>\n","protected":false},"author":3,"featured_media":0,"parent":2057,"menu_order":2,"comment_status":"closed","ping_status":"closed","template":"","meta":{"_bbp_topic_count":0,"_bbp_reply_count":0,"_bbp_total_topic_count":0,"_bbp_total_reply_count":0,"_bbp_voice_count":0,"_bbp_anonymous_reply_count":0,"_bbp_topic_count_hidden":0,"_bbp_reply_count_hidden":0,"_bbp_forum_subforum_count":0,"site-sidebar-layout":"default","site-content-layout":"","ast-site-content-layout":"default","site-content-style":"default","site-sidebar-style":"default","ast-global-header-display":"","ast-banner-title-visibility":"","ast-main-header-display":"","ast-hfb-above-header-display":"","ast-hfb-below-header-display":"","ast-hfb-mobile-header-display":"","site-post-title":"","ast-breadcrumbs-content":"","ast-featured-img":"","footer-sml-layout":"","theme-transparent-header-meta":"","adv-header-id-meta":"","stick-header-meta":"","header-above-stick-meta":"","header-main-stick-meta":"","header-below-stick-meta":"","astra-migrate-meta-layouts":"set","ast-page-background-enabled":"default","ast-page-background-meta":{"desktop":{"background-color":"var(--ast-global-color-4)","background-image":"","background-repeat":"repeat","background-position":"center center","background-size":"auto","background-attachment":"scroll","background-type":"","background-media":"","overlay-type":"","overlay-color":"","overlay-opacity":"","overlay-gradient":""},"tablet":{"background-color":"","background-image":"","background-repeat":"repeat","background-position":"center center","background-size":"auto","background-attachment":"scroll","background-type":"","background-media":"","overlay-type":"","overlay-color":"","overlay-opacity":"","overlay-gradient":""},"mobile":{"background-color":"","background-image":"","background-repeat":"repeat","background-position":"center center","background-size":"auto","background-attachment":"scroll","background-type":"","background-media":"","overlay-type":"","overlay-color":"","overlay-opacity":"","overlay-gradient":""}},"ast-content-background-meta":{"desktop":{"background-color":"var(--ast-global-color-5)","background-image":"","background-repeat":"repeat","background-position":"center center","background-size":"auto","background-attachment":"scroll","background-type":"","background-media":"","overlay-type":"","overlay-color":"","overlay-opacity":"","overlay-gradient":""},"tablet":{"background-color":"var(--ast-global-color-5)","background-image":"","background-repeat":"repeat","background-position":"center center","background-size":"auto","background-attachment":"scroll","background-type":"","background-media":"","overlay-type":"","overlay-color":"","overlay-opacity":"","overlay-gradient":""},"mobile":{"background-color":"var(--ast-global-color-5)","background-image":"","background-repeat":"repeat","background-position":"center center","background-size":"auto","background-attachment":"scroll","background-type":"","background-media":"","overlay-type":"","overlay-color":"","overlay-opacity":"","overlay-gradient":""}},"footnotes":""},"class_list":["post-3724","page","type-page","status-publish","hentry"],"post_mailing_queue_ids":[],"_links":{"self":[{"href":"https:\/\/agora.xtec.cat\/ceiplacaixa\/wp-json\/wp\/v2\/pages\/3724","targetHints":{"allow":["GET"]}}],"collection":[{"href":"https:\/\/agora.xtec.cat\/ceiplacaixa\/wp-json\/wp\/v2\/pages"}],"about":[{"href":"https:\/\/agora.xtec.cat\/ceiplacaixa\/wp-json\/wp\/v2\/types\/page"}],"author":[{"embeddable":true,"href":"https:\/\/agora.xtec.cat\/ceiplacaixa\/wp-json\/wp\/v2\/users\/3"}],"replies":[{"embeddable":true,"href":"https:\/\/agora.xtec.cat\/ceiplacaixa\/wp-json\/wp\/v2\/comments?post=3724"}],"version-history":[{"count":7,"href":"https:\/\/agora.xtec.cat\/ceiplacaixa\/wp-json\/wp\/v2\/pages\/3724\/revisions"}],"predecessor-version":[{"id":4583,"href":"https:\/\/agora.xtec.cat\/ceiplacaixa\/wp-json\/wp\/v2\/pages\/3724\/revisions\/4583"}],"up":[{"embeddable":true,"href":"https:\/\/agora.xtec.cat\/ceiplacaixa\/wp-json\/wp\/v2\/pages\/2057"}],"wp:attachment":[{"href":"https:\/\/agora.xtec.cat\/ceiplacaixa\/wp-json\/wp\/v2\/media?parent=3724"}],"curies":[{"name":"wp","href":"https:\/\/api.w.org\/{rel}","templated":true}]}}