{"id":3636,"date":"2024-10-13T18:47:28","date_gmt":"2024-10-13T16:47:28","guid":{"rendered":"https:\/\/agora.xtec.cat\/ceiplacaixa\/?page_id=3636"},"modified":"2026-01-12T12:47:24","modified_gmt":"2026-01-12T11:47:24","slug":"lets-make-a-circle-2022-2023","status":"publish","type":"page","link":"https:\/\/agora.xtec.cat\/ceiplacaixa\/projecte-educatiu\/erasmus\/lets-make-a-circle-2022-2023\/","title":{"rendered":"Let&#8217;s make a circle (2022-2023)"},"content":{"rendered":"<h2 style=\"text-align: center;\">ERASMUS +<\/h2>\n<table style=\"border-collapse: collapse; width: 100%;\">\n<tbody>\n<tr>\n<td style=\"background-color: #33de66; width: 100%; text-align: center;\">\n<h3>Curs 22-23 &#8220;LET&#8217;S MAKE A CIRCLE!&#8221;<\/h3>\n<\/td>\n<\/tr>\n<tr>\n<td style=\"width: 50%; text-align: center;\" rowspan=\"3\"><a href=\"https:\/\/docs.google.com\/presentation\/d\/1dX2u-b0jfKpvUz3AvbtqD5cqVKga3-u7\/edit?usp=sharing&amp;ouid=117175635999560542138&amp;rtpof=true&amp;sd=true\"> <img loading=\"lazy\" decoding=\"async\" class=\"aligncenter wp-image-2070\" src=\"https:\/\/agora.xtec.cat\/ceiplacaixa\/wp-content\/uploads\/usu1455\/2022\/10\/letsmakeacircle-1024x570.png\" alt=\"\" width=\"397\" height=\"221\" srcset=\"https:\/\/agora.xtec.cat\/ceiplacaixa\/wp-content\/uploads\/usu1455\/2022\/10\/letsmakeacircle-1024x570.png 1024w, https:\/\/agora.xtec.cat\/ceiplacaixa\/wp-content\/uploads\/usu1455\/2022\/10\/letsmakeacircle-300x167.png 300w, https:\/\/agora.xtec.cat\/ceiplacaixa\/wp-content\/uploads\/usu1455\/2022\/10\/letsmakeacircle-768x427.png 768w, https:\/\/agora.xtec.cat\/ceiplacaixa\/wp-content\/uploads\/usu1455\/2022\/10\/letsmakeacircle.png 1132w\" sizes=\"auto, (max-width: 397px) 100vw, 397px\" \/> <\/a><\/td>\n<td style=\"width: 25%; text-align: center;\" rowspan=\"3\"><img loading=\"lazy\" decoding=\"async\" class=\"aligncenter wp-image-2624\" src=\"https:\/\/agora.xtec.cat\/ceiplacaixa\/wp-content\/uploads\/usu1455\/2023\/04\/logo-erasmus2223-1024x989.jpeg\" alt=\"\" width=\"272\" height=\"263\" srcset=\"https:\/\/agora.xtec.cat\/ceiplacaixa\/wp-content\/uploads\/usu1455\/2023\/04\/logo-erasmus2223-1024x989.jpeg 1024w, https:\/\/agora.xtec.cat\/ceiplacaixa\/wp-content\/uploads\/usu1455\/2023\/04\/logo-erasmus2223-300x290.jpeg 300w, https:\/\/agora.xtec.cat\/ceiplacaixa\/wp-content\/uploads\/usu1455\/2023\/04\/logo-erasmus2223-768x742.jpeg 768w, https:\/\/agora.xtec.cat\/ceiplacaixa\/wp-content\/uploads\/usu1455\/2023\/04\/logo-erasmus2223-1536x1484.jpeg 1536w, https:\/\/agora.xtec.cat\/ceiplacaixa\/wp-content\/uploads\/usu1455\/2023\/04\/logo-erasmus2223.jpeg 1600w\" sizes=\"auto, (max-width: 272px) 100vw, 272px\" \/><\/td>\n<td style=\"width: 25%; text-align: center;\">\n<h4><a href=\"https:\/\/agora.xtec.cat\/ceiplacaixa\/projecte-educatiu\/erasmus\/activitats-erasmus\/\"><strong>Activitats<\/strong><\/a><\/h4>\n<\/td>\n<\/tr>\n<tr>\n<td style=\"width: 25%; text-align: center;\">\n<h4><a href=\"https:\/\/agora.xtec.cat\/ceiplacaixa\/projecte-educatiu\/erasmus\/mobilitat-dalumnes\/\"><strong>Mobilitat d&#8217;alumnes<\/strong><\/a><\/h4>\n<\/td>\n<\/tr>\n<tr>\n<td style=\"width: 25%; text-align: center;\">\n<h4><a href=\"https:\/\/agora.xtec.cat\/ceiplacaixa\/projecte-educatiu\/erasmus\/mobilitat-mestres\/\"><strong>Mobilitat de mestres<\/strong><\/a><\/h4>\n<\/td>\n<\/tr>\n<\/tbody>\n<\/table>\n<table style=\"border-collapse: collapse; width: 100%;\">\n<tbody>\n<tr>\n<td style=\"width: 26.6497%;\">\n<h3><img loading=\"lazy\" decoding=\"async\" class=\"aligncenter wp-image-3446\" src=\"https:\/\/agora.xtec.cat\/ceiplacaixa\/wp-content\/uploads\/usu1455\/2024\/04\/IMG_20240423_153538-512x1024.jpg\" alt=\"\" width=\"229\" height=\"458\" srcset=\"https:\/\/agora.xtec.cat\/ceiplacaixa\/wp-content\/uploads\/usu1455\/2024\/04\/IMG_20240423_153538-512x1024.jpg 512w, https:\/\/agora.xtec.cat\/ceiplacaixa\/wp-content\/uploads\/usu1455\/2024\/04\/IMG_20240423_153538-150x300.jpg 150w, https:\/\/agora.xtec.cat\/ceiplacaixa\/wp-content\/uploads\/usu1455\/2024\/04\/IMG_20240423_153538-768x1536.jpg 768w, https:\/\/agora.xtec.cat\/ceiplacaixa\/wp-content\/uploads\/usu1455\/2024\/04\/IMG_20240423_153538-1024x2048.jpg 1024w, https:\/\/agora.xtec.cat\/ceiplacaixa\/wp-content\/uploads\/usu1455\/2024\/04\/IMG_20240423_153538-scaled.jpg 1280w\" sizes=\"auto, (max-width: 229px) 100vw, 229px\" \/><\/h3>\n<\/td>\n<td style=\"width: 73.3503%;\">\n<p style=\"text-align: justify;\">Durant el curs 2021-2022, seguint els objectius del projecte de direcci\u00f3, l&#8217;equip directiu i el departament d&#8217;angl\u00e8s van treballar conjuntament per presentar el projecte &#8220;<strong>Let&#8217;s make a circle<\/strong>&#8221; a la convocat\u00f2ria del programa <strong>Erasmus+ KA122<\/strong>.<\/p>\n<p style=\"text-align: justify;\">Al juny el nostre projecte va resultar <strong>seleccionat, <\/strong>amb una puntuaci\u00f3 d&#8217;excel\u00b7lent, pel <strong>MEC<\/strong> (Ministerio de Educaci\u00f3n y Ciencia) amb la corresponent <strong>subvenci\u00f3 de la Uni\u00f3 Europea<\/strong>.<\/p>\n<p style=\"text-align: justify;\">Els objectius principals del projecte s\u00f3n:<\/p>\n<ul style=\"text-align: justify;\">\n<li style=\"font-weight: 400;\" aria-level=\"1\"><span style=\"font-weight: 400;\">Millorar la compet\u00e8ncia ling\u00fc\u00edstica de l\u2019alumnat en llengua estrangera.<\/span><\/li>\n<li style=\"font-weight: 400;\" aria-level=\"1\"><span style=\"font-weight: 400;\">Potenciar la internacionalitzaci\u00f3 del centre.<\/span><\/li>\n<li style=\"font-weight: 400;\" aria-level=\"1\"><span style=\"font-weight: 400;\">Consolidar la l\u00ednia d\u2019escola compartida cap a la sostenibilitat.<\/span><\/li>\n<\/ul>\n<p>Els protagonistes de les activitats i la mobilitat d<span style=\"font-family: inherit; font-size: 1em;\">el projecte seran els i les alumnes de 6\u00e8, que treballaran conjuntament amb l&#8217;alumnat de dues escoles europees. Tot i aix\u00ed, tota l&#8217;escola es veur\u00e0 beneficiada ja que l&#8217;alumnat de 6\u00e8 compartir\u00e0 els aprenentatges amb tota la comunitat.<\/span><\/p>\n<p style=\"text-align: justify;\">L&#8217;equip de mestres tamb\u00e9 rebr\u00e0 formaci\u00f3 espec\u00edfica per millorar les seves compet\u00e8ncies i traslladar-les a la resta dels mestres i aplicar-les al seu dia a dia a les aules.<\/p>\n<\/td>\n<\/tr>\n<\/tbody>\n<\/table>\n<table style=\"border-collapse: collapse; width: 100%; border-style: double; border-color: #000000; background-color: #c2e3ff;\">\n<tbody>\n<tr>\n<td style=\"width: 35.8491%; border-style: solid; border-color: #000000;\">\n<figure><img loading=\"lazy\" decoding=\"async\" class=\"aligncenter wp-image-2058\" src=\"https:\/\/agora.xtec.cat\/ceiplacaixa\/wp-content\/uploads\/usu1455\/2022\/10\/es_v_cofinanciado_por_la_union_europea_pos.png\" alt=\"\" width=\"192\" height=\"195\" srcset=\"https:\/\/agora.xtec.cat\/ceiplacaixa\/wp-content\/uploads\/usu1455\/2022\/10\/es_v_cofinanciado_por_la_union_europea_pos.png 910w, https:\/\/agora.xtec.cat\/ceiplacaixa\/wp-content\/uploads\/usu1455\/2022\/10\/es_v_cofinanciado_por_la_union_europea_pos-296x300.png 296w, https:\/\/agora.xtec.cat\/ceiplacaixa\/wp-content\/uploads\/usu1455\/2022\/10\/es_v_cofinanciado_por_la_union_europea_pos-768x778.png 768w\" sizes=\"auto, (max-width: 192px) 100vw, 192px\" \/><\/figure>\n<\/td>\n<td style=\"width: 64.1509%; border-style: solid; border-color: #000000;\">El projecte &#8220;Seeds of change&#8221; est\u00e0 cofinan\u00e7at pel programa Erasmus+ de la Uni\u00f3 Europea. El contingut d&#8217;aquesta publicaci\u00f3 es responsabilitat exclusiva de l&#8217;escola La Caixa i ni la Comissi\u00f3 Europea, ni el Servei Espanyol per la Internacionalitzaci\u00f3 de la Educaci\u00f3 (SEPIE) s\u00f3n responsables de l&#8217;\u00fas que pugui fer-se de la informaci\u00f3 aqu\u00ed difosa.<\/td>\n<\/tr>\n<tr>\n<td style=\"width: 100%; border-style: solid; border-color: #000000;\" colspan=\"2\">\n<h3 style=\"text-align: center;\">Informa&#8217;t m\u00e9s sobre ERASMUS+ al web del SEPIE<\/h3>\n<figure><a href=\"http:\/\/sepie.es\/\"><img loading=\"lazy\" decoding=\"async\" class=\"aligncenter size-full wp-image-2060\" src=\"https:\/\/agora.xtec.cat\/ceiplacaixa\/wp-content\/uploads\/usu1455\/2022\/10\/SEPIE_erasmus_plus.gif\" alt=\"\" width=\"400\" height=\"148\" \/><\/a><\/figure>\n<\/td>\n<\/tr>\n<\/tbody>\n<\/table>\n\n\n<p><\/p>\n","protected":false},"excerpt":{"rendered":"<p>ERASMUS + Curs 22-23 &#8220;LET&#8217;S MAKE A CIRCLE!&#8221; Activitats Mobilitat d&#8217;alumnes Mobilitat de mestres Durant el curs 2021-2022, seguint els objectius del projecte de direcci\u00f3, l&#8217;equip directiu i el departament d&#8217;angl\u00e8s van treballar conjuntament per presentar el projecte &#8220;Let&#8217;s make a circle&#8221; a la convocat\u00f2ria del programa Erasmus+ KA122. Al juny el nostre projecte va [&hellip;]<\/p>\n","protected":false},"author":3,"featured_media":0,"parent":2057,"menu_order":10,"comment_status":"closed","ping_status":"closed","template":"","meta":{"_bbp_topic_count":0,"_bbp_reply_count":0,"_bbp_total_topic_count":0,"_bbp_total_reply_count":0,"_bbp_voice_count":0,"_bbp_anonymous_reply_count":0,"_bbp_topic_count_hidden":0,"_bbp_reply_count_hidden":0,"_bbp_forum_subforum_count":0,"site-sidebar-layout":"default","site-content-layout":"","ast-site-content-layout":"default","site-content-style":"default","site-sidebar-style":"default","ast-global-header-display":"","ast-banner-title-visibility":"","ast-main-header-display":"","ast-hfb-above-header-display":"","ast-hfb-below-header-display":"","ast-hfb-mobile-header-display":"","site-post-title":"","ast-breadcrumbs-content":"","ast-featured-img":"","footer-sml-layout":"","theme-transparent-header-meta":"","adv-header-id-meta":"","stick-header-meta":"","header-above-stick-meta":"","header-main-stick-meta":"","header-below-stick-meta":"","astra-migrate-meta-layouts":"set","ast-page-background-enabled":"default","ast-page-background-meta":{"desktop":{"background-color":"var(--ast-global-color-4)","background-image":"","background-repeat":"repeat","background-position":"center center","background-size":"auto","background-attachment":"scroll","background-type":"","background-media":"","overlay-type":"","overlay-color":"","overlay-opacity":"","overlay-gradient":""},"tablet":{"background-color":"","background-image":"","background-repeat":"repeat","background-position":"center center","background-size":"auto","background-attachment":"scroll","background-type":"","background-media":"","overlay-type":"","overlay-color":"","overlay-opacity":"","overlay-gradient":""},"mobile":{"background-color":"","background-image":"","background-repeat":"repeat","background-position":"center center","background-size":"auto","background-attachment":"scroll","background-type":"","background-media":"","overlay-type":"","overlay-color":"","overlay-opacity":"","overlay-gradient":""}},"ast-content-background-meta":{"desktop":{"background-color":"var(--ast-global-color-5)","background-image":"","background-repeat":"repeat","background-position":"center center","background-size":"auto","background-attachment":"scroll","background-type":"","background-media":"","overlay-type":"","overlay-color":"","overlay-opacity":"","overlay-gradient":""},"tablet":{"background-color":"var(--ast-global-color-5)","background-image":"","background-repeat":"repeat","background-position":"center center","background-size":"auto","background-attachment":"scroll","background-type":"","background-media":"","overlay-type":"","overlay-color":"","overlay-opacity":"","overlay-gradient":""},"mobile":{"background-color":"var(--ast-global-color-5)","background-image":"","background-repeat":"repeat","background-position":"center center","background-size":"auto","background-attachment":"scroll","background-type":"","background-media":"","overlay-type":"","overlay-color":"","overlay-opacity":"","overlay-gradient":""}},"footnotes":""},"class_list":["post-3636","page","type-page","status-publish","hentry"],"post_mailing_queue_ids":[],"_links":{"self":[{"href":"https:\/\/agora.xtec.cat\/ceiplacaixa\/wp-json\/wp\/v2\/pages\/3636","targetHints":{"allow":["GET"]}}],"collection":[{"href":"https:\/\/agora.xtec.cat\/ceiplacaixa\/wp-json\/wp\/v2\/pages"}],"about":[{"href":"https:\/\/agora.xtec.cat\/ceiplacaixa\/wp-json\/wp\/v2\/types\/page"}],"author":[{"embeddable":true,"href":"https:\/\/agora.xtec.cat\/ceiplacaixa\/wp-json\/wp\/v2\/users\/3"}],"replies":[{"embeddable":true,"href":"https:\/\/agora.xtec.cat\/ceiplacaixa\/wp-json\/wp\/v2\/comments?post=3636"}],"version-history":[{"count":4,"href":"https:\/\/agora.xtec.cat\/ceiplacaixa\/wp-json\/wp\/v2\/pages\/3636\/revisions"}],"predecessor-version":[{"id":4510,"href":"https:\/\/agora.xtec.cat\/ceiplacaixa\/wp-json\/wp\/v2\/pages\/3636\/revisions\/4510"}],"up":[{"embeddable":true,"href":"https:\/\/agora.xtec.cat\/ceiplacaixa\/wp-json\/wp\/v2\/pages\/2057"}],"wp:attachment":[{"href":"https:\/\/agora.xtec.cat\/ceiplacaixa\/wp-json\/wp\/v2\/media?parent=3636"}],"curies":[{"name":"wp","href":"https:\/\/api.w.org\/{rel}","templated":true}]}}