{"id":36,"date":"2014-09-18T12:33:11","date_gmt":"2014-09-18T11:33:11","guid":{"rendered":"http:\/\/agora.xtec.cat\/ceiplacaixa\/?page_id=36"},"modified":"2024-06-27T11:41:19","modified_gmt":"2024-06-27T09:41:19","slug":"material-escolar","status":"publish","type":"page","link":"https:\/\/agora.xtec.cat\/ceiplacaixa\/lescola\/material-escolar\/","title":{"rendered":"Material escolar i sortides"},"content":{"rendered":"<h4>Material<\/h4>\n<table style=\"width: 98.1204%; height: 178px;\">\n<tbody>\n<tr>\n<td style=\"width: 13.9144%;\"><a href=\"https:\/\/agora.xtec.cat\/ceiplacaixa\/wp-content\/uploads\/usu1455\/2021\/01\/lapicescolores.jpg\"><img loading=\"lazy\" decoding=\"async\" class=\"alignnone wp-image-775\" src=\"https:\/\/agora.xtec.cat\/ceiplacaixa\/wp-content\/uploads\/usu1455\/2021\/01\/lapicescolores.jpg\" alt=\"\" width=\"64\" height=\"106\" \/><\/a><\/td>\n<td style=\"width: 62.5735%;\" colspan=\"2\">\n<p style=\"font-family: 'Helvetica Neue', Helvetica, Helvetica, Arial, sans-serif; font-size: 14px;\">A principi de curs s&#8217;informar\u00e0 dins el Recull Informatiu i a les reunions de fam\u00edlies de la quota anual.<\/p>\n<\/td>\n<\/tr>\n<\/tbody>\n<\/table>\n<h4>Llibres de text<\/h4>\n<table style=\"width: 100%;\">\n<tbody>\n<tr>\n<td style=\"width: 15.0142%;\"><a href=\"https:\/\/agora.xtec.cat\/ceiplacaixa\/wp-content\/uploads\/usu1455\/2021\/01\/llibres-de-text.jpg\"><img loading=\"lazy\" decoding=\"async\" class=\"alignnone size-full wp-image-784\" src=\"https:\/\/agora.xtec.cat\/ceiplacaixa\/wp-content\/uploads\/usu1455\/2021\/01\/llibres-de-text.jpg\" alt=\"\" width=\"236\" height=\"213\" \/><\/a><\/td>\n<td style=\"width: 84.2304%;\">Consulta els llibres del proper curs <a href=\"https:\/\/agora.xtec.cat\/ceiplacaixa\/projecte-educatiu\/projecte-socialitzacio-de-llibres\/llibres-curs\/\">aqu\u00ed<\/a>.<\/td>\n<\/tr>\n<\/tbody>\n<\/table>\n<h4>Sortides<\/h4>\n<table style=\"width: 100%;\">\n<tbody>\n<tr>\n<td style=\"width: 15.1086%;\"><a href=\"https:\/\/agora.xtec.cat\/ceiplacaixa\/wp-content\/uploads\/usu1455\/2021\/01\/sortides.jpg\"><img loading=\"lazy\" decoding=\"async\" class=\"wp-image-776 aligncenter\" src=\"https:\/\/agora.xtec.cat\/ceiplacaixa\/wp-content\/uploads\/usu1455\/2021\/01\/sortides.jpg\" alt=\"\" width=\"110\" height=\"83\" \/><\/a><\/td>\n<td style=\"width: 84.136%;\">A principi del primer trimestre s&#8217;informa a les fam\u00edlies de les sortides organitzades per a tot el curs.<\/td>\n<\/tr>\n<\/tbody>\n<\/table>\n<h4>Pagaments<\/h4>\n<table style=\"width: 100%;\">\n<tbody>\n<tr>\n<td style=\"width: 14.9197%;\"><a href=\"https:\/\/agora.xtec.cat\/ceiplacaixa\/wp-content\/uploads\/usu1455\/2021\/01\/pagaments.jpg\"><img loading=\"lazy\" decoding=\"async\" class=\"wp-image-777 aligncenter\" src=\"https:\/\/agora.xtec.cat\/ceiplacaixa\/wp-content\/uploads\/usu1455\/2021\/01\/pagaments.jpg\" alt=\"\" width=\"82\" height=\"82\" srcset=\"https:\/\/agora.xtec.cat\/ceiplacaixa\/wp-content\/uploads\/usu1455\/2021\/01\/pagaments.jpg 225w, https:\/\/agora.xtec.cat\/ceiplacaixa\/wp-content\/uploads\/usu1455\/2021\/01\/pagaments-150x150.jpg 150w\" sizes=\"auto, (max-width: 82px) 100vw, 82px\" \/><\/a><\/td>\n<td style=\"width: 84.3248%;\"><span style=\"font-size: 16px;\">Quan s\u2019han de fer els pagaments a l\u2019Escola, material i sortides, es poden fer des d&#8217;un caixer, a les oficines de la Caixa o per transfer\u00e8ncia banc\u00e0ria a trav\u00e9s d\u2019Internet. <\/span><\/p>\n<p><span style=\"font-size: 16px;\">En aquest\u00a0<\/span>document<span style=\"font-size: 16px;\">\u00a0expliquem com es fa.<\/span><\/td>\n<\/tr>\n<\/tbody>\n<\/table>\n<p>&nbsp;<\/p>\n<p>&nbsp;<\/p>\n","protected":false},"excerpt":{"rendered":"<p>Material A principi de curs s&#8217;informar\u00e0 dins el Recull Informatiu i a les reunions de fam\u00edlies de la quota anual. Llibres de text Consulta els llibres del proper curs aqu\u00ed. Sortides A principi del primer trimestre s&#8217;informa a les fam\u00edlies de les sortides organitzades per a tot el curs. Pagaments Quan s\u2019han de fer els [&hellip;]<\/p>\n","protected":false},"author":1,"featured_media":0,"parent":22,"menu_order":70,"comment_status":"closed","ping_status":"closed","template":"page-templates\/side-menu.php","meta":{"_bbp_topic_count":0,"_bbp_reply_count":0,"_bbp_total_topic_count":0,"_bbp_total_reply_count":0,"_bbp_voice_count":0,"_bbp_anonymous_reply_count":0,"_bbp_topic_count_hidden":0,"_bbp_reply_count_hidden":0,"_bbp_forum_subforum_count":0,"site-sidebar-layout":"default","site-content-layout":"","ast-site-content-layout":"","site-content-style":"default","site-sidebar-style":"default","ast-global-header-display":"","ast-banner-title-visibility":"","ast-main-header-display":"","ast-hfb-above-header-display":"","ast-hfb-below-header-display":"","ast-hfb-mobile-header-display":"","site-post-title":"","ast-breadcrumbs-content":"","ast-featured-img":"","footer-sml-layout":"","theme-transparent-header-meta":"","adv-header-id-meta":"","stick-header-meta":"","header-above-stick-meta":"","header-main-stick-meta":"","header-below-stick-meta":"","astra-migrate-meta-layouts":"default","ast-page-background-enabled":"default","ast-page-background-meta":{"desktop":{"background-color":"var(--ast-global-color-4)","background-image":"","background-repeat":"repeat","background-position":"center center","background-size":"auto","background-attachment":"scroll","background-type":"","background-media":"","overlay-type":"","overlay-color":"","overlay-opacity":"","overlay-gradient":""},"tablet":{"background-color":"","background-image":"","background-repeat":"repeat","background-position":"center center","background-size":"auto","background-attachment":"scroll","background-type":"","background-media":"","overlay-type":"","overlay-color":"","overlay-opacity":"","overlay-gradient":""},"mobile":{"background-color":"","background-image":"","background-repeat":"repeat","background-position":"center center","background-size":"auto","background-attachment":"scroll","background-type":"","background-media":"","overlay-type":"","overlay-color":"","overlay-opacity":"","overlay-gradient":""}},"ast-content-background-meta":{"desktop":{"background-color":"var(--ast-global-color-5)","background-image":"","background-repeat":"repeat","background-position":"center center","background-size":"auto","background-attachment":"scroll","background-type":"","background-media":"","overlay-type":"","overlay-color":"","overlay-opacity":"","overlay-gradient":""},"tablet":{"background-color":"var(--ast-global-color-5)","background-image":"","background-repeat":"repeat","background-position":"center center","background-size":"auto","background-attachment":"scroll","background-type":"","background-media":"","overlay-type":"","overlay-color":"","overlay-opacity":"","overlay-gradient":""},"mobile":{"background-color":"var(--ast-global-color-5)","background-image":"","background-repeat":"repeat","background-position":"center center","background-size":"auto","background-attachment":"scroll","background-type":"","background-media":"","overlay-type":"","overlay-color":"","overlay-opacity":"","overlay-gradient":""}},"footnotes":""},"class_list":["post-36","page","type-page","status-publish","hentry"],"post_mailing_queue_ids":[],"_links":{"self":[{"href":"https:\/\/agora.xtec.cat\/ceiplacaixa\/wp-json\/wp\/v2\/pages\/36","targetHints":{"allow":["GET"]}}],"collection":[{"href":"https:\/\/agora.xtec.cat\/ceiplacaixa\/wp-json\/wp\/v2\/pages"}],"about":[{"href":"https:\/\/agora.xtec.cat\/ceiplacaixa\/wp-json\/wp\/v2\/types\/page"}],"author":[{"embeddable":true,"href":"https:\/\/agora.xtec.cat\/ceiplacaixa\/wp-json\/wp\/v2\/users\/1"}],"replies":[{"embeddable":true,"href":"https:\/\/agora.xtec.cat\/ceiplacaixa\/wp-json\/wp\/v2\/comments?post=36"}],"version-history":[{"count":4,"href":"https:\/\/agora.xtec.cat\/ceiplacaixa\/wp-json\/wp\/v2\/pages\/36\/revisions"}],"predecessor-version":[{"id":3570,"href":"https:\/\/agora.xtec.cat\/ceiplacaixa\/wp-json\/wp\/v2\/pages\/36\/revisions\/3570"}],"up":[{"embeddable":true,"href":"https:\/\/agora.xtec.cat\/ceiplacaixa\/wp-json\/wp\/v2\/pages\/22"}],"wp:attachment":[{"href":"https:\/\/agora.xtec.cat\/ceiplacaixa\/wp-json\/wp\/v2\/media?parent=36"}],"curies":[{"name":"wp","href":"https:\/\/api.w.org\/{rel}","templated":true}]}}