{"id":3433,"date":"2024-04-22T17:33:03","date_gmt":"2024-04-22T15:33:03","guid":{"rendered":"https:\/\/agora.xtec.cat\/ceiplacaixa\/?page_id=3433"},"modified":"2026-01-12T12:59:27","modified_gmt":"2026-01-12T11:59:27","slug":"participacio-amb-projectes-daltres-escoles-europees","status":"publish","type":"page","link":"https:\/\/agora.xtec.cat\/ceiplacaixa\/projecte-educatiu\/erasmus\/participacio-amb-projectes-daltres-escoles-europees\/","title":{"rendered":"PARTICIPACI\u00d3 AMB PROJECTES D&#8217;ALTRES ESCOLES EUROPEES"},"content":{"rendered":"<h2>CURS 25-26<\/h2>\n<table style=\"border-collapse: collapse; width: 100%; height: 388px;\">\n<tbody>\n<tr style=\"height: 365px;\">\n<td style=\"width: 33.75%; height: 365px;\"><img loading=\"lazy\" decoding=\"async\" class=\"aligncenter  wp-image-4323\" src=\"https:\/\/agora.xtec.cat\/ceiplacaixa\/wp-content\/uploads\/usu1455\/2025\/10\/Riom-2-1024x1024.jpg\" alt=\"\" width=\"295\" height=\"295\" srcset=\"https:\/\/agora.xtec.cat\/ceiplacaixa\/wp-content\/uploads\/usu1455\/2025\/10\/Riom-2-1024x1024.jpg 1024w, https:\/\/agora.xtec.cat\/ceiplacaixa\/wp-content\/uploads\/usu1455\/2025\/10\/Riom-2-300x300.jpg 300w, https:\/\/agora.xtec.cat\/ceiplacaixa\/wp-content\/uploads\/usu1455\/2025\/10\/Riom-2-150x150.jpg 150w, https:\/\/agora.xtec.cat\/ceiplacaixa\/wp-content\/uploads\/usu1455\/2025\/10\/Riom-2-768x768.jpg 768w, https:\/\/agora.xtec.cat\/ceiplacaixa\/wp-content\/uploads\/usu1455\/2025\/10\/Riom-2.jpg 1080w\" sizes=\"auto, (max-width: 295px) 100vw, 295px\" \/><\/td>\n<td style=\"width: 35.5%; height: 365px;\"><img loading=\"lazy\" decoding=\"async\" class=\"aligncenter  wp-image-4324\" src=\"https:\/\/agora.xtec.cat\/ceiplacaixa\/wp-content\/uploads\/usu1455\/2025\/10\/Riom-1024x1024.jpg\" alt=\"\" width=\"358\" height=\"358\" srcset=\"https:\/\/agora.xtec.cat\/ceiplacaixa\/wp-content\/uploads\/usu1455\/2025\/10\/Riom-1024x1024.jpg 1024w, https:\/\/agora.xtec.cat\/ceiplacaixa\/wp-content\/uploads\/usu1455\/2025\/10\/Riom-300x300.jpg 300w, https:\/\/agora.xtec.cat\/ceiplacaixa\/wp-content\/uploads\/usu1455\/2025\/10\/Riom-150x150.jpg 150w, https:\/\/agora.xtec.cat\/ceiplacaixa\/wp-content\/uploads\/usu1455\/2025\/10\/Riom-768x768.jpg 768w, https:\/\/agora.xtec.cat\/ceiplacaixa\/wp-content\/uploads\/usu1455\/2025\/10\/Riom.jpg 1080w\" sizes=\"auto, (max-width: 358px) 100vw, 358px\" \/><\/td>\n<td style=\"width: 30.75%; height: 365px;\"><iframe loading=\"lazy\" src=\"https:\/\/drive.google.com\/file\/d\/1ZcDDz57H5_6T49sGcGdQmyN6DqYqcUqt\/preview\" width=\"320\" height=\"240\"><\/iframe><\/td>\n<\/tr>\n<tr style=\"height: 23px;\">\n<td style=\"width: 33.75%; height: 23px;\" colspan=\"3\">Del 14 al 17 d&#8217;octubre hem tingut l&#8217;honor d&#8217;acollir 30 estudiants i 6 mestres de l&#8217;\u00c9cole \u00e9l\u00e8mentaire publique Jean Rostand de Riom (Fran\u00e7a)!\n<p>Vam gaudir d&#8217;una acollida inoblidable amb una mostra de la nostra rica cultura popular catalana: sardanes, ball de bastons, ball franc\u00e8s i ball de cascabells.<\/p>\n<p>Ha estat una experi\u00e8ncia fant\u00e0stica, refor\u00e7ant els lla\u00e7os entre cultures, per a tota l&#8217;escola i en concret per a l&#8217;alumnat de 5\u00e8 que ha compartit amb ells i elles tota la resta de moments i activitats.<\/p>\n<p>Volem donar les gr\u00e0cies a l&#8217;Associaci\u00f3 Ara i Sempre, al centre Municipal de cultura popular de Sant Andreu i al Petit Ballet de Barcelona per la cessi\u00f3 de vestuari i l&#8217;ajuda en els assajos. Sou genials!<\/p>\n<\/td>\n<\/tr>\n<\/tbody>\n<\/table>\n<h2>\u00a0<\/h2>\n<h2>CURS 24-25<\/h2>\n<table style=\"border-collapse: collapse; background-color: #10c7a5;\">\n<tbody>\n<tr style=\"height: 72px;\">\n<td style=\"width: 50%; height: 72px;\" colspan=\"2\"><img loading=\"lazy\" decoding=\"async\" class=\"aligncenter wp-image-3766\" src=\"https:\/\/agora.xtec.cat\/ceiplacaixa\/wp-content\/uploads\/usu1455\/2025\/01\/Jobshadowing-greece.png\" alt=\"\" width=\"252\" height=\"135\" srcset=\"https:\/\/agora.xtec.cat\/ceiplacaixa\/wp-content\/uploads\/usu1455\/2025\/01\/Jobshadowing-greece.png 397w, https:\/\/agora.xtec.cat\/ceiplacaixa\/wp-content\/uploads\/usu1455\/2025\/01\/Jobshadowing-greece-300x161.png 300w\" sizes=\"auto, (max-width: 252px) 100vw, 252px\" \/><\/td>\n<\/tr>\n<tr>\n<td style=\"width: 50%;\"><img loading=\"lazy\" decoding=\"async\" class=\"aligncenter wp-image-3759\" src=\"https:\/\/agora.xtec.cat\/ceiplacaixa\/wp-content\/uploads\/usu1455\/2025\/01\/4-1024x1024.png\" alt=\"\" width=\"292\" height=\"292\" srcset=\"https:\/\/agora.xtec.cat\/ceiplacaixa\/wp-content\/uploads\/usu1455\/2025\/01\/4-1024x1024.png 1024w, https:\/\/agora.xtec.cat\/ceiplacaixa\/wp-content\/uploads\/usu1455\/2025\/01\/4-300x300.png 300w, https:\/\/agora.xtec.cat\/ceiplacaixa\/wp-content\/uploads\/usu1455\/2025\/01\/4-150x150.png 150w, https:\/\/agora.xtec.cat\/ceiplacaixa\/wp-content\/uploads\/usu1455\/2025\/01\/4-768x768.png 768w, https:\/\/agora.xtec.cat\/ceiplacaixa\/wp-content\/uploads\/usu1455\/2025\/01\/4.png 1080w\" sizes=\"auto, (max-width: 292px) 100vw, 292px\" \/><img loading=\"lazy\" decoding=\"async\" class=\"aligncenter wp-image-3760\" src=\"https:\/\/agora.xtec.cat\/ceiplacaixa\/wp-content\/uploads\/usu1455\/2025\/01\/5-1024x1024.png\" alt=\"\" width=\"331\" height=\"331\" \/><\/td>\n<td style=\"width: 50%;\"><img loading=\"lazy\" decoding=\"async\" class=\"aligncenter size-large wp-image-3761\" src=\"https:\/\/agora.xtec.cat\/ceiplacaixa\/wp-content\/uploads\/usu1455\/2025\/01\/6-1024x1024.png\" alt=\"\" width=\"1024\" height=\"1024\" srcset=\"https:\/\/agora.xtec.cat\/ceiplacaixa\/wp-content\/uploads\/usu1455\/2025\/01\/6-1024x1024.png 1024w, https:\/\/agora.xtec.cat\/ceiplacaixa\/wp-content\/uploads\/usu1455\/2025\/01\/6-300x300.png 300w, https:\/\/agora.xtec.cat\/ceiplacaixa\/wp-content\/uploads\/usu1455\/2025\/01\/6-150x150.png 150w, https:\/\/agora.xtec.cat\/ceiplacaixa\/wp-content\/uploads\/usu1455\/2025\/01\/6-768x768.png 768w, https:\/\/agora.xtec.cat\/ceiplacaixa\/wp-content\/uploads\/usu1455\/2025\/01\/6.png 1080w\" sizes=\"auto, (max-width: 1024px) 100vw, 1024px\" \/><\/td>\n<\/tr>\n<\/tbody>\n<\/table>\n<h2>CURS 23-24<\/h2>\n<p>Aquest curs hem tingut l&#8217;honor d&#8217;ajudar a portar a terme el projecte de dues escoles Europees.<\/p>\n<p>El curs passat, amb el nostre projecte &#8220;Let&#8217;s make a circle&#8221;, vam treballar conjuntament amb l&#8217;escola de Fran\u00e7a i, amb un grup d&#8217;alumnes, vam anar a visitar-la. Hem continuat el contacte i aquest curs han estat ells qui han vingut a con\u00e8ixer-nos i veure com treballem a prim\u00e0ria.<\/p>\n<p>Gr\u00e0cies tamb\u00e9 al pert\u00e0nyer a la comunitat ERASMUS hem conegut a l&#8217;escola grega d&#8217;Aigeira i els seus mestres han realitzat una visita preparat\u00f2ria per acabar de detallar totes les activitats que els seus alumnes realitzaran conjuntament quan ens vinguin a veure d&#8217;aqu\u00ed poc.<\/p>\n<table style=\"width: 100%; border-collapse: collapse; background-color: #10c7a5; height: 835px;\">\n<tbody>\n<tr style=\"background-color: #fafafa;\">\n<td style=\"width: 50%; height: 226px;\"><img loading=\"lazy\" decoding=\"async\" class=\"aligncenter size-full wp-image-3430\" src=\"https:\/\/agora.xtec.cat\/ceiplacaixa\/wp-content\/uploads\/usu1455\/2024\/04\/jobshadowing_france.png\" alt=\"\" width=\"411\" height=\"196\" srcset=\"https:\/\/agora.xtec.cat\/ceiplacaixa\/wp-content\/uploads\/usu1455\/2024\/04\/jobshadowing_france.png 411w, https:\/\/agora.xtec.cat\/ceiplacaixa\/wp-content\/uploads\/usu1455\/2024\/04\/jobshadowing_france-300x143.png 300w\" sizes=\"auto, (max-width: 411px) 100vw, 411px\" \/><\/td>\n<td style=\"width: 50%; height: 226px;\"><a href=\"https:\/\/agora.xtec.cat\/ceiplacaixa\/projecte-educatiu\/erasmus\/participacio-amb-projectes-daltres-escoles-europees\/aigeira\/\"><img loading=\"lazy\" decoding=\"async\" class=\"aligncenter size-full wp-image-3431\" src=\"https:\/\/agora.xtec.cat\/ceiplacaixa\/wp-content\/uploads\/usu1455\/2024\/04\/KA122_aigeira.png\" alt=\"\" width=\"411\" height=\"210\" srcset=\"https:\/\/agora.xtec.cat\/ceiplacaixa\/wp-content\/uploads\/usu1455\/2024\/04\/KA122_aigeira.png 411w, https:\/\/agora.xtec.cat\/ceiplacaixa\/wp-content\/uploads\/usu1455\/2024\/04\/KA122_aigeira-300x153.png 300w\" sizes=\"auto, (max-width: 411px) 100vw, 411px\" \/><\/a><\/td>\n<\/tr>\n<tr style=\"background-color: #fafafa;\">\n<td style=\"width: 50%; height: 537px;\"><img loading=\"lazy\" decoding=\"async\" class=\"aligncenter wp-image-3437\" src=\"https:\/\/agora.xtec.cat\/ceiplacaixa\/wp-content\/uploads\/usu1455\/2024\/04\/jobshadowing_france3.png\" alt=\"\" width=\"270\" height=\"271\" srcset=\"https:\/\/agora.xtec.cat\/ceiplacaixa\/wp-content\/uploads\/usu1455\/2024\/04\/jobshadowing_france3.png 531w, https:\/\/agora.xtec.cat\/ceiplacaixa\/wp-content\/uploads\/usu1455\/2024\/04\/jobshadowing_france3-300x300.png 300w, https:\/\/agora.xtec.cat\/ceiplacaixa\/wp-content\/uploads\/usu1455\/2024\/04\/jobshadowing_france3-150x150.png 150w\" sizes=\"auto, (max-width: 270px) 100vw, 270px\" \/><img loading=\"lazy\" decoding=\"async\" class=\"aligncenter wp-image-3438\" src=\"https:\/\/agora.xtec.cat\/ceiplacaixa\/wp-content\/uploads\/usu1455\/2024\/04\/jobshadowing_france2.png\" alt=\"\" width=\"303\" height=\"215\" srcset=\"https:\/\/agora.xtec.cat\/ceiplacaixa\/wp-content\/uploads\/usu1455\/2024\/04\/jobshadowing_france2.png 503w, https:\/\/agora.xtec.cat\/ceiplacaixa\/wp-content\/uploads\/usu1455\/2024\/04\/jobshadowing_france2-300x213.png 300w\" sizes=\"auto, (max-width: 303px) 100vw, 303px\" \/><\/td>\n<td style=\"width: 50%; height: 537px;\"><img loading=\"lazy\" decoding=\"async\" class=\"wp-image-3436 aligncenter\" src=\"https:\/\/agora.xtec.cat\/ceiplacaixa\/wp-content\/uploads\/usu1455\/2024\/04\/2-1.png\" alt=\"\" width=\"444\" height=\"444\" srcset=\"https:\/\/agora.xtec.cat\/ceiplacaixa\/wp-content\/uploads\/usu1455\/2024\/04\/2-1.png 270w, https:\/\/agora.xtec.cat\/ceiplacaixa\/wp-content\/uploads\/usu1455\/2024\/04\/2-1-150x150.png 150w\" sizes=\"auto, (max-width: 444px) 100vw, 444px\" \/><\/td>\n<\/tr>\n<\/tbody>\n<\/table>\n<table style=\"width: 100%; border-collapse: collapse; border-style: double; border-color: #000000; background-color: #c2e3ff; height: 463px;\">\n<tbody>\n<tr style=\"height: 212px;\">\n<td style=\"width: 35.8491%; border-style: solid; border-color: #000000; height: 212px;\">\n<figure><img loading=\"lazy\" decoding=\"async\" class=\"aligncenter wp-image-2058\" src=\"https:\/\/agora.xtec.cat\/ceiplacaixa\/wp-content\/uploads\/usu1455\/2022\/10\/es_v_cofinanciado_por_la_union_europea_pos.png\" alt=\"\" width=\"192\" height=\"195\" srcset=\"https:\/\/agora.xtec.cat\/ceiplacaixa\/wp-content\/uploads\/usu1455\/2022\/10\/es_v_cofinanciado_por_la_union_europea_pos.png 910w, https:\/\/agora.xtec.cat\/ceiplacaixa\/wp-content\/uploads\/usu1455\/2022\/10\/es_v_cofinanciado_por_la_union_europea_pos-296x300.png 296w, https:\/\/agora.xtec.cat\/ceiplacaixa\/wp-content\/uploads\/usu1455\/2022\/10\/es_v_cofinanciado_por_la_union_europea_pos-768x778.png 768w\" sizes=\"auto, (max-width: 192px) 100vw, 192px\" \/><\/figure>\n<\/td>\n<td style=\"width: 64.1509%; border-style: solid; border-color: #000000; height: 212px;\">El projecte &#8220;Seeds of change&#8221; est\u00e0 cofinan\u00e7at pel programa Erasmus+ de la Uni\u00f3 Europea. El contingut d&#8217;aquesta publicaci\u00f3 es responsabilitat exclusiva de l&#8217;escola La Caixa i ni la Comissi\u00f3 Europea, ni el Servei Espanyol per la Internacionalitzaci\u00f3 de la Educaci\u00f3 (SEPIE) s\u00f3n responsables de l&#8217;\u00fas que pugui fer-se de la informaci\u00f3 aqu\u00ed difosa.<\/td>\n<\/tr>\n<tr style=\"height: 251px;\">\n<td style=\"width: 100%; border-style: solid; border-color: #000000; height: 251px;\" colspan=\"2\">\n<h3 style=\"text-align: center;\">Informa&#8217;t m\u00e9s sobre ERASMUS+ al web del SEPIE<\/h3>\n<figure><a href=\"http:\/\/sepie.es\/\"><img loading=\"lazy\" decoding=\"async\" class=\"aligncenter size-full wp-image-2060\" src=\"https:\/\/agora.xtec.cat\/ceiplacaixa\/wp-content\/uploads\/usu1455\/2022\/10\/SEPIE_erasmus_plus.gif\" alt=\"\" width=\"400\" height=\"148\" \/><\/a><\/figure>\n<\/td>\n<\/tr>\n<\/tbody>\n<\/table>\n\n\n<p><\/p>\n","protected":false},"excerpt":{"rendered":"<p>CURS 25-26 Del 14 al 17 d&#8217;octubre hem tingut l&#8217;honor d&#8217;acollir 30 estudiants i 6 mestres de l&#8217;\u00c9cole \u00e9l\u00e8mentaire publique Jean Rostand de Riom (Fran\u00e7a)! Vam gaudir d&#8217;una acollida inoblidable amb una mostra de la nostra rica cultura popular catalana: sardanes, ball de bastons, ball franc\u00e8s i ball de cascabells. Ha estat una experi\u00e8ncia fant\u00e0stica, [&hellip;]<\/p>\n","protected":false},"author":3,"featured_media":0,"parent":2057,"menu_order":40,"comment_status":"closed","ping_status":"closed","template":"","meta":{"_bbp_topic_count":0,"_bbp_reply_count":0,"_bbp_total_topic_count":0,"_bbp_total_reply_count":0,"_bbp_voice_count":0,"_bbp_anonymous_reply_count":0,"_bbp_topic_count_hidden":0,"_bbp_reply_count_hidden":0,"_bbp_forum_subforum_count":0,"site-sidebar-layout":"default","site-content-layout":"","ast-site-content-layout":"default","site-content-style":"default","site-sidebar-style":"default","ast-global-header-display":"","ast-banner-title-visibility":"","ast-main-header-display":"","ast-hfb-above-header-display":"","ast-hfb-below-header-display":"","ast-hfb-mobile-header-display":"","site-post-title":"","ast-breadcrumbs-content":"","ast-featured-img":"","footer-sml-layout":"","theme-transparent-header-meta":"","adv-header-id-meta":"","stick-header-meta":"","header-above-stick-meta":"","header-main-stick-meta":"","header-below-stick-meta":"","astra-migrate-meta-layouts":"set","ast-page-background-enabled":"default","ast-page-background-meta":{"desktop":{"background-color":"var(--ast-global-color-4)","background-image":"","background-repeat":"repeat","background-position":"center center","background-size":"auto","background-attachment":"scroll","background-type":"","background-media":"","overlay-type":"","overlay-color":"","overlay-opacity":"","overlay-gradient":""},"tablet":{"background-color":"","background-image":"","background-repeat":"repeat","background-position":"center center","background-size":"auto","background-attachment":"scroll","background-type":"","background-media":"","overlay-type":"","overlay-color":"","overlay-opacity":"","overlay-gradient":""},"mobile":{"background-color":"","background-image":"","background-repeat":"repeat","background-position":"center center","background-size":"auto","background-attachment":"scroll","background-type":"","background-media":"","overlay-type":"","overlay-color":"","overlay-opacity":"","overlay-gradient":""}},"ast-content-background-meta":{"desktop":{"background-color":"var(--ast-global-color-5)","background-image":"","background-repeat":"repeat","background-position":"center center","background-size":"auto","background-attachment":"scroll","background-type":"","background-media":"","overlay-type":"","overlay-color":"","overlay-opacity":"","overlay-gradient":""},"tablet":{"background-color":"var(--ast-global-color-5)","background-image":"","background-repeat":"repeat","background-position":"center center","background-size":"auto","background-attachment":"scroll","background-type":"","background-media":"","overlay-type":"","overlay-color":"","overlay-opacity":"","overlay-gradient":""},"mobile":{"background-color":"var(--ast-global-color-5)","background-image":"","background-repeat":"repeat","background-position":"center center","background-size":"auto","background-attachment":"scroll","background-type":"","background-media":"","overlay-type":"","overlay-color":"","overlay-opacity":"","overlay-gradient":""}},"footnotes":""},"class_list":["post-3433","page","type-page","status-publish","hentry"],"post_mailing_queue_ids":[],"_links":{"self":[{"href":"https:\/\/agora.xtec.cat\/ceiplacaixa\/wp-json\/wp\/v2\/pages\/3433","targetHints":{"allow":["GET"]}}],"collection":[{"href":"https:\/\/agora.xtec.cat\/ceiplacaixa\/wp-json\/wp\/v2\/pages"}],"about":[{"href":"https:\/\/agora.xtec.cat\/ceiplacaixa\/wp-json\/wp\/v2\/types\/page"}],"author":[{"embeddable":true,"href":"https:\/\/agora.xtec.cat\/ceiplacaixa\/wp-json\/wp\/v2\/users\/3"}],"replies":[{"embeddable":true,"href":"https:\/\/agora.xtec.cat\/ceiplacaixa\/wp-json\/wp\/v2\/comments?post=3433"}],"version-history":[{"count":6,"href":"https:\/\/agora.xtec.cat\/ceiplacaixa\/wp-json\/wp\/v2\/pages\/3433\/revisions"}],"predecessor-version":[{"id":4511,"href":"https:\/\/agora.xtec.cat\/ceiplacaixa\/wp-json\/wp\/v2\/pages\/3433\/revisions\/4511"}],"up":[{"embeddable":true,"href":"https:\/\/agora.xtec.cat\/ceiplacaixa\/wp-json\/wp\/v2\/pages\/2057"}],"wp:attachment":[{"href":"https:\/\/agora.xtec.cat\/ceiplacaixa\/wp-json\/wp\/v2\/media?parent=3433"}],"curies":[{"name":"wp","href":"https:\/\/api.w.org\/{rel}","templated":true}]}}