{"id":3408,"date":"2024-04-22T13:36:12","date_gmt":"2024-04-22T11:36:12","guid":{"rendered":"https:\/\/agora.xtec.cat\/ceiplacaixa\/?page_id=3408"},"modified":"2026-01-12T13:34:53","modified_gmt":"2026-01-12T12:34:53","slug":"activitats-erasmus","status":"publish","type":"page","link":"https:\/\/agora.xtec.cat\/ceiplacaixa\/projecte-educatiu\/erasmus\/lets-make-a-circle-2022-2023\/activitats-erasmus\/","title":{"rendered":"Activitats Erasmus"},"content":{"rendered":"<table style=\"border-collapse: collapse; width: 100%;\">\n<tbody>\n<tr>\n<td style=\"width: 99.9999%; text-align: center;\" colspan=\"3\">\n<h4><a href=\"https:\/\/agora.xtec.cat\/ceiplacaixa\/primaria\/lets-get-started\/\"><span class=\"css-901oao css-16my406 r-poiln3 r-bcqeeo r-qvutc0\">LET&#8217;S GET STARTED!<\/span><\/a><\/h4>\n<\/td>\n<\/tr>\n<tr>\n<td style=\"width: 33.3333%;\"><span class=\"css-901oao css-16my406 r-poiln3 r-bcqeeo r-qvutc0\">Hem donat el tret de sortida al nostre projecte Erasmus+ \u201cLet\u2019s make a circle\u201d a 6\u00e8 fent una videotrucada amb les escoles de Fran\u00e7a i Gr\u00e8cia.<\/span><\/td>\n<td style=\"width: 33.3333%;\"><img loading=\"lazy\" decoding=\"async\" class=\"aligncenter wp-image-3414\" src=\"https:\/\/agora.xtec.cat\/ceiplacaixa\/wp-content\/uploads\/usu1455\/2024\/04\/lets-get-started-2.jpg\" alt=\"\" width=\"259\" height=\"255\" srcset=\"https:\/\/agora.xtec.cat\/ceiplacaixa\/wp-content\/uploads\/usu1455\/2024\/04\/lets-get-started-2.jpg 1024w, https:\/\/agora.xtec.cat\/ceiplacaixa\/wp-content\/uploads\/usu1455\/2024\/04\/lets-get-started-2-300x296.jpg 300w, https:\/\/agora.xtec.cat\/ceiplacaixa\/wp-content\/uploads\/usu1455\/2024\/04\/lets-get-started-2-768x758.jpg 768w\" sizes=\"auto, (max-width: 259px) 100vw, 259px\" \/><\/td>\n<td style=\"width: 33.3333%;\"><img loading=\"lazy\" decoding=\"async\" class=\"aligncenter wp-image-3415\" src=\"https:\/\/agora.xtec.cat\/ceiplacaixa\/wp-content\/uploads\/usu1455\/2024\/04\/lets-get-started-1.jpg\" alt=\"\" width=\"164\" height=\"258\" srcset=\"https:\/\/agora.xtec.cat\/ceiplacaixa\/wp-content\/uploads\/usu1455\/2024\/04\/lets-get-started-1.jpg 652w, https:\/\/agora.xtec.cat\/ceiplacaixa\/wp-content\/uploads\/usu1455\/2024\/04\/lets-get-started-1-191x300.jpg 191w\" sizes=\"auto, (max-width: 164px) 100vw, 164px\" \/><\/td>\n<\/tr>\n<tr>\n<td style=\"width: 99.9999%; text-align: center;\" colspan=\"3\">\n<h4><a href=\"https:\/\/agora.xtec.cat\/ceiplacaixa\/primaria\/taller-tanquem-el-cicle\/\">TALLER &#8211; TANQUEM EL CICLE<\/a><\/h4>\n<\/td>\n<\/tr>\n<tr>\n<td style=\"width: 33.3333%;\">The 6th grade students have participated in a workshop where they learned how to reduce, reuse and recycle. Moving ahead with our Erasmus project!<\/td>\n<td style=\"width: 33.3333%;\"><img loading=\"lazy\" decoding=\"async\" class=\"aligncenter wp-image-3413\" src=\"https:\/\/agora.xtec.cat\/ceiplacaixa\/wp-content\/uploads\/usu1455\/2024\/04\/Tanquem-el-cicle-2.jpg\" alt=\"\" width=\"277\" height=\"232\" srcset=\"https:\/\/agora.xtec.cat\/ceiplacaixa\/wp-content\/uploads\/usu1455\/2024\/04\/Tanquem-el-cicle-2.jpg 1024w, https:\/\/agora.xtec.cat\/ceiplacaixa\/wp-content\/uploads\/usu1455\/2024\/04\/Tanquem-el-cicle-2-300x250.jpg 300w, https:\/\/agora.xtec.cat\/ceiplacaixa\/wp-content\/uploads\/usu1455\/2024\/04\/Tanquem-el-cicle-2-768x644.jpg 768w\" sizes=\"auto, (max-width: 277px) 100vw, 277px\" \/><\/td>\n<td style=\"width: 33.3333%;\"><img loading=\"lazy\" decoding=\"async\" class=\"aligncenter wp-image-3409\" src=\"https:\/\/agora.xtec.cat\/ceiplacaixa\/wp-content\/uploads\/usu1455\/2024\/04\/Tanquem-el-cicle-1.jpg\" alt=\"\" width=\"114\" height=\"239\" srcset=\"https:\/\/agora.xtec.cat\/ceiplacaixa\/wp-content\/uploads\/usu1455\/2024\/04\/Tanquem-el-cicle-1.jpg 489w, https:\/\/agora.xtec.cat\/ceiplacaixa\/wp-content\/uploads\/usu1455\/2024\/04\/Tanquem-el-cicle-1-143x300.jpg 143w\" sizes=\"auto, (max-width: 114px) 100vw, 114px\" \/><\/td>\n<\/tr>\n<tr>\n<td style=\"width: 33.3333%;\" colspan=\"3\">\n<h4 style=\"text-align: center;\">TALLER NETEGEM L&#8217;AIGUA<\/h4>\n<\/td>\n<\/tr>\n<tr>\n<td style=\"width: 33.3333%;\"><span style=\"font-weight: 400;\">Water treatment!\u00a0 The pupils of 6th grade have participated in a workshop where they learned how to purify water. Let\u2019s promote responsible consumption!<\/span>\n<p><span style=\"font-weight: 400;\">We will share the experience with our Erasmus project collegues!<\/span><\/p>\n<\/td>\n<td style=\"width: 33.3333%;\"><img loading=\"lazy\" decoding=\"async\" class=\"aligncenter wp-image-3422\" src=\"https:\/\/agora.xtec.cat\/ceiplacaixa\/wp-content\/uploads\/usu1455\/2024\/04\/netegem-laigua.png\" alt=\"\" width=\"239\" height=\"255\" srcset=\"https:\/\/agora.xtec.cat\/ceiplacaixa\/wp-content\/uploads\/usu1455\/2024\/04\/netegem-laigua.png 425w, https:\/\/agora.xtec.cat\/ceiplacaixa\/wp-content\/uploads\/usu1455\/2024\/04\/netegem-laigua-281x300.png 281w\" sizes=\"auto, (max-width: 239px) 100vw, 239px\" \/><\/td>\n<td style=\"width: 33.3333%;\"><img loading=\"lazy\" decoding=\"async\" class=\"aligncenter wp-image-3423\" src=\"https:\/\/agora.xtec.cat\/ceiplacaixa\/wp-content\/uploads\/usu1455\/2024\/04\/netegem-laigua2.png\" alt=\"\" width=\"240\" height=\"258\" srcset=\"https:\/\/agora.xtec.cat\/ceiplacaixa\/wp-content\/uploads\/usu1455\/2024\/04\/netegem-laigua2.png 366w, https:\/\/agora.xtec.cat\/ceiplacaixa\/wp-content\/uploads\/usu1455\/2024\/04\/netegem-laigua2-279x300.png 279w\" sizes=\"auto, (max-width: 240px) 100vw, 240px\" \/><\/td>\n<\/tr>\n<tr>\n<td style=\"width: 33.3333%;\" colspan=\"3\">\n<h4 style=\"text-align: center;\">BOC&#8217;N&#8217;ROLLS<\/h4>\n<\/td>\n<\/tr>\n<tr>\n<td style=\"width: 33.3333%;\"><span style=\"font-weight: 400;\">Els grans de l\u2019escola han rebut un embolcall reutilitzable i sostenible. Continuem amb el nostre cam\u00ed per ser una escola + sostenible.<\/span><\/td>\n<td style=\"width: 33.3333%;\"><img loading=\"lazy\" decoding=\"async\" class=\"aligncenter size-full wp-image-3425\" src=\"https:\/\/agora.xtec.cat\/ceiplacaixa\/wp-content\/uploads\/usu1455\/2024\/04\/ERASMUS-K122-1.png\" alt=\"\" width=\"500\" height=\"354\" srcset=\"https:\/\/agora.xtec.cat\/ceiplacaixa\/wp-content\/uploads\/usu1455\/2024\/04\/ERASMUS-K122-1.png 500w, https:\/\/agora.xtec.cat\/ceiplacaixa\/wp-content\/uploads\/usu1455\/2024\/04\/ERASMUS-K122-1-300x212.png 300w\" sizes=\"auto, (max-width: 500px) 100vw, 500px\" \/><\/td>\n<td style=\"width: 33.3333%;\">\u00a0<\/td>\n<\/tr>\n<\/tbody>\n<\/table>\n<table style=\"border-collapse: collapse; width: 100%;\">\n<tbody>\n<tr>\n<td style=\"width: 99.9999%;\" colspan=\"3\">\n<h4 style=\"text-align: center;\">FLIPGRID<\/h4>\n<\/td>\n<\/tr>\n<tr>\n<td style=\"width: 99.9999%;\" colspan=\"3\">\n<p style=\"text-align: center;\"><strong>Here there are some examples of the activities we have carried out with the children from the schools of Halluin and Chios through Flipgrid.<\/strong><\/p>\n<\/td>\n<\/tr>\n<tr>\n<td style=\"width: 33.3333%;\">\n<p style=\"font-family: 'Helvetica Neue', Helvetica, Helvetica, Arial, sans-serif; font-size: 14px;\">1. MY PHOTO, THE 17 SUSTAINABLE GOALS<\/p>\n<p style=\"font-family: 'Helvetica Neue', Helvetica, Helvetica, Arial, sans-serif; font-size: 14px;\">After introducing the 17 sustainable goals for the United Nations in class\u00a0<a href=\"https:\/\/sdgs.un.org\/goals\" rel=\"noreferrer noopener\">https:\/\/sdgs.un.org\/goals<\/a>\u00a0, look for a sustainable or sustainable action photo. Then introduce yourself \u201cname, age, nationality, interests\u2026\u201d and share why have you chosen that photo and which sustainable goal represents.<\/p>\n<p>\u00a0<\/p>\n<\/td>\n<td style=\"width: 33.3333%;\"><img loading=\"lazy\" decoding=\"async\" class=\"aligncenter wp-image-3417\" src=\"https:\/\/agora.xtec.cat\/ceiplacaixa\/wp-content\/uploads\/usu1455\/2024\/04\/4-1.png\" alt=\"\" width=\"292\" height=\"207\" srcset=\"https:\/\/agora.xtec.cat\/ceiplacaixa\/wp-content\/uploads\/usu1455\/2024\/04\/4-1.png 500w, https:\/\/agora.xtec.cat\/ceiplacaixa\/wp-content\/uploads\/usu1455\/2024\/04\/4-1-300x212.png 300w\" sizes=\"auto, (max-width: 292px) 100vw, 292px\" \/><img loading=\"lazy\" decoding=\"async\" class=\"aligncenter wp-image-3418\" src=\"https:\/\/agora.xtec.cat\/ceiplacaixa\/wp-content\/uploads\/usu1455\/2024\/04\/5.png\" alt=\"\" width=\"307\" height=\"217\" srcset=\"https:\/\/agora.xtec.cat\/ceiplacaixa\/wp-content\/uploads\/usu1455\/2024\/04\/5.png 500w, https:\/\/agora.xtec.cat\/ceiplacaixa\/wp-content\/uploads\/usu1455\/2024\/04\/5-300x212.png 300w\" sizes=\"auto, (max-width: 307px) 100vw, 307px\" \/><\/td>\n<td style=\"width: 33.3333%;\">\n<p style=\"font-family: 'Helvetica Neue', Helvetica, Helvetica, Arial, sans-serif; font-size: 14px;\">2. THE STORY\/SONG<\/p>\n<p style=\"font-family: 'Helvetica Neue', Helvetica, Helvetica, Arial, sans-serif; font-size: 14px;\">Find or create a story\/song about climate change. Then share it with your colleagues here! \ud83d\ude42<\/p>\n<\/td>\n<\/tr>\n<tr>\n<td style=\"width: 33.3333%;\"><span style=\"background-color: #f9f9f9;\">3. WARMING WATER IN OUR SEAS<\/span>\n<p><span style=\"background-color: #f9f9f9;\">Find out how warming water contributes to rising sea levels and why that is dangerous \u201cFrance can talk about Atlantic ocean temperature, Spain about the Mediterranean sea and Greece about the Aegean sea<\/span><strong><br \/><\/strong><\/p>\n<\/td>\n<td style=\"width: 33.3333%;\">\n<p style=\"font-family: 'Helvetica Neue', Helvetica, Helvetica, Arial, sans-serif; font-size: 14px;\">4. CLIMATE CHANGE IMPACT: AIR &amp; SEA POLLUTION<\/p>\n<p>Here you will have take or look for a photo that shows the climate change impact in your country.<\/p>\n<p>Then, you can share it with us and you can talk about the pollution of the sea\/air that caused this change.<\/p>\n<\/td>\n<td style=\"width: 33.3333%;\">5. MAKE YOUR POSTER \/ LEAFLET TO FLIGHT THE CLIMATE CHANGE\n<p>Make a poster or a leaflet on the canva platform calling for the actions you want your leaders to do in order to stop the climate change.<\/p>\n<p>To make it, you can use the 4 challenges that we have already completed on flipgrid.<\/p>\n<\/td>\n<\/tr>\n<\/tbody>\n<\/table>\n<p>\u00a0<\/p>\n<table style=\"width: 100%; border-collapse: collapse; border-style: double; border-color: #000000; background-color: #c2e3ff; height: 463px;\">\n<tbody>\n<tr style=\"height: 212px;\">\n<td style=\"width: 35.8491%; border-style: solid; border-color: #000000; height: 212px;\">\n<figure><img loading=\"lazy\" decoding=\"async\" class=\"aligncenter wp-image-2058\" src=\"https:\/\/agora.xtec.cat\/ceiplacaixa\/wp-content\/uploads\/usu1455\/2022\/10\/es_v_cofinanciado_por_la_union_europea_pos.png\" alt=\"\" width=\"192\" height=\"195\" srcset=\"https:\/\/agora.xtec.cat\/ceiplacaixa\/wp-content\/uploads\/usu1455\/2022\/10\/es_v_cofinanciado_por_la_union_europea_pos.png 910w, https:\/\/agora.xtec.cat\/ceiplacaixa\/wp-content\/uploads\/usu1455\/2022\/10\/es_v_cofinanciado_por_la_union_europea_pos-296x300.png 296w, https:\/\/agora.xtec.cat\/ceiplacaixa\/wp-content\/uploads\/usu1455\/2022\/10\/es_v_cofinanciado_por_la_union_europea_pos-768x778.png 768w\" sizes=\"auto, (max-width: 192px) 100vw, 192px\" \/><\/figure>\n<\/td>\n<td style=\"width: 64.1509%; border-style: solid; border-color: #000000; height: 212px;\">El projecte &#8220;Seeds of change&#8221; est\u00e0 cofinan\u00e7at pel programa Erasmus+ de la Uni\u00f3 Europea. El contingut d&#8217;aquesta publicaci\u00f3 es responsabilitat exclusiva de l&#8217;escola La Caixa i ni la Comissi\u00f3 Europea, ni el Servei Espanyol per la Internacionalitzaci\u00f3 de la Educaci\u00f3 (SEPIE) s\u00f3n responsables de l&#8217;\u00fas que pugui fer-se de la informaci\u00f3 aqu\u00ed difosa.<\/td>\n<\/tr>\n<tr style=\"height: 251px;\">\n<td style=\"width: 100%; border-style: solid; border-color: #000000; height: 251px;\" colspan=\"2\">\n<h3 style=\"text-align: center;\">Informa&#8217;t m\u00e9s sobre ERASMUS+ al web del SEPIE<\/h3>\n<figure><a href=\"http:\/\/sepie.es\/\"><img loading=\"lazy\" decoding=\"async\" class=\"aligncenter size-full wp-image-2060\" src=\"https:\/\/agora.xtec.cat\/ceiplacaixa\/wp-content\/uploads\/usu1455\/2022\/10\/SEPIE_erasmus_plus.gif\" alt=\"\" width=\"400\" height=\"148\" \/><\/a><\/figure>\n<\/td>\n<\/tr>\n<\/tbody>\n<\/table>\n\n\n<p><\/p>\n","protected":false},"excerpt":{"rendered":"<p>LET&#8217;S GET STARTED! Hem donat el tret de sortida al nostre projecte Erasmus+ \u201cLet\u2019s make a circle\u201d a 6\u00e8 fent una videotrucada amb les escoles de Fran\u00e7a i Gr\u00e8cia. TALLER &#8211; TANQUEM EL CICLE The 6th grade students have participated in a workshop where they learned how to reduce, reuse and recycle. Moving ahead with [&hellip;]<\/p>\n","protected":false},"author":3,"featured_media":0,"parent":3636,"menu_order":10,"comment_status":"closed","ping_status":"closed","template":"","meta":{"_bbp_topic_count":0,"_bbp_reply_count":0,"_bbp_total_topic_count":0,"_bbp_total_reply_count":0,"_bbp_voice_count":0,"_bbp_anonymous_reply_count":0,"_bbp_topic_count_hidden":0,"_bbp_reply_count_hidden":0,"_bbp_forum_subforum_count":0,"site-sidebar-layout":"default","site-content-layout":"","ast-site-content-layout":"default","site-content-style":"default","site-sidebar-style":"default","ast-global-header-display":"","ast-banner-title-visibility":"","ast-main-header-display":"","ast-hfb-above-header-display":"","ast-hfb-below-header-display":"","ast-hfb-mobile-header-display":"","site-post-title":"","ast-breadcrumbs-content":"","ast-featured-img":"","footer-sml-layout":"","theme-transparent-header-meta":"","adv-header-id-meta":"","stick-header-meta":"","header-above-stick-meta":"","header-main-stick-meta":"","header-below-stick-meta":"","astra-migrate-meta-layouts":"set","ast-page-background-enabled":"default","ast-page-background-meta":{"desktop":{"background-color":"var(--ast-global-color-4)","background-image":"","background-repeat":"repeat","background-position":"center center","background-size":"auto","background-attachment":"scroll","background-type":"","background-media":"","overlay-type":"","overlay-color":"","overlay-opacity":"","overlay-gradient":""},"tablet":{"background-color":"","background-image":"","background-repeat":"repeat","background-position":"center center","background-size":"auto","background-attachment":"scroll","background-type":"","background-media":"","overlay-type":"","overlay-color":"","overlay-opacity":"","overlay-gradient":""},"mobile":{"background-color":"","background-image":"","background-repeat":"repeat","background-position":"center center","background-size":"auto","background-attachment":"scroll","background-type":"","background-media":"","overlay-type":"","overlay-color":"","overlay-opacity":"","overlay-gradient":""}},"ast-content-background-meta":{"desktop":{"background-color":"var(--ast-global-color-5)","background-image":"","background-repeat":"repeat","background-position":"center center","background-size":"auto","background-attachment":"scroll","background-type":"","background-media":"","overlay-type":"","overlay-color":"","overlay-opacity":"","overlay-gradient":""},"tablet":{"background-color":"var(--ast-global-color-5)","background-image":"","background-repeat":"repeat","background-position":"center center","background-size":"auto","background-attachment":"scroll","background-type":"","background-media":"","overlay-type":"","overlay-color":"","overlay-opacity":"","overlay-gradient":""},"mobile":{"background-color":"var(--ast-global-color-5)","background-image":"","background-repeat":"repeat","background-position":"center center","background-size":"auto","background-attachment":"scroll","background-type":"","background-media":"","overlay-type":"","overlay-color":"","overlay-opacity":"","overlay-gradient":""}},"footnotes":""},"class_list":["post-3408","page","type-page","status-publish","hentry"],"post_mailing_queue_ids":[],"_links":{"self":[{"href":"https:\/\/agora.xtec.cat\/ceiplacaixa\/wp-json\/wp\/v2\/pages\/3408","targetHints":{"allow":["GET"]}}],"collection":[{"href":"https:\/\/agora.xtec.cat\/ceiplacaixa\/wp-json\/wp\/v2\/pages"}],"about":[{"href":"https:\/\/agora.xtec.cat\/ceiplacaixa\/wp-json\/wp\/v2\/types\/page"}],"author":[{"embeddable":true,"href":"https:\/\/agora.xtec.cat\/ceiplacaixa\/wp-json\/wp\/v2\/users\/3"}],"replies":[{"embeddable":true,"href":"https:\/\/agora.xtec.cat\/ceiplacaixa\/wp-json\/wp\/v2\/comments?post=3408"}],"version-history":[{"count":5,"href":"https:\/\/agora.xtec.cat\/ceiplacaixa\/wp-json\/wp\/v2\/pages\/3408\/revisions"}],"predecessor-version":[{"id":4515,"href":"https:\/\/agora.xtec.cat\/ceiplacaixa\/wp-json\/wp\/v2\/pages\/3408\/revisions\/4515"}],"up":[{"embeddable":true,"href":"https:\/\/agora.xtec.cat\/ceiplacaixa\/wp-json\/wp\/v2\/pages\/3636"}],"wp:attachment":[{"href":"https:\/\/agora.xtec.cat\/ceiplacaixa\/wp-json\/wp\/v2\/media?parent=3408"}],"curies":[{"name":"wp","href":"https:\/\/api.w.org\/{rel}","templated":true}]}}