{"id":32,"date":"2020-09-18T12:31:33","date_gmt":"2020-09-18T10:31:33","guid":{"rendered":"http:\/\/agora.xtec.cat\/ceiplacaixa\/?page_id=32"},"modified":"2025-06-25T13:42:47","modified_gmt":"2025-06-25T11:42:47","slug":"calendari-del-curs","status":"publish","type":"page","link":"https:\/\/agora.xtec.cat\/ceiplacaixa\/lescola\/calendari-del-curs\/","title":{"rendered":"Calendari del curs"},"content":{"rendered":"<h5>Descarrega&#8217;t el <a href=\"https:\/\/agora.xtec.cat\/ceiplacaixa\/projecte-educatiu\/recull-informatiu\/\">recull informatiu<\/a>, all\u00e0 trobar\u00e0s tota la informaci\u00f3 actualitzada referent al curs actual.<\/h5>\n<hr \/>\n<p>&nbsp;<\/p>\n<p><img loading=\"lazy\" decoding=\"async\" class=\"aligncenter size-large wp-image-4092\" src=\"https:\/\/agora.xtec.cat\/ceiplacaixa\/wp-content\/uploads\/usu1455\/2025\/06\/Captura-de-pantalla-2025-06-25-133823-1024x537.png\" alt=\"\" width=\"1024\" height=\"537\" srcset=\"https:\/\/agora.xtec.cat\/ceiplacaixa\/wp-content\/uploads\/usu1455\/2025\/06\/Captura-de-pantalla-2025-06-25-133823-1024x537.png 1024w, https:\/\/agora.xtec.cat\/ceiplacaixa\/wp-content\/uploads\/usu1455\/2025\/06\/Captura-de-pantalla-2025-06-25-133823-300x157.png 300w, https:\/\/agora.xtec.cat\/ceiplacaixa\/wp-content\/uploads\/usu1455\/2025\/06\/Captura-de-pantalla-2025-06-25-133823-768x403.png 768w, https:\/\/agora.xtec.cat\/ceiplacaixa\/wp-content\/uploads\/usu1455\/2025\/06\/Captura-de-pantalla-2025-06-25-133823.png 1144w\" sizes=\"auto, (max-width: 1024px) 100vw, 1024px\" \/><\/p>\n<table style=\"border-collapse: collapse; width: 100%; height: 426px;\">\n<tbody>\n<tr style=\"height: 365px;\">\n<td style=\"width: 50%; height: 365px;\" colspan=\"3\">\n<p style=\"font-family: 'Helvetica Neue', Helvetica, Helvetica, Arial, sans-serif; font-size: 16px;\">El curs s&#8217;iniciar\u00e0 el\u00a0<strong>8 de setembre de 2025<\/strong>\u00a0i finalitzar\u00e0 el\u00a0<strong>19 de juny de 2025<\/strong><\/p>\n<p>&nbsp;<\/p>\n<h4><strong>Jornada lectiva:<\/strong><\/h4>\n<p style=\"font-family: 'Helvetica Neue', Helvetica, Helvetica, Arial, sans-serif; font-size: 16px;\">L&#8217;horari lectiu del centre \u00e9s de\u00a0<strong>9h a 12:30h<\/strong>, i de\u00a0<strong>15h a 16:30h<\/strong>.<\/p>\n<p style=\"font-family: 'Helvetica Neue', Helvetica, Helvetica, Arial, sans-serif; font-size: 16px;\">Per a l&#8217;alumnat que inicia l\u2019escolaritzaci\u00f3 a I3 s\u2019organitza un breu per\u00edode d\u2019adaptaci\u00f3 que suposa una certa modificaci\u00f3 dels horaris dels primers dies de classe que es fa saber a les fam\u00edlies en les reunions pr\u00e8vies corresponents.<\/p>\n<\/td>\n<\/tr>\n<tr style=\"height: 51px;\">\n<td style=\"width: 50%; height: 51px;\">\n<h4><strong>Vacances:<\/strong><\/h4>\n<\/td>\n<td style=\"width: 25%; height: 51px;\">\n<h4><strong>Dies festius:<\/strong><\/h4>\n<\/td>\n<td style=\"width: 25%; height: 51px;\">\n<h4><strong>Dies de lliure disposici\u00f3:<\/strong><\/h4>\n<\/td>\n<\/tr>\n<tr style=\"height: 245px;\">\n<td style=\"width: 50%; height: 10px;\"><b>Nadal<\/b><span style=\"font-weight: 400;\">: del 20 de desembre al 7 de gener (ambd\u00f3s Inclosos)<\/span><\/p>\n<p><b>Setmana Santa<\/b><span style=\"font-weight: 400;\">: de 28 de mar\u00e7 al 6 d\u2019abril (ambd\u00f3s inclosos)<\/span><\/p>\n<p style=\"font-family: 'Helvetica Neue', Helvetica, Helvetica, Arial, sans-serif; font-size: 16px;\"><b>Estiu<\/b><span style=\"font-weight: 400;\">: a partir del 20 de juny<\/span><\/p>\n<\/td>\n<td style=\"width: 25%; height: 10px;\">\n<ul>\n<li style=\"font-weight: 400;\" aria-level=\"1\"><span style=\"font-weight: 400;\">Dijous, 11 de setembre<\/span><\/li>\n<li style=\"font-weight: 400;\" aria-level=\"1\"><span style=\"font-weight: 400;\">Dimecres, 24 de setembre<\/span><\/li>\n<li style=\"font-weight: 400;\" aria-level=\"1\"><span style=\"font-weight: 400;\">Dilluns, 8 de desembre<\/span><\/li>\n<li style=\"font-weight: 400;\" aria-level=\"1\"><span style=\"font-weight: 400;\">Divendres, 1 de maig<\/span><\/li>\n<li style=\"font-weight: 400;\" aria-level=\"1\"><span style=\"font-weight: 400;\">Dilluns, 25 de maig<\/span><\/li>\n<\/ul>\n<\/td>\n<td style=\"width: 25%; height: 10px;\">\n<ul>\n<li style=\"font-weight: 400;\" aria-level=\"1\"><span style=\"font-weight: 400;\">Divendres, 10 d\u2019octubre<\/span><\/li>\n<li style=\"font-weight: 400;\" aria-level=\"1\"><span style=\"font-weight: 400;\">Dilluns, 3 de novembre<\/span><\/li>\n<li style=\"font-weight: 400;\" aria-level=\"1\"><span style=\"font-weight: 400;\">Dilluns, 16 de mar\u00e7<\/span><\/li>\n<li style=\"font-weight: 400;\" aria-level=\"1\"><span style=\"font-weight: 400;\">Divendres, 22 de maig<\/span><\/li>\n<\/ul>\n<h4><strong>\u00a0<\/strong><\/h4>\n<\/td>\n<\/tr>\n<\/tbody>\n<\/table>\n<h4><\/h4>\n<h4><\/h4>\n","protected":false},"excerpt":{"rendered":"<p>Descarrega&#8217;t el recull informatiu, all\u00e0 trobar\u00e0s tota la informaci\u00f3 actualitzada referent al curs actual. &nbsp; El curs s&#8217;iniciar\u00e0 el\u00a08 de setembre de 2025\u00a0i finalitzar\u00e0 el\u00a019 de juny de 2025 &nbsp; Jornada lectiva: L&#8217;horari lectiu del centre \u00e9s de\u00a09h a 12:30h, i de\u00a015h a 16:30h. Per a l&#8217;alumnat que inicia l\u2019escolaritzaci\u00f3 a I3 s\u2019organitza un breu [&hellip;]<\/p>\n","protected":false},"author":1,"featured_media":0,"parent":22,"menu_order":50,"comment_status":"closed","ping_status":"closed","template":"page-templates\/side-menu.php","meta":{"_bbp_topic_count":0,"_bbp_reply_count":0,"_bbp_total_topic_count":0,"_bbp_total_reply_count":0,"_bbp_voice_count":0,"_bbp_anonymous_reply_count":0,"_bbp_topic_count_hidden":0,"_bbp_reply_count_hidden":0,"_bbp_forum_subforum_count":0,"site-sidebar-layout":"default","site-content-layout":"","ast-site-content-layout":"","site-content-style":"default","site-sidebar-style":"default","ast-global-header-display":"","ast-banner-title-visibility":"","ast-main-header-display":"","ast-hfb-above-header-display":"","ast-hfb-below-header-display":"","ast-hfb-mobile-header-display":"","site-post-title":"","ast-breadcrumbs-content":"","ast-featured-img":"","footer-sml-layout":"","theme-transparent-header-meta":"","adv-header-id-meta":"","stick-header-meta":"","header-above-stick-meta":"","header-main-stick-meta":"","header-below-stick-meta":"","astra-migrate-meta-layouts":"default","ast-page-background-enabled":"default","ast-page-background-meta":{"desktop":{"background-color":"var(--ast-global-color-4)","background-image":"","background-repeat":"repeat","background-position":"center center","background-size":"auto","background-attachment":"scroll","background-type":"","background-media":"","overlay-type":"","overlay-color":"","overlay-opacity":"","overlay-gradient":""},"tablet":{"background-color":"","background-image":"","background-repeat":"repeat","background-position":"center center","background-size":"auto","background-attachment":"scroll","background-type":"","background-media":"","overlay-type":"","overlay-color":"","overlay-opacity":"","overlay-gradient":""},"mobile":{"background-color":"","background-image":"","background-repeat":"repeat","background-position":"center center","background-size":"auto","background-attachment":"scroll","background-type":"","background-media":"","overlay-type":"","overlay-color":"","overlay-opacity":"","overlay-gradient":""}},"ast-content-background-meta":{"desktop":{"background-color":"var(--ast-global-color-5)","background-image":"","background-repeat":"repeat","background-position":"center center","background-size":"auto","background-attachment":"scroll","background-type":"","background-media":"","overlay-type":"","overlay-color":"","overlay-opacity":"","overlay-gradient":""},"tablet":{"background-color":"var(--ast-global-color-5)","background-image":"","background-repeat":"repeat","background-position":"center center","background-size":"auto","background-attachment":"scroll","background-type":"","background-media":"","overlay-type":"","overlay-color":"","overlay-opacity":"","overlay-gradient":""},"mobile":{"background-color":"var(--ast-global-color-5)","background-image":"","background-repeat":"repeat","background-position":"center center","background-size":"auto","background-attachment":"scroll","background-type":"","background-media":"","overlay-type":"","overlay-color":"","overlay-opacity":"","overlay-gradient":""}},"footnotes":""},"class_list":["post-32","page","type-page","status-publish","hentry"],"post_mailing_queue_ids":[],"_links":{"self":[{"href":"https:\/\/agora.xtec.cat\/ceiplacaixa\/wp-json\/wp\/v2\/pages\/32","targetHints":{"allow":["GET"]}}],"collection":[{"href":"https:\/\/agora.xtec.cat\/ceiplacaixa\/wp-json\/wp\/v2\/pages"}],"about":[{"href":"https:\/\/agora.xtec.cat\/ceiplacaixa\/wp-json\/wp\/v2\/types\/page"}],"author":[{"embeddable":true,"href":"https:\/\/agora.xtec.cat\/ceiplacaixa\/wp-json\/wp\/v2\/users\/1"}],"replies":[{"embeddable":true,"href":"https:\/\/agora.xtec.cat\/ceiplacaixa\/wp-json\/wp\/v2\/comments?post=32"}],"version-history":[{"count":7,"href":"https:\/\/agora.xtec.cat\/ceiplacaixa\/wp-json\/wp\/v2\/pages\/32\/revisions"}],"predecessor-version":[{"id":4094,"href":"https:\/\/agora.xtec.cat\/ceiplacaixa\/wp-json\/wp\/v2\/pages\/32\/revisions\/4094"}],"up":[{"embeddable":true,"href":"https:\/\/agora.xtec.cat\/ceiplacaixa\/wp-json\/wp\/v2\/pages\/22"}],"wp:attachment":[{"href":"https:\/\/agora.xtec.cat\/ceiplacaixa\/wp-json\/wp\/v2\/media?parent=32"}],"curies":[{"name":"wp","href":"https:\/\/api.w.org\/{rel}","templated":true}]}}