{"id":2716,"date":"2023-05-26T16:56:59","date_gmt":"2023-05-26T14:56:59","guid":{"rendered":"https:\/\/agora.xtec.cat\/ceiplacaixa\/?page_id=2716"},"modified":"2023-05-29T12:35:50","modified_gmt":"2023-05-29T10:35:50","slug":"concurs-de-receptes-desmorzars-saludables","status":"publish","type":"page","link":"https:\/\/agora.xtec.cat\/ceiplacaixa\/projecte-educatiu\/escoles-sostenibles\/concurs-de-receptes-desmorzars-saludables\/","title":{"rendered":"Concurs de Receptes d&#8217;Esmorzars Saludables"},"content":{"rendered":"<p>Aquest concurs va sorgir de les fam\u00edlies en una de les reunions de l&#8217;escola amb els delegats i delegades de fam\u00edlies. Tota la comunitat educativa estem caminant conjuntament per fer consci\u00e8ncia de la import\u00e0ncia d&#8217;un menjar m\u00e9s saludable. A m\u00e9s, aquest tipus de menjar sempre va de la m\u00e0 d&#8217;una reducci\u00f3 d&#8217;embolcalls d&#8217;un sol \u00fas.<\/p>\n<p>Volem donar les gr\u00e0cies a totes les fam\u00edlies i alumnes que han participat en aquest concurs. Gaudiu de totes les receptes, inspireu-vos en elles i esperem de tot cor que continueu compartint aquests moments amb els vostres fills i filles a casa cuinant conjuntament els seus esmorzars.<\/p>\n<table style=\"border-collapse: collapse; width: 100%;\">\n<tbody>\n<tr>\n<td style=\"width: 43.3285%;\"><img loading=\"lazy\" decoding=\"async\" class=\"aligncenter wp-image-2715\" style=\"font-size: 16px;\" src=\"https:\/\/agora.xtec.cat\/ceiplacaixa\/wp-content\/uploads\/usu1455\/2023\/05\/guanyadors_concurs_receptes-724x1024.png\" alt=\"\" width=\"471\" height=\"667\" srcset=\"https:\/\/agora.xtec.cat\/ceiplacaixa\/wp-content\/uploads\/usu1455\/2023\/05\/guanyadors_concurs_receptes-724x1024.png 724w, https:\/\/agora.xtec.cat\/ceiplacaixa\/wp-content\/uploads\/usu1455\/2023\/05\/guanyadors_concurs_receptes-212x300.png 212w, https:\/\/agora.xtec.cat\/ceiplacaixa\/wp-content\/uploads\/usu1455\/2023\/05\/guanyadors_concurs_receptes-768x1086.png 768w, https:\/\/agora.xtec.cat\/ceiplacaixa\/wp-content\/uploads\/usu1455\/2023\/05\/guanyadors_concurs_receptes-1086x1536.png 1086w, https:\/\/agora.xtec.cat\/ceiplacaixa\/wp-content\/uploads\/usu1455\/2023\/05\/guanyadors_concurs_receptes-1448x2048.png 1448w, https:\/\/agora.xtec.cat\/ceiplacaixa\/wp-content\/uploads\/usu1455\/2023\/05\/guanyadors_concurs_receptes.png 1587w\" sizes=\"auto, (max-width: 471px) 100vw, 471px\" \/><\/td>\n<td style=\"width: 56.6715%;\" colspan=\"2\"><iframe loading=\"lazy\" src=\"https:\/\/drive.google.com\/file\/d\/19hHeSyYlO9pHF_Ay8HRW_mzrFoOL1xFH\/preview\" width=\"640\" height=\"480\"><\/iframe><\/td>\n<\/tr>\n<tr>\n<td style=\"width: 43.3285%;\"><img loading=\"lazy\" decoding=\"async\" class=\"aligncenter wp-image-2718\" src=\"https:\/\/agora.xtec.cat\/ceiplacaixa\/wp-content\/uploads\/usu1455\/2023\/05\/WhatsApp-Image-2023-05-26-at-15.43.20.jpeg\" alt=\"\" width=\"525\" height=\"394\" srcset=\"https:\/\/agora.xtec.cat\/ceiplacaixa\/wp-content\/uploads\/usu1455\/2023\/05\/WhatsApp-Image-2023-05-26-at-15.43.20.jpeg 1024w, https:\/\/agora.xtec.cat\/ceiplacaixa\/wp-content\/uploads\/usu1455\/2023\/05\/WhatsApp-Image-2023-05-26-at-15.43.20-300x225.jpeg 300w, https:\/\/agora.xtec.cat\/ceiplacaixa\/wp-content\/uploads\/usu1455\/2023\/05\/WhatsApp-Image-2023-05-26-at-15.43.20-768x576.jpeg 768w, https:\/\/agora.xtec.cat\/ceiplacaixa\/wp-content\/uploads\/usu1455\/2023\/05\/WhatsApp-Image-2023-05-26-at-15.43.20-200x150.jpeg 200w\" sizes=\"auto, (max-width: 525px) 100vw, 525px\" \/><\/td>\n<td style=\"width: 24.1298%;\"><img loading=\"lazy\" decoding=\"async\" class=\"aligncenter wp-image-2720\" src=\"https:\/\/agora.xtec.cat\/ceiplacaixa\/wp-content\/uploads\/usu1455\/2023\/05\/WhatsApp-Image-2023-05-26-at-15.58.30-512x1024.jpeg\" alt=\"\" width=\"276\" height=\"552\" srcset=\"https:\/\/agora.xtec.cat\/ceiplacaixa\/wp-content\/uploads\/usu1455\/2023\/05\/WhatsApp-Image-2023-05-26-at-15.58.30-512x1024.jpeg 512w, https:\/\/agora.xtec.cat\/ceiplacaixa\/wp-content\/uploads\/usu1455\/2023\/05\/WhatsApp-Image-2023-05-26-at-15.58.30-150x300.jpeg 150w, https:\/\/agora.xtec.cat\/ceiplacaixa\/wp-content\/uploads\/usu1455\/2023\/05\/WhatsApp-Image-2023-05-26-at-15.58.30-768x1536.jpeg 768w, https:\/\/agora.xtec.cat\/ceiplacaixa\/wp-content\/uploads\/usu1455\/2023\/05\/WhatsApp-Image-2023-05-26-at-15.58.30.jpeg 1024w\" sizes=\"auto, (max-width: 276px) 100vw, 276px\" \/><\/td>\n<td style=\"width: 32.5417%;\"><img loading=\"lazy\" decoding=\"async\" class=\"aligncenter wp-image-2719\" src=\"https:\/\/agora.xtec.cat\/ceiplacaixa\/wp-content\/uploads\/usu1455\/2023\/05\/WhatsApp-Image-2023-05-26-at-15.41.05.jpeg\" alt=\"\" width=\"238\" height=\"318\" srcset=\"https:\/\/agora.xtec.cat\/ceiplacaixa\/wp-content\/uploads\/usu1455\/2023\/05\/WhatsApp-Image-2023-05-26-at-15.41.05.jpeg 768w, https:\/\/agora.xtec.cat\/ceiplacaixa\/wp-content\/uploads\/usu1455\/2023\/05\/WhatsApp-Image-2023-05-26-at-15.41.05-225x300.jpeg 225w\" sizes=\"auto, (max-width: 238px) 100vw, 238px\" \/><\/td>\n<\/tr>\n<\/tbody>\n<\/table>\n","protected":false},"excerpt":{"rendered":"<p>Aquest concurs va sorgir de les fam\u00edlies en una de les reunions de l&#8217;escola amb els delegats i delegades de fam\u00edlies. Tota la comunitat educativa estem caminant conjuntament per fer consci\u00e8ncia de la import\u00e0ncia d&#8217;un menjar m\u00e9s saludable. A m\u00e9s, aquest tipus de menjar sempre va de la m\u00e0 d&#8217;una reducci\u00f3 d&#8217;embolcalls d&#8217;un sol \u00fas. [&hellip;]<\/p>\n","protected":false},"author":3,"featured_media":0,"parent":1459,"menu_order":10,"comment_status":"closed","ping_status":"closed","template":"page-templates\/side-menu.php","meta":{"_bbp_topic_count":0,"_bbp_reply_count":0,"_bbp_total_topic_count":0,"_bbp_total_reply_count":0,"_bbp_voice_count":0,"_bbp_anonymous_reply_count":0,"_bbp_topic_count_hidden":0,"_bbp_reply_count_hidden":0,"_bbp_forum_subforum_count":0,"site-sidebar-layout":"default","site-content-layout":"","ast-site-content-layout":"","site-content-style":"default","site-sidebar-style":"default","ast-global-header-display":"","ast-banner-title-visibility":"","ast-main-header-display":"","ast-hfb-above-header-display":"","ast-hfb-below-header-display":"","ast-hfb-mobile-header-display":"","site-post-title":"","ast-breadcrumbs-content":"","ast-featured-img":"","footer-sml-layout":"","theme-transparent-header-meta":"","adv-header-id-meta":"","stick-header-meta":"","header-above-stick-meta":"","header-main-stick-meta":"","header-below-stick-meta":"","astra-migrate-meta-layouts":"default","ast-page-background-enabled":"default","ast-page-background-meta":{"desktop":{"background-color":"var(--ast-global-color-4)","background-image":"","background-repeat":"repeat","background-position":"center center","background-size":"auto","background-attachment":"scroll","background-type":"","background-media":"","overlay-type":"","overlay-color":"","overlay-opacity":"","overlay-gradient":""},"tablet":{"background-color":"","background-image":"","background-repeat":"repeat","background-position":"center center","background-size":"auto","background-attachment":"scroll","background-type":"","background-media":"","overlay-type":"","overlay-color":"","overlay-opacity":"","overlay-gradient":""},"mobile":{"background-color":"","background-image":"","background-repeat":"repeat","background-position":"center center","background-size":"auto","background-attachment":"scroll","background-type":"","background-media":"","overlay-type":"","overlay-color":"","overlay-opacity":"","overlay-gradient":""}},"ast-content-background-meta":{"desktop":{"background-color":"var(--ast-global-color-5)","background-image":"","background-repeat":"repeat","background-position":"center center","background-size":"auto","background-attachment":"scroll","background-type":"","background-media":"","overlay-type":"","overlay-color":"","overlay-opacity":"","overlay-gradient":""},"tablet":{"background-color":"var(--ast-global-color-5)","background-image":"","background-repeat":"repeat","background-position":"center center","background-size":"auto","background-attachment":"scroll","background-type":"","background-media":"","overlay-type":"","overlay-color":"","overlay-opacity":"","overlay-gradient":""},"mobile":{"background-color":"var(--ast-global-color-5)","background-image":"","background-repeat":"repeat","background-position":"center center","background-size":"auto","background-attachment":"scroll","background-type":"","background-media":"","overlay-type":"","overlay-color":"","overlay-opacity":"","overlay-gradient":""}},"footnotes":""},"class_list":["post-2716","page","type-page","status-publish","hentry"],"post_mailing_queue_ids":[],"_links":{"self":[{"href":"https:\/\/agora.xtec.cat\/ceiplacaixa\/wp-json\/wp\/v2\/pages\/2716","targetHints":{"allow":["GET"]}}],"collection":[{"href":"https:\/\/agora.xtec.cat\/ceiplacaixa\/wp-json\/wp\/v2\/pages"}],"about":[{"href":"https:\/\/agora.xtec.cat\/ceiplacaixa\/wp-json\/wp\/v2\/types\/page"}],"author":[{"embeddable":true,"href":"https:\/\/agora.xtec.cat\/ceiplacaixa\/wp-json\/wp\/v2\/users\/3"}],"replies":[{"embeddable":true,"href":"https:\/\/agora.xtec.cat\/ceiplacaixa\/wp-json\/wp\/v2\/comments?post=2716"}],"version-history":[{"count":3,"href":"https:\/\/agora.xtec.cat\/ceiplacaixa\/wp-json\/wp\/v2\/pages\/2716\/revisions"}],"predecessor-version":[{"id":2726,"href":"https:\/\/agora.xtec.cat\/ceiplacaixa\/wp-json\/wp\/v2\/pages\/2716\/revisions\/2726"}],"up":[{"embeddable":true,"href":"https:\/\/agora.xtec.cat\/ceiplacaixa\/wp-json\/wp\/v2\/pages\/1459"}],"wp:attachment":[{"href":"https:\/\/agora.xtec.cat\/ceiplacaixa\/wp-json\/wp\/v2\/media?parent=2716"}],"curies":[{"name":"wp","href":"https:\/\/api.w.org\/{rel}","templated":true}]}}