{"id":2703,"date":"2023-05-18T17:21:34","date_gmt":"2023-05-18T15:21:34","guid":{"rendered":"https:\/\/agora.xtec.cat\/ceiplacaixa\/?page_id=2703"},"modified":"2023-05-18T17:38:26","modified_gmt":"2023-05-18T15:38:26","slug":"avancem-2","status":"publish","type":"page","link":"https:\/\/agora.xtec.cat\/ceiplacaixa\/projecte-educatiu\/projecte-linguistic\/avancem-2\/","title":{"rendered":"AVANCEM"},"content":{"rendered":"<h2 class=\"NG-menu__title\" style=\"text-align: center;\">AVANCEM: Ensenyament i Aprenentatge Integrat de les Lleng\u00fces<\/h2>\n<table style=\"border-collapse: collapse; width: 100%; height: 81px;\">\n<tbody>\n<tr style=\"height: 81px;\">\n<td style=\"width: 77.8463%; height: 81px;\"><span style=\"font-size: 16px;\">Els objectius<\/span><span style=\"font-size: 16px;\">\u00a0generals del programa AVANCEM s\u2019adrecen a promoure l\u2019aplicaci\u00f3 a l\u2019aula de pr\u00e0ctiques que facilitin un aprenentatge de les lleng\u00fces de car\u00e0cter competencial i integrador; a fomentar\u00a0<\/span><span style=\"font-size: 16px;\">el co<\/span><span style=\"font-family: inherit; font-size: 1em;\">nsens metodol\u00f2gic entre els docents i a promoure el disseny i implementaci\u00f3 de projectes d\u2019aula en qu\u00e8 participen diverses lleng\u00fces. A trav\u00e9s de l\u2019 AVANCEM tamb\u00e9 es vol oferir pautes als centres educatius per a l\u2019organitzaci\u00f3 educativa i el disseny curricular, refor\u00e7ar el treball cooperatiu entre el professorat de lleng\u00fces i promoure l\u2019intercanvi de bones pr\u00e0ctiques entre els centres participants.<\/span><\/td>\n<td style=\"width: 22.1537%; height: 81px;\"><a href=\"https:\/\/projectes.xtec.cat\/avancem\/\"><img loading=\"lazy\" decoding=\"async\" class=\"size-full wp-image-2699 aligncenter\" src=\"https:\/\/agora.xtec.cat\/ceiplacaixa\/wp-content\/uploads\/usu1455\/2023\/05\/avancem.png\" alt=\"\" width=\"164\" height=\"56\" \/><\/a><\/p>\n<p><a href=\"https:\/\/projectes.xtec.cat\/avancem\/\">Cliqueu\u00a0<\/a> per accedir a m\u00e9s informaci\u00f3 sobre aquest al NODES oficial del programa.<\/td>\n<\/tr>\n<\/tbody>\n<\/table>\n<p>L&#8217;equip docent de l&#8217;escola participa en aquest programa amb una formaci\u00f3 de tres anys (del curs 21-22 al curs 23-24) sobre l&#8217;ensenyament i aprenentatge integrat de les lleng\u00fces (catal\u00e0, castell\u00e0 i angl\u00e8s). Tots els aprenentatges s&#8217;estan aplicant a les \u00e0rees de les lleng\u00fces i a les caixes d&#8217;aprenentatge que s&#8217;estan creant portant a terme.<\/p>\n<p>A continuaci\u00f3, us presentem uns exemples de <strong>caixes d&#8217;aprenentatge<\/strong> que es duen a terme a la comunitat de grans:<\/p>\n<table style=\"border-collapse: collapse; width: 100%;\">\n<tbody>\n<tr>\n<td style=\"width: 23.8941%;\" colspan=\"2\">\n<h4>La volta al m\u00f3n<\/h4>\n<\/td>\n<\/tr>\n<tr>\n<td style=\"width: 23.8941%;\"><img loading=\"lazy\" decoding=\"async\" class=\"aligncenter size-full wp-image-2706\" src=\"https:\/\/agora.xtec.cat\/ceiplacaixa\/wp-content\/uploads\/usu1455\/2023\/05\/mon.png\" alt=\"\" width=\"980\" height=\"749\" srcset=\"https:\/\/agora.xtec.cat\/ceiplacaixa\/wp-content\/uploads\/usu1455\/2023\/05\/mon.png 980w, https:\/\/agora.xtec.cat\/ceiplacaixa\/wp-content\/uploads\/usu1455\/2023\/05\/mon-300x229.png 300w, https:\/\/agora.xtec.cat\/ceiplacaixa\/wp-content\/uploads\/usu1455\/2023\/05\/mon-768x587.png 768w\" sizes=\"auto, (max-width: 980px) 100vw, 980px\" \/><\/td>\n<td style=\"width: 76.1059%;\"><img loading=\"lazy\" decoding=\"async\" class=\"aligncenter size-full wp-image-2707\" src=\"https:\/\/agora.xtec.cat\/ceiplacaixa\/wp-content\/uploads\/usu1455\/2023\/05\/monacts.png\" alt=\"\" width=\"825\" height=\"163\" srcset=\"https:\/\/agora.xtec.cat\/ceiplacaixa\/wp-content\/uploads\/usu1455\/2023\/05\/monacts.png 825w, https:\/\/agora.xtec.cat\/ceiplacaixa\/wp-content\/uploads\/usu1455\/2023\/05\/monacts-300x59.png 300w, https:\/\/agora.xtec.cat\/ceiplacaixa\/wp-content\/uploads\/usu1455\/2023\/05\/monacts-768x152.png 768w\" sizes=\"auto, (max-width: 825px) 100vw, 825px\" \/><\/td>\n<\/tr>\n<\/tbody>\n<\/table>\n<table style=\"border-collapse: collapse; width: 100%;\">\n<tbody>\n<tr>\n<td style=\"width: 23.8941%;\" colspan=\"2\">\n<h4>Dones inspiradores del m\u00f3n<\/h4>\n<\/td>\n<\/tr>\n<tr>\n<td style=\"width: 23.8941%;\"><img loading=\"lazy\" decoding=\"async\" class=\"aligncenter size-full wp-image-2701\" src=\"https:\/\/agora.xtec.cat\/ceiplacaixa\/wp-content\/uploads\/usu1455\/2023\/05\/caixa.png\" alt=\"\" width=\"518\" height=\"463\" srcset=\"https:\/\/agora.xtec.cat\/ceiplacaixa\/wp-content\/uploads\/usu1455\/2023\/05\/caixa.png 518w, https:\/\/agora.xtec.cat\/ceiplacaixa\/wp-content\/uploads\/usu1455\/2023\/05\/caixa-300x268.png 300w\" sizes=\"auto, (max-width: 518px) 100vw, 518px\" \/><\/td>\n<td style=\"width: 76.1059%;\"><img loading=\"lazy\" decoding=\"async\" class=\"aligncenter size-full wp-image-2705\" src=\"https:\/\/agora.xtec.cat\/ceiplacaixa\/wp-content\/uploads\/usu1455\/2023\/05\/dones-1.png\" alt=\"\" width=\"834\" height=\"164\" srcset=\"https:\/\/agora.xtec.cat\/ceiplacaixa\/wp-content\/uploads\/usu1455\/2023\/05\/dones-1.png 834w, https:\/\/agora.xtec.cat\/ceiplacaixa\/wp-content\/uploads\/usu1455\/2023\/05\/dones-1-300x59.png 300w, https:\/\/agora.xtec.cat\/ceiplacaixa\/wp-content\/uploads\/usu1455\/2023\/05\/dones-1-768x151.png 768w\" sizes=\"auto, (max-width: 834px) 100vw, 834px\" \/><\/td>\n<\/tr>\n<\/tbody>\n<\/table>\n","protected":false},"excerpt":{"rendered":"<p>AVANCEM: Ensenyament i Aprenentatge Integrat de les Lleng\u00fces Els objectius\u00a0generals del programa AVANCEM s\u2019adrecen a promoure l\u2019aplicaci\u00f3 a l\u2019aula de pr\u00e0ctiques que facilitin un aprenentatge de les lleng\u00fces de car\u00e0cter competencial i integrador; a fomentar\u00a0el consens metodol\u00f2gic entre els docents i a promoure el disseny i implementaci\u00f3 de projectes d\u2019aula en qu\u00e8 participen diverses lleng\u00fces. [&hellip;]<\/p>\n","protected":false},"author":3,"featured_media":0,"parent":1034,"menu_order":10,"comment_status":"closed","ping_status":"closed","template":"page-templates\/side-menu.php","meta":{"_bbp_topic_count":0,"_bbp_reply_count":0,"_bbp_total_topic_count":0,"_bbp_total_reply_count":0,"_bbp_voice_count":0,"_bbp_anonymous_reply_count":0,"_bbp_topic_count_hidden":0,"_bbp_reply_count_hidden":0,"_bbp_forum_subforum_count":0,"site-sidebar-layout":"default","site-content-layout":"","ast-site-content-layout":"","site-content-style":"default","site-sidebar-style":"default","ast-global-header-display":"","ast-banner-title-visibility":"","ast-main-header-display":"","ast-hfb-above-header-display":"","ast-hfb-below-header-display":"","ast-hfb-mobile-header-display":"","site-post-title":"","ast-breadcrumbs-content":"","ast-featured-img":"","footer-sml-layout":"","theme-transparent-header-meta":"","adv-header-id-meta":"","stick-header-meta":"","header-above-stick-meta":"","header-main-stick-meta":"","header-below-stick-meta":"","astra-migrate-meta-layouts":"default","ast-page-background-enabled":"default","ast-page-background-meta":{"desktop":{"background-color":"var(--ast-global-color-4)","background-image":"","background-repeat":"repeat","background-position":"center center","background-size":"auto","background-attachment":"scroll","background-type":"","background-media":"","overlay-type":"","overlay-color":"","overlay-opacity":"","overlay-gradient":""},"tablet":{"background-color":"","background-image":"","background-repeat":"repeat","background-position":"center center","background-size":"auto","background-attachment":"scroll","background-type":"","background-media":"","overlay-type":"","overlay-color":"","overlay-opacity":"","overlay-gradient":""},"mobile":{"background-color":"","background-image":"","background-repeat":"repeat","background-position":"center center","background-size":"auto","background-attachment":"scroll","background-type":"","background-media":"","overlay-type":"","overlay-color":"","overlay-opacity":"","overlay-gradient":""}},"ast-content-background-meta":{"desktop":{"background-color":"var(--ast-global-color-5)","background-image":"","background-repeat":"repeat","background-position":"center center","background-size":"auto","background-attachment":"scroll","background-type":"","background-media":"","overlay-type":"","overlay-color":"","overlay-opacity":"","overlay-gradient":""},"tablet":{"background-color":"var(--ast-global-color-5)","background-image":"","background-repeat":"repeat","background-position":"center center","background-size":"auto","background-attachment":"scroll","background-type":"","background-media":"","overlay-type":"","overlay-color":"","overlay-opacity":"","overlay-gradient":""},"mobile":{"background-color":"var(--ast-global-color-5)","background-image":"","background-repeat":"repeat","background-position":"center center","background-size":"auto","background-attachment":"scroll","background-type":"","background-media":"","overlay-type":"","overlay-color":"","overlay-opacity":"","overlay-gradient":""}},"footnotes":""},"class_list":["post-2703","page","type-page","status-publish","hentry"],"post_mailing_queue_ids":[],"_links":{"self":[{"href":"https:\/\/agora.xtec.cat\/ceiplacaixa\/wp-json\/wp\/v2\/pages\/2703","targetHints":{"allow":["GET"]}}],"collection":[{"href":"https:\/\/agora.xtec.cat\/ceiplacaixa\/wp-json\/wp\/v2\/pages"}],"about":[{"href":"https:\/\/agora.xtec.cat\/ceiplacaixa\/wp-json\/wp\/v2\/types\/page"}],"author":[{"embeddable":true,"href":"https:\/\/agora.xtec.cat\/ceiplacaixa\/wp-json\/wp\/v2\/users\/3"}],"replies":[{"embeddable":true,"href":"https:\/\/agora.xtec.cat\/ceiplacaixa\/wp-json\/wp\/v2\/comments?post=2703"}],"version-history":[{"count":3,"href":"https:\/\/agora.xtec.cat\/ceiplacaixa\/wp-json\/wp\/v2\/pages\/2703\/revisions"}],"predecessor-version":[{"id":2711,"href":"https:\/\/agora.xtec.cat\/ceiplacaixa\/wp-json\/wp\/v2\/pages\/2703\/revisions\/2711"}],"up":[{"embeddable":true,"href":"https:\/\/agora.xtec.cat\/ceiplacaixa\/wp-json\/wp\/v2\/pages\/1034"}],"wp:attachment":[{"href":"https:\/\/agora.xtec.cat\/ceiplacaixa\/wp-json\/wp\/v2\/media?parent=2703"}],"curies":[{"name":"wp","href":"https:\/\/api.w.org\/{rel}","templated":true}]}}