{"id":26,"date":"2014-09-18T12:24:32","date_gmt":"2014-09-18T10:24:32","guid":{"rendered":"http:\/\/agora.xtec.cat\/ceiplacaixa\/?page_id=26"},"modified":"2025-03-04T13:49:04","modified_gmt":"2025-03-04T12:49:04","slug":"historia","status":"publish","type":"page","link":"https:\/\/agora.xtec.cat\/ceiplacaixa\/lescola\/historia\/","title":{"rendered":"Qui som?"},"content":{"rendered":"<p>[toc]<\/p>\n<h3><strong>BREU HIST\u00d2RIA DEL CENTRE<\/strong><\/h3>\n<hr \/>\n<p>L&#8217;escola La Caixa va ser creada l&#8217;any 1954, per la instituci\u00f3 Caixa de Pensions, amb motiu del 50\u00e8 aniversari de la seva fundaci\u00f3.\u00a0Va ser inaugurada el dia 5 de maig de 1955. Des de l&#8217;any 1985 \u00e9s un centre p\u00fablic. L&#8217;Escola La Caixa \u00e9s una escola P\u00fablica Catalana que d\u00f3na resposta a les demandes d&#8217;ensenyament que ens planteja la nostra societat actual.<\/p>\n<p>&nbsp;<\/p>\n<h3><strong>CARACTER\u00cdSTIQUES DE L&#8217;ESCOLA<\/strong><\/h3>\n<hr \/>\n<ul>\n<li style=\"list-style-type: none;\">\n<ul>\n<li>Una l\u00ednia .<\/li>\n<li>Iniciaci\u00f3 a la lectura a Infantil.<\/li>\n<li>El catal\u00e0 \u00e9s la llengua vehicular i d&#8217;aprenentatge.<\/li>\n<li>El castell\u00e0 s&#8217;estudia a partir del primer nivell de Cicle Inicial.<\/li>\n<li>La llengua estrangera \u00e9s l&#8217;Angl\u00e8s des de I4.<\/li>\n<li>Atenci\u00f3 individualitzada als alumnes en petits grups flexibles.<\/li>\n<li>Aula de refor\u00e7 i assessorament psicol\u00f2gic de l&#8217;EAP.<\/li>\n<li>Psicomotricitat a infantil i Educaci\u00f3 F\u00edsica a prim\u00e0ria.<\/li>\n<li>Educaci\u00f3 musical a tots els nivells.<\/li>\n<li>Pla Estrat\u00e8gic digital.<\/li>\n<li>Biblioteca.<\/li>\n<\/ul>\n<\/li>\n<\/ul>\n<p>&nbsp;<\/p>\n<h3><strong>TENIM UN ITINERARI DE CONTINU\u00cfTAT DELS NOSTRES ALUMNES AMB ELS IES<\/strong><\/h3>\n<hr \/>\n<ul>\n<li style=\"list-style-type: none;\">\n<ul>\n<li><a href=\"http:\/\/www.iesinfanta.org\/postnuke\/html\/\" target=\"_blank\" rel=\"noopener noreferrer\"><em>\u00a0IES INFANTA ISABEL D&#8217;ARAG\u00d3<\/em><\/a><\/li>\n<li><a href=\"http:\/\/insjoandaustria.org\/\" target=\"_blank\" rel=\"noopener noreferrer\"><em>IES JOAN D&#8217;\u00c0USTRIA\u00a0<\/em><\/a><\/li>\n<\/ul>\n<\/li>\n<\/ul>\n<p><strong>\u00a0<\/strong><strong>\u00a0<\/strong><\/p>\n<h3><strong>OBJECTIUS GENERALS DEL PROJECTE EDUCATIU<\/strong><\/h3>\n<hr \/>\n<ul>\n<li style=\"list-style-type: none;\">\n<ul>\n<li>Acostumar els alumnes a ser responsables i a respectar el treball propi i el dels altres.<\/li>\n<li>Millorar les compet\u00e8ncies en llengua anglesa.<\/li>\n<li>Con\u00e8ixer, estimar i respectar totes les lleng\u00fces i cultures.<\/li>\n<li>Fomentar la creativitat personal a trav\u00e9s de les diferents mat\u00e8ries.<\/li>\n<li>Treballar l&#8217;\u00e0mbit emocional per entendre&#8217;s a un mateix i als altres.<\/li>\n<\/ul>\n<\/li>\n<\/ul>\n<p>Si vols veure m\u00e9s sobre l&#8217;Escola pots consultar el nostre\u00a0<strong><a href=\"https:\/\/agora.xtec.cat\/ceiplacaixa\/projecte-educatiu\/\">projecte educatiu de centre<\/a>.<\/strong><\/p>\n<p>&nbsp;<\/p>\n<h3><strong>ACTIVITATS COMPLEMENT\u00c0RIES<\/strong><\/h3>\n<hr \/>\n<ul>\n<li style=\"list-style-type: none;\">\n<ul>\n<li>Piscina (a 1r de prim\u00e0ria)<\/li>\n<li>Biblioteca<\/li>\n<li>Rob\u00f2tica<\/li>\n<li>Revista de l&#8217;escola<\/li>\n<li>Festes escolars<\/li>\n<li>Sortides i excursions<\/li>\n<\/ul>\n<\/li>\n<\/ul>\n<p>&nbsp;<\/p>\n<h3><strong>ALGUNS ASPECTES A TENIR EN COMPTE DEL REGLAMENT INTERN<\/strong><\/h3>\n<hr \/>\n<ul>\n<li style=\"list-style-type: none;\">\n<ul>\n<li>Control de l&#8217;assist\u00e8ncia al centre de l&#8217;alumnat, cal puntualitat i s&#8217;han de justificar les abs\u00e8ncies.<\/li>\n<li>Control de les sortides del centre en horari escolar: l&#8217;alumnat ha de ser recollit per un responsable.<\/li>\n<li>L&#8217;alumnat porta xandall de l&#8217;escola per a les classes d&#8217;Educaci\u00f3 F\u00edsica i Psicomotricitat.<\/li>\n<\/ul>\n<\/li>\n<\/ul>\n<p>&nbsp;<\/p>\n<h3><strong>ESCOLA I FAM\u00cdLIA<\/strong><\/h3>\n<hr \/>\n<ul>\n<li style=\"list-style-type: none;\">\n<ul>\n<li>Reunions generals i per nivells. (Es fa una al comen\u00e7ar el curs).<\/li>\n<li>Entrevistes concertades fam\u00edlia\/tutor-a. (M\u00ednim una cada curs)<\/li>\n<li>Xerrades informatives i d&#8217;orientaci\u00f3.<\/li>\n<\/ul>\n<\/li>\n<\/ul>\n","protected":false},"excerpt":{"rendered":"<p>[toc] BREU HIST\u00d2RIA DEL CENTRE L&#8217;escola La Caixa va ser creada l&#8217;any 1954, per la instituci\u00f3 Caixa de Pensions, amb motiu del 50\u00e8 aniversari de la seva fundaci\u00f3.\u00a0Va ser inaugurada el dia 5 de maig de 1955. Des de l&#8217;any 1985 \u00e9s un centre p\u00fablic. L&#8217;Escola La Caixa \u00e9s una escola P\u00fablica Catalana que d\u00f3na [&hellip;]<\/p>\n","protected":false},"author":1,"featured_media":0,"parent":22,"menu_order":1,"comment_status":"closed","ping_status":"closed","template":"page-templates\/side-menu.php","meta":{"_bbp_topic_count":0,"_bbp_reply_count":0,"_bbp_total_topic_count":0,"_bbp_total_reply_count":0,"_bbp_voice_count":0,"_bbp_anonymous_reply_count":0,"_bbp_topic_count_hidden":0,"_bbp_reply_count_hidden":0,"_bbp_forum_subforum_count":0,"site-sidebar-layout":"default","site-content-layout":"","ast-site-content-layout":"","site-content-style":"default","site-sidebar-style":"default","ast-global-header-display":"","ast-banner-title-visibility":"","ast-main-header-display":"","ast-hfb-above-header-display":"","ast-hfb-below-header-display":"","ast-hfb-mobile-header-display":"","site-post-title":"","ast-breadcrumbs-content":"","ast-featured-img":"","footer-sml-layout":"","theme-transparent-header-meta":"","adv-header-id-meta":"","stick-header-meta":"","header-above-stick-meta":"","header-main-stick-meta":"","header-below-stick-meta":"","astra-migrate-meta-layouts":"default","ast-page-background-enabled":"default","ast-page-background-meta":{"desktop":{"background-color":"var(--ast-global-color-4)","background-image":"","background-repeat":"repeat","background-position":"center center","background-size":"auto","background-attachment":"scroll","background-type":"","background-media":"","overlay-type":"","overlay-color":"","overlay-opacity":"","overlay-gradient":""},"tablet":{"background-color":"","background-image":"","background-repeat":"repeat","background-position":"center center","background-size":"auto","background-attachment":"scroll","background-type":"","background-media":"","overlay-type":"","overlay-color":"","overlay-opacity":"","overlay-gradient":""},"mobile":{"background-color":"","background-image":"","background-repeat":"repeat","background-position":"center center","background-size":"auto","background-attachment":"scroll","background-type":"","background-media":"","overlay-type":"","overlay-color":"","overlay-opacity":"","overlay-gradient":""}},"ast-content-background-meta":{"desktop":{"background-color":"var(--ast-global-color-5)","background-image":"","background-repeat":"repeat","background-position":"center center","background-size":"auto","background-attachment":"scroll","background-type":"","background-media":"","overlay-type":"","overlay-color":"","overlay-opacity":"","overlay-gradient":""},"tablet":{"background-color":"var(--ast-global-color-5)","background-image":"","background-repeat":"repeat","background-position":"center center","background-size":"auto","background-attachment":"scroll","background-type":"","background-media":"","overlay-type":"","overlay-color":"","overlay-opacity":"","overlay-gradient":""},"mobile":{"background-color":"var(--ast-global-color-5)","background-image":"","background-repeat":"repeat","background-position":"center center","background-size":"auto","background-attachment":"scroll","background-type":"","background-media":"","overlay-type":"","overlay-color":"","overlay-opacity":"","overlay-gradient":""}},"footnotes":""},"class_list":["post-26","page","type-page","status-publish","hentry"],"post_mailing_queue_ids":[],"_links":{"self":[{"href":"https:\/\/agora.xtec.cat\/ceiplacaixa\/wp-json\/wp\/v2\/pages\/26","targetHints":{"allow":["GET"]}}],"collection":[{"href":"https:\/\/agora.xtec.cat\/ceiplacaixa\/wp-json\/wp\/v2\/pages"}],"about":[{"href":"https:\/\/agora.xtec.cat\/ceiplacaixa\/wp-json\/wp\/v2\/types\/page"}],"author":[{"embeddable":true,"href":"https:\/\/agora.xtec.cat\/ceiplacaixa\/wp-json\/wp\/v2\/users\/1"}],"replies":[{"embeddable":true,"href":"https:\/\/agora.xtec.cat\/ceiplacaixa\/wp-json\/wp\/v2\/comments?post=26"}],"version-history":[{"count":5,"href":"https:\/\/agora.xtec.cat\/ceiplacaixa\/wp-json\/wp\/v2\/pages\/26\/revisions"}],"predecessor-version":[{"id":3872,"href":"https:\/\/agora.xtec.cat\/ceiplacaixa\/wp-json\/wp\/v2\/pages\/26\/revisions\/3872"}],"up":[{"embeddable":true,"href":"https:\/\/agora.xtec.cat\/ceiplacaixa\/wp-json\/wp\/v2\/pages\/22"}],"wp:attachment":[{"href":"https:\/\/agora.xtec.cat\/ceiplacaixa\/wp-json\/wp\/v2\/media?parent=26"}],"curies":[{"name":"wp","href":"https:\/\/api.w.org\/{rel}","templated":true}]}}