{"id":2405,"date":"2023-02-08T11:48:53","date_gmt":"2023-02-08T10:48:53","guid":{"rendered":"https:\/\/agora.xtec.cat\/ceiplacaixa\/?page_id=2405"},"modified":"2023-02-14T16:48:28","modified_gmt":"2023-02-14T15:48:28","slug":"metodologia-aicle-science","status":"publish","type":"page","link":"https:\/\/agora.xtec.cat\/ceiplacaixa\/projecte-educatiu\/projecte-linguistic\/angles\/metodologia-aicle-science\/","title":{"rendered":"Metodologia AICLE &#8211; Science"},"content":{"rendered":"<p>&nbsp;<\/p>\n<table style=\"border-collapse: collapse; width: 100%;\">\n<tbody>\n<tr>\n<td style=\"width: 30.058%;\"><img loading=\"lazy\" decoding=\"async\" class=\"aligncenter size-full wp-image-2312\" src=\"https:\/\/agora.xtec.cat\/ceiplacaixa\/wp-content\/uploads\/usu1455\/2023\/01\/science.png\" alt=\"\" width=\"398\" height=\"191\" srcset=\"https:\/\/agora.xtec.cat\/ceiplacaixa\/wp-content\/uploads\/usu1455\/2023\/01\/science.png 398w, https:\/\/agora.xtec.cat\/ceiplacaixa\/wp-content\/uploads\/usu1455\/2023\/01\/science-300x144.png 300w\" sizes=\"auto, (max-width: 398px) 100vw, 398px\" \/><\/td>\n<td style=\"width: 69.942%;\">\n<h5>Treballem la metodologia AICLE des de 3r a trav\u00e9s de les SCIENCE. D&#8217;aquesta manera, l&#8217;alumnat amb l&#8217;ajut de l&#8217;especialista d&#8217;angl\u00e8s, refor\u00e7a l&#8217;aprenentatge d&#8217;aquest idioma de forma molt visual amb activitats experimentals.<\/h5>\n<\/td>\n<\/tr>\n<\/tbody>\n<\/table>\n<p>&nbsp;<\/p>\n<table style=\"border-collapse: collapse; width: 100%;\">\n<tbody>\n<tr>\n<td style=\"width: 50%;\" colspan=\"2\"><img loading=\"lazy\" decoding=\"async\" class=\"aligncenter size-large wp-image-2411\" style=\"background-color: #f9f9f9;\" src=\"https:\/\/agora.xtec.cat\/ceiplacaixa\/wp-content\/uploads\/usu1455\/2023\/02\/Archivo_000-1024x337.jpeg\" alt=\"\" width=\"1024\" height=\"337\" srcset=\"https:\/\/agora.xtec.cat\/ceiplacaixa\/wp-content\/uploads\/usu1455\/2023\/02\/Archivo_000-1024x337.jpeg 1024w, https:\/\/agora.xtec.cat\/ceiplacaixa\/wp-content\/uploads\/usu1455\/2023\/02\/Archivo_000-300x99.jpeg 300w, https:\/\/agora.xtec.cat\/ceiplacaixa\/wp-content\/uploads\/usu1455\/2023\/02\/Archivo_000-768x253.jpeg 768w, https:\/\/agora.xtec.cat\/ceiplacaixa\/wp-content\/uploads\/usu1455\/2023\/02\/Archivo_000.jpeg 1443w\" sizes=\"auto, (max-width: 1024px) 100vw, 1024px\" \/><\/td>\n<\/tr>\n<tr>\n<td style=\"width: 50%;\"><iframe loading=\"lazy\" src=\"https:\/\/drive.google.com\/file\/d\/1Ucdp6P3MD_X6sVO4fhW5IHzszUM259Zp\/preview\" width=\"640\" height=\"480\"><\/iframe><\/td>\n<td style=\"width: 50%;\"><iframe loading=\"lazy\" src=\"https:\/\/drive.google.com\/file\/d\/1l7qXFVR-uDu8bNGQwyWxkGDVHNDkw6jR\/preview\" width=\"640\" height=\"480\"><\/iframe><\/td>\n<\/tr>\n<\/tbody>\n<\/table>\n<p>&nbsp;<\/p>\n","protected":false},"excerpt":{"rendered":"<p>&nbsp; Treballem la metodologia AICLE des de 3r a trav\u00e9s de les SCIENCE. D&#8217;aquesta manera, l&#8217;alumnat amb l&#8217;ajut de l&#8217;especialista d&#8217;angl\u00e8s, refor\u00e7a l&#8217;aprenentatge d&#8217;aquest idioma de forma molt visual amb activitats experimentals. &nbsp; &nbsp;<\/p>\n","protected":false},"author":3,"featured_media":0,"parent":2311,"menu_order":10,"comment_status":"closed","ping_status":"closed","template":"page-templates\/side-menu.php","meta":{"_bbp_topic_count":0,"_bbp_reply_count":0,"_bbp_total_topic_count":0,"_bbp_total_reply_count":0,"_bbp_voice_count":0,"_bbp_anonymous_reply_count":0,"_bbp_topic_count_hidden":0,"_bbp_reply_count_hidden":0,"_bbp_forum_subforum_count":0,"site-sidebar-layout":"default","site-content-layout":"","ast-site-content-layout":"","site-content-style":"default","site-sidebar-style":"default","ast-global-header-display":"","ast-banner-title-visibility":"","ast-main-header-display":"","ast-hfb-above-header-display":"","ast-hfb-below-header-display":"","ast-hfb-mobile-header-display":"","site-post-title":"","ast-breadcrumbs-content":"","ast-featured-img":"","footer-sml-layout":"","theme-transparent-header-meta":"","adv-header-id-meta":"","stick-header-meta":"","header-above-stick-meta":"","header-main-stick-meta":"","header-below-stick-meta":"","astra-migrate-meta-layouts":"default","ast-page-background-enabled":"default","ast-page-background-meta":{"desktop":{"background-color":"var(--ast-global-color-4)","background-image":"","background-repeat":"repeat","background-position":"center center","background-size":"auto","background-attachment":"scroll","background-type":"","background-media":"","overlay-type":"","overlay-color":"","overlay-opacity":"","overlay-gradient":""},"tablet":{"background-color":"","background-image":"","background-repeat":"repeat","background-position":"center center","background-size":"auto","background-attachment":"scroll","background-type":"","background-media":"","overlay-type":"","overlay-color":"","overlay-opacity":"","overlay-gradient":""},"mobile":{"background-color":"","background-image":"","background-repeat":"repeat","background-position":"center center","background-size":"auto","background-attachment":"scroll","background-type":"","background-media":"","overlay-type":"","overlay-color":"","overlay-opacity":"","overlay-gradient":""}},"ast-content-background-meta":{"desktop":{"background-color":"var(--ast-global-color-5)","background-image":"","background-repeat":"repeat","background-position":"center center","background-size":"auto","background-attachment":"scroll","background-type":"","background-media":"","overlay-type":"","overlay-color":"","overlay-opacity":"","overlay-gradient":""},"tablet":{"background-color":"var(--ast-global-color-5)","background-image":"","background-repeat":"repeat","background-position":"center center","background-size":"auto","background-attachment":"scroll","background-type":"","background-media":"","overlay-type":"","overlay-color":"","overlay-opacity":"","overlay-gradient":""},"mobile":{"background-color":"var(--ast-global-color-5)","background-image":"","background-repeat":"repeat","background-position":"center center","background-size":"auto","background-attachment":"scroll","background-type":"","background-media":"","overlay-type":"","overlay-color":"","overlay-opacity":"","overlay-gradient":""}},"footnotes":""},"class_list":["post-2405","page","type-page","status-publish","hentry"],"post_mailing_queue_ids":[],"_links":{"self":[{"href":"https:\/\/agora.xtec.cat\/ceiplacaixa\/wp-json\/wp\/v2\/pages\/2405","targetHints":{"allow":["GET"]}}],"collection":[{"href":"https:\/\/agora.xtec.cat\/ceiplacaixa\/wp-json\/wp\/v2\/pages"}],"about":[{"href":"https:\/\/agora.xtec.cat\/ceiplacaixa\/wp-json\/wp\/v2\/types\/page"}],"author":[{"embeddable":true,"href":"https:\/\/agora.xtec.cat\/ceiplacaixa\/wp-json\/wp\/v2\/users\/3"}],"replies":[{"embeddable":true,"href":"https:\/\/agora.xtec.cat\/ceiplacaixa\/wp-json\/wp\/v2\/comments?post=2405"}],"version-history":[{"count":3,"href":"https:\/\/agora.xtec.cat\/ceiplacaixa\/wp-json\/wp\/v2\/pages\/2405\/revisions"}],"predecessor-version":[{"id":2443,"href":"https:\/\/agora.xtec.cat\/ceiplacaixa\/wp-json\/wp\/v2\/pages\/2405\/revisions\/2443"}],"up":[{"embeddable":true,"href":"https:\/\/agora.xtec.cat\/ceiplacaixa\/wp-json\/wp\/v2\/pages\/2311"}],"wp:attachment":[{"href":"https:\/\/agora.xtec.cat\/ceiplacaixa\/wp-json\/wp\/v2\/media?parent=2405"}],"curies":[{"name":"wp","href":"https:\/\/api.w.org\/{rel}","templated":true}]}}