{"id":2386,"date":"2023-02-06T13:30:24","date_gmt":"2023-02-06T12:30:24","guid":{"rendered":"https:\/\/agora.xtec.cat\/ceiplacaixa\/?page_id=2386"},"modified":"2026-01-12T13:39:44","modified_gmt":"2026-01-12T12:39:44","slug":"mobilitat-mestres","status":"publish","type":"page","link":"https:\/\/agora.xtec.cat\/ceiplacaixa\/projecte-educatiu\/erasmus\/lets-make-a-circle-2022-2023\/mobilitat-mestres\/","title":{"rendered":"Mobilitat mestres"},"content":{"rendered":"<h5>Un dels objectius del programa ERASMUS+ \u00e9s la formaci\u00f3 del professorat i no podem estar m\u00e9s d&#8217;acord com a escola.<img loading=\"lazy\" decoding=\"async\" class=\"alignright\" src=\"https:\/\/encrypted-tbn0.gstatic.com\/images?q=tbn:ANd9GcTKu7glAOTFH_9cAl1WmxYy6ObGrgXfVamgyg&amp;usqp=CAU\" alt=\"Comissi\u00f3 Sostenibilitat | Ampa Escola Puiggraci\u00f3s\" width=\"338\" height=\"217\" \/><\/h5>\n<h5>Els i les mestres ens mantenim\u00a0en formaci\u00f3 constant per poder oferir als nostre alumant una educaci\u00f3 de qualitat.<\/h5>\n<p>Aquest curs 2022-2023 la cap d&#8217;estudis i un dels mestres d&#8217;angl\u00e8s han viatjat a Lisboa per formar-se en temes de <strong>sostenibilitat<\/strong>. Han treballat for\u00e7a i han adquirit moltes destres<span style=\"font-family: inherit; font-size: 1em;\">e<\/span>s i\u00a0coneixements que compartiran amb tota la comunitat educativa.<\/p>\n<p>Fins ara coneix\u00edem molt b\u00e9 les 3R (reduir, reciclar i reutilitzar) per\u00f2 hi ha d&#8217;altres i m\u00e9s importants, les sabries enumerar?<\/p>\n<p><img loading=\"lazy\" decoding=\"async\" class=\"aligncenter wp-image-2074\" src=\"https:\/\/agora.xtec.cat\/ceiplacaixa\/wp-content\/uploads\/usu1455\/2022\/10\/WhatsApp-Image-2022-10-23-at-20.35.37-1024x1024.jpeg\" alt=\"\" width=\"543\" height=\"543\" srcset=\"https:\/\/agora.xtec.cat\/ceiplacaixa\/wp-content\/uploads\/usu1455\/2022\/10\/WhatsApp-Image-2022-10-23-at-20.35.37-1024x1024.jpeg 1024w, https:\/\/agora.xtec.cat\/ceiplacaixa\/wp-content\/uploads\/usu1455\/2022\/10\/WhatsApp-Image-2022-10-23-at-20.35.37-300x300.jpeg 300w, https:\/\/agora.xtec.cat\/ceiplacaixa\/wp-content\/uploads\/usu1455\/2022\/10\/WhatsApp-Image-2022-10-23-at-20.35.37-150x150.jpeg 150w, https:\/\/agora.xtec.cat\/ceiplacaixa\/wp-content\/uploads\/usu1455\/2022\/10\/WhatsApp-Image-2022-10-23-at-20.35.37-768x768.jpeg 768w, https:\/\/agora.xtec.cat\/ceiplacaixa\/wp-content\/uploads\/usu1455\/2022\/10\/WhatsApp-Image-2022-10-23-at-20.35.37.jpeg 1080w\" sizes=\"auto, (max-width: 543px) 100vw, 543px\" \/><\/p>\n<table style=\"width: 100%; border-collapse: collapse; border-style: double; border-color: #000000; background-color: #c2e3ff; height: 463px;\">\n<tbody>\n<tr style=\"height: 212px;\">\n<td style=\"width: 35.8491%; border-style: solid; border-color: #000000; height: 212px;\">\n<figure><img loading=\"lazy\" decoding=\"async\" class=\"aligncenter wp-image-2058\" src=\"https:\/\/agora.xtec.cat\/ceiplacaixa\/wp-content\/uploads\/usu1455\/2022\/10\/es_v_cofinanciado_por_la_union_europea_pos.png\" alt=\"\" width=\"192\" height=\"195\" srcset=\"https:\/\/agora.xtec.cat\/ceiplacaixa\/wp-content\/uploads\/usu1455\/2022\/10\/es_v_cofinanciado_por_la_union_europea_pos.png 910w, https:\/\/agora.xtec.cat\/ceiplacaixa\/wp-content\/uploads\/usu1455\/2022\/10\/es_v_cofinanciado_por_la_union_europea_pos-296x300.png 296w, https:\/\/agora.xtec.cat\/ceiplacaixa\/wp-content\/uploads\/usu1455\/2022\/10\/es_v_cofinanciado_por_la_union_europea_pos-768x778.png 768w\" sizes=\"auto, (max-width: 192px) 100vw, 192px\" \/><\/figure>\n<\/td>\n<td style=\"width: 64.1509%; border-style: solid; border-color: #000000; height: 212px;\">El projecte &#8220;Seeds of change&#8221; est\u00e0 cofinan\u00e7at pel programa Erasmus+ de la Uni\u00f3 Europea. El contingut d&#8217;aquesta publicaci\u00f3 es responsabilitat exclusiva de l&#8217;escola La Caixa i ni la Comissi\u00f3 Europea, ni el Servei Espanyol per la Internacionalitzaci\u00f3 de la Educaci\u00f3 (SEPIE) s\u00f3n responsables de l&#8217;\u00fas que pugui fer-se de la informaci\u00f3 aqu\u00ed difosa.<\/td>\n<\/tr>\n<tr style=\"height: 251px;\">\n<td style=\"width: 100%; border-style: solid; border-color: #000000; height: 251px;\" colspan=\"2\">\n<h3 style=\"text-align: center;\">Informa&#8217;t m\u00e9s sobre ERASMUS+ al web del SEPIE<\/h3>\n<figure><a href=\"http:\/\/sepie.es\/\"><img loading=\"lazy\" decoding=\"async\" class=\"aligncenter size-full wp-image-2060\" src=\"https:\/\/agora.xtec.cat\/ceiplacaixa\/wp-content\/uploads\/usu1455\/2022\/10\/SEPIE_erasmus_plus.gif\" alt=\"\" width=\"400\" height=\"148\" \/><\/a><\/figure>\n<\/td>\n<\/tr>\n<\/tbody>\n<\/table>\n","protected":false},"excerpt":{"rendered":"<p>Un dels objectius del programa ERASMUS+ \u00e9s la formaci\u00f3 del professorat i no podem estar m\u00e9s d&#8217;acord com a escola. Els i les mestres ens mantenim\u00a0en formaci\u00f3 constant per poder oferir als nostre alumant una educaci\u00f3 de qualitat. Aquest curs 2022-2023 la cap d&#8217;estudis i un dels mestres d&#8217;angl\u00e8s han viatjat a Lisboa per formar-se [&hellip;]<\/p>\n","protected":false},"author":3,"featured_media":0,"parent":3636,"menu_order":30,"comment_status":"closed","ping_status":"closed","template":"","meta":{"_bbp_topic_count":0,"_bbp_reply_count":0,"_bbp_total_topic_count":0,"_bbp_total_reply_count":0,"_bbp_voice_count":0,"_bbp_anonymous_reply_count":0,"_bbp_topic_count_hidden":0,"_bbp_reply_count_hidden":0,"_bbp_forum_subforum_count":0,"site-sidebar-layout":"default","site-content-layout":"","ast-site-content-layout":"default","site-content-style":"default","site-sidebar-style":"default","ast-global-header-display":"","ast-banner-title-visibility":"","ast-main-header-display":"","ast-hfb-above-header-display":"","ast-hfb-below-header-display":"","ast-hfb-mobile-header-display":"","site-post-title":"","ast-breadcrumbs-content":"","ast-featured-img":"","footer-sml-layout":"","theme-transparent-header-meta":"","adv-header-id-meta":"","stick-header-meta":"","header-above-stick-meta":"","header-main-stick-meta":"","header-below-stick-meta":"","astra-migrate-meta-layouts":"set","ast-page-background-enabled":"default","ast-page-background-meta":{"desktop":{"background-color":"var(--ast-global-color-4)","background-image":"","background-repeat":"repeat","background-position":"center center","background-size":"auto","background-attachment":"scroll","background-type":"","background-media":"","overlay-type":"","overlay-color":"","overlay-opacity":"","overlay-gradient":""},"tablet":{"background-color":"","background-image":"","background-repeat":"repeat","background-position":"center center","background-size":"auto","background-attachment":"scroll","background-type":"","background-media":"","overlay-type":"","overlay-color":"","overlay-opacity":"","overlay-gradient":""},"mobile":{"background-color":"","background-image":"","background-repeat":"repeat","background-position":"center center","background-size":"auto","background-attachment":"scroll","background-type":"","background-media":"","overlay-type":"","overlay-color":"","overlay-opacity":"","overlay-gradient":""}},"ast-content-background-meta":{"desktop":{"background-color":"var(--ast-global-color-5)","background-image":"","background-repeat":"repeat","background-position":"center center","background-size":"auto","background-attachment":"scroll","background-type":"","background-media":"","overlay-type":"","overlay-color":"","overlay-opacity":"","overlay-gradient":""},"tablet":{"background-color":"var(--ast-global-color-5)","background-image":"","background-repeat":"repeat","background-position":"center center","background-size":"auto","background-attachment":"scroll","background-type":"","background-media":"","overlay-type":"","overlay-color":"","overlay-opacity":"","overlay-gradient":""},"mobile":{"background-color":"var(--ast-global-color-5)","background-image":"","background-repeat":"repeat","background-position":"center center","background-size":"auto","background-attachment":"scroll","background-type":"","background-media":"","overlay-type":"","overlay-color":"","overlay-opacity":"","overlay-gradient":""}},"footnotes":""},"class_list":["post-2386","page","type-page","status-publish","hentry"],"post_mailing_queue_ids":[],"_links":{"self":[{"href":"https:\/\/agora.xtec.cat\/ceiplacaixa\/wp-json\/wp\/v2\/pages\/2386","targetHints":{"allow":["GET"]}}],"collection":[{"href":"https:\/\/agora.xtec.cat\/ceiplacaixa\/wp-json\/wp\/v2\/pages"}],"about":[{"href":"https:\/\/agora.xtec.cat\/ceiplacaixa\/wp-json\/wp\/v2\/types\/page"}],"author":[{"embeddable":true,"href":"https:\/\/agora.xtec.cat\/ceiplacaixa\/wp-json\/wp\/v2\/users\/3"}],"replies":[{"embeddable":true,"href":"https:\/\/agora.xtec.cat\/ceiplacaixa\/wp-json\/wp\/v2\/comments?post=2386"}],"version-history":[{"count":3,"href":"https:\/\/agora.xtec.cat\/ceiplacaixa\/wp-json\/wp\/v2\/pages\/2386\/revisions"}],"predecessor-version":[{"id":4519,"href":"https:\/\/agora.xtec.cat\/ceiplacaixa\/wp-json\/wp\/v2\/pages\/2386\/revisions\/4519"}],"up":[{"embeddable":true,"href":"https:\/\/agora.xtec.cat\/ceiplacaixa\/wp-json\/wp\/v2\/pages\/3636"}],"wp:attachment":[{"href":"https:\/\/agora.xtec.cat\/ceiplacaixa\/wp-json\/wp\/v2\/media?parent=2386"}],"curies":[{"name":"wp","href":"https:\/\/api.w.org\/{rel}","templated":true}]}}