{"id":2311,"date":"2023-02-08T10:21:04","date_gmt":"2023-02-08T09:21:04","guid":{"rendered":"https:\/\/agora.xtec.cat\/ceiplacaixa\/?page_id=2311"},"modified":"2025-05-28T13:49:41","modified_gmt":"2025-05-28T11:49:41","slug":"angles","status":"publish","type":"page","link":"https:\/\/agora.xtec.cat\/ceiplacaixa\/projecte-educatiu\/projecte-linguistic\/angles\/","title":{"rendered":"English"},"content":{"rendered":"<p>Un dels pilars fonamental del nostre projecte educatiu \u00e9s <strong>potenciar l&#8217;aprenentatge de la llengua anglesa.<\/strong><\/p>\n<table style=\"border-collapse: collapse; width: 100%;\">\n<tbody>\n<tr>\n<td style=\"width: 33.3333%; text-align: center;\">\n<h5><a href=\"https:\/\/agora.xtec.cat\/ceiplacaixa\/projecte-educatiu\/angles\/metodologia-aicle-science\/\"><strong>Metodologia AICLE &#8211; Science<\/strong><\/a><\/h5>\n<\/td>\n<td style=\"width: 33.3333%; text-align: center;\">\n<h5><strong>Speaking &amp; Writing<\/strong><\/h5>\n<\/td>\n<td style=\"width: 33.3333%; text-align: center;\">\n<h5><a href=\"https:\/\/agora.xtec.cat\/ceiplacaixa\/projecte-educatiu\/angles\/english-day\/\"><strong>ENGLISH DAY<\/strong><\/a><\/h5>\n<\/td>\n<\/tr>\n<tr>\n<td style=\"width: 33.3333%;\"><a href=\"https:\/\/agora.xtec.cat\/ceiplacaixa\/projecte-educatiu\/science\/\"><img loading=\"lazy\" decoding=\"async\" class=\"aligncenter wp-image-2312 size-full\" src=\"https:\/\/agora.xtec.cat\/ceiplacaixa\/wp-content\/uploads\/usu1455\/2023\/01\/science.png\" alt=\"\" width=\"398\" height=\"191\" srcset=\"https:\/\/agora.xtec.cat\/ceiplacaixa\/wp-content\/uploads\/usu1455\/2023\/01\/science.png 398w, https:\/\/agora.xtec.cat\/ceiplacaixa\/wp-content\/uploads\/usu1455\/2023\/01\/science-300x144.png 300w\" sizes=\"auto, (max-width: 398px) 100vw, 398px\" \/><\/a><\/td>\n<td style=\"width: 33.3333%;\"><img loading=\"lazy\" decoding=\"async\" class=\"aligncenter size-full wp-image-2313\" src=\"https:\/\/agora.xtec.cat\/ceiplacaixa\/wp-content\/uploads\/usu1455\/2023\/01\/speakingwriting.png\" alt=\"\" width=\"366\" height=\"191\" srcset=\"https:\/\/agora.xtec.cat\/ceiplacaixa\/wp-content\/uploads\/usu1455\/2023\/01\/speakingwriting.png 366w, https:\/\/agora.xtec.cat\/ceiplacaixa\/wp-content\/uploads\/usu1455\/2023\/01\/speakingwriting-300x157.png 300w\" sizes=\"auto, (max-width: 366px) 100vw, 366px\" \/><\/td>\n<td style=\"width: 33.3333%;\"><a href=\"https:\/\/agora.xtec.cat\/ceiplacaixa\/projecte-educatiu\/angles\/english-day\/\"><img loading=\"lazy\" decoding=\"async\" class=\"aligncenter wp-image-2314\" src=\"https:\/\/agora.xtec.cat\/ceiplacaixa\/wp-content\/uploads\/usu1455\/2023\/01\/enlishday.png\" alt=\"\" width=\"312\" height=\"226\" srcset=\"https:\/\/agora.xtec.cat\/ceiplacaixa\/wp-content\/uploads\/usu1455\/2023\/01\/enlishday.png 364w, https:\/\/agora.xtec.cat\/ceiplacaixa\/wp-content\/uploads\/usu1455\/2023\/01\/enlishday-300x218.png 300w\" sizes=\"auto, (max-width: 312px) 100vw, 312px\" \/><\/a><\/td>\n<\/tr>\n<tr>\n<td style=\"width: 33.3333%; text-align: justify;\">Treballem la metodologia AICLE des de 3r a trav\u00e9s de les SCIENCE. D&#8217;aquesta manera, l&#8217;alumnat amb l&#8217;ajut de l&#8217;especialista d&#8217;angl\u00e8s, refor\u00e7a l&#8217;aprenentatge d&#8217;aquest idioma de forma molt visual amb activitats experimentals.<\/td>\n<td style=\"width: 33.3333%; text-align: justify;\">Potenciem l&#8217;expressi\u00f3 oral i escrita en petit grup per adquirir una bona compet\u00e8ncia comunicativa.<\/p>\n<p>&nbsp;<\/td>\n<td style=\"width: 33.3333%; text-align: justify;\">Un cop l&#8217;any, tota l&#8217;escola, dediquem una jornada sencera a un pa\u00eds de parla anglesa. Es realitzen diverses activitats de descoberta sobre la seva cultura.<br \/>\nA m\u00e9s a m\u00e9s, tamb\u00e9 gaudim d&#8217;una funci\u00f3 de teatre en angl\u00e8s.<\/td>\n<\/tr>\n<\/tbody>\n<\/table>\n<table style=\"border-collapse: collapse; width: 100%;\">\n<tbody>\n<tr>\n<td style=\"width: 33.3333%;\">\n<h3 style=\"text-align: center;\"><a href=\"https:\/\/agora.xtec.cat\/ceiplacaixa\/projecte-educatiu\/erasmus\/\"><strong>ERASMUS +<\/strong><\/a><\/h3>\n<\/td>\n<td style=\"width: 33.3333%;\">\n<h5 style=\"text-align: center;\"><a href=\"https:\/\/agora.xtec.cat\/ceiplacaixa\/projecte-educatiu\/angles\/auxiliar-de-conversa\/\"><strong>AUXILIAR DE CONVERSA<\/strong><\/a><\/h5>\n<\/td>\n<td style=\"width: 33.3333%;\"><\/td>\n<\/tr>\n<tr>\n<td style=\"width: 33.3333%;\"><a href=\"https:\/\/agora.xtec.cat\/ceiplacaixa\/projecte-educatiu\/erasmus\/\"><img loading=\"lazy\" decoding=\"async\" class=\"aligncenter size-full wp-image-2315\" src=\"https:\/\/agora.xtec.cat\/ceiplacaixa\/wp-content\/uploads\/usu1455\/2023\/01\/erasmus.png\" alt=\"\" width=\"362\" height=\"299\" srcset=\"https:\/\/agora.xtec.cat\/ceiplacaixa\/wp-content\/uploads\/usu1455\/2023\/01\/erasmus.png 362w, https:\/\/agora.xtec.cat\/ceiplacaixa\/wp-content\/uploads\/usu1455\/2023\/01\/erasmus-300x248.png 300w\" sizes=\"auto, (max-width: 362px) 100vw, 362px\" \/><\/a><\/td>\n<td style=\"width: 33.3333%;\"><img loading=\"lazy\" decoding=\"async\" class=\"aligncenter wp-image-3886\" style=\"background-color: #ffffff;\" src=\"https:\/\/agora.xtec.cat\/ceiplacaixa\/wp-content\/uploads\/usu1455\/2025\/03\/auxiliar-conversa-10-768x1024.jpeg\" alt=\"\" width=\"301\" height=\"401\" srcset=\"https:\/\/agora.xtec.cat\/ceiplacaixa\/wp-content\/uploads\/usu1455\/2025\/03\/auxiliar-conversa-10-768x1024.jpeg 768w, https:\/\/agora.xtec.cat\/ceiplacaixa\/wp-content\/uploads\/usu1455\/2025\/03\/auxiliar-conversa-10-225x300.jpeg 225w, https:\/\/agora.xtec.cat\/ceiplacaixa\/wp-content\/uploads\/usu1455\/2025\/03\/auxiliar-conversa-10-1152x1536.jpeg 1152w, https:\/\/agora.xtec.cat\/ceiplacaixa\/wp-content\/uploads\/usu1455\/2025\/03\/auxiliar-conversa-10.jpeg 1200w\" sizes=\"auto, (max-width: 301px) 100vw, 301px\" \/><\/td>\n<td style=\"width: 33.3333%;\"><\/td>\n<\/tr>\n<tr>\n<td style=\"width: 33.3333%;\">El nostre projecte \u201c<strong>Let\u2019s make a circle<\/strong>\u201d, dins la convocat\u00f2ria del programa <strong>Erasmus+ KA122, <\/strong>t\u00e9 com objectius<strong>:<\/strong><\/p>\n<ul>\n<li aria-level=\"1\">Millorar la compet\u00e8ncia ling\u00fc\u00edstica de l\u2019alumnat en llengua estrangera.<\/li>\n<li aria-level=\"1\">Potenciar la internacionalitzaci\u00f3 del centre.<\/li>\n<li aria-level=\"1\">Consolidar la l\u00ednia d\u2019escola compartida cap a la sostenibilitat<\/li>\n<\/ul>\n<\/td>\n<td style=\"width: 33.3333%;\">Durant aquest curs 24-25 tenim concedida una auxiliar de conversa procedent de Wisconsin.<\/p>\n<p>L&#8217;objectiu \u00e9s estimular l&#8217;aprenentatge de la llengua, sobretot de la llengua oral, i cultura anglesa.<\/td>\n<td style=\"width: 33.3333%;\"><\/td>\n<\/tr>\n<\/tbody>\n<\/table>\n<p>&nbsp;<\/p>\n","protected":false},"excerpt":{"rendered":"<p>Un dels pilars fonamental del nostre projecte educatiu \u00e9s potenciar l&#8217;aprenentatge de la llengua anglesa. Metodologia AICLE &#8211; Science Speaking &amp; Writing ENGLISH DAY Treballem la metodologia AICLE des de 3r a trav\u00e9s de les SCIENCE. D&#8217;aquesta manera, l&#8217;alumnat amb l&#8217;ajut de l&#8217;especialista d&#8217;angl\u00e8s, refor\u00e7a l&#8217;aprenentatge d&#8217;aquest idioma de forma molt visual amb activitats experimentals. [&hellip;]<\/p>\n","protected":false},"author":3,"featured_media":0,"parent":1034,"menu_order":20,"comment_status":"closed","ping_status":"closed","template":"page-templates\/side-menu.php","meta":{"_bbp_topic_count":0,"_bbp_reply_count":0,"_bbp_total_topic_count":0,"_bbp_total_reply_count":0,"_bbp_voice_count":0,"_bbp_anonymous_reply_count":0,"_bbp_topic_count_hidden":0,"_bbp_reply_count_hidden":0,"_bbp_forum_subforum_count":0,"site-sidebar-layout":"default","site-content-layout":"","ast-site-content-layout":"","site-content-style":"default","site-sidebar-style":"default","ast-global-header-display":"","ast-banner-title-visibility":"","ast-main-header-display":"","ast-hfb-above-header-display":"","ast-hfb-below-header-display":"","ast-hfb-mobile-header-display":"","site-post-title":"","ast-breadcrumbs-content":"","ast-featured-img":"","footer-sml-layout":"","theme-transparent-header-meta":"","adv-header-id-meta":"","stick-header-meta":"","header-above-stick-meta":"","header-main-stick-meta":"","header-below-stick-meta":"","astra-migrate-meta-layouts":"default","ast-page-background-enabled":"default","ast-page-background-meta":{"desktop":{"background-color":"var(--ast-global-color-4)","background-image":"","background-repeat":"repeat","background-position":"center center","background-size":"auto","background-attachment":"scroll","background-type":"","background-media":"","overlay-type":"","overlay-color":"","overlay-opacity":"","overlay-gradient":""},"tablet":{"background-color":"","background-image":"","background-repeat":"repeat","background-position":"center center","background-size":"auto","background-attachment":"scroll","background-type":"","background-media":"","overlay-type":"","overlay-color":"","overlay-opacity":"","overlay-gradient":""},"mobile":{"background-color":"","background-image":"","background-repeat":"repeat","background-position":"center center","background-size":"auto","background-attachment":"scroll","background-type":"","background-media":"","overlay-type":"","overlay-color":"","overlay-opacity":"","overlay-gradient":""}},"ast-content-background-meta":{"desktop":{"background-color":"var(--ast-global-color-5)","background-image":"","background-repeat":"repeat","background-position":"center center","background-size":"auto","background-attachment":"scroll","background-type":"","background-media":"","overlay-type":"","overlay-color":"","overlay-opacity":"","overlay-gradient":""},"tablet":{"background-color":"var(--ast-global-color-5)","background-image":"","background-repeat":"repeat","background-position":"center center","background-size":"auto","background-attachment":"scroll","background-type":"","background-media":"","overlay-type":"","overlay-color":"","overlay-opacity":"","overlay-gradient":""},"mobile":{"background-color":"var(--ast-global-color-5)","background-image":"","background-repeat":"repeat","background-position":"center center","background-size":"auto","background-attachment":"scroll","background-type":"","background-media":"","overlay-type":"","overlay-color":"","overlay-opacity":"","overlay-gradient":""}},"footnotes":""},"class_list":["post-2311","page","type-page","status-publish","hentry"],"post_mailing_queue_ids":[],"_links":{"self":[{"href":"https:\/\/agora.xtec.cat\/ceiplacaixa\/wp-json\/wp\/v2\/pages\/2311","targetHints":{"allow":["GET"]}}],"collection":[{"href":"https:\/\/agora.xtec.cat\/ceiplacaixa\/wp-json\/wp\/v2\/pages"}],"about":[{"href":"https:\/\/agora.xtec.cat\/ceiplacaixa\/wp-json\/wp\/v2\/types\/page"}],"author":[{"embeddable":true,"href":"https:\/\/agora.xtec.cat\/ceiplacaixa\/wp-json\/wp\/v2\/users\/3"}],"replies":[{"embeddable":true,"href":"https:\/\/agora.xtec.cat\/ceiplacaixa\/wp-json\/wp\/v2\/comments?post=2311"}],"version-history":[{"count":6,"href":"https:\/\/agora.xtec.cat\/ceiplacaixa\/wp-json\/wp\/v2\/pages\/2311\/revisions"}],"predecessor-version":[{"id":4043,"href":"https:\/\/agora.xtec.cat\/ceiplacaixa\/wp-json\/wp\/v2\/pages\/2311\/revisions\/4043"}],"up":[{"embeddable":true,"href":"https:\/\/agora.xtec.cat\/ceiplacaixa\/wp-json\/wp\/v2\/pages\/1034"}],"wp:attachment":[{"href":"https:\/\/agora.xtec.cat\/ceiplacaixa\/wp-json\/wp\/v2\/media?parent=2311"}],"curies":[{"name":"wp","href":"https:\/\/api.w.org\/{rel}","templated":true}]}}