{"id":2113,"date":"2022-11-15T09:23:06","date_gmt":"2022-11-15T08:23:06","guid":{"rendered":"https:\/\/agora.xtec.cat\/ceiplacaixa\/?page_id=2113"},"modified":"2025-02-20T15:46:05","modified_gmt":"2025-02-20T14:46:05","slug":"espais-daprenentatge","status":"publish","type":"page","link":"https:\/\/agora.xtec.cat\/ceiplacaixa\/projecte-educatiu\/espais-daprenentatge\/","title":{"rendered":"Espais d&#8217;aprenentatge"},"content":{"rendered":"<h4>Qu\u00e8 s\u00f3n els espais d&#8217;aprenentatge?<\/h4>\n<p>A l&#8217;escola entenem els espais d&#8217;aprenentatge com un espai educatiu en el qual es hi apareixen diferents propostes que l&#8217;alumnat pot dur a terme de forma lliure.<\/p>\n<p>En aquests espais:<\/p>\n<ul>\n<li>Es promou l&#8217;activitat i l&#8217;autonomia sobre els seus processos d&#8217;aprenentatge on ells i elles assumeixen la responsabilitat.<\/li>\n<li>Es permet a l&#8217;alumnat prendre decisions i provar estrat\u00e8gies diferents. Els permet pensar, con\u00e8ixer i descobrir.<\/li>\n<li>Es permet a l&#8217;alumnat resoldre problemes per si mateixos\/es o amb els seus companys o companyes, prenent les seves pr\u00f2pies decisions, aprenent de l&#8217;encert i de l&#8217;error i utilitzant els seus resultats per a resoldre nous problemes en contextos diferents.<\/li>\n<li>Es creen espais d&#8217;interacci\u00f3 entre alumnes en els quals l&#8217;aprenentatge es construeix conjuntament, per tant s&#8217;enriqueix amb el treball cooperatiu.<\/li>\n<li>Es permet integrar alumnes de diferents edats i moments evolutius diversos.<\/li>\n<\/ul>\n<h4>Com ens organitzem?<\/h4>\n<p>Tant a la comunitat de petits com a la comunitat de mitjans existeixen cinc espais d&#8217;aprenentatge. Aquests no s\u00f3n de lliure circulaci\u00f3, l&#8217;alumnat escull pr\u00e8viament on vol anar.<\/p>\n<h4>Quins espais tenim?<\/h4>\n<p>A poc a poc, anirem afegint petits reportatges de cadascun dels nostres espais tant de la comunitat de petits com de mitjans:<\/p>\n<table style=\"border-collapse: collapse; width: 95.072%; height: 292px;\">\n<tbody>\n<tr style=\"height: 49px;\">\n<td style=\"width: 69.6099%; text-align: center; height: 49px;\" colspan=\"5\">\n<h5>Espais d&#8217;aprenentatge &#8211; Comunitat de Petits<\/h5>\n<\/td>\n<\/tr>\n<tr style=\"height: 315px;\">\n<td style=\"width: 14.4187%; height: 69px;\"><a href=\"https:\/\/agora.xtec.cat\/ceiplacaixa\/projecte-educatiu\/espais-daprenentatge\/espai-petits-ens-comuniquem\/\"><img loading=\"lazy\" decoding=\"async\" class=\"aligncenter wp-image-2168\" src=\"https:\/\/agora.xtec.cat\/ceiplacaixa\/wp-content\/uploads\/usu1455\/2022\/11\/1-1024x1024.png\" alt=\"\" width=\"234\" height=\"234\" srcset=\"https:\/\/agora.xtec.cat\/ceiplacaixa\/wp-content\/uploads\/usu1455\/2022\/11\/1-1024x1024.png 1024w, https:\/\/agora.xtec.cat\/ceiplacaixa\/wp-content\/uploads\/usu1455\/2022\/11\/1-300x300.png 300w, https:\/\/agora.xtec.cat\/ceiplacaixa\/wp-content\/uploads\/usu1455\/2022\/11\/1-150x150.png 150w, https:\/\/agora.xtec.cat\/ceiplacaixa\/wp-content\/uploads\/usu1455\/2022\/11\/1-768x768.png 768w, https:\/\/agora.xtec.cat\/ceiplacaixa\/wp-content\/uploads\/usu1455\/2022\/11\/1.png 1080w\" sizes=\"auto, (max-width: 234px) 100vw, 234px\" \/><\/a><\/td>\n<td style=\"width: 13.766%; height: 69px;\"><a href=\"https:\/\/agora.xtec.cat\/ceiplacaixa\/projecte-educatiu\/espais-daprenentatge\/espai-petits-llum-i-foscor\/\"><img loading=\"lazy\" decoding=\"async\" class=\"aligncenter size-large wp-image-2262\" src=\"https:\/\/agora.xtec.cat\/ceiplacaixa\/wp-content\/uploads\/usu1455\/2022\/12\/llum-i-foscor-1024x1024.png\" alt=\"\" width=\"1024\" height=\"1024\" srcset=\"https:\/\/agora.xtec.cat\/ceiplacaixa\/wp-content\/uploads\/usu1455\/2022\/12\/llum-i-foscor-1024x1024.png 1024w, https:\/\/agora.xtec.cat\/ceiplacaixa\/wp-content\/uploads\/usu1455\/2022\/12\/llum-i-foscor-300x300.png 300w, https:\/\/agora.xtec.cat\/ceiplacaixa\/wp-content\/uploads\/usu1455\/2022\/12\/llum-i-foscor-150x150.png 150w, https:\/\/agora.xtec.cat\/ceiplacaixa\/wp-content\/uploads\/usu1455\/2022\/12\/llum-i-foscor-768x768.png 768w, https:\/\/agora.xtec.cat\/ceiplacaixa\/wp-content\/uploads\/usu1455\/2022\/12\/llum-i-foscor.png 1080w\" sizes=\"auto, (max-width: 1024px) 100vw, 1024px\" \/><\/a><\/td>\n<td style=\"width: 13.5757%; height: 69px;\"><a href=\"https:\/\/agora.xtec.cat\/ceiplacaixa\/projecte-educatiu\/espais-daprenentatge\/espai-petits-artistes\/\"><img loading=\"lazy\" decoding=\"async\" class=\"alignnone size-medium wp-image-3046\" src=\"https:\/\/agora.xtec.cat\/ceiplacaixa\/wp-content\/uploads\/usu1455\/2024\/01\/Espais-daprenentatge-Comunitat-de-petits-3-300x300.png\" alt=\"\" width=\"300\" height=\"300\" srcset=\"https:\/\/agora.xtec.cat\/ceiplacaixa\/wp-content\/uploads\/usu1455\/2024\/01\/Espais-daprenentatge-Comunitat-de-petits-3-300x300.png 300w, https:\/\/agora.xtec.cat\/ceiplacaixa\/wp-content\/uploads\/usu1455\/2024\/01\/Espais-daprenentatge-Comunitat-de-petits-3-1024x1024.png 1024w, https:\/\/agora.xtec.cat\/ceiplacaixa\/wp-content\/uploads\/usu1455\/2024\/01\/Espais-daprenentatge-Comunitat-de-petits-3-150x150.png 150w, https:\/\/agora.xtec.cat\/ceiplacaixa\/wp-content\/uploads\/usu1455\/2024\/01\/Espais-daprenentatge-Comunitat-de-petits-3-768x768.png 768w, https:\/\/agora.xtec.cat\/ceiplacaixa\/wp-content\/uploads\/usu1455\/2024\/01\/Espais-daprenentatge-Comunitat-de-petits-3.png 1080w\" sizes=\"auto, (max-width: 300px) 100vw, 300px\" \/><\/a><\/td>\n<td style=\"width: 14.0179%; height: 69px;\">\n<h4><a href=\"https:\/\/agora.xtec.cat\/ceiplacaixa\/projecte-educatiu\/espais-daprenentatge\/espai-petits-ciencia\/\"><img loading=\"lazy\" decoding=\"async\" class=\"alignnone size-large wp-image-3044\" src=\"https:\/\/agora.xtec.cat\/ceiplacaixa\/wp-content\/uploads\/usu1455\/2024\/01\/Espais-daprenentatge-Comunitat-de-petits-1-1-1024x1024.png\" alt=\"\" width=\"1024\" height=\"1024\" srcset=\"https:\/\/agora.xtec.cat\/ceiplacaixa\/wp-content\/uploads\/usu1455\/2024\/01\/Espais-daprenentatge-Comunitat-de-petits-1-1-1024x1024.png 1024w, https:\/\/agora.xtec.cat\/ceiplacaixa\/wp-content\/uploads\/usu1455\/2024\/01\/Espais-daprenentatge-Comunitat-de-petits-1-1-300x300.png 300w, https:\/\/agora.xtec.cat\/ceiplacaixa\/wp-content\/uploads\/usu1455\/2024\/01\/Espais-daprenentatge-Comunitat-de-petits-1-1-150x150.png 150w, https:\/\/agora.xtec.cat\/ceiplacaixa\/wp-content\/uploads\/usu1455\/2024\/01\/Espais-daprenentatge-Comunitat-de-petits-1-1-768x768.png 768w, https:\/\/agora.xtec.cat\/ceiplacaixa\/wp-content\/uploads\/usu1455\/2024\/01\/Espais-daprenentatge-Comunitat-de-petits-1-1.png 1080w\" sizes=\"auto, (max-width: 1024px) 100vw, 1024px\" \/><\/a><\/h4>\n<\/td>\n<td style=\"width: 13.8316%; height: 69px;\"><a href=\"https:\/\/agora.xtec.cat\/ceiplacaixa\/projecte-educatiu\/espais-daprenentatge\/espai-petits-ara-som\/\"><img loading=\"lazy\" decoding=\"async\" class=\"alignnone wp-image-3045\" src=\"https:\/\/agora.xtec.cat\/ceiplacaixa\/wp-content\/uploads\/usu1455\/2024\/01\/Espais-daprenentatge-Comunitat-de-petits-2-300x300.png\" alt=\"\" width=\"174\" height=\"174\" srcset=\"https:\/\/agora.xtec.cat\/ceiplacaixa\/wp-content\/uploads\/usu1455\/2024\/01\/Espais-daprenentatge-Comunitat-de-petits-2-300x300.png 300w, https:\/\/agora.xtec.cat\/ceiplacaixa\/wp-content\/uploads\/usu1455\/2024\/01\/Espais-daprenentatge-Comunitat-de-petits-2-1024x1024.png 1024w, https:\/\/agora.xtec.cat\/ceiplacaixa\/wp-content\/uploads\/usu1455\/2024\/01\/Espais-daprenentatge-Comunitat-de-petits-2-150x150.png 150w, https:\/\/agora.xtec.cat\/ceiplacaixa\/wp-content\/uploads\/usu1455\/2024\/01\/Espais-daprenentatge-Comunitat-de-petits-2-768x768.png 768w, https:\/\/agora.xtec.cat\/ceiplacaixa\/wp-content\/uploads\/usu1455\/2024\/01\/Espais-daprenentatge-Comunitat-de-petits-2.png 1080w\" sizes=\"auto, (max-width: 174px) 100vw, 174px\" \/><\/a><\/td>\n<\/tr>\n<tr style=\"height: 32px;\">\n<td style=\"width: 69.6099%; height: 32px;\" colspan=\"5\">\n<h5 style=\"text-align: center;\">Espais d&#8217;aprenentatge &#8211; Comunitat de Mitjans<\/h5>\n<\/td>\n<\/tr>\n<tr style=\"height: 349px;\">\n<td style=\"width: 14.4187%; height: 142px;\"><a href=\"https:\/\/agora.xtec.cat\/ceiplacaixa\/projecte-educatiu\/espais-daprenentatge\/espai-com-si-fos-ahir\/\"><img loading=\"lazy\" decoding=\"async\" class=\"aligncenter wp-image-2169\" src=\"https:\/\/agora.xtec.cat\/ceiplacaixa\/wp-content\/uploads\/usu1455\/2022\/11\/2-1024x1024.png\" alt=\"\" width=\"215\" height=\"215\" srcset=\"https:\/\/agora.xtec.cat\/ceiplacaixa\/wp-content\/uploads\/usu1455\/2022\/11\/2-1024x1024.png 1024w, https:\/\/agora.xtec.cat\/ceiplacaixa\/wp-content\/uploads\/usu1455\/2022\/11\/2-300x300.png 300w, https:\/\/agora.xtec.cat\/ceiplacaixa\/wp-content\/uploads\/usu1455\/2022\/11\/2-150x150.png 150w, https:\/\/agora.xtec.cat\/ceiplacaixa\/wp-content\/uploads\/usu1455\/2022\/11\/2-768x768.png 768w, https:\/\/agora.xtec.cat\/ceiplacaixa\/wp-content\/uploads\/usu1455\/2022\/11\/2.png 1080w\" sizes=\"auto, (max-width: 215px) 100vw, 215px\" \/><\/a><\/td>\n<td style=\"width: 13.766%; height: 142px;\"><a href=\"https:\/\/agora.xtec.cat\/ceiplacaixa\/projecte-educatiu\/espais-daprenentatge\/espai-mitjans-camins-sonors\/\"><img loading=\"lazy\" decoding=\"async\" class=\"aligncenter wp-image-2175\" src=\"https:\/\/agora.xtec.cat\/ceiplacaixa\/wp-content\/uploads\/usu1455\/2022\/11\/Espai-musica-1024x1024.png\" alt=\"\" width=\"223\" height=\"223\" srcset=\"https:\/\/agora.xtec.cat\/ceiplacaixa\/wp-content\/uploads\/usu1455\/2022\/11\/Espai-musica-1024x1024.png 1024w, https:\/\/agora.xtec.cat\/ceiplacaixa\/wp-content\/uploads\/usu1455\/2022\/11\/Espai-musica-300x300.png 300w, https:\/\/agora.xtec.cat\/ceiplacaixa\/wp-content\/uploads\/usu1455\/2022\/11\/Espai-musica-150x150.png 150w, https:\/\/agora.xtec.cat\/ceiplacaixa\/wp-content\/uploads\/usu1455\/2022\/11\/Espai-musica-768x768.png 768w, https:\/\/agora.xtec.cat\/ceiplacaixa\/wp-content\/uploads\/usu1455\/2022\/11\/Espai-musica.png 1080w\" sizes=\"auto, (max-width: 223px) 100vw, 223px\" \/><\/a><\/td>\n<td style=\"width: 13.5757%; height: 142px;\">\n<h4><a href=\"https:\/\/agora.xtec.cat\/ceiplacaixa\/projecte-educatiu\/espais-daprenentatge\/espai-mitjans-moviment\/\"><img loading=\"lazy\" decoding=\"async\" class=\"aligncenter wp-image-2383\" src=\"https:\/\/agora.xtec.cat\/ceiplacaixa\/wp-content\/uploads\/usu1455\/2023\/02\/Espais-daprenentatge-Comunitat-de-petits-3-1024x1024.png\" alt=\"\" width=\"1024\" height=\"1024\" srcset=\"https:\/\/agora.xtec.cat\/ceiplacaixa\/wp-content\/uploads\/usu1455\/2023\/02\/Espais-daprenentatge-Comunitat-de-petits-3-1024x1024.png 1024w, https:\/\/agora.xtec.cat\/ceiplacaixa\/wp-content\/uploads\/usu1455\/2023\/02\/Espais-daprenentatge-Comunitat-de-petits-3-300x300.png 300w, https:\/\/agora.xtec.cat\/ceiplacaixa\/wp-content\/uploads\/usu1455\/2023\/02\/Espais-daprenentatge-Comunitat-de-petits-3-150x150.png 150w, https:\/\/agora.xtec.cat\/ceiplacaixa\/wp-content\/uploads\/usu1455\/2023\/02\/Espais-daprenentatge-Comunitat-de-petits-3-768x768.png 768w, https:\/\/agora.xtec.cat\/ceiplacaixa\/wp-content\/uploads\/usu1455\/2023\/02\/Espais-daprenentatge-Comunitat-de-petits-3.png 1080w\" sizes=\"auto, (max-width: 1024px) 100vw, 1024px\" \/><\/a><\/h4>\n<\/td>\n<td style=\"width: 14.0179%; height: 142px;\"><a href=\"https:\/\/agora.xtec.cat\/ceiplacaixa\/espai-mitjans-cada-2x3\/\"><img loading=\"lazy\" decoding=\"async\" class=\"aligncenter wp-image-2421\" src=\"https:\/\/agora.xtec.cat\/ceiplacaixa\/wp-content\/uploads\/usu1455\/2023\/02\/Espais-daprenentatge-Comunitat-de-petits-4-1024x1024.png\" alt=\"\" width=\"180\" height=\"180\" srcset=\"https:\/\/agora.xtec.cat\/ceiplacaixa\/wp-content\/uploads\/usu1455\/2023\/02\/Espais-daprenentatge-Comunitat-de-petits-4-1024x1024.png 1024w, https:\/\/agora.xtec.cat\/ceiplacaixa\/wp-content\/uploads\/usu1455\/2023\/02\/Espais-daprenentatge-Comunitat-de-petits-4-300x300.png 300w, https:\/\/agora.xtec.cat\/ceiplacaixa\/wp-content\/uploads\/usu1455\/2023\/02\/Espais-daprenentatge-Comunitat-de-petits-4-150x150.png 150w, https:\/\/agora.xtec.cat\/ceiplacaixa\/wp-content\/uploads\/usu1455\/2023\/02\/Espais-daprenentatge-Comunitat-de-petits-4-768x768.png 768w, https:\/\/agora.xtec.cat\/ceiplacaixa\/wp-content\/uploads\/usu1455\/2023\/02\/Espais-daprenentatge-Comunitat-de-petits-4.png 1080w\" sizes=\"auto, (max-width: 180px) 100vw, 180px\" \/><\/a><\/td>\n<td style=\"width: 13.8316%; height: 142px;\">\n<h4><a href=\"https:\/\/agora.xtec.cat\/ceiplacaixa\/projecte-educatiu\/espais-daprenentatge\/espai-mitjans-ball-de-paraules\/\"><img loading=\"lazy\" decoding=\"async\" class=\"alignnone wp-image-3202 size-large\" src=\"https:\/\/agora.xtec.cat\/ceiplacaixa\/wp-content\/uploads\/usu1455\/2024\/01\/Espais-daprenentatge-Comunitat-de-petits-1-1024x1024.png\" alt=\"\" width=\"1024\" height=\"1024\" srcset=\"https:\/\/agora.xtec.cat\/ceiplacaixa\/wp-content\/uploads\/usu1455\/2024\/01\/Espais-daprenentatge-Comunitat-de-petits-1-1024x1024.png 1024w, https:\/\/agora.xtec.cat\/ceiplacaixa\/wp-content\/uploads\/usu1455\/2024\/01\/Espais-daprenentatge-Comunitat-de-petits-1-300x300.png 300w, https:\/\/agora.xtec.cat\/ceiplacaixa\/wp-content\/uploads\/usu1455\/2024\/01\/Espais-daprenentatge-Comunitat-de-petits-1-150x150.png 150w, https:\/\/agora.xtec.cat\/ceiplacaixa\/wp-content\/uploads\/usu1455\/2024\/01\/Espais-daprenentatge-Comunitat-de-petits-1-768x768.png 768w, https:\/\/agora.xtec.cat\/ceiplacaixa\/wp-content\/uploads\/usu1455\/2024\/01\/Espais-daprenentatge-Comunitat-de-petits-1.png 1080w\" sizes=\"auto, (max-width: 1024px) 100vw, 1024px\" \/><\/a><\/h4>\n<\/td>\n<\/tr>\n<\/tbody>\n<\/table>\n<p>&nbsp;<\/p>\n","protected":false},"excerpt":{"rendered":"<p>Qu\u00e8 s\u00f3n els espais d&#8217;aprenentatge? A l&#8217;escola entenem els espais d&#8217;aprenentatge com un espai educatiu en el qual es hi apareixen diferents propostes que l&#8217;alumnat pot dur a terme de forma lliure. En aquests espais: Es promou l&#8217;activitat i l&#8217;autonomia sobre els seus processos d&#8217;aprenentatge on ells i elles assumeixen la responsabilitat. Es permet a [&hellip;]<\/p>\n","protected":false},"author":3,"featured_media":0,"parent":64,"menu_order":40,"comment_status":"closed","ping_status":"closed","template":"page-templates\/side-menu.php","meta":{"_bbp_topic_count":0,"_bbp_reply_count":0,"_bbp_total_topic_count":0,"_bbp_total_reply_count":0,"_bbp_voice_count":0,"_bbp_anonymous_reply_count":0,"_bbp_topic_count_hidden":0,"_bbp_reply_count_hidden":0,"_bbp_forum_subforum_count":0,"site-sidebar-layout":"default","site-content-layout":"","ast-site-content-layout":"","site-content-style":"default","site-sidebar-style":"default","ast-global-header-display":"","ast-banner-title-visibility":"","ast-main-header-display":"","ast-hfb-above-header-display":"","ast-hfb-below-header-display":"","ast-hfb-mobile-header-display":"","site-post-title":"","ast-breadcrumbs-content":"","ast-featured-img":"","footer-sml-layout":"","theme-transparent-header-meta":"","adv-header-id-meta":"","stick-header-meta":"","header-above-stick-meta":"","header-main-stick-meta":"","header-below-stick-meta":"","astra-migrate-meta-layouts":"default","ast-page-background-enabled":"default","ast-page-background-meta":{"desktop":{"background-color":"var(--ast-global-color-4)","background-image":"","background-repeat":"repeat","background-position":"center center","background-size":"auto","background-attachment":"scroll","background-type":"","background-media":"","overlay-type":"","overlay-color":"","overlay-opacity":"","overlay-gradient":""},"tablet":{"background-color":"","background-image":"","background-repeat":"repeat","background-position":"center center","background-size":"auto","background-attachment":"scroll","background-type":"","background-media":"","overlay-type":"","overlay-color":"","overlay-opacity":"","overlay-gradient":""},"mobile":{"background-color":"","background-image":"","background-repeat":"repeat","background-position":"center center","background-size":"auto","background-attachment":"scroll","background-type":"","background-media":"","overlay-type":"","overlay-color":"","overlay-opacity":"","overlay-gradient":""}},"ast-content-background-meta":{"desktop":{"background-color":"var(--ast-global-color-5)","background-image":"","background-repeat":"repeat","background-position":"center center","background-size":"auto","background-attachment":"scroll","background-type":"","background-media":"","overlay-type":"","overlay-color":"","overlay-opacity":"","overlay-gradient":""},"tablet":{"background-color":"var(--ast-global-color-5)","background-image":"","background-repeat":"repeat","background-position":"center center","background-size":"auto","background-attachment":"scroll","background-type":"","background-media":"","overlay-type":"","overlay-color":"","overlay-opacity":"","overlay-gradient":""},"mobile":{"background-color":"var(--ast-global-color-5)","background-image":"","background-repeat":"repeat","background-position":"center center","background-size":"auto","background-attachment":"scroll","background-type":"","background-media":"","overlay-type":"","overlay-color":"","overlay-opacity":"","overlay-gradient":""}},"footnotes":""},"class_list":["post-2113","page","type-page","status-publish","hentry"],"post_mailing_queue_ids":[],"_links":{"self":[{"href":"https:\/\/agora.xtec.cat\/ceiplacaixa\/wp-json\/wp\/v2\/pages\/2113","targetHints":{"allow":["GET"]}}],"collection":[{"href":"https:\/\/agora.xtec.cat\/ceiplacaixa\/wp-json\/wp\/v2\/pages"}],"about":[{"href":"https:\/\/agora.xtec.cat\/ceiplacaixa\/wp-json\/wp\/v2\/types\/page"}],"author":[{"embeddable":true,"href":"https:\/\/agora.xtec.cat\/ceiplacaixa\/wp-json\/wp\/v2\/users\/3"}],"replies":[{"embeddable":true,"href":"https:\/\/agora.xtec.cat\/ceiplacaixa\/wp-json\/wp\/v2\/comments?post=2113"}],"version-history":[{"count":8,"href":"https:\/\/agora.xtec.cat\/ceiplacaixa\/wp-json\/wp\/v2\/pages\/2113\/revisions"}],"predecessor-version":[{"id":3850,"href":"https:\/\/agora.xtec.cat\/ceiplacaixa\/wp-json\/wp\/v2\/pages\/2113\/revisions\/3850"}],"up":[{"embeddable":true,"href":"https:\/\/agora.xtec.cat\/ceiplacaixa\/wp-json\/wp\/v2\/pages\/64"}],"wp:attachment":[{"href":"https:\/\/agora.xtec.cat\/ceiplacaixa\/wp-json\/wp\/v2\/media?parent=2113"}],"curies":[{"name":"wp","href":"https:\/\/api.w.org\/{rel}","templated":true}]}}