{"id":2057,"date":"2022-10-24T13:24:57","date_gmt":"2022-10-24T11:24:57","guid":{"rendered":"https:\/\/agora.xtec.cat\/ceiplacaixa\/?page_id=2057"},"modified":"2026-02-11T13:18:08","modified_gmt":"2026-02-11T12:18:08","slug":"erasmus","status":"publish","type":"page","link":"https:\/\/agora.xtec.cat\/ceiplacaixa\/projecte-educatiu\/erasmus\/","title":{"rendered":"Erasmus+"},"content":{"rendered":"<h3>Projecte Erasmus+<\/h3>\n<p><img loading=\"lazy\" decoding=\"async\" class=\"aligncenter wp-image-4127\" src=\"https:\/\/agora.xtec.cat\/ceiplacaixa\/wp-content\/uploads\/usu1455\/2025\/07\/Mural-pati-Erasmus-1024x430.jpg\" alt=\"\" width=\"588\" height=\"247\" srcset=\"https:\/\/agora.xtec.cat\/ceiplacaixa\/wp-content\/uploads\/usu1455\/2025\/07\/Mural-pati-Erasmus-1024x430.jpg 1024w, https:\/\/agora.xtec.cat\/ceiplacaixa\/wp-content\/uploads\/usu1455\/2025\/07\/Mural-pati-Erasmus-300x126.jpg 300w, https:\/\/agora.xtec.cat\/ceiplacaixa\/wp-content\/uploads\/usu1455\/2025\/07\/Mural-pati-Erasmus-768x322.jpg 768w, https:\/\/agora.xtec.cat\/ceiplacaixa\/wp-content\/uploads\/usu1455\/2025\/07\/Mural-pati-Erasmus-1536x644.jpg 1536w, https:\/\/agora.xtec.cat\/ceiplacaixa\/wp-content\/uploads\/usu1455\/2025\/07\/Mural-pati-Erasmus-2048x859.jpg 2048w\" sizes=\"auto, (max-width: 588px) 100vw, 588px\" \/><\/p>\n<!-- ESTILO PARA BOTONES UNIFORMES -->\n<p><style>\n\/* Botones uniformes *\/\n.wp-block-button__link.wp-element-button {\n    display: inline-block;\n    width: 100%;        \/* Ocupa todo el ancho del contenedor *\/\n    max-width: 400px;   \/* M\u00e1ximo ancho *\/\n    padding: 15px 0;    \/* Altura uniforme *\/\n    text-align: center;\n    border-radius: 5px;\n    text-decoration: none;\n    font-weight: bold;\n    transition: all 0.3s ease; \/* Animaci\u00f3n suave *\/\n}\n\n\/* Hover: cambia el color de fondo y agranda ligeramente *\/\n.wp-block-button__link.wp-element-button:hover {\n    transform: scale(1.05);\n    filter: brightness(90%);\n}\n\n\/* Colores personalizados por tipo *\/\n.wp-block-button__link.green-highlight {\n    background-color: #008BE8;  \/* Verde agua *\/\n    color: #ffffff;             \/* Texto blanco *\/\n}\n\n.wp-block-button__link.blue-default {\n    background-color: #414654;  \/* Azul oscuro *\/\n    color: #ffffff;\n}\n\n.wp-block-button__link.orange-default {\n    background-color: #ff6a00;  \/* Naranja *\/\n    color: #ffffff;\n}\n<\/style><\/p>\n<table style=\"border-collapse: collapse; width: 100%; height: 781px;\">\n<tbody>\n<tr style=\"height: 85px;\">\n<td style=\"height: 10px; width: 34.2767%;\">\n<h3 style=\"text-align: center;\"><img loading=\"lazy\" decoding=\"async\" class=\"aligncenter wp-image-3571\" style=\"font-size: 16px;\" src=\"https:\/\/agora.xtec.cat\/ceiplacaixa\/wp-content\/uploads\/usu1455\/2024\/06\/IMG_20240627_085138.jpg\" alt=\"\" width=\"258\" height=\"133\" srcset=\"https:\/\/agora.xtec.cat\/ceiplacaixa\/wp-content\/uploads\/usu1455\/2024\/06\/IMG_20240627_085138.jpg 683w, https:\/\/agora.xtec.cat\/ceiplacaixa\/wp-content\/uploads\/usu1455\/2024\/06\/IMG_20240627_085138-300x154.jpg 300w\" sizes=\"auto, (max-width: 258px) 100vw, 258px\" \/><\/h3>\n<\/td>\n<td style=\"width: 65.5931%; height: 10px;\" colspan=\"2\">\n<h3 style=\"text-align: center;\">CENTRE ACREDITAT 2024-2027<\/h3>\n<\/td>\n<\/tr>\n<tr style=\"height: 332px;\">\n<td style=\"width: 66.5365%; height: 332px;\" colspan=\"2\">Al curs 22-23 vam participar per primera vegada en un projecte ERASMUS+ de curta durada. Ara, al curs 23-24 ja som un centre ACREDITAT, amb un projecte fins al 2027. Amb el nostre alumnat realitzem activitats conjuntes amb altres escoles d&#8217;Europa i, a m\u00e9s a m\u00e9s, tamb\u00e9 fem mobilitats amb alumnat i mestres. I, d&#8217;altra banda, tamb\u00e9 rebem mestres i alumnat d&#8217;altres escoles!<\/td>\n<td style=\"width: 33.3333%; height: 332px;\">\n<h3 style=\"text-align: center;\"><img loading=\"lazy\" decoding=\"async\" class=\"aligncenter wp-image-3878\" style=\"font-size: 16px;\" src=\"https:\/\/agora.xtec.cat\/ceiplacaixa\/wp-content\/uploads\/usu1455\/2025\/03\/acreditacion-1-1024x724.png\" alt=\"\" width=\"479\" height=\"339\" srcset=\"https:\/\/agora.xtec.cat\/ceiplacaixa\/wp-content\/uploads\/usu1455\/2025\/03\/acreditacion-1-1024x724.png 1024w, https:\/\/agora.xtec.cat\/ceiplacaixa\/wp-content\/uploads\/usu1455\/2025\/03\/acreditacion-1-300x212.png 300w, https:\/\/agora.xtec.cat\/ceiplacaixa\/wp-content\/uploads\/usu1455\/2025\/03\/acreditacion-1-768x543.png 768w, https:\/\/agora.xtec.cat\/ceiplacaixa\/wp-content\/uploads\/usu1455\/2025\/03\/acreditacion-1.png 1282w\" sizes=\"auto, (max-width: 479px) 100vw, 479px\" \/><\/h3>\n<\/td>\n<\/tr>\n<tr style=\"height: 197px;\">\n<td style=\"width: 34.2767%; text-align: center; height: 197px;\">\n<h4>Objectius<\/h4>\n<\/td>\n<td style=\"height: 197px; width: 65.5931%;\" colspan=\"2\">\n<ul>\n<li>Consolidar la l\u00ednia de l&#8217;escola cap a la sostenibilitat.<\/li>\n<li>Millorar la compet\u00e8ncia digital docent i la de l&#8217;alumnat.<\/li>\n<li>Implementar millores metodol\u00f2giques a partir de la internacionalitzaci\u00f3 del centre.<\/li>\n<li>Millorar la compet\u00e8ncia ling\u00fc\u00edstica i l&#8217;inter\u00e8s de l&#8217;alumnat i personal docent del centre en llengua anglesa.<\/li>\n<\/ul>\n<\/td>\n<\/tr>\n<tr style=\"height: 121px;\">\n<td style=\"width: 34.2767%; text-align: center; height: 121px;\">\n<h4>Projectes de centre<\/h4>\n<\/td>\n<td style=\"height: 121px; width: 65.5931%;\" colspan=\"2\">\n<div style=\"display: flex; flex-direction: column; gap: 10px;\"><!-- Bot\u00f3n destacado -->\n<div class=\"wp-block-button\" style=\"text-align: left;\"><a class=\"wp-block-button__link wp-element-button green-highlight\" href=\"https:\/\/agora.xtec.cat\/ceiplacaixa\/projecte-educatiu\/erasmus\/green-habits-bright-futures-2025-2026\/\"> Green Habits, Bright Futures &#8211; 2025\/2026 <\/a><\/div>\n<!-- Botones azules existentes -->\n<div class=\"wp-block-button\" style=\"text-align: left;\"><a class=\"wp-block-button__link wp-element-button blue-default\" href=\"https:\/\/agora.xtec.cat\/ceiplacaixa\/projecte-educatiu\/erasmus\/seeds-of-change-2024-2025\/\"> Seeds of change &#8211; 2024\/2025 <\/a><\/div>\n<div class=\"wp-block-button\" style=\"text-align: left;\"><a class=\"wp-block-button__link wp-element-button blue-default\" href=\"https:\/\/agora.xtec.cat\/ceiplacaixa\/projecte-educatiu\/erasmus\/lets-make-a-circle-2022-2023\/\"> Let&#8217;s make a circle &#8211; 2022\/2023 <\/a><\/div>\n<\/div>\n<\/td>\n<\/tr>\n<tr style=\"height: 121px;\">\n<td style=\"width: 34.2767%; text-align: center; height: 121px;\">\n<h4>Projectes amb altres escoles<\/h4>\n<\/td>\n<td style=\"width: 65.5931%; height: 121px;\" colspan=\"2\">\n<div class=\"wp-block-button\" style=\"text-align: left;\"><a class=\"wp-block-button__link wp-element-button orange-default\" href=\"https:\/\/agora.xtec.cat\/ceiplacaixa\/projecte-educatiu\/erasmus\/participacio-amb-projectes-daltres-escoles-europees\/\"> Col\u00b7laboraci\u00f3 amb altres escoles <\/a><\/div>\n<\/td>\n<\/tr>\n<\/tbody>\n<\/table>\n<table style=\"width: 100%; border-collapse: collapse; border-style: double; border-color: #000000; background-color: #c2e3ff; height: 463px;\">\n<tbody>\n<tr style=\"height: 212px;\">\n<td style=\"width: 35.8491%; border-style: solid; border-color: #000000; height: 212px;\">\n<figure><img loading=\"lazy\" decoding=\"async\" class=\"aligncenter wp-image-2058\" src=\"https:\/\/agora.xtec.cat\/ceiplacaixa\/wp-content\/uploads\/usu1455\/2022\/10\/es_v_cofinanciado_por_la_union_europea_pos.png\" alt=\"\" width=\"192\" height=\"195\" srcset=\"https:\/\/agora.xtec.cat\/ceiplacaixa\/wp-content\/uploads\/usu1455\/2022\/10\/es_v_cofinanciado_por_la_union_europea_pos.png 910w, https:\/\/agora.xtec.cat\/ceiplacaixa\/wp-content\/uploads\/usu1455\/2022\/10\/es_v_cofinanciado_por_la_union_europea_pos-296x300.png 296w, https:\/\/agora.xtec.cat\/ceiplacaixa\/wp-content\/uploads\/usu1455\/2022\/10\/es_v_cofinanciado_por_la_union_europea_pos-768x778.png 768w\" sizes=\"auto, (max-width: 192px) 100vw, 192px\" \/><\/figure>\n<\/td>\n<td style=\"width: 64.1509%; border-style: solid; border-color: #000000; height: 212px;\">El projecte est\u00e0 cofinan\u00e7at pel programa Erasmus+ de la Uni\u00f3 Europea. El contingut d&#8217;aquesta publicaci\u00f3 es responsabilitat exclusiva de l&#8217;escola La Caixa i ni la Comissi\u00f3 Europea, ni el Servei Espanyol per la Internacionalitzaci\u00f3 de la Educaci\u00f3 (SEPIE) s\u00f3n responsables de l&#8217;\u00fas que pugui fer-se de la informaci\u00f3 aqu\u00ed difosa.<\/td>\n<\/tr>\n<tr style=\"height: 251px;\">\n<td style=\"width: 100%; border-style: solid; border-color: #000000; height: 251px;\" colspan=\"2\">\n<h3 style=\"text-align: center;\">Informa&#8217;t m\u00e9s sobre ERASMUS+ al web del SEPIE<\/h3>\n<figure><a href=\"http:\/\/sepie.es\/\"><img loading=\"lazy\" decoding=\"async\" class=\"aligncenter size-full wp-image-2060\" src=\"https:\/\/agora.xtec.cat\/ceiplacaixa\/wp-content\/uploads\/usu1455\/2022\/10\/SEPIE_erasmus_plus.gif\" alt=\"\" width=\"400\" height=\"148\" \/><\/a><\/figure>\n<\/td>\n<\/tr>\n<\/tbody>\n<\/table>\n\n\n<div class=\"wp-block-button\">\u00a0<\/div>\n<div>\u00a0<\/div>\n","protected":false},"excerpt":{"rendered":"<p>Projecte Erasmus+ CENTRE ACREDITAT 2024-2027 Al curs 22-23 vam participar per primera vegada en un projecte ERASMUS+ de curta durada. Ara, al curs 23-24 ja som un centre ACREDITAT, amb un projecte fins al 2027. Amb el nostre alumnat realitzem activitats conjuntes amb altres escoles d&#8217;Europa i, a m\u00e9s a m\u00e9s, tamb\u00e9 fem mobilitats amb [&hellip;]<\/p>\n","protected":false},"author":3,"featured_media":0,"parent":64,"menu_order":30,"comment_status":"closed","ping_status":"closed","template":"","meta":{"_bbp_topic_count":0,"_bbp_reply_count":0,"_bbp_total_topic_count":0,"_bbp_total_reply_count":0,"_bbp_voice_count":0,"_bbp_anonymous_reply_count":0,"_bbp_topic_count_hidden":0,"_bbp_reply_count_hidden":0,"_bbp_forum_subforum_count":0,"site-sidebar-layout":"default","site-content-layout":"","ast-site-content-layout":"default","site-content-style":"default","site-sidebar-style":"default","ast-global-header-display":"","ast-banner-title-visibility":"","ast-main-header-display":"","ast-hfb-above-header-display":"","ast-hfb-below-header-display":"","ast-hfb-mobile-header-display":"","site-post-title":"","ast-breadcrumbs-content":"","ast-featured-img":"","footer-sml-layout":"","theme-transparent-header-meta":"","adv-header-id-meta":"","stick-header-meta":"","header-above-stick-meta":"","header-main-stick-meta":"","header-below-stick-meta":"","astra-migrate-meta-layouts":"set","ast-page-background-enabled":"default","ast-page-background-meta":{"desktop":{"background-color":"var(--ast-global-color-4)","background-image":"","background-repeat":"repeat","background-position":"center center","background-size":"auto","background-attachment":"scroll","background-type":"","background-media":"","overlay-type":"","overlay-color":"","overlay-opacity":"","overlay-gradient":""},"tablet":{"background-color":"","background-image":"","background-repeat":"repeat","background-position":"center center","background-size":"auto","background-attachment":"scroll","background-type":"","background-media":"","overlay-type":"","overlay-color":"","overlay-opacity":"","overlay-gradient":""},"mobile":{"background-color":"","background-image":"","background-repeat":"repeat","background-position":"center center","background-size":"auto","background-attachment":"scroll","background-type":"","background-media":"","overlay-type":"","overlay-color":"","overlay-opacity":"","overlay-gradient":""}},"ast-content-background-meta":{"desktop":{"background-color":"var(--ast-global-color-5)","background-image":"","background-repeat":"repeat","background-position":"center center","background-size":"auto","background-attachment":"scroll","background-type":"","background-media":"","overlay-type":"","overlay-color":"","overlay-opacity":"","overlay-gradient":""},"tablet":{"background-color":"var(--ast-global-color-5)","background-image":"","background-repeat":"repeat","background-position":"center center","background-size":"auto","background-attachment":"scroll","background-type":"","background-media":"","overlay-type":"","overlay-color":"","overlay-opacity":"","overlay-gradient":""},"mobile":{"background-color":"var(--ast-global-color-5)","background-image":"","background-repeat":"repeat","background-position":"center center","background-size":"auto","background-attachment":"scroll","background-type":"","background-media":"","overlay-type":"","overlay-color":"","overlay-opacity":"","overlay-gradient":""}},"footnotes":""},"class_list":["post-2057","page","type-page","status-publish","hentry"],"post_mailing_queue_ids":[],"_links":{"self":[{"href":"https:\/\/agora.xtec.cat\/ceiplacaixa\/wp-json\/wp\/v2\/pages\/2057","targetHints":{"allow":["GET"]}}],"collection":[{"href":"https:\/\/agora.xtec.cat\/ceiplacaixa\/wp-json\/wp\/v2\/pages"}],"about":[{"href":"https:\/\/agora.xtec.cat\/ceiplacaixa\/wp-json\/wp\/v2\/types\/page"}],"author":[{"embeddable":true,"href":"https:\/\/agora.xtec.cat\/ceiplacaixa\/wp-json\/wp\/v2\/users\/3"}],"replies":[{"embeddable":true,"href":"https:\/\/agora.xtec.cat\/ceiplacaixa\/wp-json\/wp\/v2\/comments?post=2057"}],"version-history":[{"count":6,"href":"https:\/\/agora.xtec.cat\/ceiplacaixa\/wp-json\/wp\/v2\/pages\/2057\/revisions"}],"predecessor-version":[{"id":4648,"href":"https:\/\/agora.xtec.cat\/ceiplacaixa\/wp-json\/wp\/v2\/pages\/2057\/revisions\/4648"}],"up":[{"embeddable":true,"href":"https:\/\/agora.xtec.cat\/ceiplacaixa\/wp-json\/wp\/v2\/pages\/64"}],"wp:attachment":[{"href":"https:\/\/agora.xtec.cat\/ceiplacaixa\/wp-json\/wp\/v2\/media?parent=2057"}],"curies":[{"name":"wp","href":"https:\/\/api.w.org\/{rel}","templated":true}]}}