{"id":1751,"date":"2022-02-25T10:00:18","date_gmt":"2022-02-25T09:00:18","guid":{"rendered":"https:\/\/agora.xtec.cat\/ceiplacaixa\/?page_id=1751"},"modified":"2024-04-02T15:17:39","modified_gmt":"2024-04-02T13:17:39","slug":"cd-comunicacio","status":"publish","type":"page","link":"https:\/\/agora.xtec.cat\/ceiplacaixa\/projecte-educatiu\/serveis-digitals\/cultura-digital\/cd-comunicacio\/","title":{"rendered":"Comunicaci\u00f3 i xarxes"},"content":{"rendered":"<h2>Portal Web<\/h2>\n<p class=\"zfr3Q CDt4Ke \" dir=\"ltr\"><span class=\"C9DxTc \">El centre disposa d&#8217;un web amb la informaci\u00f3 p\u00fablica. S&#8217;hi poden trobar informacions est\u00e0tiques, que es revisen peri\u00f2dicament (documentaci\u00f3, claustre, dates del curs, etc.) i articles din\u00e0mics sobre el que va succeint al centre dia a dia.<\/span><\/p>\n<p class=\"zfr3Q CDt4Ke \" dir=\"ltr\"><span class=\"C9DxTc \">Aquest web est\u00e0 realitzat aprofitant el servei Nodes que ofereix el Departament d&#8217;Educaci\u00f3.<\/span><\/p>\n<h2>Comunicaci\u00f3 amb les fam\u00edlies<\/h2>\n<p class=\"zfr3Q CDt4Ke \" dir=\"ltr\"><span class=\"C9DxTc \">Totes les informacions amb les fam\u00edlies es realitzaran per un dels seg\u00fcents canals:<\/span><\/p>\n<table style=\"border-collapse: collapse; width: 100%;\">\n<tbody>\n<tr>\n<td style=\"width: 33.3333%;\"><img loading=\"lazy\" decoding=\"async\" class=\"aligncenter wp-image-2807\" src=\"https:\/\/agora.xtec.cat\/ceiplacaixa\/wp-content\/uploads\/usu1455\/2023\/07\/baixa.jpg\" alt=\"\" width=\"100\" height=\"115\" \/><\/td>\n<td style=\"width: 33.3333%;\"><img loading=\"lazy\" decoding=\"async\" class=\"aligncenter wp-image-2810\" src=\"https:\/\/agora.xtec.cat\/ceiplacaixa\/wp-content\/uploads\/usu1455\/2023\/07\/baixa.png\" alt=\"\" width=\"140\" height=\"140\" srcset=\"https:\/\/agora.xtec.cat\/ceiplacaixa\/wp-content\/uploads\/usu1455\/2023\/07\/baixa.png 225w, https:\/\/agora.xtec.cat\/ceiplacaixa\/wp-content\/uploads\/usu1455\/2023\/07\/baixa-150x150.png 150w\" sizes=\"auto, (max-width: 140px) 100vw, 140px\" \/><\/td>\n<td style=\"width: 33.3333%;\"><img loading=\"lazy\" decoding=\"async\" class=\"aligncenter wp-image-2811\" src=\"https:\/\/agora.xtec.cat\/ceiplacaixa\/wp-content\/uploads\/usu1455\/2023\/07\/people-in-an-office-meeting-vector-1024x902.jpg\" alt=\"\" width=\"148\" height=\"130\" srcset=\"https:\/\/agora.xtec.cat\/ceiplacaixa\/wp-content\/uploads\/usu1455\/2023\/07\/people-in-an-office-meeting-vector-1024x902.jpg 1024w, https:\/\/agora.xtec.cat\/ceiplacaixa\/wp-content\/uploads\/usu1455\/2023\/07\/people-in-an-office-meeting-vector-300x264.jpg 300w, https:\/\/agora.xtec.cat\/ceiplacaixa\/wp-content\/uploads\/usu1455\/2023\/07\/people-in-an-office-meeting-vector-768x676.jpg 768w, https:\/\/agora.xtec.cat\/ceiplacaixa\/wp-content\/uploads\/usu1455\/2023\/07\/people-in-an-office-meeting-vector.jpg 1113w\" sizes=\"auto, (max-width: 148px) 100vw, 148px\" \/><\/td>\n<\/tr>\n<tr>\n<td style=\"width: 33.3333%;\">Instruccions per la instal\u00b7laci\u00f3 i configuraci\u00f3 del DINANTIA:<\/p>\n<ul>\n<li><a href=\"https:\/\/drive.google.com\/file\/d\/1dP8FGS0uHQHNoA7nqLJ9c7BOvEaiUY_h\/view?usp=drive_link\">Catal\u00e0<\/a><\/li>\n<li><a href=\"https:\/\/drive.google.com\/file\/d\/1ov_2c-jlbag7HOiK2nIG_WgpPyBJEyd8\/view?usp=drive_link\">Castell\u00e0<\/a><\/li>\n<\/ul>\n<\/td>\n<td style=\"width: 33.3333%;\"><strong>Tel\u00e8fon: <\/strong>933 14 37 19<\/td>\n<td style=\"width: 33.3333%;\">Amb cita pr\u00e8via.<\/td>\n<\/tr>\n<\/tbody>\n<\/table>\n<h2>Intranet<\/h2>\n<p class=\"zfr3Q CDt4Ke \" dir=\"ltr\"><span class=\"C9DxTc \">Per centralitzar la informaci\u00f3, dins d&#8217;aquest web del centre, hi ha enlla\u00e7os a zones d&#8217;intranet, una per a cadascun dels seg\u00fcents col\u00b7lectius: <\/span><\/p>\n<ul>\n<li class=\"zfr3Q CDt4Ke \" dir=\"ltr\"><span class=\"C9DxTc \">alumnat i <\/span><span class=\"C9DxTc \">fam\u00edlies: apartat de FOTOS, on podran accedir amb la contrasenya que els facilitem.<\/span><\/li>\n<li class=\"zfr3Q CDt4Ke \" dir=\"ltr\"><span class=\"C9DxTc \">mestres: apartat \u00c0REA MESTRES, on podran accedir amb el seu usuari d&#8217;escola.<\/span><\/li>\n<\/ul>\n<p class=\"zfr3Q CDt4Ke \" dir=\"ltr\"><span class=\"C9DxTc \">En aquestes zones, cada un dels col\u00b7lectius troba la informaci\u00f3 i els enlla\u00e7os necessaris per accedir a tota la informaci\u00f3 i a tots els recursos.<\/span><\/p>\n<h2 dir=\"ltr\">Xarxes Socials<\/h2>\n<table style=\"border-collapse: collapse; width: 100%;\">\n<tbody>\n<tr>\n<td style=\"width: 50%;\"><a href=\"https:\/\/www.instagram.com\/escola.lacaixa\/\"><img loading=\"lazy\" decoding=\"async\" class=\"aligncenter wp-image-2390\" src=\"https:\/\/agora.xtec.cat\/ceiplacaixa\/wp-content\/uploads\/usu1455\/2023\/02\/1200x600wa.png\" alt=\"\" width=\"112\" height=\"108\" srcset=\"https:\/\/agora.xtec.cat\/ceiplacaixa\/wp-content\/uploads\/usu1455\/2023\/02\/1200x600wa.png 456w, https:\/\/agora.xtec.cat\/ceiplacaixa\/wp-content\/uploads\/usu1455\/2023\/02\/1200x600wa-300x290.png 300w\" sizes=\"auto, (max-width: 112px) 100vw, 112px\" \/><\/a><\/p>\n<p style=\"text-align: center;\">Segueix-nos a Instagram<\/p>\n<\/td>\n<td style=\"width: 50%;\"><a href=\"https:\/\/agora.xtec.cat\/ceiplacaixa\/wp-content\/uploads\/usu1455\/2021\/01\/twitter.png\"><img loading=\"lazy\" decoding=\"async\" class=\"aligncenter  wp-image-3388\" src=\"https:\/\/agora.xtec.cat\/ceiplacaixa\/wp-content\/uploads\/usu1455\/2024\/04\/logotwiter.png\" alt=\"\" width=\"105\" height=\"105\" srcset=\"https:\/\/agora.xtec.cat\/ceiplacaixa\/wp-content\/uploads\/usu1455\/2024\/04\/logotwiter.png 225w, https:\/\/agora.xtec.cat\/ceiplacaixa\/wp-content\/uploads\/usu1455\/2024\/04\/logotwiter-150x150.png 150w\" sizes=\"auto, (max-width: 105px) 100vw, 105px\" \/><\/a><\/p>\n<p style=\"text-align: center;\">Segueix-nos al Twitter!<\/p>\n<\/td>\n<\/tr>\n<\/tbody>\n<\/table>\n","protected":false},"excerpt":{"rendered":"<p>Portal Web El centre disposa d&#8217;un web amb la informaci\u00f3 p\u00fablica. S&#8217;hi poden trobar informacions est\u00e0tiques, que es revisen peri\u00f2dicament (documentaci\u00f3, claustre, dates del curs, etc.) i articles din\u00e0mics sobre el que va succeint al centre dia a dia. Aquest web est\u00e0 realitzat aprofitant el servei Nodes que ofereix el Departament d&#8217;Educaci\u00f3. Comunicaci\u00f3 amb les [&hellip;]<\/p>\n","protected":false},"author":1,"featured_media":0,"parent":1745,"menu_order":60,"comment_status":"closed","ping_status":"closed","template":"page-templates\/side-menu.php","meta":{"_bbp_topic_count":0,"_bbp_reply_count":0,"_bbp_total_topic_count":0,"_bbp_total_reply_count":0,"_bbp_voice_count":0,"_bbp_anonymous_reply_count":0,"_bbp_topic_count_hidden":0,"_bbp_reply_count_hidden":0,"_bbp_forum_subforum_count":0,"site-sidebar-layout":"default","site-content-layout":"","ast-site-content-layout":"","site-content-style":"default","site-sidebar-style":"default","ast-global-header-display":"","ast-banner-title-visibility":"","ast-main-header-display":"","ast-hfb-above-header-display":"","ast-hfb-below-header-display":"","ast-hfb-mobile-header-display":"","site-post-title":"","ast-breadcrumbs-content":"","ast-featured-img":"","footer-sml-layout":"","theme-transparent-header-meta":"","adv-header-id-meta":"","stick-header-meta":"","header-above-stick-meta":"","header-main-stick-meta":"","header-below-stick-meta":"","astra-migrate-meta-layouts":"default","ast-page-background-enabled":"default","ast-page-background-meta":{"desktop":{"background-color":"var(--ast-global-color-4)","background-image":"","background-repeat":"repeat","background-position":"center center","background-size":"auto","background-attachment":"scroll","background-type":"","background-media":"","overlay-type":"","overlay-color":"","overlay-opacity":"","overlay-gradient":""},"tablet":{"background-color":"","background-image":"","background-repeat":"repeat","background-position":"center center","background-size":"auto","background-attachment":"scroll","background-type":"","background-media":"","overlay-type":"","overlay-color":"","overlay-opacity":"","overlay-gradient":""},"mobile":{"background-color":"","background-image":"","background-repeat":"repeat","background-position":"center center","background-size":"auto","background-attachment":"scroll","background-type":"","background-media":"","overlay-type":"","overlay-color":"","overlay-opacity":"","overlay-gradient":""}},"ast-content-background-meta":{"desktop":{"background-color":"var(--ast-global-color-5)","background-image":"","background-repeat":"repeat","background-position":"center center","background-size":"auto","background-attachment":"scroll","background-type":"","background-media":"","overlay-type":"","overlay-color":"","overlay-opacity":"","overlay-gradient":""},"tablet":{"background-color":"var(--ast-global-color-5)","background-image":"","background-repeat":"repeat","background-position":"center center","background-size":"auto","background-attachment":"scroll","background-type":"","background-media":"","overlay-type":"","overlay-color":"","overlay-opacity":"","overlay-gradient":""},"mobile":{"background-color":"var(--ast-global-color-5)","background-image":"","background-repeat":"repeat","background-position":"center center","background-size":"auto","background-attachment":"scroll","background-type":"","background-media":"","overlay-type":"","overlay-color":"","overlay-opacity":"","overlay-gradient":""}},"footnotes":""},"class_list":["post-1751","page","type-page","status-publish","hentry"],"post_mailing_queue_ids":[],"_links":{"self":[{"href":"https:\/\/agora.xtec.cat\/ceiplacaixa\/wp-json\/wp\/v2\/pages\/1751","targetHints":{"allow":["GET"]}}],"collection":[{"href":"https:\/\/agora.xtec.cat\/ceiplacaixa\/wp-json\/wp\/v2\/pages"}],"about":[{"href":"https:\/\/agora.xtec.cat\/ceiplacaixa\/wp-json\/wp\/v2\/types\/page"}],"author":[{"embeddable":true,"href":"https:\/\/agora.xtec.cat\/ceiplacaixa\/wp-json\/wp\/v2\/users\/1"}],"replies":[{"embeddable":true,"href":"https:\/\/agora.xtec.cat\/ceiplacaixa\/wp-json\/wp\/v2\/comments?post=1751"}],"version-history":[{"count":6,"href":"https:\/\/agora.xtec.cat\/ceiplacaixa\/wp-json\/wp\/v2\/pages\/1751\/revisions"}],"predecessor-version":[{"id":3389,"href":"https:\/\/agora.xtec.cat\/ceiplacaixa\/wp-json\/wp\/v2\/pages\/1751\/revisions\/3389"}],"up":[{"embeddable":true,"href":"https:\/\/agora.xtec.cat\/ceiplacaixa\/wp-json\/wp\/v2\/pages\/1745"}],"wp:attachment":[{"href":"https:\/\/agora.xtec.cat\/ceiplacaixa\/wp-json\/wp\/v2\/media?parent=1751"}],"curies":[{"name":"wp","href":"https:\/\/api.w.org\/{rel}","templated":true}]}}