{"id":1745,"date":"2022-02-25T09:59:09","date_gmt":"2022-02-25T08:59:09","guid":{"rendered":"https:\/\/agora.xtec.cat\/ceiplacaixa\/?page_id=1745"},"modified":"2024-07-04T10:46:17","modified_gmt":"2024-07-04T08:46:17","slug":"cultura-digital","status":"publish","type":"page","link":"https:\/\/agora.xtec.cat\/ceiplacaixa\/projecte-educatiu\/serveis-digitals\/cultura-digital\/","title":{"rendered":"Cultura Digital de Centre"},"content":{"rendered":"<p style=\"text-align: center;\">\n<table style=\"border-collapse: collapse; width: 100%;\">\n<tbody>\n<tr>\n<td style=\"width: 20%; text-align: center;\">\n<h4>USUARIS DE CENTRE\u00a0i EVA<\/h4>\n<\/td>\n<td style=\"width: 20%; text-align: center;\">\n<h4>SERVEIS i RECURSOS DIGITALS<\/h4>\n<\/td>\n<td style=\"width: 20%; text-align: center;\">\n<h4>COMPET\u00c8NCIA ALUMNAT<\/h4>\n<\/td>\n<td style=\"width: 20%; text-align: center;\">\n<h4>COMPET\u00c8NCIA PROFESSORAT<\/h4>\n<\/td>\n<td style=\"width: 20%; text-align: center;\">\n<h4>COMUNICACI\u00d3 i XARXES<\/h4>\n<\/td>\n<\/tr>\n<tr>\n<td style=\"width: 20%; text-align: center;\"><img loading=\"lazy\" decoding=\"async\" class=\"aligncenter size-full wp-image-2826\" src=\"https:\/\/agora.xtec.cat\/ceiplacaixa\/wp-content\/uploads\/usu1455\/2023\/07\/usuaris.png\" alt=\"\" width=\"237\" height=\"150\" \/><\/td>\n<td style=\"width: 20%; text-align: center;\">\n<h4><img loading=\"lazy\" decoding=\"async\" class=\"aligncenter size-full wp-image-2827\" src=\"https:\/\/agora.xtec.cat\/ceiplacaixa\/wp-content\/uploads\/usu1455\/2023\/07\/recursos_digitals.png\" alt=\"\" width=\"216\" height=\"219\" \/><\/h4>\n<\/td>\n<td style=\"width: 20%; text-align: center;\">\n<h4><img loading=\"lazy\" decoding=\"async\" class=\"aligncenter size-full wp-image-2828\" src=\"https:\/\/agora.xtec.cat\/ceiplacaixa\/wp-content\/uploads\/usu1455\/2023\/07\/nivell.png\" alt=\"\" width=\"274\" height=\"177\" \/><\/h4>\n<\/td>\n<td style=\"width: 20%; text-align: center;\">\n<h4><img loading=\"lazy\" decoding=\"async\" class=\"aligncenter size-full wp-image-2829\" src=\"https:\/\/agora.xtec.cat\/ceiplacaixa\/wp-content\/uploads\/usu1455\/2023\/07\/nivell2.png\" alt=\"\" width=\"215\" height=\"210\" \/><\/h4>\n<\/td>\n<td style=\"width: 20%; text-align: center;\">\n<h4><img loading=\"lazy\" decoding=\"async\" class=\"aligncenter size-full wp-image-2830\" src=\"https:\/\/agora.xtec.cat\/ceiplacaixa\/wp-content\/uploads\/usu1455\/2023\/07\/xarxes_socials.png\" alt=\"\" width=\"204\" height=\"206\" srcset=\"https:\/\/agora.xtec.cat\/ceiplacaixa\/wp-content\/uploads\/usu1455\/2023\/07\/xarxes_socials.png 204w, https:\/\/agora.xtec.cat\/ceiplacaixa\/wp-content\/uploads\/usu1455\/2023\/07\/xarxes_socials-150x150.png 150w\" sizes=\"auto, (max-width: 204px) 100vw, 204px\" \/><\/h4>\n<\/td>\n<\/tr>\n<\/tbody>\n<\/table>\n","protected":false},"excerpt":{"rendered":"<p>USUARIS DE CENTRE\u00a0i EVA SERVEIS i RECURSOS DIGITALS COMPET\u00c8NCIA ALUMNAT COMPET\u00c8NCIA PROFESSORAT COMUNICACI\u00d3 i XARXES<\/p>\n","protected":false},"author":1,"featured_media":0,"parent":71,"menu_order":20,"comment_status":"closed","ping_status":"closed","template":"page-templates\/side-menu.php","meta":{"_bbp_topic_count":0,"_bbp_reply_count":0,"_bbp_total_topic_count":0,"_bbp_total_reply_count":0,"_bbp_voice_count":0,"_bbp_anonymous_reply_count":0,"_bbp_topic_count_hidden":0,"_bbp_reply_count_hidden":0,"_bbp_forum_subforum_count":0,"site-sidebar-layout":"default","site-content-layout":"","ast-site-content-layout":"","site-content-style":"default","site-sidebar-style":"default","ast-global-header-display":"","ast-banner-title-visibility":"","ast-main-header-display":"","ast-hfb-above-header-display":"","ast-hfb-below-header-display":"","ast-hfb-mobile-header-display":"","site-post-title":"","ast-breadcrumbs-content":"","ast-featured-img":"","footer-sml-layout":"","theme-transparent-header-meta":"","adv-header-id-meta":"","stick-header-meta":"","header-above-stick-meta":"","header-main-stick-meta":"","header-below-stick-meta":"","astra-migrate-meta-layouts":"default","ast-page-background-enabled":"default","ast-page-background-meta":{"desktop":{"background-color":"var(--ast-global-color-4)","background-image":"","background-repeat":"repeat","background-position":"center center","background-size":"auto","background-attachment":"scroll","background-type":"","background-media":"","overlay-type":"","overlay-color":"","overlay-opacity":"","overlay-gradient":""},"tablet":{"background-color":"","background-image":"","background-repeat":"repeat","background-position":"center center","background-size":"auto","background-attachment":"scroll","background-type":"","background-media":"","overlay-type":"","overlay-color":"","overlay-opacity":"","overlay-gradient":""},"mobile":{"background-color":"","background-image":"","background-repeat":"repeat","background-position":"center center","background-size":"auto","background-attachment":"scroll","background-type":"","background-media":"","overlay-type":"","overlay-color":"","overlay-opacity":"","overlay-gradient":""}},"ast-content-background-meta":{"desktop":{"background-color":"var(--ast-global-color-5)","background-image":"","background-repeat":"repeat","background-position":"center center","background-size":"auto","background-attachment":"scroll","background-type":"","background-media":"","overlay-type":"","overlay-color":"","overlay-opacity":"","overlay-gradient":""},"tablet":{"background-color":"var(--ast-global-color-5)","background-image":"","background-repeat":"repeat","background-position":"center center","background-size":"auto","background-attachment":"scroll","background-type":"","background-media":"","overlay-type":"","overlay-color":"","overlay-opacity":"","overlay-gradient":""},"mobile":{"background-color":"var(--ast-global-color-5)","background-image":"","background-repeat":"repeat","background-position":"center center","background-size":"auto","background-attachment":"scroll","background-type":"","background-media":"","overlay-type":"","overlay-color":"","overlay-opacity":"","overlay-gradient":""}},"footnotes":""},"class_list":["post-1745","page","type-page","status-publish","hentry"],"post_mailing_queue_ids":[],"_links":{"self":[{"href":"https:\/\/agora.xtec.cat\/ceiplacaixa\/wp-json\/wp\/v2\/pages\/1745","targetHints":{"allow":["GET"]}}],"collection":[{"href":"https:\/\/agora.xtec.cat\/ceiplacaixa\/wp-json\/wp\/v2\/pages"}],"about":[{"href":"https:\/\/agora.xtec.cat\/ceiplacaixa\/wp-json\/wp\/v2\/types\/page"}],"author":[{"embeddable":true,"href":"https:\/\/agora.xtec.cat\/ceiplacaixa\/wp-json\/wp\/v2\/users\/1"}],"replies":[{"embeddable":true,"href":"https:\/\/agora.xtec.cat\/ceiplacaixa\/wp-json\/wp\/v2\/comments?post=1745"}],"version-history":[{"count":5,"href":"https:\/\/agora.xtec.cat\/ceiplacaixa\/wp-json\/wp\/v2\/pages\/1745\/revisions"}],"predecessor-version":[{"id":3576,"href":"https:\/\/agora.xtec.cat\/ceiplacaixa\/wp-json\/wp\/v2\/pages\/1745\/revisions\/3576"}],"up":[{"embeddable":true,"href":"https:\/\/agora.xtec.cat\/ceiplacaixa\/wp-json\/wp\/v2\/pages\/71"}],"wp:attachment":[{"href":"https:\/\/agora.xtec.cat\/ceiplacaixa\/wp-json\/wp\/v2\/media?parent=1745"}],"curies":[{"name":"wp","href":"https:\/\/api.w.org\/{rel}","templated":true}]}}