{"id":1459,"date":"2021-11-29T16:48:46","date_gmt":"2021-11-29T15:48:46","guid":{"rendered":"https:\/\/agora.xtec.cat\/ceiplacaixa\/?page_id=1459"},"modified":"2025-05-28T17:21:40","modified_gmt":"2025-05-28T15:21:40","slug":"escoles-sostenibles","status":"publish","type":"page","link":"https:\/\/agora.xtec.cat\/ceiplacaixa\/projecte-educatiu\/escoles-sostenibles\/","title":{"rendered":"Escoles + Sostenibles"},"content":{"rendered":"<table style=\"border-collapse: collapse; width: 100%;\">\n<tbody>\n<tr>\n<td style=\"width: 50%;\"><img loading=\"lazy\" decoding=\"async\" class=\"aligncenter wp-image-1321\" style=\"font-size: 16px;\" src=\"https:\/\/agora.xtec.cat\/ceiplacaixa\/wp-content\/uploads\/usu1455\/2021\/09\/logoescolesmessostenibles-1024x421.png\" alt=\"\" width=\"489\" height=\"201\" srcset=\"https:\/\/agora.xtec.cat\/ceiplacaixa\/wp-content\/uploads\/usu1455\/2021\/09\/logoescolesmessostenibles-1024x421.png 1024w, https:\/\/agora.xtec.cat\/ceiplacaixa\/wp-content\/uploads\/usu1455\/2021\/09\/logoescolesmessostenibles-300x123.png 300w, https:\/\/agora.xtec.cat\/ceiplacaixa\/wp-content\/uploads\/usu1455\/2021\/09\/logoescolesmessostenibles-768x316.png 768w, https:\/\/agora.xtec.cat\/ceiplacaixa\/wp-content\/uploads\/usu1455\/2021\/09\/logoescolesmessostenibles.png 1200w\" sizes=\"auto, (max-width: 489px) 100vw, 489px\" \/><\/td>\n<td style=\"width: 50%;\"><img loading=\"lazy\" decoding=\"async\" class=\"aligncenter size-full wp-image-1887\" src=\"https:\/\/agora.xtec.cat\/ceiplacaixa\/wp-content\/uploads\/usu1455\/2022\/03\/logo_reciclhort.png\" alt=\"\" width=\"889\" height=\"268\" srcset=\"https:\/\/agora.xtec.cat\/ceiplacaixa\/wp-content\/uploads\/usu1455\/2022\/03\/logo_reciclhort.png 889w, https:\/\/agora.xtec.cat\/ceiplacaixa\/wp-content\/uploads\/usu1455\/2022\/03\/logo_reciclhort-300x90.png 300w, https:\/\/agora.xtec.cat\/ceiplacaixa\/wp-content\/uploads\/usu1455\/2022\/03\/logo_reciclhort-768x232.png 768w\" sizes=\"auto, (max-width: 889px) 100vw, 889px\" \/><\/td>\n<\/tr>\n<\/tbody>\n<\/table>\n<p style=\"text-align: center;\">Des del curs 2021-2022, l&#8217;Escola La Caixa forma part del programa Escoles + Sostenibles.<\/p>\n<p style=\"text-align: center;\">El nostre projecte es diu <strong>RECICL&#8217;HORT<\/strong> i t\u00e9 com objectius principals la reducci\u00f3 de residus i continuar amb el petit hort que es va comen\u00e7ar el curs 20-21.<\/p>\n<p style=\"text-align: center;\">A trav\u00e9s de les assemblees d&#8217;aula i el Consell d&#8217;Alumnes anem decidint totes les accions que volem portar a terme durant el curs.<\/p>\n<p style=\"text-align: center;\">Tamb\u00e9 fem part\u00edcips la resta de la comunitat educativa a trav\u00e9s de la Comissi\u00f3 E+S.<\/p>\n<table style=\"border-collapse: collapse; width: 100%;\">\n<tbody>\n<tr>\n<td style=\"width: 22.6009%;\"><iframe loading=\"lazy\" src=\"https:\/\/drive.google.com\/file\/d\/1DU8jMY0dbsTgfchBh6hr4NqHXEgWb-UQ\/preview\" width=\"320\" height=\"240\"><span data-mce-type=\"bookmark\" style=\"display: inline-block; width: 0px; overflow: hidden; line-height: 0;\" class=\"mce_SELRES_start\">\ufeff<\/span><\/iframe><\/td>\n<td style=\"width: 33.0432%;\"><iframe loading=\"lazy\" src=\"https:\/\/drive.google.com\/file\/d\/1LyB4KIbMXNjFMNMdTm0dpT_Hhy7IouPl\/preview\" width=\"320\" height=\"240\"><span data-mce-type=\"bookmark\" style=\"display: inline-block; width: 0px; overflow: hidden; line-height: 0;\" class=\"mce_SELRES_start\">\ufeff<\/span><\/iframe><\/td>\n<td style=\"width: 44.3558%;\"><iframe loading=\"lazy\" src=\"https:\/\/drive.google.com\/file\/d\/1QgAZKLgS3cwutaptHWyXF05F-frSfu-8\/preview\" width=\"320\" height=\"240\"><\/iframe><\/td>\n<\/tr>\n<\/tbody>\n<\/table>\n<table style=\"border-collapse: collapse; width: 100%;\">\n<tbody>\n<tr>\n<td style=\"width: 33.3333%;\">\n<h4 style=\"text-align: center;\">&#8220;Teachers for future&#8221;<\/h4>\n<\/td>\n<td style=\"width: 33.3333%;\"><\/td>\n<td style=\"width: 33.3333%;\"><\/td>\n<\/tr>\n<tr>\n<td style=\"width: 33.3333%;\">\n<h4 style=\"text-align: center;\">Rob\u00f2tica i sostenibilitat<\/h4>\n<p style=\"text-align: justify;\">A les sessions de Science in English de 6\u00e8 de prim\u00e0ria el nostre alumnat ha realitzat tot un treball d\u2019investigaci\u00f3 sobre com la rob\u00f2tica ens pot ajudar a optimitzar l\u2019\u00fas de l\u2019aigua.<\/p>\n<p style=\"text-align: justify;\">Tota aquesta feina l\u2019hem publicat al web Teachers for Future, un espai dedicat a les diferents experi\u00e8ncies es realitzen arreu d\u2019Espanya\u00a0en relaci\u00f3 a bones accions pel clima i l\u2019educaci\u00f3 ecosocial.<\/p>\n<p>Podeu veure l\u2019article complet clicant\u00a0<a href=\"https:\/\/teachersforfuturespain.org\/riego-automatizado-microbit-como-herramienta-educativa-sostenible\/\">aqu\u00ed<\/a>.<\/p>\n<p><img loading=\"lazy\" decoding=\"async\" class=\"aligncenter size-full wp-image-3829\" src=\"https:\/\/agora.xtec.cat\/ceiplacaixa\/wp-content\/uploads\/usu1455\/2025\/02\/rec-automatitzat.png\" alt=\"\" width=\"478\" height=\"356\" srcset=\"https:\/\/agora.xtec.cat\/ceiplacaixa\/wp-content\/uploads\/usu1455\/2025\/02\/rec-automatitzat.png 478w, https:\/\/agora.xtec.cat\/ceiplacaixa\/wp-content\/uploads\/usu1455\/2025\/02\/rec-automatitzat-300x223.png 300w, https:\/\/agora.xtec.cat\/ceiplacaixa\/wp-content\/uploads\/usu1455\/2025\/02\/rec-automatitzat-200x150.png 200w\" sizes=\"auto, (max-width: 478px) 100vw, 478px\" \/><\/td>\n<td style=\"width: 33.3333%;\"><\/td>\n<td style=\"width: 33.3333%;\"><\/td>\n<\/tr>\n<\/tbody>\n<\/table>\n<table style=\"border-collapse: collapse; width: 100%; height: 32px;\">\n<tbody>\n<tr style=\"height: 32px;\">\n<td style=\"width: 17.1501%; height: 32px;\"><img loading=\"lazy\" decoding=\"async\" class=\"aligncenter size-large wp-image-3792\" src=\"https:\/\/agora.xtec.cat\/ceiplacaixa\/wp-content\/uploads\/usu1455\/2025\/01\/embolcallsostenible-1024x768.jpg\" alt=\"\" width=\"1024\" height=\"768\" srcset=\"https:\/\/agora.xtec.cat\/ceiplacaixa\/wp-content\/uploads\/usu1455\/2025\/01\/embolcallsostenible-1024x768.jpg 1024w, https:\/\/agora.xtec.cat\/ceiplacaixa\/wp-content\/uploads\/usu1455\/2025\/01\/embolcallsostenible-300x225.jpg 300w, https:\/\/agora.xtec.cat\/ceiplacaixa\/wp-content\/uploads\/usu1455\/2025\/01\/embolcallsostenible-768x576.jpg 768w, https:\/\/agora.xtec.cat\/ceiplacaixa\/wp-content\/uploads\/usu1455\/2025\/01\/embolcallsostenible-200x150.jpg 200w, https:\/\/agora.xtec.cat\/ceiplacaixa\/wp-content\/uploads\/usu1455\/2025\/01\/embolcallsostenible.jpg 1152w\" sizes=\"auto, (max-width: 1024px) 100vw, 1024px\" \/><\/td>\n<td style=\"width: 82.8499%; height: 32px;\">\n<h3 style=\"text-align: center;\">Mircroxarxa &#8220;EMBOLCALLS M\u00c9S SOSTENIBLES, ESMORZARS M\u00c9S SALUDABLES&#8221;<\/h3>\n<\/td>\n<\/tr>\n<\/tbody>\n<\/table>\n<table style=\"border-collapse: collapse; width: 100%;\">\n<tbody>\n<tr>\n<td style=\"width: 33.3333%;\" rowspan=\"3\"><img loading=\"lazy\" decoding=\"async\" class=\"aligncenter  wp-image-3791\" style=\"font-size: 16px;\" src=\"https:\/\/agora.xtec.cat\/ceiplacaixa\/wp-content\/uploads\/usu1455\/2025\/01\/embolcalls-410x1024.jpg\" alt=\"\" width=\"327\" height=\"817\" srcset=\"https:\/\/agora.xtec.cat\/ceiplacaixa\/wp-content\/uploads\/usu1455\/2025\/01\/embolcalls-410x1024.jpg 410w, https:\/\/agora.xtec.cat\/ceiplacaixa\/wp-content\/uploads\/usu1455\/2025\/01\/embolcalls-120x300.jpg 120w, https:\/\/agora.xtec.cat\/ceiplacaixa\/wp-content\/uploads\/usu1455\/2025\/01\/embolcalls-768x1920.jpg 768w, https:\/\/agora.xtec.cat\/ceiplacaixa\/wp-content\/uploads\/usu1455\/2025\/01\/embolcalls-614x1536.jpg 614w, https:\/\/agora.xtec.cat\/ceiplacaixa\/wp-content\/uploads\/usu1455\/2025\/01\/embolcalls.jpg 800w\" sizes=\"auto, (max-width: 327px) 100vw, 327px\" \/><\/td>\n<td style=\"width: 33.3333%; text-align: center;\">\n<h4><strong>Resultats enquestes EMBOLCALLS\u00a0<\/strong><\/h4>\n<h4><strong>Curs 2021-2022 i Curs 2022-2023<\/strong><\/h4>\n<\/td>\n<td style=\"width: 33.3333%; text-align: center;\">\n<h4><strong>Resultats enquestes EMBOLCALLS\u00a0<\/strong><\/h4>\n<h4><strong>Curs 2023-2024 i Curs 2024-2025<\/strong><\/h4>\n<\/td>\n<\/tr>\n<tr>\n<td style=\"width: 33.3333%; text-align: center;\" colspan=\"2\"><strong>\u00a0<\/strong><\/p>\n<p>Amb aquests resultats veiem que durant aquests quatre anys que fa que participem a la microxarxa &#8220;Embolcalls sostenibles&#8221; hem anat millorant. Som m\u00e9s conscients que \u00e9s necessari utilitzar embolcalls reutilitzables, per\u00f2 encara ens queda MOLT cam\u00ed.<\/p>\n<p>S&#8217;ha de continuar treballant.<\/td>\n<\/tr>\n<tr>\n<td style=\"width: 33.3333%;\"><img loading=\"lazy\" decoding=\"async\" class=\"aligncenter size-large wp-image-4048\" src=\"https:\/\/agora.xtec.cat\/ceiplacaixa\/wp-content\/uploads\/usu1455\/2025\/05\/Poster-microxarxa-embolcalls-2-819x1024.jpg\" alt=\"\" width=\"819\" height=\"1024\" srcset=\"https:\/\/agora.xtec.cat\/ceiplacaixa\/wp-content\/uploads\/usu1455\/2025\/05\/Poster-microxarxa-embolcalls-2-819x1024.jpg 819w, https:\/\/agora.xtec.cat\/ceiplacaixa\/wp-content\/uploads\/usu1455\/2025\/05\/Poster-microxarxa-embolcalls-2-240x300.jpg 240w, https:\/\/agora.xtec.cat\/ceiplacaixa\/wp-content\/uploads\/usu1455\/2025\/05\/Poster-microxarxa-embolcalls-2-768x960.jpg 768w, https:\/\/agora.xtec.cat\/ceiplacaixa\/wp-content\/uploads\/usu1455\/2025\/05\/Poster-microxarxa-embolcalls-2-1229x1536.jpg 1229w, https:\/\/agora.xtec.cat\/ceiplacaixa\/wp-content\/uploads\/usu1455\/2025\/05\/Poster-microxarxa-embolcalls-2.jpg 1514w\" sizes=\"auto, (max-width: 819px) 100vw, 819px\" \/><\/td>\n<td style=\"width: 33.3333%;\"><img loading=\"lazy\" decoding=\"async\" class=\"aligncenter  wp-image-4049\" src=\"https:\/\/agora.xtec.cat\/ceiplacaixa\/wp-content\/uploads\/usu1455\/2025\/05\/Poster-microxarxa-embolcalls-1-804x1024.jpg\" alt=\"\" width=\"428\" height=\"544\" srcset=\"https:\/\/agora.xtec.cat\/ceiplacaixa\/wp-content\/uploads\/usu1455\/2025\/05\/Poster-microxarxa-embolcalls-1-804x1024.jpg 804w, https:\/\/agora.xtec.cat\/ceiplacaixa\/wp-content\/uploads\/usu1455\/2025\/05\/Poster-microxarxa-embolcalls-1-236x300.jpg 236w, https:\/\/agora.xtec.cat\/ceiplacaixa\/wp-content\/uploads\/usu1455\/2025\/05\/Poster-microxarxa-embolcalls-1-768x978.jpg 768w, https:\/\/agora.xtec.cat\/ceiplacaixa\/wp-content\/uploads\/usu1455\/2025\/05\/Poster-microxarxa-embolcalls-1-1206x1536.jpg 1206w, https:\/\/agora.xtec.cat\/ceiplacaixa\/wp-content\/uploads\/usu1455\/2025\/05\/Poster-microxarxa-embolcalls-1-1608x2048.jpg 1608w, https:\/\/agora.xtec.cat\/ceiplacaixa\/wp-content\/uploads\/usu1455\/2025\/05\/Poster-microxarxa-embolcalls-1.jpg 1646w\" sizes=\"auto, (max-width: 428px) 100vw, 428px\" \/><\/td>\n<\/tr>\n<\/tbody>\n<\/table>\n","protected":false},"excerpt":{"rendered":"<p>Des del curs 2021-2022, l&#8217;Escola La Caixa forma part del programa Escoles + Sostenibles. El nostre projecte es diu RECICL&#8217;HORT i t\u00e9 com objectius principals la reducci\u00f3 de residus i continuar amb el petit hort que es va comen\u00e7ar el curs 20-21. A trav\u00e9s de les assemblees d&#8217;aula i el Consell d&#8217;Alumnes anem decidint totes [&hellip;]<\/p>\n","protected":false},"author":3,"featured_media":0,"parent":64,"menu_order":0,"comment_status":"closed","ping_status":"closed","template":"page-templates\/side-menu.php","meta":{"_bbp_topic_count":0,"_bbp_reply_count":0,"_bbp_total_topic_count":0,"_bbp_total_reply_count":0,"_bbp_voice_count":0,"_bbp_anonymous_reply_count":0,"_bbp_topic_count_hidden":0,"_bbp_reply_count_hidden":0,"_bbp_forum_subforum_count":0,"site-sidebar-layout":"default","site-content-layout":"","ast-site-content-layout":"","site-content-style":"default","site-sidebar-style":"default","ast-global-header-display":"","ast-banner-title-visibility":"","ast-main-header-display":"","ast-hfb-above-header-display":"","ast-hfb-below-header-display":"","ast-hfb-mobile-header-display":"","site-post-title":"","ast-breadcrumbs-content":"","ast-featured-img":"","footer-sml-layout":"","theme-transparent-header-meta":"","adv-header-id-meta":"","stick-header-meta":"","header-above-stick-meta":"","header-main-stick-meta":"","header-below-stick-meta":"","astra-migrate-meta-layouts":"default","ast-page-background-enabled":"default","ast-page-background-meta":{"desktop":{"background-color":"var(--ast-global-color-4)","background-image":"","background-repeat":"repeat","background-position":"center center","background-size":"auto","background-attachment":"scroll","background-type":"","background-media":"","overlay-type":"","overlay-color":"","overlay-opacity":"","overlay-gradient":""},"tablet":{"background-color":"","background-image":"","background-repeat":"repeat","background-position":"center center","background-size":"auto","background-attachment":"scroll","background-type":"","background-media":"","overlay-type":"","overlay-color":"","overlay-opacity":"","overlay-gradient":""},"mobile":{"background-color":"","background-image":"","background-repeat":"repeat","background-position":"center center","background-size":"auto","background-attachment":"scroll","background-type":"","background-media":"","overlay-type":"","overlay-color":"","overlay-opacity":"","overlay-gradient":""}},"ast-content-background-meta":{"desktop":{"background-color":"var(--ast-global-color-5)","background-image":"","background-repeat":"repeat","background-position":"center center","background-size":"auto","background-attachment":"scroll","background-type":"","background-media":"","overlay-type":"","overlay-color":"","overlay-opacity":"","overlay-gradient":""},"tablet":{"background-color":"var(--ast-global-color-5)","background-image":"","background-repeat":"repeat","background-position":"center center","background-size":"auto","background-attachment":"scroll","background-type":"","background-media":"","overlay-type":"","overlay-color":"","overlay-opacity":"","overlay-gradient":""},"mobile":{"background-color":"var(--ast-global-color-5)","background-image":"","background-repeat":"repeat","background-position":"center center","background-size":"auto","background-attachment":"scroll","background-type":"","background-media":"","overlay-type":"","overlay-color":"","overlay-opacity":"","overlay-gradient":""}},"footnotes":""},"class_list":["post-1459","page","type-page","status-publish","hentry"],"post_mailing_queue_ids":[],"_links":{"self":[{"href":"https:\/\/agora.xtec.cat\/ceiplacaixa\/wp-json\/wp\/v2\/pages\/1459","targetHints":{"allow":["GET"]}}],"collection":[{"href":"https:\/\/agora.xtec.cat\/ceiplacaixa\/wp-json\/wp\/v2\/pages"}],"about":[{"href":"https:\/\/agora.xtec.cat\/ceiplacaixa\/wp-json\/wp\/v2\/types\/page"}],"author":[{"embeddable":true,"href":"https:\/\/agora.xtec.cat\/ceiplacaixa\/wp-json\/wp\/v2\/users\/3"}],"replies":[{"embeddable":true,"href":"https:\/\/agora.xtec.cat\/ceiplacaixa\/wp-json\/wp\/v2\/comments?post=1459"}],"version-history":[{"count":6,"href":"https:\/\/agora.xtec.cat\/ceiplacaixa\/wp-json\/wp\/v2\/pages\/1459\/revisions"}],"predecessor-version":[{"id":1625,"href":"https:\/\/agora.xtec.cat\/ceiplacaixa\/wp-json\/wp\/v2\/pages\/1459\/revisions\/1625"}],"up":[{"embeddable":true,"href":"https:\/\/agora.xtec.cat\/ceiplacaixa\/wp-json\/wp\/v2\/pages\/64"}],"wp:attachment":[{"href":"https:\/\/agora.xtec.cat\/ceiplacaixa\/wp-json\/wp\/v2\/media?parent=1459"}],"curies":[{"name":"wp","href":"https:\/\/api.w.org\/{rel}","templated":true}]}}