{"id":1249,"date":"2021-06-25T12:02:18","date_gmt":"2021-06-25T10:02:18","guid":{"rendered":"https:\/\/agora.xtec.cat\/ceiplacaixa\/?page_id=1249"},"modified":"2025-06-20T10:38:06","modified_gmt":"2025-06-20T08:38:06","slug":"llibres-curs","status":"publish","type":"page","link":"https:\/\/agora.xtec.cat\/ceiplacaixa\/projecte-educatiu\/projecte-socialitzacio-de-llibres\/llibres-curs\/","title":{"rendered":"LLIBRES CURS 24-25"},"content":{"rendered":"<h4 style=\"text-align: center;\"><strong>Llistat de llibre 2025-2026<\/strong><\/h4>\n<p>En aquests documents adjunts trobareu el <strong>llistat de llibres complet<\/strong> on s&#8217;especifica:<\/p>\n<ul>\n<li><strong>quins llibres<\/strong> han de <strong>comprar<\/strong> les fam\u00edlies<\/li>\n<li>i quins llibres seran<strong> proporcionats per l&#8217;escola\u00a0<\/strong>(no s&#8217;han de comprar, s\u00f3n socialitzats).<\/li>\n<\/ul>\n<h4 style=\"text-align: center;\">Us recomanem que aprofiteu el <span style=\"text-decoration: underline;\"><strong>val escolar<\/strong><\/span> per comprar TOTS els llibres.<\/h4>\n<h4 style=\"text-align: center;\">El llibre de Matem\u00e0tiques EMAT nom\u00e9s es pot comprar a la <span style=\"text-decoration: underline;\"><strong>llibreria 1000 Fulls<\/strong><\/span> (carrer Cant\u00e0bria, 22)<\/h4>\n<table style=\"width: 100%;\">\n<tbody>\n<tr>\n<td style=\"text-align: center; width: 99.5655%;\">\n<h3><a href=\"https:\/\/drive.google.com\/file\/d\/1ZNpfTJfdeyE2_hhUJLIpGHj4as9WWFtF\/view?usp=drive_link\">Llistat llibres 25-26<\/a><\/h3>\n<\/td>\n<\/tr>\n<tr>\n<td style=\"text-align: center; width: 99.5655%;\"><img loading=\"lazy\" decoding=\"async\" class=\"aligncenter wp-image-784 size-full\" src=\"https:\/\/agora.xtec.cat\/ceiplacaixa\/wp-content\/uploads\/usu1455\/2021\/01\/llibres-de-text.jpg\" alt=\"\" width=\"236\" height=\"213\" \/><\/td>\n<\/tr>\n<\/tbody>\n<\/table>\n<p>*Dins del <strong>sobre dels informes del 3r trimestre<\/strong>, trobareu una c\u00f2pia del llistat de llibres. All\u00e0 s&#8217;indica si heu de comprar l&#8217;<strong>Activity Book d&#8217;angl\u00e8s en format ESSENTIAL o no<\/strong>. Si teniu algun dubte, consulteu amb el tutor o la tutora. Recordeu que PREVAL el llistat personalitzat que us han adjuntat al sobre.<\/p>\n","protected":false},"excerpt":{"rendered":"<p>Llistat de llibre 2025-2026 En aquests documents adjunts trobareu el llistat de llibres complet on s&#8217;especifica: quins llibres han de comprar les fam\u00edlies i quins llibres seran proporcionats per l&#8217;escola\u00a0(no s&#8217;han de comprar, s\u00f3n socialitzats). Us recomanem que aprofiteu el val escolar per comprar TOTS els llibres. El llibre de Matem\u00e0tiques EMAT nom\u00e9s es pot [&hellip;]<\/p>\n","protected":false},"author":3,"featured_media":0,"parent":1145,"menu_order":0,"comment_status":"closed","ping_status":"closed","template":"page-templates\/side-menu.php","meta":{"_bbp_topic_count":0,"_bbp_reply_count":0,"_bbp_total_topic_count":0,"_bbp_total_reply_count":0,"_bbp_voice_count":0,"_bbp_anonymous_reply_count":0,"_bbp_topic_count_hidden":0,"_bbp_reply_count_hidden":0,"_bbp_forum_subforum_count":0,"site-sidebar-layout":"default","site-content-layout":"","ast-site-content-layout":"","site-content-style":"default","site-sidebar-style":"default","ast-global-header-display":"","ast-banner-title-visibility":"","ast-main-header-display":"","ast-hfb-above-header-display":"","ast-hfb-below-header-display":"","ast-hfb-mobile-header-display":"","site-post-title":"","ast-breadcrumbs-content":"","ast-featured-img":"","footer-sml-layout":"","theme-transparent-header-meta":"","adv-header-id-meta":"","stick-header-meta":"","header-above-stick-meta":"","header-main-stick-meta":"","header-below-stick-meta":"","astra-migrate-meta-layouts":"default","ast-page-background-enabled":"default","ast-page-background-meta":{"desktop":{"background-color":"var(--ast-global-color-4)","background-image":"","background-repeat":"repeat","background-position":"center center","background-size":"auto","background-attachment":"scroll","background-type":"","background-media":"","overlay-type":"","overlay-color":"","overlay-opacity":"","overlay-gradient":""},"tablet":{"background-color":"","background-image":"","background-repeat":"repeat","background-position":"center center","background-size":"auto","background-attachment":"scroll","background-type":"","background-media":"","overlay-type":"","overlay-color":"","overlay-opacity":"","overlay-gradient":""},"mobile":{"background-color":"","background-image":"","background-repeat":"repeat","background-position":"center center","background-size":"auto","background-attachment":"scroll","background-type":"","background-media":"","overlay-type":"","overlay-color":"","overlay-opacity":"","overlay-gradient":""}},"ast-content-background-meta":{"desktop":{"background-color":"var(--ast-global-color-5)","background-image":"","background-repeat":"repeat","background-position":"center center","background-size":"auto","background-attachment":"scroll","background-type":"","background-media":"","overlay-type":"","overlay-color":"","overlay-opacity":"","overlay-gradient":""},"tablet":{"background-color":"var(--ast-global-color-5)","background-image":"","background-repeat":"repeat","background-position":"center center","background-size":"auto","background-attachment":"scroll","background-type":"","background-media":"","overlay-type":"","overlay-color":"","overlay-opacity":"","overlay-gradient":""},"mobile":{"background-color":"var(--ast-global-color-5)","background-image":"","background-repeat":"repeat","background-position":"center center","background-size":"auto","background-attachment":"scroll","background-type":"","background-media":"","overlay-type":"","overlay-color":"","overlay-opacity":"","overlay-gradient":""}},"footnotes":""},"class_list":["post-1249","page","type-page","status-publish","hentry"],"post_mailing_queue_ids":[],"_links":{"self":[{"href":"https:\/\/agora.xtec.cat\/ceiplacaixa\/wp-json\/wp\/v2\/pages\/1249","targetHints":{"allow":["GET"]}}],"collection":[{"href":"https:\/\/agora.xtec.cat\/ceiplacaixa\/wp-json\/wp\/v2\/pages"}],"about":[{"href":"https:\/\/agora.xtec.cat\/ceiplacaixa\/wp-json\/wp\/v2\/types\/page"}],"author":[{"embeddable":true,"href":"https:\/\/agora.xtec.cat\/ceiplacaixa\/wp-json\/wp\/v2\/users\/3"}],"replies":[{"embeddable":true,"href":"https:\/\/agora.xtec.cat\/ceiplacaixa\/wp-json\/wp\/v2\/comments?post=1249"}],"version-history":[{"count":6,"href":"https:\/\/agora.xtec.cat\/ceiplacaixa\/wp-json\/wp\/v2\/pages\/1249\/revisions"}],"predecessor-version":[{"id":4079,"href":"https:\/\/agora.xtec.cat\/ceiplacaixa\/wp-json\/wp\/v2\/pages\/1249\/revisions\/4079"}],"up":[{"embeddable":true,"href":"https:\/\/agora.xtec.cat\/ceiplacaixa\/wp-json\/wp\/v2\/pages\/1145"}],"wp:attachment":[{"href":"https:\/\/agora.xtec.cat\/ceiplacaixa\/wp-json\/wp\/v2\/media?parent=1249"}],"curies":[{"name":"wp","href":"https:\/\/api.w.org\/{rel}","templated":true}]}}