{"id":1112,"date":"2021-04-30T09:44:03","date_gmt":"2021-04-30T07:44:03","guid":{"rendered":"https:\/\/agora.xtec.cat\/ceiplacaixa\/?page_id=1112"},"modified":"2026-02-18T10:15:45","modified_gmt":"2026-02-18T09:15:45","slug":"premis-i-reconeixements","status":"publish","type":"page","link":"https:\/\/agora.xtec.cat\/ceiplacaixa\/projecte-educatiu\/premis-i-reconeixements\/","title":{"rendered":"Premis i Reconeixements"},"content":{"rendered":"<p><!-- ================= CURS 25\/26 ================= --><\/p>\n<section style=\"margin-bottom: 50px;\">\n<h2 style=\"background: linear-gradient(90deg,#3498db,#6dd5fa); color: white; padding: 15px 25px; border-radius: 12px; font-size: 1.8em; margin-bottom: 25px; border-left: 8px solid #1b4f72;\">CURS 25\/26<\/h2>\n<div style=\"display: flex; flex-wrap: wrap; gap: 20px;\">\n<div style=\"background: #ffffff; border-radius: 12px; padding: 20px; flex: 1 1 320px; box-shadow: 0 3px 10px rgba(0,0,0,0.15);\">\n<h3 style=\"margin-top: 0; color: #1a2b3c; font-size: 1.3em; border-bottom: 2px solid #3498db; padding-bottom: 6px;\">Premi a Treballs de Fi de Grau amb metodologia d&#8217;Aprenentatge Servei de la UAB<\/h3>\n<p>Durant el <strong>curs 24\/25<\/strong> alumnes de l&#8217;\u00faltim curs del <strong>Grau de Psicologia<\/strong> de la <strong>UAB<\/strong> van realitzar el seu Treball de Fi de Grau a la nostra escola a partir de la nostra proposta de <strong>dissenyar<\/strong> i <strong>implementar<\/strong> un projecte d&#8217;<strong>educaci\u00f3 emocional<\/strong> posant la mirada en la <strong>resoluci\u00f3<\/strong> <strong>positiva<\/strong> de conflictes que, de forma <strong>transversal<\/strong> i <strong>seq\u00fcencial<\/strong>, abasti els sis nivells de prim\u00e0ria dotant l&#8217;alumnat d&#8217;<strong>estrat\u00e8gies<\/strong> que els permeti relacionar-se de forma <strong>assertiva<\/strong> amb els altres i alhora, crear una <strong>consci\u00e8ncia<\/strong> cr\u00edtica <strong>enfront<\/strong> els <strong>conflictes<\/strong>, la <strong>desigualtat<\/strong> i la perspectiva de g\u00e8nere.<\/p>\n<p>El projecte <a href=\"https:\/\/agora.xtec.cat\/ceiplacaixa\/projecte-educatiu\/educacio-socioemocional\/\">&#8220;Obrim la caixa de les emocions&#8221;<\/a> es va dur a terme a 5\u00e8 de prim\u00e0ria.<\/p>\n<p>Dues de les alumnes han estat guardonades a la <a href=\"https:\/\/drive.google.com\/file\/d\/1jmxE9SJGc6EeyjvnaWwb8P-ZpD4w4SR4\/view?usp=drive_link\">V Edici\u00f3 dels Premis TFGS ApS de la UAB<\/a>.<\/p>\n<h6>Celebrem aquest reconeixement, que \u00e9s fruit de la seva dedicaci\u00f3 i bones pr\u00e0ctiques amb l&#8217;alumnat.<\/h6>\n<p style=\"text-align: center; margin-top: 15px;\"><a href=\"https:\/\/drive.google.com\/file\/d\/1jmxE9SJGc6EeyjvnaWwb8P-ZpD4w4SR4\/view?usp=drive_link\"><br \/>\n<img decoding=\"async\" style=\"max-width: 100%; height: auto; border-radius: 8px;\" src=\"https:\/\/agora.xtec.cat\/ceiplacaixa\/wp-content\/uploads\/usu1455\/2026\/02\/Captura-de-pantalla-2026-02-05-155822.png\" alt=\"\" \/><br \/>\n<\/a><\/p>\n<\/div>\n<\/div>\n<\/section>\n<p><!-- ================= CURS 24\/25 ================= --><\/p>\n<section style=\"margin-bottom: 50px;\">\n<h2 style=\"background: linear-gradient(90deg,#3498db,#6dd5fa); color: white; padding: 15px 25px; border-radius: 12px; font-size: 1.8em; margin-bottom: 25px; border-left: 8px solid #1b4f72;\">CURS 24\/25<\/h2>\n<div style=\"display: flex; flex-wrap: wrap; gap: 20px;\">\n<div style=\"background: #ffffff; border-radius: 12px; padding: 20px; flex: 1 1 320px; box-shadow: 0 3px 10px rgba(0,0,0,0.15);\">\n<h3 style=\"margin-top: 0; color: #1a2b3c; font-size: 1.3em; border-bottom: 2px solid #3498db; padding-bottom: 6px;\">Reconeixement de qualitat del projecte eTwinning<\/h3>\n<p>Durant el curs s&#8217;ha realitzat un projecte conjunt <strong>&#8220;Seeds of change&#8221;<\/strong> amb altres escoles europees a trav\u00e9s de la plataforma eTwinning.<\/p>\n<p>Estem molt orgulloses de poder dir que la nostra mestra d&#8217;angl\u00e8s i l&#8217;alumnat de 6\u00e8 han obtingut el reconeixement europeu de qualitat.<\/p>\n<p><img decoding=\"async\" class=\"aligncenter\" style=\"display: block; margin: 15px auto; max-width: 100%; height: auto; border-radius: 8px;\" src=\"https:\/\/agora.xtec.cat\/ceiplacaixa\/wp-content\/uploads\/usu1455\/2025\/09\/Captura-de-pantalla-2025-09-18-154915.png\" \/> <img decoding=\"async\" class=\"aligncenter\" style=\"display: block; margin: 15px auto; max-width: 100%; height: auto; border-radius: 8px;\" src=\"https:\/\/agora.xtec.cat\/ceiplacaixa\/wp-content\/uploads\/usu1455\/2025\/09\/Captura-de-pantalla-2025-09-18-120329.png\" \/><\/p>\n<\/div>\n<\/div>\n<\/section>\n<p><!-- ================= CURS 23\/24 ================= --><\/p>\n<section style=\"margin-bottom: 50px;\">\n<h2 style=\"background: linear-gradient(90deg,#3498db,#6dd5fa); color: white; padding: 15px 25px; border-radius: 12px; font-size: 1.8em; margin-bottom: 25px; border-left: 8px solid #1b4f72;\">CURS 23\/24<\/h2>\n<div style=\"display: flex; flex-wrap: wrap; gap: 20px;\">\n<div style=\"background: #ffffff; border-radius: 12px; padding: 20px; flex: 1 1 320px; box-shadow: 0 3px 10px rgba(0,0,0,0.15);\">\n<h3 style=\"margin-top: 0; color: #1a2b3c; font-size: 1.3em; border-bottom: 2px solid #3498db; padding-bottom: 6px;\">Jocs Florals Escolars de Sant Mart\u00ed 2024<\/h3>\n<p><strong>CATEGORIA C2:<\/strong> Alumnat del cicle superior d&#8217;educaci\u00f3 prim\u00e0ria. Poesia<\/p>\n<p><img decoding=\"async\" class=\"aligncenter\" style=\"display: block; margin: 15px auto; max-width: 100%; height: auto; border-radius: 8px;\" src=\"https:\/\/agora.xtec.cat\/ceiplacaixa\/wp-content\/uploads\/usu1455\/2024\/05\/Poema_diccionari.png\" \/> <img decoding=\"async\" class=\"aligncenter\" style=\"display: block; margin: 15px auto; max-width: 100%; height: auto; border-radius: 8px;\" src=\"https:\/\/agora.xtec.cat\/ceiplacaixa\/wp-content\/uploads\/usu1455\/2024\/05\/C2.-La-Caixa_rotated_page-0001-1024x791.jpg\" \/><\/p>\n<\/div>\n<\/div>\n<\/section>\n<p><!-- ================= CURS 22\/23 ================= --><\/p>\n<section style=\"margin-bottom: 50px;\">\n<h2 style=\"background: linear-gradient(90deg,#3498db,#6dd5fa); color: white; padding: 15px 25px; border-radius: 12px; font-size: 1.8em; margin-bottom: 25px; border-left: 8px solid #1b4f72;\">CURS 22\/23<\/h2>\n<div style=\"display: flex; flex-wrap: wrap; gap: 20px;\">\n<div style=\"background: #ffffff; border-radius: 12px; padding: 20px; flex: 1 1 320px; box-shadow: 0 3px 10px rgba(0,0,0,0.15);\">\n<h3 style=\"margin-top: 0; color: #1a2b3c; font-size: 1.3em; border-bottom: 2px solid #3498db; padding-bottom: 6px;\">Jocs Florals Escolars de Sant Mart\u00ed 2023<\/h3>\n<p><strong>CATEGORIA B2:<\/strong> Alumnat del cicle mitj\u00e0 d&#8217;educaci\u00f3 prim\u00e0ria. Poesia<\/p>\n<p style=\"text-align: center; font-weight: bold;\">LA NENA SOMRIENT<\/p>\n<p><img decoding=\"async\" class=\"aligncenter\" style=\"display: block; margin: 15px auto; max-width: 100%; height: auto; border-radius: 8px;\" src=\"https:\/\/agora.xtec.cat\/ceiplacaixa\/wp-content\/uploads\/usu1455\/2023\/05\/lanenasomrient.png\" \/> <img decoding=\"async\" class=\"aligncenter\" style=\"display: block; margin: 15px auto; max-width: 100%; height: auto; border-radius: 8px;\" src=\"https:\/\/agora.xtec.cat\/ceiplacaixa\/wp-content\/uploads\/usu1455\/2023\/05\/jocsfloralsdistricte-1024x754.png\" \/><\/p>\n<p style=\"text-align: center;\">Escolta el <a href=\"https:\/\/serveiseducatius.xtec.cat\/santmarti\/general\/jocs-florals-escolars-de-sant-marti-2023-podcast\/\">PODCAST de la R\u00c0DIO SANT MART\u00cd<\/a><\/p>\n<!--[if lt IE 9]><script>document.createElement('audio');<\/script><![endif]-->\n<audio class=\"wp-audio-shortcode\" id=\"audio-1112-1\" preload=\"none\" style=\"width: 100%;\" controls=\"controls\"><source type=\"audio\/mpeg\" src=\"https:\/\/agora.xtec.cat\/ceiplacaixa\/wp-content\/uploads\/usu1455\/2023\/06\/audio_lanenasomrient.mp3?_=1\" \/><a href=\"https:\/\/agora.xtec.cat\/ceiplacaixa\/wp-content\/uploads\/usu1455\/2023\/06\/audio_lanenasomrient.mp3\">https:\/\/agora.xtec.cat\/ceiplacaixa\/wp-content\/uploads\/usu1455\/2023\/06\/audio_lanenasomrient.mp3<\/a><\/audio>\n<\/div>\n<\/div>\n<\/section>\n<p><!-- ================= CURS 20\/21 ================= --><\/p>\n<section style=\"margin-bottom: 50px;\">\n<h2 style=\"background: linear-gradient(90deg,#3498db,#6dd5fa); color: white; padding: 15px 25px; border-radius: 12px; font-size: 1.8em; margin-bottom: 25px; border-left: 8px solid #1b4f72;\">CURS 20\/21<\/h2>\n<div style=\"display: flex; flex-wrap: wrap; gap: 20px;\">\n<div style=\"background: #ffffff; border-radius: 12px; padding: 20px; flex: 1 1 320px; box-shadow: 0 3px 10px rgba(0,0,0,0.15);\">\n<h3 style=\"margin-top: 0; color: #1a2b3c; font-size: 1.3em; border-bottom: 2px solid #3498db; padding-bottom: 6px;\">3r de prim\u00e0ria \u2013 Primer premi<\/h3>\n<p><strong>CATEGORIA PROJECTE 3R:<\/strong> Segon cicle de prim\u00e0ria<\/p>\n<p>&#8220;Estructura hivernacle ECO&#8221;<\/p>\n<p><img decoding=\"async\" class=\"alignleft\" style=\"display: block; margin: 15px auto; max-width: 100%; height: auto;\" src=\"https:\/\/agora.xtec.cat\/ceiplacaixa\/wp-content\/uploads\/usu1455\/2021\/03\/Copa-Trofeo-83132.gif\" \/> <a href=\"https:\/\/www.cac.es\/web\/accion-por-el-clima\/ganadores\"> <img decoding=\"async\" class=\"aligncenter\" style=\"display: block; margin: 15px auto; max-width: 100%; height: auto; border-radius: 8px;\" src=\"https:\/\/agora.xtec.cat\/ceiplacaixa\/wp-content\/uploads\/usu1455\/2021\/03\/premi-1024x387.jpg\" \/> <\/a><\/p>\n<\/div>\n<\/div>\n<\/section>\n","protected":false},"excerpt":{"rendered":"<p>CURS 25\/26 Premi a Treballs de Fi de Grau amb metodologia d&#8217;Aprenentatge Servei de la UAB Durant el curs 24\/25 alumnes de l&#8217;\u00faltim curs del Grau de Psicologia de la UAB van realitzar el seu Treball de Fi de Grau a la nostra escola a partir de la nostra proposta de dissenyar i implementar un [&hellip;]<\/p>\n","protected":false},"author":3,"featured_media":0,"parent":64,"menu_order":0,"comment_status":"closed","ping_status":"closed","template":"","meta":{"_bbp_topic_count":0,"_bbp_reply_count":0,"_bbp_total_topic_count":0,"_bbp_total_reply_count":0,"_bbp_voice_count":0,"_bbp_anonymous_reply_count":0,"_bbp_topic_count_hidden":0,"_bbp_reply_count_hidden":0,"_bbp_forum_subforum_count":0,"site-sidebar-layout":"default","site-content-layout":"","ast-site-content-layout":"default","site-content-style":"default","site-sidebar-style":"default","ast-global-header-display":"","ast-banner-title-visibility":"","ast-main-header-display":"","ast-hfb-above-header-display":"","ast-hfb-below-header-display":"","ast-hfb-mobile-header-display":"","site-post-title":"","ast-breadcrumbs-content":"","ast-featured-img":"","footer-sml-layout":"","theme-transparent-header-meta":"","adv-header-id-meta":"","stick-header-meta":"","header-above-stick-meta":"","header-main-stick-meta":"","header-below-stick-meta":"","astra-migrate-meta-layouts":"set","ast-page-background-enabled":"default","ast-page-background-meta":{"desktop":{"background-color":"var(--ast-global-color-4)","background-image":"","background-repeat":"repeat","background-position":"center center","background-size":"auto","background-attachment":"scroll","background-type":"","background-media":"","overlay-type":"","overlay-color":"","overlay-opacity":"","overlay-gradient":""},"tablet":{"background-color":"","background-image":"","background-repeat":"repeat","background-position":"center center","background-size":"auto","background-attachment":"scroll","background-type":"","background-media":"","overlay-type":"","overlay-color":"","overlay-opacity":"","overlay-gradient":""},"mobile":{"background-color":"","background-image":"","background-repeat":"repeat","background-position":"center center","background-size":"auto","background-attachment":"scroll","background-type":"","background-media":"","overlay-type":"","overlay-color":"","overlay-opacity":"","overlay-gradient":""}},"ast-content-background-meta":{"desktop":{"background-color":"var(--ast-global-color-5)","background-image":"","background-repeat":"repeat","background-position":"center center","background-size":"auto","background-attachment":"scroll","background-type":"","background-media":"","overlay-type":"","overlay-color":"","overlay-opacity":"","overlay-gradient":""},"tablet":{"background-color":"var(--ast-global-color-5)","background-image":"","background-repeat":"repeat","background-position":"center center","background-size":"auto","background-attachment":"scroll","background-type":"","background-media":"","overlay-type":"","overlay-color":"","overlay-opacity":"","overlay-gradient":""},"mobile":{"background-color":"var(--ast-global-color-5)","background-image":"","background-repeat":"repeat","background-position":"center center","background-size":"auto","background-attachment":"scroll","background-type":"","background-media":"","overlay-type":"","overlay-color":"","overlay-opacity":"","overlay-gradient":""}},"footnotes":""},"class_list":["post-1112","page","type-page","status-publish","hentry"],"post_mailing_queue_ids":[],"_links":{"self":[{"href":"https:\/\/agora.xtec.cat\/ceiplacaixa\/wp-json\/wp\/v2\/pages\/1112","targetHints":{"allow":["GET"]}}],"collection":[{"href":"https:\/\/agora.xtec.cat\/ceiplacaixa\/wp-json\/wp\/v2\/pages"}],"about":[{"href":"https:\/\/agora.xtec.cat\/ceiplacaixa\/wp-json\/wp\/v2\/types\/page"}],"author":[{"embeddable":true,"href":"https:\/\/agora.xtec.cat\/ceiplacaixa\/wp-json\/wp\/v2\/users\/3"}],"replies":[{"embeddable":true,"href":"https:\/\/agora.xtec.cat\/ceiplacaixa\/wp-json\/wp\/v2\/comments?post=1112"}],"version-history":[{"count":7,"href":"https:\/\/agora.xtec.cat\/ceiplacaixa\/wp-json\/wp\/v2\/pages\/1112\/revisions"}],"predecessor-version":[{"id":4656,"href":"https:\/\/agora.xtec.cat\/ceiplacaixa\/wp-json\/wp\/v2\/pages\/1112\/revisions\/4656"}],"up":[{"embeddable":true,"href":"https:\/\/agora.xtec.cat\/ceiplacaixa\/wp-json\/wp\/v2\/pages\/64"}],"wp:attachment":[{"href":"https:\/\/agora.xtec.cat\/ceiplacaixa\/wp-json\/wp\/v2\/media?parent=1112"}],"curies":[{"name":"wp","href":"https:\/\/api.w.org\/{rel}","templated":true}]}}