{"id":1034,"date":"2021-03-25T12:00:38","date_gmt":"2021-03-25T11:00:38","guid":{"rendered":"https:\/\/agora.xtec.cat\/ceiplacaixa\/?page_id=1034"},"modified":"2025-07-03T13:26:34","modified_gmt":"2025-07-03T11:26:34","slug":"projecte-linguistic","status":"publish","type":"page","link":"https:\/\/agora.xtec.cat\/ceiplacaixa\/projecte-educatiu\/projecte-linguistic\/","title":{"rendered":"Projecte ling\u00fc\u00edstic"},"content":{"rendered":"<table style=\"border-collapse: collapse; width: 100%;\">\n<tbody>\n<tr>\n<td style=\"width: 59.282%;\">\n<p style=\"font-family: 'Helvetica Neue', Helvetica, Helvetica, Arial, sans-serif; font-size: 16px;\">El nostre projecte ling\u00fc\u00edstic pret\u00e9n garantir que tot l&#8217;alumnat, independentment de la seva llengua habitual en iniciar l&#8217;ensenyament, pugui utilitzar normalment i correctament les dues lleng\u00fces oficials (catal\u00e0 i castell\u00e0) tant oralment com per escrit en acabar l&#8217;Educaci\u00f3 Prim\u00e0ria.\u00a0A m\u00e9s d&#8217;adquirir els senyals d&#8217;identitat propis de la nostra personalitat col\u00b7lectiva: la hist\u00f2ria, la cultura, el patrimoni i les tradicions.<\/p>\n<p style=\"font-family: 'Helvetica Neue', Helvetica, Helvetica, Arial, sans-serif; font-size: 16px;\">Un altre element molt significatiu del nostre projecte \u00e9s la potenciaci\u00f3 de la llengua anglesa la qual ens permet que el nostre alumnat esdevingui ciutadans\/nes competents dins d&#8217;aquest m\u00f3n globalitzat.<\/p>\n<\/td>\n<td style=\"width: 40.718%; text-align: center;\"><a href=\"https:\/\/drive.google.com\/file\/d\/1N5Xq8YEfTc4bJjJz83ZmrQLm2JrJeodg\/view?usp=sharing\"><img loading=\"lazy\" decoding=\"async\" class=\"aligncenter wp-image-1035\" src=\"https:\/\/agora.xtec.cat\/ceiplacaixa\/wp-content\/uploads\/usu1455\/2021\/03\/Word-Art.jpeg\" alt=\"\" width=\"342\" height=\"232\" srcset=\"https:\/\/agora.xtec.cat\/ceiplacaixa\/wp-content\/uploads\/usu1455\/2021\/03\/Word-Art.jpeg 859w, https:\/\/agora.xtec.cat\/ceiplacaixa\/wp-content\/uploads\/usu1455\/2021\/03\/Word-Art-300x203.jpeg 300w, https:\/\/agora.xtec.cat\/ceiplacaixa\/wp-content\/uploads\/usu1455\/2021\/03\/Word-Art-768x520.jpeg 768w\" sizes=\"auto, (max-width: 342px) 100vw, 342px\" \/><\/a><strong>Clica la imatge per veure tot el nostre Projecte Ling\u00fc\u00edstic.<\/strong><\/td>\n<\/tr>\n<\/tbody>\n<\/table>\n<p>&nbsp;<\/p>\n<table style=\"border-collapse: collapse; width: 100%;\">\n<tbody>\n<tr>\n<td style=\"width: 29.351%; text-align: center;\">\n<h4><a href=\"https:\/\/agora.xtec.cat\/ceiplacaixa\/projecte-educatiu\/projecte-linguistic\/avancem-2\/\"><img loading=\"lazy\" decoding=\"async\" class=\"aligncenter size-full wp-image-2699\" src=\"https:\/\/agora.xtec.cat\/ceiplacaixa\/wp-content\/uploads\/usu1455\/2023\/05\/avancem.png\" alt=\"\" width=\"164\" height=\"56\" \/><\/a><\/h4>\n<\/td>\n<td style=\"width: 29.4235%; text-align: center;\">\n<h4>CORRANDESCOLA<\/h4>\n<\/td>\n<td style=\"width: 41.2255%; text-align: center;\">\n<h4><a href=\"https:\/\/agora.xtec.cat\/ceiplacaixa\/projecte-educatiu\/angles\/\">ENGLISH<\/a><\/h4>\n<\/td>\n<\/tr>\n<tr>\n<td style=\"width: 29.351%;\"><a href=\"https:\/\/agora.xtec.cat\/ceiplacaixa\/projecte-educatiu\/projecte-linguistic\/avancem-2\/\"><img loading=\"lazy\" decoding=\"async\" class=\"aligncenter wp-image-2701\" src=\"https:\/\/agora.xtec.cat\/ceiplacaixa\/wp-content\/uploads\/usu1455\/2023\/05\/caixa.png\" alt=\"\" width=\"316\" height=\"282\" srcset=\"https:\/\/agora.xtec.cat\/ceiplacaixa\/wp-content\/uploads\/usu1455\/2023\/05\/caixa.png 518w, https:\/\/agora.xtec.cat\/ceiplacaixa\/wp-content\/uploads\/usu1455\/2023\/05\/caixa-300x268.png 300w\" sizes=\"auto, (max-width: 316px) 100vw, 316px\" \/><\/a><\/p>\n<p>&nbsp;<\/td>\n<td style=\"width: 29.4235%;\"><iframe loading=\"lazy\" src=\"https:\/\/drive.google.com\/file\/d\/1zims96E1BYsj9YOMUpXT5aGCWmVSdcMk\/preview\" width=\"320\" height=\"240\"><span data-mce-type=\"bookmark\" style=\"display: inline-block; width: 0px; overflow: hidden; line-height: 0;\" class=\"mce_SELRES_start\">\ufeff<\/span><\/iframe><\/td>\n<td style=\"width: 41.2255%;\"><a href=\"https:\/\/agora.xtec.cat\/ceiplacaixa\/projecte-educatiu\/angles\/\"><img loading=\"lazy\" decoding=\"async\" class=\"aligncenter size-full wp-image-2314\" src=\"https:\/\/agora.xtec.cat\/ceiplacaixa\/wp-content\/uploads\/usu1455\/2023\/01\/enlishday.png\" alt=\"\" width=\"364\" height=\"264\" srcset=\"https:\/\/agora.xtec.cat\/ceiplacaixa\/wp-content\/uploads\/usu1455\/2023\/01\/enlishday.png 364w, https:\/\/agora.xtec.cat\/ceiplacaixa\/wp-content\/uploads\/usu1455\/2023\/01\/enlishday-300x218.png 300w\" sizes=\"auto, (max-width: 364px) 100vw, 364px\" \/><\/a><\/td>\n<\/tr>\n<tr>\n<td style=\"width: 29.351%;\">\n<p style=\"text-align: center;\"><a href=\"https:\/\/efuolc.org\/el-programa-tucat\/\"><img loading=\"lazy\" decoding=\"async\" class=\"aligncenter  wp-image-4114\" src=\"https:\/\/agora.xtec.cat\/ceiplacaixa\/wp-content\/uploads\/usu1455\/2025\/07\/Logo-EFUOLC-TUCAT.png\" alt=\"\" width=\"295\" height=\"67\" srcset=\"https:\/\/agora.xtec.cat\/ceiplacaixa\/wp-content\/uploads\/usu1455\/2025\/07\/Logo-EFUOLC-TUCAT.png 1024w, https:\/\/agora.xtec.cat\/ceiplacaixa\/wp-content\/uploads\/usu1455\/2025\/07\/Logo-EFUOLC-TUCAT-300x68.png 300w, https:\/\/agora.xtec.cat\/ceiplacaixa\/wp-content\/uploads\/usu1455\/2025\/07\/Logo-EFUOLC-TUCAT-768x174.png 768w\" sizes=\"auto, (max-width: 295px) 100vw, 295px\" \/><\/a><\/p>\n<\/td>\n<td style=\"width: 29.4235%;\"><\/td>\n<td style=\"width: 41.2255%;\"><\/td>\n<\/tr>\n<tr>\n<td style=\"width: 29.351%;\">\n<p style=\"text-align: center;\"><em>&#8220;El projecte EFUOLC integra el programa de formaci\u00f3 TuCAT. \u00c9s un programa formatiu que t\u00e9 com a objectiu implementar estrat\u00e8gies i recursos de foment de l\u2019\u00fas del catal\u00e0 dins i fora de les aules de centres educatius d\u2019infantil, prim\u00e0ria i secund\u00e0ria de Catalunya&#8221;.<\/em><\/p>\n<p>Durant el curs 25-26, la nostra escola participar\u00e0 com a centre de control d&#8217;aquest programa.<\/td>\n<td style=\"width: 29.4235%;\"><\/td>\n<td style=\"width: 41.2255%;\"><\/td>\n<\/tr>\n<\/tbody>\n<\/table>\n","protected":false},"excerpt":{"rendered":"<p>El nostre projecte ling\u00fc\u00edstic pret\u00e9n garantir que tot l&#8217;alumnat, independentment de la seva llengua habitual en iniciar l&#8217;ensenyament, pugui utilitzar normalment i correctament les dues lleng\u00fces oficials (catal\u00e0 i castell\u00e0) tant oralment com per escrit en acabar l&#8217;Educaci\u00f3 Prim\u00e0ria.\u00a0A m\u00e9s d&#8217;adquirir els senyals d&#8217;identitat propis de la nostra personalitat col\u00b7lectiva: la hist\u00f2ria, la cultura, el [&hellip;]<\/p>\n","protected":false},"author":3,"featured_media":0,"parent":64,"menu_order":2,"comment_status":"closed","ping_status":"closed","template":"page-templates\/side-menu.php","meta":{"_bbp_topic_count":0,"_bbp_reply_count":0,"_bbp_total_topic_count":0,"_bbp_total_reply_count":0,"_bbp_voice_count":0,"_bbp_anonymous_reply_count":0,"_bbp_topic_count_hidden":0,"_bbp_reply_count_hidden":0,"_bbp_forum_subforum_count":0,"site-sidebar-layout":"default","site-content-layout":"","ast-site-content-layout":"","site-content-style":"default","site-sidebar-style":"default","ast-global-header-display":"","ast-banner-title-visibility":"","ast-main-header-display":"","ast-hfb-above-header-display":"","ast-hfb-below-header-display":"","ast-hfb-mobile-header-display":"","site-post-title":"","ast-breadcrumbs-content":"","ast-featured-img":"","footer-sml-layout":"","theme-transparent-header-meta":"","adv-header-id-meta":"","stick-header-meta":"","header-above-stick-meta":"","header-main-stick-meta":"","header-below-stick-meta":"","astra-migrate-meta-layouts":"default","ast-page-background-enabled":"default","ast-page-background-meta":{"desktop":{"background-color":"var(--ast-global-color-4)","background-image":"","background-repeat":"repeat","background-position":"center center","background-size":"auto","background-attachment":"scroll","background-type":"","background-media":"","overlay-type":"","overlay-color":"","overlay-opacity":"","overlay-gradient":""},"tablet":{"background-color":"","background-image":"","background-repeat":"repeat","background-position":"center center","background-size":"auto","background-attachment":"scroll","background-type":"","background-media":"","overlay-type":"","overlay-color":"","overlay-opacity":"","overlay-gradient":""},"mobile":{"background-color":"","background-image":"","background-repeat":"repeat","background-position":"center center","background-size":"auto","background-attachment":"scroll","background-type":"","background-media":"","overlay-type":"","overlay-color":"","overlay-opacity":"","overlay-gradient":""}},"ast-content-background-meta":{"desktop":{"background-color":"var(--ast-global-color-5)","background-image":"","background-repeat":"repeat","background-position":"center center","background-size":"auto","background-attachment":"scroll","background-type":"","background-media":"","overlay-type":"","overlay-color":"","overlay-opacity":"","overlay-gradient":""},"tablet":{"background-color":"var(--ast-global-color-5)","background-image":"","background-repeat":"repeat","background-position":"center center","background-size":"auto","background-attachment":"scroll","background-type":"","background-media":"","overlay-type":"","overlay-color":"","overlay-opacity":"","overlay-gradient":""},"mobile":{"background-color":"var(--ast-global-color-5)","background-image":"","background-repeat":"repeat","background-position":"center center","background-size":"auto","background-attachment":"scroll","background-type":"","background-media":"","overlay-type":"","overlay-color":"","overlay-opacity":"","overlay-gradient":""}},"footnotes":""},"class_list":["post-1034","page","type-page","status-publish","hentry"],"post_mailing_queue_ids":[],"_links":{"self":[{"href":"https:\/\/agora.xtec.cat\/ceiplacaixa\/wp-json\/wp\/v2\/pages\/1034","targetHints":{"allow":["GET"]}}],"collection":[{"href":"https:\/\/agora.xtec.cat\/ceiplacaixa\/wp-json\/wp\/v2\/pages"}],"about":[{"href":"https:\/\/agora.xtec.cat\/ceiplacaixa\/wp-json\/wp\/v2\/types\/page"}],"author":[{"embeddable":true,"href":"https:\/\/agora.xtec.cat\/ceiplacaixa\/wp-json\/wp\/v2\/users\/3"}],"replies":[{"embeddable":true,"href":"https:\/\/agora.xtec.cat\/ceiplacaixa\/wp-json\/wp\/v2\/comments?post=1034"}],"version-history":[{"count":5,"href":"https:\/\/agora.xtec.cat\/ceiplacaixa\/wp-json\/wp\/v2\/pages\/1034\/revisions"}],"predecessor-version":[{"id":4115,"href":"https:\/\/agora.xtec.cat\/ceiplacaixa\/wp-json\/wp\/v2\/pages\/1034\/revisions\/4115"}],"up":[{"embeddable":true,"href":"https:\/\/agora.xtec.cat\/ceiplacaixa\/wp-json\/wp\/v2\/pages\/64"}],"wp:attachment":[{"href":"https:\/\/agora.xtec.cat\/ceiplacaixa\/wp-json\/wp\/v2\/media?parent=1034"}],"curies":[{"name":"wp","href":"https:\/\/api.w.org\/{rel}","templated":true}]}}