{"id":857,"date":"2020-01-22T12:40:58","date_gmt":"2020-01-22T11:40:58","guid":{"rendered":"http:\/\/agora.xtec.cat\/ceiplabenaula\/?page_id=857"},"modified":"2024-06-26T07:40:12","modified_gmt":"2024-06-26T05:40:12","slug":"pla-de-convivencia","status":"publish","type":"page","link":"https:\/\/agora.xtec.cat\/ceiplabenaula\/informacio-per-families\/pla-de-convivencia\/","title":{"rendered":"Pla de Conviv\u00e8ncia"},"content":{"rendered":"<p><a href=\"https:\/\/agora.xtec.cat\/ceiplabenaula\/wp-content\/uploads\/usu1883\/2020\/01\/831e2-convi1.jpg\"><img loading=\"lazy\" decoding=\"async\" class=\"wp-image-876 alignleft\" src=\"https:\/\/agora.xtec.cat\/ceiplabenaula\/wp-content\/uploads\/usu1883\/2020\/01\/831e2-convi1.jpg\" alt=\"\" width=\"240\" height=\"240\" srcset=\"https:\/\/agora.xtec.cat\/ceiplabenaula\/wp-content\/uploads\/usu1883\/2020\/01\/831e2-convi1.jpg 600w, https:\/\/agora.xtec.cat\/ceiplabenaula\/wp-content\/uploads\/usu1883\/2020\/01\/831e2-convi1-150x150.jpg 150w, https:\/\/agora.xtec.cat\/ceiplabenaula\/wp-content\/uploads\/usu1883\/2020\/01\/831e2-convi1-300x300.jpg 300w\" sizes=\"auto, (max-width: 240px) 100vw, 240px\" \/><\/a><\/p>\n<p>El <strong>PLA de CONVIV\u00c8NCIA<\/strong> reflecteix la realitat social del nostre centre, aix\u00ed com els Objectius,\u00a0 els Responsables i la Temporitzaci\u00f3 de les actuacions que es duen a terme per tal de garantir la Conviv\u00e8ncia, el tractament de la Diversitat i la Resoluci\u00f3 de Conflictes dins del centre, entre la nostra Comunitat Educativa i el nostre Entorn.<\/p>\n<p>En el Pla de Conviv\u00e8ncia tamb\u00e9 inlcou:<\/p>\n<ul>\n<li><a href=\"https:\/\/agora.xtec.cat\/ceiplabenaula\/projecte-educatiu\/nofc\/\">Normes de funcionament i Organitzaci\u00f3 del Centre (NOFC)<\/a><\/li>\n<li><a href=\"https:\/\/sites.google.com\/labenaula.cat\/edc-la-benaula\/p%C3%A0gina-principal\/cultura-digital\">Pla d&#8217;acollida de fam\u00edlies i alumnat de nova matriculaci\u00f3 i i3<\/a><\/li>\n<li><a href=\"https:\/\/sites.google.com\/labenaula.cat\/edc-la-benaula\/p%C3%A0gina-principal\/cultura-digital\">Pla d&#8217;acollida de Mestres i personal docent<\/a><\/li>\n<\/ul>\n<p>&nbsp;<\/p>\n<p><iframe loading=\"lazy\" src=\"https:\/\/drive.google.com\/file\/d\/1jclZlGFJ0qPChWFy3smXdOlMX_WslLZF\/preview\" width=\"1000\" height=\"1150\"><span data-mce-type=\"bookmark\" style=\"display: inline-block; width: 0px; overflow: hidden; line-height: 0;\" class=\"mce_SELRES_start\">\ufeff<\/span><\/iframe><\/p>\n<p>&nbsp;<\/p>\n","protected":false},"excerpt":{"rendered":"<p>El PLA de CONVIV\u00c8NCIA reflecteix la realitat social del nostre centre, aix\u00ed com els Objectius,\u00a0 els Responsables i la Temporitzaci\u00f3 de les actuacions que es duen a terme per tal de garantir la Conviv\u00e8ncia, el tractament de la Diversitat i la Resoluci\u00f3 de Conflictes dins del centre, entre la nostra Comunitat Educativa i el nostre [&hellip;]<\/p>\n","protected":false},"author":1,"featured_media":0,"parent":2500,"menu_order":3,"comment_status":"closed","ping_status":"closed","template":"page-templates\/side-menu.php","meta":{"_bbp_topic_count":0,"_bbp_reply_count":0,"_bbp_total_topic_count":0,"_bbp_total_reply_count":0,"_bbp_voice_count":0,"_bbp_anonymous_reply_count":0,"_bbp_topic_count_hidden":0,"_bbp_reply_count_hidden":0,"_bbp_forum_subforum_count":0,"site-sidebar-layout":"default","site-content-layout":"","ast-site-content-layout":"","site-content-style":"default","site-sidebar-style":"default","ast-global-header-display":"","ast-banner-title-visibility":"","ast-main-header-display":"","ast-hfb-above-header-display":"","ast-hfb-below-header-display":"","ast-hfb-mobile-header-display":"","site-post-title":"","ast-breadcrumbs-content":"","ast-featured-img":"","footer-sml-layout":"","theme-transparent-header-meta":"","adv-header-id-meta":"","stick-header-meta":"","header-above-stick-meta":"","header-main-stick-meta":"","header-below-stick-meta":"","astra-migrate-meta-layouts":"default","ast-page-background-enabled":"default","ast-page-background-meta":{"desktop":{"background-color":"var(--ast-global-color-4)","background-image":"","background-repeat":"repeat","background-position":"center center","background-size":"auto","background-attachment":"scroll","background-type":"","background-media":"","overlay-type":"","overlay-color":"","overlay-opacity":"","overlay-gradient":""},"tablet":{"background-color":"","background-image":"","background-repeat":"repeat","background-position":"center center","background-size":"auto","background-attachment":"scroll","background-type":"","background-media":"","overlay-type":"","overlay-color":"","overlay-opacity":"","overlay-gradient":""},"mobile":{"background-color":"","background-image":"","background-repeat":"repeat","background-position":"center center","background-size":"auto","background-attachment":"scroll","background-type":"","background-media":"","overlay-type":"","overlay-color":"","overlay-opacity":"","overlay-gradient":""}},"ast-content-background-meta":{"desktop":{"background-color":"var(--ast-global-color-5)","background-image":"","background-repeat":"repeat","background-position":"center center","background-size":"auto","background-attachment":"scroll","background-type":"","background-media":"","overlay-type":"","overlay-color":"","overlay-opacity":"","overlay-gradient":""},"tablet":{"background-color":"var(--ast-global-color-5)","background-image":"","background-repeat":"repeat","background-position":"center center","background-size":"auto","background-attachment":"scroll","background-type":"","background-media":"","overlay-type":"","overlay-color":"","overlay-opacity":"","overlay-gradient":""},"mobile":{"background-color":"var(--ast-global-color-5)","background-image":"","background-repeat":"repeat","background-position":"center center","background-size":"auto","background-attachment":"scroll","background-type":"","background-media":"","overlay-type":"","overlay-color":"","overlay-opacity":"","overlay-gradient":""}},"footnotes":""},"class_list":["post-857","page","type-page","status-publish","hentry"],"post_mailing_queue_ids":[],"_links":{"self":[{"href":"https:\/\/agora.xtec.cat\/ceiplabenaula\/wp-json\/wp\/v2\/pages\/857","targetHints":{"allow":["GET"]}}],"collection":[{"href":"https:\/\/agora.xtec.cat\/ceiplabenaula\/wp-json\/wp\/v2\/pages"}],"about":[{"href":"https:\/\/agora.xtec.cat\/ceiplabenaula\/wp-json\/wp\/v2\/types\/page"}],"author":[{"embeddable":true,"href":"https:\/\/agora.xtec.cat\/ceiplabenaula\/wp-json\/wp\/v2\/users\/1"}],"replies":[{"embeddable":true,"href":"https:\/\/agora.xtec.cat\/ceiplabenaula\/wp-json\/wp\/v2\/comments?post=857"}],"version-history":[{"count":6,"href":"https:\/\/agora.xtec.cat\/ceiplabenaula\/wp-json\/wp\/v2\/pages\/857\/revisions"}],"predecessor-version":[{"id":2580,"href":"https:\/\/agora.xtec.cat\/ceiplabenaula\/wp-json\/wp\/v2\/pages\/857\/revisions\/2580"}],"up":[{"embeddable":true,"href":"https:\/\/agora.xtec.cat\/ceiplabenaula\/wp-json\/wp\/v2\/pages\/2500"}],"wp:attachment":[{"href":"https:\/\/agora.xtec.cat\/ceiplabenaula\/wp-json\/wp\/v2\/media?parent=857"}],"curies":[{"name":"wp","href":"https:\/\/api.w.org\/{rel}","templated":true}]}}