{"id":834,"date":"2020-01-22T12:00:08","date_gmt":"2020-01-22T11:00:08","guid":{"rendered":"http:\/\/agora.xtec.cat\/ceiplabenaula\/?page_id=834"},"modified":"2024-04-23T12:14:58","modified_gmt":"2024-04-23T10:14:58","slug":"carta-de-compromis-educatiu","status":"publish","type":"page","link":"https:\/\/agora.xtec.cat\/ceiplabenaula\/informacio-per-families\/pla-de-convivencia\/carta-de-compromis-educatiu\/","title":{"rendered":"Carta de Comprom\u00eds Educatiu"},"content":{"rendered":"<p><a href=\"https:\/\/agora.xtec.cat\/ceiplabenaula\/wp-content\/uploads\/usu1883\/2020\/01\/cARTA-COMPROMIS-EDUCATIU.jpg\"><img loading=\"lazy\" decoding=\"async\" class=\"size-full wp-image-843 alignleft\" src=\"https:\/\/agora.xtec.cat\/ceiplabenaula\/wp-content\/uploads\/usu1883\/2020\/01\/cARTA-COMPROMIS-EDUCATIU.jpg\" alt=\"\" width=\"277\" height=\"154\" \/><\/a>La <strong>CARTA DE COMPROM\u00cdS EDUCATIU<\/strong> promou la <strong>implicaci\u00f3 de les fam\u00edlies en el proc\u00e9s educatiu dels infants<\/strong>. \u00c9s imprescindible per assolir l\u2019\u00e8xit educatiu i contribuir a la millor integraci\u00f3 escolar i social de l\u2019alumnat. \u00c9s una eina que vol facilitar la cooperaci\u00f3 entre les accions educatives de les fam\u00edlies i\u00a0 del centre educatiu.<\/p>\n<p>Expressa els objectius necessaris per assolir un entorn de conviv\u00e8ncia i respecte pel desenvolupament de les activitats educatives i els compromisos que cada fam\u00edlia i el centre s\u2019avenen a adquirir en relaci\u00f3 amb els principis que la inspiren.<\/p>\n<p>La carta indica uns continguts comuns entre els diferents membres de la comunitat escolar, especialment els professionals de l\u2019educaci\u00f3 i les fam\u00edlies, i s\u00f3n aprovats pel Consell Escolar. El centre i la fam\u00edlia formalitzen la Carta de Domprom\u00eds amb els continguts comuns en el moment de la matr\u00edcula. Aquest document l\u2019han de signar el pare, mare, tutor o tutora legal de l\u2019alumne o alumna i el director o directora del centre educatiu.<\/p>\n<p><iframe loading=\"lazy\" src=\"https:\/\/docs.google.com\/document\/d\/e\/2PACX-1vSyZHNRjXWdxpXlHinYW7qCmN5GK9VJbDxECk577dyCLro2UtK_heO75nlvUWq380RVZn6lHGhVQERW\/pub?embedded=true\" width=\"1000\" height=\"700\"><span data-mce-type=\"bookmark\" style=\"display: inline-block; width: 0px; overflow: hidden; line-height: 0;\" class=\"mce_SELRES_start\">\ufeff<\/span><\/iframe><\/p>\n<p>*<em>La Llei 12\/2009, del 10 de juliol, d\u2019educaci\u00f3 estableix expl\u00edcitament els drets, les llibertats i les obligacions que corresponen a tots els membres de la comunitat escolar.<\/em><\/p>\n","protected":false},"excerpt":{"rendered":"<p>La CARTA DE COMPROM\u00cdS EDUCATIU promou la implicaci\u00f3 de les fam\u00edlies en el proc\u00e9s educatiu dels infants. \u00c9s imprescindible per assolir l\u2019\u00e8xit educatiu i contribuir a la millor integraci\u00f3 escolar i social de l\u2019alumnat. \u00c9s una eina que vol facilitar la cooperaci\u00f3 entre les accions educatives de les fam\u00edlies i\u00a0 del centre educatiu. Expressa els [&hellip;]<\/p>\n","protected":false},"author":1,"featured_media":0,"parent":857,"menu_order":0,"comment_status":"closed","ping_status":"closed","template":"page-templates\/side-menu.php","meta":{"_bbp_topic_count":0,"_bbp_reply_count":0,"_bbp_total_topic_count":0,"_bbp_total_reply_count":0,"_bbp_voice_count":0,"_bbp_anonymous_reply_count":0,"_bbp_topic_count_hidden":0,"_bbp_reply_count_hidden":0,"_bbp_forum_subforum_count":0,"site-sidebar-layout":"default","site-content-layout":"","ast-site-content-layout":"","site-content-style":"default","site-sidebar-style":"default","ast-global-header-display":"","ast-banner-title-visibility":"","ast-main-header-display":"","ast-hfb-above-header-display":"","ast-hfb-below-header-display":"","ast-hfb-mobile-header-display":"","site-post-title":"","ast-breadcrumbs-content":"","ast-featured-img":"","footer-sml-layout":"","theme-transparent-header-meta":"","adv-header-id-meta":"","stick-header-meta":"","header-above-stick-meta":"","header-main-stick-meta":"","header-below-stick-meta":"","astra-migrate-meta-layouts":"default","ast-page-background-enabled":"default","ast-page-background-meta":{"desktop":{"background-color":"var(--ast-global-color-4)","background-image":"","background-repeat":"repeat","background-position":"center center","background-size":"auto","background-attachment":"scroll","background-type":"","background-media":"","overlay-type":"","overlay-color":"","overlay-opacity":"","overlay-gradient":""},"tablet":{"background-color":"","background-image":"","background-repeat":"repeat","background-position":"center center","background-size":"auto","background-attachment":"scroll","background-type":"","background-media":"","overlay-type":"","overlay-color":"","overlay-opacity":"","overlay-gradient":""},"mobile":{"background-color":"","background-image":"","background-repeat":"repeat","background-position":"center center","background-size":"auto","background-attachment":"scroll","background-type":"","background-media":"","overlay-type":"","overlay-color":"","overlay-opacity":"","overlay-gradient":""}},"ast-content-background-meta":{"desktop":{"background-color":"var(--ast-global-color-5)","background-image":"","background-repeat":"repeat","background-position":"center center","background-size":"auto","background-attachment":"scroll","background-type":"","background-media":"","overlay-type":"","overlay-color":"","overlay-opacity":"","overlay-gradient":""},"tablet":{"background-color":"var(--ast-global-color-5)","background-image":"","background-repeat":"repeat","background-position":"center center","background-size":"auto","background-attachment":"scroll","background-type":"","background-media":"","overlay-type":"","overlay-color":"","overlay-opacity":"","overlay-gradient":""},"mobile":{"background-color":"var(--ast-global-color-5)","background-image":"","background-repeat":"repeat","background-position":"center center","background-size":"auto","background-attachment":"scroll","background-type":"","background-media":"","overlay-type":"","overlay-color":"","overlay-opacity":"","overlay-gradient":""}},"footnotes":""},"class_list":["post-834","page","type-page","status-publish","hentry"],"post_mailing_queue_ids":[],"_links":{"self":[{"href":"https:\/\/agora.xtec.cat\/ceiplabenaula\/wp-json\/wp\/v2\/pages\/834","targetHints":{"allow":["GET"]}}],"collection":[{"href":"https:\/\/agora.xtec.cat\/ceiplabenaula\/wp-json\/wp\/v2\/pages"}],"about":[{"href":"https:\/\/agora.xtec.cat\/ceiplabenaula\/wp-json\/wp\/v2\/types\/page"}],"author":[{"embeddable":true,"href":"https:\/\/agora.xtec.cat\/ceiplabenaula\/wp-json\/wp\/v2\/users\/1"}],"replies":[{"embeddable":true,"href":"https:\/\/agora.xtec.cat\/ceiplabenaula\/wp-json\/wp\/v2\/comments?post=834"}],"version-history":[{"count":5,"href":"https:\/\/agora.xtec.cat\/ceiplabenaula\/wp-json\/wp\/v2\/pages\/834\/revisions"}],"predecessor-version":[{"id":2534,"href":"https:\/\/agora.xtec.cat\/ceiplabenaula\/wp-json\/wp\/v2\/pages\/834\/revisions\/2534"}],"up":[{"embeddable":true,"href":"https:\/\/agora.xtec.cat\/ceiplabenaula\/wp-json\/wp\/v2\/pages\/857"}],"wp:attachment":[{"href":"https:\/\/agora.xtec.cat\/ceiplabenaula\/wp-json\/wp\/v2\/media?parent=834"}],"curies":[{"name":"wp","href":"https:\/\/api.w.org\/{rel}","templated":true}]}}