{"id":638,"date":"2019-12-30T10:41:37","date_gmt":"2019-12-30T09:41:37","guid":{"rendered":"http:\/\/agora.xtec.cat\/ceiplabenaula\/?page_id=638"},"modified":"2026-03-20T12:10:37","modified_gmt":"2026-03-20T11:10:37","slug":"lescola","status":"publish","type":"page","link":"https:\/\/agora.xtec.cat\/ceiplabenaula\/lescola\/","title":{"rendered":"L&#8217;ESCOLA"},"content":{"rendered":"\n<p>L\u2019escola est\u00e0 situada a <strong data-start=\"142\" data-end=\"165\">Caldes de Malavella<\/strong>, un municipi d\u2019uns <strong data-start=\"185\" data-end=\"204\">8.000 habitants<\/strong> de la comarca de la <strong data-start=\"225\" data-end=\"243\">Selva (Girona)<\/strong>. El poble combina <strong data-start=\"262\" data-end=\"301\">entorn rural i activitat industrial<\/strong>, amb empreses vinculades principalment al <strong data-start=\"344\" data-end=\"398\">sector de l\u2019aigua, els balnearis i el comer\u00e7 actiu<\/strong>. Disposa d\u2019un <strong data-start=\"413\" data-end=\"449\">nucli urb\u00e0 i cinc urbanitzacions<\/strong> que han fet cr\u00e9ixer notablement la poblaci\u00f3 en els darrers anys.<\/p>\n\n\n\n<p>Caldes de Malavella compta amb <strong data-start=\"549\" data-end=\"654\">dues escoles p\u00fabliques d\u2019educaci\u00f3 infantil i prim\u00e0ria, una llar d\u2019infants i un institut de secund\u00e0ria<\/strong>.<\/p>\n\n\n\n<p>El nostre centre es troba en un <strong data-start=\"691\" data-end=\"721\">entorn natural privilegiat<\/strong>: disposa d\u2019un <strong data-start=\"736\" data-end=\"759\">parc infantil annex<\/strong>, est\u00e0 situat al costat<strong data-start=\"789\" data-end=\"822\"> del Bosc de les Monges<\/strong> i a pocs minuts del <strong data-start=\"843\" data-end=\"886\">Camp dels Ninots (jaciment arqueol\u00f2gic)<\/strong> i del <strong data-start=\"893\" data-end=\"927\">bosc terap\u00e8utic de Can Fornaca<\/strong>. A m\u00e9s, el municipi ofereix una gran varietat de <strong data-start=\"977\" data-end=\"1027\">rutes i espais naturals amb alt valor educatiu<\/strong>.<\/p>\n\n\n\n<p>L\u2019escola <strong data-start=\"1041\" data-end=\"1055\">La Benaula<\/strong> va iniciar la seva activitat el <strong data-start=\"1088\" data-end=\"1106\">curs 2006-2007<\/strong>, arran de la <strong data-start=\"1120\" data-end=\"1161\">necessitat d\u2019un segon centre educatiu<\/strong> per l\u2019augment demogr\u00e0fic. En pocs anys es va consolidar com una <strong data-start=\"1226\" data-end=\"1248\">escola d\u2019una l\u00ednia<\/strong>. Inicialment funcionava en <strong data-start=\"1329\" data-end=\"1352\">m\u00f2duls prefabricats<\/strong>, fins que el <strong data-start=\"1366\" data-end=\"1386\">novembre de 2015<\/strong> es va inaugurar l\u2019<strong data-start=\"1405\" data-end=\"1423\">edifici actual<\/strong> a l\u2019avinguda Onze de Setembre, 19. Aquest edifici es va construir en una <strong data-start=\"1500\" data-end=\"1537\">zona inundable<\/strong>; per aix\u00f2, totes les <strong data-start=\"1559\" data-end=\"1627\">aules i espais de treball es troben a la primera i segona planta<\/strong>, mentre que la <strong data-start=\"1643\" data-end=\"1690\">planta baixa es destina a patis i magatzems<\/strong>.El curs <strong data-start=\"1703\" data-end=\"1716\">2020-2021<\/strong> es va inaugurar tamb\u00e9 l\u2019<strong data-start=\"1741\" data-end=\"1763\">Institut de Caldes<\/strong>, connectat estructuralment amb l\u2019escola. Aquesta proximitat tamb\u00e9 es mant\u00e9 a nivell de vinculaci\u00f3 amb <strong>estudiants que fan els Serveis Comunitaris<\/strong> al nostre centre. <\/p>\n\n\n\n<p>Actualment, l\u2019escola compta amb <strong data-start=\"2096\" data-end=\"2140\">una l\u00ednia d\u2019educaci\u00f3 infantil i prim\u00e0ria<\/strong> i una matr\u00edcula que s&#8217;aproxima als <strong data-start=\"2171\" data-end=\"2186\">200 infants<\/strong>. L\u2019equip est\u00e0 format per <strong data-start=\"2212\" data-end=\"2226\">20 docents<\/strong>, <strong data-start=\"2232\" data-end=\"2264\">auxiliars d\u2019educaci\u00f3 infantil<\/strong>, <strong data-start=\"2270\" data-end=\"2302\">auxiliar d\u2019educaci\u00f3 especial<\/strong> i <strong>personal SIEI<\/strong>, un <strong data-start=\"2307\" data-end=\"2317\">bidell<\/strong> i una <strong data-start=\"2324\" data-end=\"2351\">auxiliar administrativa<\/strong>. Comptem amb el suport de l\u2019<strong data-start=\"2372\" data-end=\"2397\">EAP i Serveis Socials<\/strong> de la zona.<\/p>\n\n\n\n<p><\/p>\n","protected":false},"excerpt":{"rendered":"<p>L\u2019escola est\u00e0 situada a Caldes de Malavella, un municipi d\u2019uns 8.000 habitants de la comarca de la Selva (Girona). El poble combina entorn rural i activitat industrial, amb empreses vinculades principalment al sector de l\u2019aigua, els balnearis i el comer\u00e7 actiu. Disposa d\u2019un nucli urb\u00e0 i cinc urbanitzacions que han fet cr\u00e9ixer notablement la poblaci\u00f3 [&hellip;]<\/p>\n","protected":false},"author":1,"featured_media":0,"parent":0,"menu_order":1,"comment_status":"closed","ping_status":"closed","template":"","meta":{"_bbp_topic_count":0,"_bbp_reply_count":0,"_bbp_total_topic_count":0,"_bbp_total_reply_count":0,"_bbp_voice_count":0,"_bbp_anonymous_reply_count":0,"_bbp_topic_count_hidden":0,"_bbp_reply_count_hidden":0,"_bbp_forum_subforum_count":0,"site-sidebar-layout":"default","site-content-layout":"","ast-site-content-layout":"default","site-content-style":"default","site-sidebar-style":"default","ast-global-header-display":"","ast-banner-title-visibility":"","ast-main-header-display":"","ast-hfb-above-header-display":"","ast-hfb-below-header-display":"","ast-hfb-mobile-header-display":"","site-post-title":"","ast-breadcrumbs-content":"","ast-featured-img":"","footer-sml-layout":"","theme-transparent-header-meta":"","adv-header-id-meta":"","stick-header-meta":"","header-above-stick-meta":"","header-main-stick-meta":"","header-below-stick-meta":"","astra-migrate-meta-layouts":"set","ast-page-background-enabled":"default","ast-page-background-meta":{"desktop":{"background-color":"var(--ast-global-color-4)","background-image":"","background-repeat":"repeat","background-position":"center center","background-size":"auto","background-attachment":"scroll","background-type":"","background-media":"","overlay-type":"","overlay-color":"","overlay-opacity":"","overlay-gradient":""},"tablet":{"background-color":"","background-image":"","background-repeat":"repeat","background-position":"center center","background-size":"auto","background-attachment":"scroll","background-type":"","background-media":"","overlay-type":"","overlay-color":"","overlay-opacity":"","overlay-gradient":""},"mobile":{"background-color":"","background-image":"","background-repeat":"repeat","background-position":"center center","background-size":"auto","background-attachment":"scroll","background-type":"","background-media":"","overlay-type":"","overlay-color":"","overlay-opacity":"","overlay-gradient":""}},"ast-content-background-meta":{"desktop":{"background-color":"var(--ast-global-color-5)","background-image":"","background-repeat":"repeat","background-position":"center center","background-size":"auto","background-attachment":"scroll","background-type":"","background-media":"","overlay-type":"","overlay-color":"","overlay-opacity":"","overlay-gradient":""},"tablet":{"background-color":"var(--ast-global-color-5)","background-image":"","background-repeat":"repeat","background-position":"center center","background-size":"auto","background-attachment":"scroll","background-type":"","background-media":"","overlay-type":"","overlay-color":"","overlay-opacity":"","overlay-gradient":""},"mobile":{"background-color":"var(--ast-global-color-5)","background-image":"","background-repeat":"repeat","background-position":"center center","background-size":"auto","background-attachment":"scroll","background-type":"","background-media":"","overlay-type":"","overlay-color":"","overlay-opacity":"","overlay-gradient":""}},"footnotes":""},"class_list":["post-638","page","type-page","status-publish","hentry"],"post_mailing_queue_ids":[],"_links":{"self":[{"href":"https:\/\/agora.xtec.cat\/ceiplabenaula\/wp-json\/wp\/v2\/pages\/638","targetHints":{"allow":["GET"]}}],"collection":[{"href":"https:\/\/agora.xtec.cat\/ceiplabenaula\/wp-json\/wp\/v2\/pages"}],"about":[{"href":"https:\/\/agora.xtec.cat\/ceiplabenaula\/wp-json\/wp\/v2\/types\/page"}],"author":[{"embeddable":true,"href":"https:\/\/agora.xtec.cat\/ceiplabenaula\/wp-json\/wp\/v2\/users\/1"}],"replies":[{"embeddable":true,"href":"https:\/\/agora.xtec.cat\/ceiplabenaula\/wp-json\/wp\/v2\/comments?post=638"}],"version-history":[{"count":5,"href":"https:\/\/agora.xtec.cat\/ceiplabenaula\/wp-json\/wp\/v2\/pages\/638\/revisions"}],"predecessor-version":[{"id":2732,"href":"https:\/\/agora.xtec.cat\/ceiplabenaula\/wp-json\/wp\/v2\/pages\/638\/revisions\/2732"}],"wp:attachment":[{"href":"https:\/\/agora.xtec.cat\/ceiplabenaula\/wp-json\/wp\/v2\/media?parent=638"}],"curies":[{"name":"wp","href":"https:\/\/api.w.org\/{rel}","templated":true}]}}