{"id":2500,"date":"2024-04-23T10:15:26","date_gmt":"2024-04-23T08:15:26","guid":{"rendered":"https:\/\/agora.xtec.cat\/ceiplabenaula\/?page_id=2500"},"modified":"2024-04-23T11:57:53","modified_gmt":"2024-04-23T09:57:53","slug":"informacio-per-families","status":"publish","type":"page","link":"https:\/\/agora.xtec.cat\/ceiplabenaula\/informacio-per-families\/","title":{"rendered":"INFORMACI\u00d3 PER FAM\u00cdLIES"},"content":{"rendered":"<table dir=\"ltr\" border=\"1\" cellspacing=\"0\" cellpadding=\"0\">\n<tbody>\n<tr style=\"height: 34px;\">\n<td style=\"height: 34px; text-align: center; width: 33.0386%;\"><strong>DOCUMENTACI\u00d3 GENERAL<\/strong><\/td>\n<td style=\"height: 34px; width: 36.0932%;\"><strong>MATERIAL FUNGIBLE, QUADERNS I ACTIVITATS EDUCATIVES<\/strong><\/td>\n<td style=\"height: 34px; width: 30.7074%;\"><strong>PERMISOS I AUTORITZACIONS<\/strong><\/td>\n<\/tr>\n<tr style=\"height: 66px;\">\n<td style=\"text-align: center; height: 66px; width: 33.0386%;\" data-sheets-value=\"{&quot;1&quot;:2,&quot;2&quot;:&quot;AUTORITZACI\u00d3 SORTIDA SENSE L\u2019ACOMPANYAMENT D\u2019UN FAMILIAR&quot;}\" data-sheets-hyperlink=\"https:\/\/drive.google.com\/file\/d\/1wBf9VJ1VIoKZJIRgpJGn86MZ_WmKQhBv\/view?usp=sharing\">CONSULTAR EL <a href=\"https:\/\/sites.google.com\/labenaula.cat\/recurosxfamilies\/principal\">MEN\u00da&gt;FAM\u00cdLIES<\/a><\/p>\n<ul>\n<li style=\"text-align: left;\">normes generals del curs<\/li>\n<li style=\"text-align: left;\">calendari escolar<\/li>\n<\/ul>\n<\/td>\n<td style=\"height: 66px; width: 36.0932%; text-align: left;\">CONSULTAR EL <a href=\"https:\/\/sites.google.com\/labenaula.cat\/recurosxfamilies\/principal\">MEN\u00da&gt;FAM\u00cdLIES<\/a><\/p>\n<ul>\n<li>material per cada curs<\/li>\n<li>quaderns de treball i llic\u00e8ncies<\/li>\n<\/ul>\n<\/td>\n<td style=\"text-align: center; height: 66px; width: 30.7074%;\">\n<ul>\n<li style=\"text-align: left;\"><a class=\"in-cell-link\" href=\"https:\/\/drive.google.com\/file\/d\/1wBf9VJ1VIoKZJIRgpJGn86MZ_WmKQhBv\/view?usp=sharing\" target=\"_blank\" rel=\"noopener\">AUTORITZACI\u00d3 SORTIDA SENSE L\u2019ACOMPANYAMENT D\u2019UN FAMILIAR<\/a><\/li>\n<li style=\"text-align: left;\"><a class=\"in-cell-link\" href=\"https:\/\/drive.google.com\/file\/d\/1wV8_FNkxCfP76ma8j4tIHvjUSvPuZjdW\/view?usp=sharing\" target=\"_blank\" rel=\"noopener\">AUTORITZACI\u00d3 RECOLLIDA AMB ALTRA PERSONA (no progenitor ni tutor legal)<\/a><\/li>\n<li style=\"text-align: left;\"><a class=\"in-cell-link\" href=\"https:\/\/drive.google.com\/file\/d\/1DmlVrZq3rHAKmojdyszY4pqyagnOh7RM\/view?usp=sharing\" target=\"_blank\" rel=\"noopener\">AUTORITZACI\u00d3 A MENORS RECOLLIDA ALUMNAT<\/a><\/li>\n<li style=\"text-align: left;\"><a href=\"https:\/\/drive.google.com\/file\/d\/14Y2-rOYRCCvK7G_cw20t17AL3iC8aFxD\/view?usp=sharing\" target=\"_blank\" rel=\"noopener\">AUTORITZACI\u00d3 PER ADMINISTRACI\u00d3 DE MEDICAMENTS<\/a><\/li>\n<li style=\"text-align: left;\"><a href=\"https:\/\/docs.google.com\/document\/d\/1FgNC-7dqFtDHp5RczgEq8br9Ve5kxmhuQ5B4oXEIwnQ\/edit?usp=sharing\" target=\"_blank\" rel=\"noopener\">TRANSPORT ESCOLAR: LLIURAMENT DE TEL\u00c8FONS A TRANSPORT ESCOLAR<\/a><\/li>\n<\/ul>\n<\/td>\n<\/tr>\n<tr style=\"height: 34px;\">\n<td style=\"height: 34px; text-align: center; width: 33.0386%;\">Web informativa del <a class=\"in-cell-link\" href=\"http:\/\/xtec.gencat.cat\/ca\/comunitat\/escolaifamilies\/\" target=\"_blank\" rel=\"noopener\">Departament d&#8217;Educaci\u00f3 per a fam\u00edlies<\/a><\/td>\n<td style=\"height: 34px; width: 36.0932%;\"><\/td>\n<td style=\"height: 34px; width: 30.7074%;\"><\/td>\n<\/tr>\n<\/tbody>\n<\/table>\n","protected":false},"excerpt":{"rendered":"<p>DOCUMENTACI\u00d3 GENERAL MATERIAL FUNGIBLE, QUADERNS I ACTIVITATS EDUCATIVES PERMISOS I AUTORITZACIONS CONSULTAR EL MEN\u00da&gt;FAM\u00cdLIES normes generals del curs calendari escolar CONSULTAR EL MEN\u00da&gt;FAM\u00cdLIES material per cada curs quaderns de treball i llic\u00e8ncies AUTORITZACI\u00d3 SORTIDA SENSE L\u2019ACOMPANYAMENT D\u2019UN FAMILIAR AUTORITZACI\u00d3 RECOLLIDA AMB ALTRA PERSONA (no progenitor ni tutor legal) AUTORITZACI\u00d3 A MENORS RECOLLIDA ALUMNAT AUTORITZACI\u00d3 PER [&hellip;]<\/p>\n","protected":false},"author":1,"featured_media":0,"parent":0,"menu_order":2,"comment_status":"closed","ping_status":"closed","template":"page-templates\/side-menu.php","meta":{"_bbp_topic_count":0,"_bbp_reply_count":0,"_bbp_total_topic_count":0,"_bbp_total_reply_count":0,"_bbp_voice_count":0,"_bbp_anonymous_reply_count":0,"_bbp_topic_count_hidden":0,"_bbp_reply_count_hidden":0,"_bbp_forum_subforum_count":0,"site-sidebar-layout":"default","site-content-layout":"","ast-site-content-layout":"","site-content-style":"default","site-sidebar-style":"default","ast-global-header-display":"","ast-banner-title-visibility":"","ast-main-header-display":"","ast-hfb-above-header-display":"","ast-hfb-below-header-display":"","ast-hfb-mobile-header-display":"","site-post-title":"","ast-breadcrumbs-content":"","ast-featured-img":"","footer-sml-layout":"","theme-transparent-header-meta":"","adv-header-id-meta":"","stick-header-meta":"","header-above-stick-meta":"","header-main-stick-meta":"","header-below-stick-meta":"","astra-migrate-meta-layouts":"default","ast-page-background-enabled":"default","ast-page-background-meta":{"desktop":{"background-color":"var(--ast-global-color-4)","background-image":"","background-repeat":"repeat","background-position":"center center","background-size":"auto","background-attachment":"scroll","background-type":"","background-media":"","overlay-type":"","overlay-color":"","overlay-opacity":"","overlay-gradient":""},"tablet":{"background-color":"","background-image":"","background-repeat":"repeat","background-position":"center center","background-size":"auto","background-attachment":"scroll","background-type":"","background-media":"","overlay-type":"","overlay-color":"","overlay-opacity":"","overlay-gradient":""},"mobile":{"background-color":"","background-image":"","background-repeat":"repeat","background-position":"center center","background-size":"auto","background-attachment":"scroll","background-type":"","background-media":"","overlay-type":"","overlay-color":"","overlay-opacity":"","overlay-gradient":""}},"ast-content-background-meta":{"desktop":{"background-color":"var(--ast-global-color-5)","background-image":"","background-repeat":"repeat","background-position":"center center","background-size":"auto","background-attachment":"scroll","background-type":"","background-media":"","overlay-type":"","overlay-color":"","overlay-opacity":"","overlay-gradient":""},"tablet":{"background-color":"var(--ast-global-color-5)","background-image":"","background-repeat":"repeat","background-position":"center center","background-size":"auto","background-attachment":"scroll","background-type":"","background-media":"","overlay-type":"","overlay-color":"","overlay-opacity":"","overlay-gradient":""},"mobile":{"background-color":"var(--ast-global-color-5)","background-image":"","background-repeat":"repeat","background-position":"center center","background-size":"auto","background-attachment":"scroll","background-type":"","background-media":"","overlay-type":"","overlay-color":"","overlay-opacity":"","overlay-gradient":""}},"footnotes":""},"class_list":["post-2500","page","type-page","status-publish","hentry"],"post_mailing_queue_ids":[],"_links":{"self":[{"href":"https:\/\/agora.xtec.cat\/ceiplabenaula\/wp-json\/wp\/v2\/pages\/2500","targetHints":{"allow":["GET"]}}],"collection":[{"href":"https:\/\/agora.xtec.cat\/ceiplabenaula\/wp-json\/wp\/v2\/pages"}],"about":[{"href":"https:\/\/agora.xtec.cat\/ceiplabenaula\/wp-json\/wp\/v2\/types\/page"}],"author":[{"embeddable":true,"href":"https:\/\/agora.xtec.cat\/ceiplabenaula\/wp-json\/wp\/v2\/users\/1"}],"replies":[{"embeddable":true,"href":"https:\/\/agora.xtec.cat\/ceiplabenaula\/wp-json\/wp\/v2\/comments?post=2500"}],"version-history":[{"count":4,"href":"https:\/\/agora.xtec.cat\/ceiplabenaula\/wp-json\/wp\/v2\/pages\/2500\/revisions"}],"predecessor-version":[{"id":2531,"href":"https:\/\/agora.xtec.cat\/ceiplabenaula\/wp-json\/wp\/v2\/pages\/2500\/revisions\/2531"}],"wp:attachment":[{"href":"https:\/\/agora.xtec.cat\/ceiplabenaula\/wp-json\/wp\/v2\/media?parent=2500"}],"curies":[{"name":"wp","href":"https:\/\/api.w.org\/{rel}","templated":true}]}}