{"id":1114,"date":"2020-01-30T17:45:02","date_gmt":"2020-01-30T16:45:02","guid":{"rendered":"http:\/\/agora.xtec.cat\/ceiplabenaula\/?page_id=1114"},"modified":"2024-04-23T12:48:41","modified_gmt":"2024-04-23T10:48:41","slug":"grai-lectura-tutoritzada","status":"publish","type":"page","link":"https:\/\/agora.xtec.cat\/ceiplabenaula\/els-nostres-projectes\/grai-lectura-tutoritzada\/","title":{"rendered":"GRAI Lectura Tutoritzada"},"content":{"rendered":"<p><span style=\"font-weight: 400;\"><a href=\"https:\/\/webs.uab.cat\/grai\/\"><img loading=\"lazy\" decoding=\"async\" class=\"alignleft wp-image-2541\" src=\"https:\/\/agora.xtec.cat\/ceiplabenaula\/wp-content\/uploads\/usu1883\/2024\/04\/logo-grai.jpg\" alt=\"\" width=\"335\" height=\"251\" srcset=\"https:\/\/agora.xtec.cat\/ceiplabenaula\/wp-content\/uploads\/usu1883\/2024\/04\/logo-grai.jpg 638w, https:\/\/agora.xtec.cat\/ceiplabenaula\/wp-content\/uploads\/usu1883\/2024\/04\/logo-grai-300x225.jpg 300w, https:\/\/agora.xtec.cat\/ceiplabenaula\/wp-content\/uploads\/usu1883\/2024\/04\/logo-grai-200x150.jpg 200w\" sizes=\"auto, (max-width: 335px) 100vw, 335px\" \/><\/a>Fem parelles lectores entre l\u2019alumnat de 3r i 5\u00e8. <\/span><\/p>\n<p><span style=\"font-weight: 400;\">Els infants de 5\u00e8 adopten el rol de tutor i els infants de 3r s\u00f3n els seus tutorats. Amb un material de seguiment, lectura i autoavaluaci\u00f3 fan la tasca d&#8217;acompanyament lector.<br \/>\n<\/span><\/p>\n<p>A part, tamb\u00e9 comptem amb joves de 3r d&#8217;ESO del Servei Comunitari que venen a fer acompanyament lector als infants de 1r a 4t, i de mestres jubilades que ofereixen recursos de pre-lectura i lectura als m\u00e9s petits i als m\u00e9s grans del centre.<\/p>\n<p>&nbsp;<\/p>\n","protected":false},"excerpt":{"rendered":"<p>Fem parelles lectores entre l\u2019alumnat de 3r i 5\u00e8. Els infants de 5\u00e8 adopten el rol de tutor i els infants de 3r s\u00f3n els seus tutorats. Amb un material de seguiment, lectura i autoavaluaci\u00f3 fan la tasca d&#8217;acompanyament lector. A part, tamb\u00e9 comptem amb joves de 3r d&#8217;ESO del Servei Comunitari que venen a [&hellip;]<\/p>\n","protected":false},"author":1,"featured_media":0,"parent":773,"menu_order":0,"comment_status":"closed","ping_status":"closed","template":"page-templates\/side-menu.php","meta":{"_bbp_topic_count":0,"_bbp_reply_count":0,"_bbp_total_topic_count":0,"_bbp_total_reply_count":0,"_bbp_voice_count":0,"_bbp_anonymous_reply_count":0,"_bbp_topic_count_hidden":0,"_bbp_reply_count_hidden":0,"_bbp_forum_subforum_count":0,"site-sidebar-layout":"default","site-content-layout":"","ast-site-content-layout":"","site-content-style":"default","site-sidebar-style":"default","ast-global-header-display":"","ast-banner-title-visibility":"","ast-main-header-display":"","ast-hfb-above-header-display":"","ast-hfb-below-header-display":"","ast-hfb-mobile-header-display":"","site-post-title":"","ast-breadcrumbs-content":"","ast-featured-img":"","footer-sml-layout":"","theme-transparent-header-meta":"","adv-header-id-meta":"","stick-header-meta":"","header-above-stick-meta":"","header-main-stick-meta":"","header-below-stick-meta":"","astra-migrate-meta-layouts":"default","ast-page-background-enabled":"default","ast-page-background-meta":{"desktop":{"background-color":"var(--ast-global-color-4)","background-image":"","background-repeat":"repeat","background-position":"center center","background-size":"auto","background-attachment":"scroll","background-type":"","background-media":"","overlay-type":"","overlay-color":"","overlay-opacity":"","overlay-gradient":""},"tablet":{"background-color":"","background-image":"","background-repeat":"repeat","background-position":"center center","background-size":"auto","background-attachment":"scroll","background-type":"","background-media":"","overlay-type":"","overlay-color":"","overlay-opacity":"","overlay-gradient":""},"mobile":{"background-color":"","background-image":"","background-repeat":"repeat","background-position":"center center","background-size":"auto","background-attachment":"scroll","background-type":"","background-media":"","overlay-type":"","overlay-color":"","overlay-opacity":"","overlay-gradient":""}},"ast-content-background-meta":{"desktop":{"background-color":"var(--ast-global-color-5)","background-image":"","background-repeat":"repeat","background-position":"center center","background-size":"auto","background-attachment":"scroll","background-type":"","background-media":"","overlay-type":"","overlay-color":"","overlay-opacity":"","overlay-gradient":""},"tablet":{"background-color":"var(--ast-global-color-5)","background-image":"","background-repeat":"repeat","background-position":"center center","background-size":"auto","background-attachment":"scroll","background-type":"","background-media":"","overlay-type":"","overlay-color":"","overlay-opacity":"","overlay-gradient":""},"mobile":{"background-color":"var(--ast-global-color-5)","background-image":"","background-repeat":"repeat","background-position":"center center","background-size":"auto","background-attachment":"scroll","background-type":"","background-media":"","overlay-type":"","overlay-color":"","overlay-opacity":"","overlay-gradient":""}},"footnotes":""},"class_list":["post-1114","page","type-page","status-publish","hentry"],"post_mailing_queue_ids":[],"_links":{"self":[{"href":"https:\/\/agora.xtec.cat\/ceiplabenaula\/wp-json\/wp\/v2\/pages\/1114","targetHints":{"allow":["GET"]}}],"collection":[{"href":"https:\/\/agora.xtec.cat\/ceiplabenaula\/wp-json\/wp\/v2\/pages"}],"about":[{"href":"https:\/\/agora.xtec.cat\/ceiplabenaula\/wp-json\/wp\/v2\/types\/page"}],"author":[{"embeddable":true,"href":"https:\/\/agora.xtec.cat\/ceiplabenaula\/wp-json\/wp\/v2\/users\/1"}],"replies":[{"embeddable":true,"href":"https:\/\/agora.xtec.cat\/ceiplabenaula\/wp-json\/wp\/v2\/comments?post=1114"}],"version-history":[{"count":4,"href":"https:\/\/agora.xtec.cat\/ceiplabenaula\/wp-json\/wp\/v2\/pages\/1114\/revisions"}],"predecessor-version":[{"id":2542,"href":"https:\/\/agora.xtec.cat\/ceiplabenaula\/wp-json\/wp\/v2\/pages\/1114\/revisions\/2542"}],"up":[{"embeddable":true,"href":"https:\/\/agora.xtec.cat\/ceiplabenaula\/wp-json\/wp\/v2\/pages\/773"}],"wp:attachment":[{"href":"https:\/\/agora.xtec.cat\/ceiplabenaula\/wp-json\/wp\/v2\/media?parent=1114"}],"curies":[{"name":"wp","href":"https:\/\/api.w.org\/{rel}","templated":true}]}}