{"id":1101,"date":"2020-01-30T17:15:14","date_gmt":"2020-01-30T16:15:14","guid":{"rendered":"http:\/\/agora.xtec.cat\/ceiplabenaula\/?page_id=1101"},"modified":"2024-04-23T13:50:54","modified_gmt":"2024-04-23T11:50:54","slug":"educacio-emocional","status":"publish","type":"page","link":"https:\/\/agora.xtec.cat\/ceiplabenaula\/els-nostres-projectes\/educacio-emocional\/","title":{"rendered":"Educaci\u00f3 Emocional"},"content":{"rendered":"<p><b><a href=\"https:\/\/agora.xtec.cat\/ceiplabenaula\/wp-content\/uploads\/usu1883\/2020\/01\/EDUCACI\u00d3-EMOCIONAL.jpg\"><img loading=\"lazy\" decoding=\"async\" class=\" wp-image-1102 alignright\" src=\"https:\/\/agora.xtec.cat\/ceiplabenaula\/wp-content\/uploads\/usu1883\/2020\/01\/EDUCACI\u00d3-EMOCIONAL-300x199.jpg\" alt=\"\" width=\"336\" height=\"223\" srcset=\"https:\/\/agora.xtec.cat\/ceiplabenaula\/wp-content\/uploads\/usu1883\/2020\/01\/EDUCACI\u00d3-EMOCIONAL-300x199.jpg 300w, https:\/\/agora.xtec.cat\/ceiplabenaula\/wp-content\/uploads\/usu1883\/2020\/01\/EDUCACI\u00d3-EMOCIONAL-768x509.jpg 768w, https:\/\/agora.xtec.cat\/ceiplabenaula\/wp-content\/uploads\/usu1883\/2020\/01\/EDUCACI\u00d3-EMOCIONAL-1024x679.jpg 1024w, https:\/\/agora.xtec.cat\/ceiplabenaula\/wp-content\/uploads\/usu1883\/2020\/01\/EDUCACI\u00d3-EMOCIONAL.jpg 1500w\" sizes=\"auto, (max-width: 336px) 100vw, 336px\" \/><\/a>Des de l&#8217;escola fomentem e<\/b><strong>l respecte i esfor\u00e7 <\/strong><b><strong>pe<\/strong>rsonal<span style=\"font-weight: 400;\">: potenciant bons h\u00e0bits d\u2019educaci\u00f3 per la Salut, bons h\u00e0bits alimentaris i autoconeixement a nivell emocional. <\/span><\/b><\/p>\n<h5>Per aquest motiu, participem en iniciatives i programes que es concreten anualment a la PGA:<\/h5>\n<ul>\n<li><b>Rentar les dents<\/b><span style=\"font-weight: 400;\"> despr\u00e9s de dinar, per l\u2019alumnat que es queden al menjador i les fam\u00edlies que aix\u00ed ho han decidit posant-los el kit dental a la motxilla.\u00a0<\/span><\/li>\n<li><b>Participaci\u00f3 al pla de Consum de Fruites i Verdures a l\u2019escola<\/b><span style=\"font-weight: 400;\">. <\/span><a href=\"http:\/\/agricultura.gencat.cat\/ca\/ambits\/alimentacio\/promocio-agroalimentaria\/fruita-llet-escoles\/\"><span style=\"font-weight: 400;\">Fruita a l&#8217;escola<\/span><\/a><span style=\"font-weight: 400;\">.<\/span>Una setmana al mes es reparteix fruita per esmorzar, informant a les fam\u00edlies quina s\u2019ofereix a cada moment. Per altra banda l\u2019escola treballa l\u2019<b style=\"font-family: inherit; font-size: 1em;\">esmorzar saludable<\/b><span style=\"font-weight: 400;\">,\u00a0 <\/span><b style=\"font-family: inherit; font-size: 1em;\">cada dimecres<\/b><span style=\"font-weight: 400;\"> cal dur <\/span><b style=\"font-family: inherit; font-size: 1em;\">fruita<\/b><span style=\"font-weight: 400;\"> i no es permet brioixeria.\u00a0<\/span><\/li>\n<li><b>Projecte del Pla Catal\u00e0 de l&#8217;Esport<\/b><span style=\"font-weight: 400;\">. Potenciem l&#8217;exercici f\u00edsic com a font de salut dels nostres infants. Tamb\u00e9 es fan activitats esportives coordinades amb entitats del poble: voleibol, futbol\u2026de forma gratu\u00efta per diferents franges d&#8217;alumant. Tamb\u00e9 es participa a les\u00a0<strong>jornades esportives<\/strong> amb l&#8217;alumnat de 5\u00e8.\u00a0<\/span>\n<ul>\n<li><span style=\"font-weight: 400;\">Proposta Hoquei: Ensenyar a patinar (i5, tercer trimestre, sessi\u00f3 quinzenal dins l\u2019horari escolar), Dins el PCEE tres propostes: Hoquei (1r i 2n, sessi\u00f3 setmanal, primer trimestre), Curses d\u2019Orientaci\u00f3 (segon trimestre). Voleibol, (tercer trimestre) als infants de 4t-5\u00e8-6\u00e8.\u00a0<\/span><\/li>\n<\/ul>\n<\/li>\n<li><b>Programa de DIPSALUT: \u201cSigues Tu\u201d<\/b><span style=\"font-weight: 400;\">. Es fan uns tallers (una sessi\u00f3 setmanal) que treballen habilitats per la vida. \u00c9s un conveni entre el Departament d\u2019Ensenyament i Salut. Les activitats s\u00f3n: Teatre. <\/span><span style=\"font-weight: 400;\">&#8220;El viatge de les emocions&#8221;, <\/span><span style=\"font-weight: 400;\">la Bleda a 1r, <\/span><span style=\"font-weight: 400;\">&#8220;El cas del Doctor Hopper&#8221; amb Pere Hosta a<\/span><span style=\"font-weight: 400;\"> 5\u00e8. Activitat de dinamitzaci\u00f3 \u201cParaules amables\u201d a 4t, Activitat de \u201cProu abusos\u201d a 6\u00e8 (realitzada pels serveis comunitaris de l\u2019INS Caldes), i la formaci\u00f3 en Claustres sobre <\/span><span style=\"font-weight: 400;\">consci\u00e8ncia corporal i benestar emocional de Tirabuix\u00f3<\/span><span style=\"font-weight: 400;\">.<\/span><\/li>\n<\/ul>\n<p>&nbsp;<\/p>\n<ul>\n<li><b>SERVEIS EXTERNS QUE TREBALLEN L\u2019EDUCACI\u00d3 EMOCIONAL A L\u2019ESCOLA:<\/b><b>UAO<\/b><span style=\"font-weight: 400;\">&#8211; (Unitats d\u2019acompanyament i orientaci\u00f3): Atenen un infant del centre una hora a la setmana amb risc d\u2019absentisme per poder fer la prevenci\u00f3 de cares a l\u2019institut. Va dirigit a 6\u00e8.<\/span>\n<p><b>Tallers grupals &#8220;donem veu a les emocions&#8221;<\/b><span style=\"font-weight: 400;\">. Treballem emocions amb infants que tenen algun tipus de risc social per empoderar-los. Es treballa a trav\u00e9s de din\u00e0miques de grup, escolta activa, acompanyament emocional\u2026 durant l\u2019hora de menjador de forma quinzenal. Es fa un grup de 1r a 3r i un de 4t a 6\u00e8.\u00a0 Activitat organitzada per educadores socials dels Serveis Socials de Caldes.<\/span><\/li>\n<\/ul>\n","protected":false},"excerpt":{"rendered":"<p>Des de l&#8217;escola fomentem el respecte i esfor\u00e7 personal: potenciant bons h\u00e0bits d\u2019educaci\u00f3 per la Salut, bons h\u00e0bits alimentaris i autoconeixement a nivell emocional. Per aquest motiu, participem en iniciatives i programes que es concreten anualment a la PGA: Rentar les dents despr\u00e9s de dinar, per l\u2019alumnat que es queden al menjador i les fam\u00edlies [&hellip;]<\/p>\n","protected":false},"author":1,"featured_media":0,"parent":773,"menu_order":0,"comment_status":"closed","ping_status":"closed","template":"page-templates\/side-menu.php","meta":{"_bbp_topic_count":0,"_bbp_reply_count":0,"_bbp_total_topic_count":0,"_bbp_total_reply_count":0,"_bbp_voice_count":0,"_bbp_anonymous_reply_count":0,"_bbp_topic_count_hidden":0,"_bbp_reply_count_hidden":0,"_bbp_forum_subforum_count":0,"site-sidebar-layout":"default","site-content-layout":"","ast-site-content-layout":"","site-content-style":"default","site-sidebar-style":"default","ast-global-header-display":"","ast-banner-title-visibility":"","ast-main-header-display":"","ast-hfb-above-header-display":"","ast-hfb-below-header-display":"","ast-hfb-mobile-header-display":"","site-post-title":"","ast-breadcrumbs-content":"","ast-featured-img":"","footer-sml-layout":"","theme-transparent-header-meta":"","adv-header-id-meta":"","stick-header-meta":"","header-above-stick-meta":"","header-main-stick-meta":"","header-below-stick-meta":"","astra-migrate-meta-layouts":"default","ast-page-background-enabled":"default","ast-page-background-meta":{"desktop":{"background-color":"var(--ast-global-color-4)","background-image":"","background-repeat":"repeat","background-position":"center center","background-size":"auto","background-attachment":"scroll","background-type":"","background-media":"","overlay-type":"","overlay-color":"","overlay-opacity":"","overlay-gradient":""},"tablet":{"background-color":"","background-image":"","background-repeat":"repeat","background-position":"center center","background-size":"auto","background-attachment":"scroll","background-type":"","background-media":"","overlay-type":"","overlay-color":"","overlay-opacity":"","overlay-gradient":""},"mobile":{"background-color":"","background-image":"","background-repeat":"repeat","background-position":"center center","background-size":"auto","background-attachment":"scroll","background-type":"","background-media":"","overlay-type":"","overlay-color":"","overlay-opacity":"","overlay-gradient":""}},"ast-content-background-meta":{"desktop":{"background-color":"var(--ast-global-color-5)","background-image":"","background-repeat":"repeat","background-position":"center center","background-size":"auto","background-attachment":"scroll","background-type":"","background-media":"","overlay-type":"","overlay-color":"","overlay-opacity":"","overlay-gradient":""},"tablet":{"background-color":"var(--ast-global-color-5)","background-image":"","background-repeat":"repeat","background-position":"center center","background-size":"auto","background-attachment":"scroll","background-type":"","background-media":"","overlay-type":"","overlay-color":"","overlay-opacity":"","overlay-gradient":""},"mobile":{"background-color":"var(--ast-global-color-5)","background-image":"","background-repeat":"repeat","background-position":"center center","background-size":"auto","background-attachment":"scroll","background-type":"","background-media":"","overlay-type":"","overlay-color":"","overlay-opacity":"","overlay-gradient":""}},"footnotes":""},"class_list":["post-1101","page","type-page","status-publish","hentry"],"post_mailing_queue_ids":[],"_links":{"self":[{"href":"https:\/\/agora.xtec.cat\/ceiplabenaula\/wp-json\/wp\/v2\/pages\/1101","targetHints":{"allow":["GET"]}}],"collection":[{"href":"https:\/\/agora.xtec.cat\/ceiplabenaula\/wp-json\/wp\/v2\/pages"}],"about":[{"href":"https:\/\/agora.xtec.cat\/ceiplabenaula\/wp-json\/wp\/v2\/types\/page"}],"author":[{"embeddable":true,"href":"https:\/\/agora.xtec.cat\/ceiplabenaula\/wp-json\/wp\/v2\/users\/1"}],"replies":[{"embeddable":true,"href":"https:\/\/agora.xtec.cat\/ceiplabenaula\/wp-json\/wp\/v2\/comments?post=1101"}],"version-history":[{"count":6,"href":"https:\/\/agora.xtec.cat\/ceiplabenaula\/wp-json\/wp\/v2\/pages\/1101\/revisions"}],"predecessor-version":[{"id":2549,"href":"https:\/\/agora.xtec.cat\/ceiplabenaula\/wp-json\/wp\/v2\/pages\/1101\/revisions\/2549"}],"up":[{"embeddable":true,"href":"https:\/\/agora.xtec.cat\/ceiplabenaula\/wp-json\/wp\/v2\/pages\/773"}],"wp:attachment":[{"href":"https:\/\/agora.xtec.cat\/ceiplabenaula\/wp-json\/wp\/v2\/media?parent=1101"}],"curies":[{"name":"wp","href":"https:\/\/api.w.org\/{rel}","templated":true}]}}