{"id":8789,"date":"2026-03-02T12:24:19","date_gmt":"2026-03-02T11:24:19","guid":{"rendered":"https:\/\/agora.xtec.cat\/ceipjventallo\/?page_id=8789"},"modified":"2026-03-02T12:55:24","modified_gmt":"2026-03-02T11:55:24","slug":"criteris-dassignacio-de-placa","status":"publish","type":"page","link":"https:\/\/agora.xtec.cat\/ceipjventallo\/preinscripcio-2025-2026\/criteris-dassignacio-de-placa\/","title":{"rendered":"Criteris d&#8217;assignaci\u00f3 de pla\u00e7a"},"content":{"rendered":"\n<figure class=\"wp-block-table is-style-stripes has-medium-font-size\"><table class=\"has-ast-global-color-1-color has-text-color has-link-color has-fixed-layout\"><thead><tr><th class=\"has-text-align-left\" data-align=\"left\">CRITERIS PRIORITARIS<\/th><th class=\"has-text-align-left\" data-align=\"left\">BAREM<\/th><th class=\"has-text-align-left\" data-align=\"left\">DOCUMENTACI\u00d3 ACREDITATIVA<\/th><\/tr><\/thead><tbody><tr><td class=\"has-text-align-left\" data-align=\"left\"><strong>Germans o germanes que ja estan estudiant al centre sol\u00b7licitat<\/strong><\/td><td class=\"has-text-align-left\" data-align=\"left\">50 punts<\/td><td class=\"has-text-align-left\" data-align=\"left\">Ho comprova el propi centre<\/td><\/tr><\/tbody><\/table><\/figure>\n\n\n\n<figure class=\"wp-block-table has-medium-font-size\"><table class=\"has-ast-global-color-1-color has-text-color has-link-color has-border-color has-white-border-color has-fixed-layout\"><tbody><tr><td><strong>Proximitat geogr\u00e0fica del domicili habitual o del lloc de treball del pare o la mare a l&#8217;escola, Nom\u00e9s un dels tres sup\u00f2sits:<\/strong><\/td><\/tr><\/tbody><\/table><\/figure>\n\n\n\n<figure class=\"wp-block-table is-style-stripes\"><table class=\"has-ast-global-color-1-color has-text-color has-link-color has-fixed-layout\"><tbody><tr><td>a) Quan el domicili habitual de la fam\u00edlia es troba dins la zona educativa del centre escolar que es demana en primer lloc.<\/td><td>30 punts<\/td><td>Es consulta electr\u00f2nicament amb el Padr\u00f3 Municipal, si no s&#8217;haur\u00e0 de presentar el Volant municipal de conviv\u00e8ncia on ha de constar l&#8217;alumne<\/td><\/tr><tr><td>b) Quan la ubicaci\u00f3 del lloc de feina del pare, la mare, el tutor o la tutora est\u00e0 dins la zona educativa del centre triat en primer lloc<\/td><td>20 punts<\/td><td>C\u00f2pia del contracte laboral o<br>certificat em\u00e8s a l&#8217;efecte per<br>l&#8217;empresa.<\/td><\/tr><tr><td>c) Quan el domicili familiar es troba dins del mateix municipi, per\u00f2 no dins de la zona educativa del centre que s&#8217;ha triat en primer lloc<\/td><td>10 punts<\/td><td>Certificat electr\u00f2nic de la inscripci\u00f3 de naixement o llibre de fam\u00edlia<\/td><\/tr><tr><td><strong>Renda anual de la unitat familiar o ingr\u00e9s m\u00ednim vital<\/strong><\/td><td>15 punts<\/td><td>Es consulta electr\u00f2nicament, si no s&#8217;haur\u00e0 de presentar la documentaci\u00f3 acreditativa<\/td><\/tr><\/tbody><\/table><\/figure>\n\n\n\n<figure class=\"wp-block-table aligncenter is-style-stripes has-medium-font-size\"><table class=\"has-ast-global-color-1-color has-text-color has-link-color has-fixed-layout\"><thead><tr><th class=\"has-text-align-left\" data-align=\"left\">CRITERIS COMPLEMENTARIS<br>Serveixen per desempatar<\/th><th class=\"has-text-align-left\" data-align=\"left\">BAREM<\/th><th class=\"has-text-align-left\" data-align=\"left\">DOCUMENTACI\u00d3 ACREDITATIVA<\/th><\/tr><\/thead><tbody><tr><td class=\"has-text-align-left\" data-align=\"left\">Discapacitat de l\u2019alumne\/a, pare, mare, tutor\/a legal o germans<\/td><td class=\"has-text-align-left\" data-align=\"left\">15 punts<\/td><td class=\"has-text-align-left\" data-align=\"left\">Es consulta electr\u00f2nicament, si no s&#8217;haur\u00e0 de presentar la documentaci\u00f3 acreditativa<\/td><\/tr><tr><td class=\"has-text-align-left\" data-align=\"left\">Quan el pare o mare o tutor\/a legal treballa en el centre<\/td><td class=\"has-text-align-left\" data-align=\"left\">10 punts<\/td><td class=\"has-text-align-left\" data-align=\"left\">Ho comprova el propi centre<\/td><\/tr><tr><td class=\"has-text-align-left\" data-align=\"left\">Formar part d\u2019una fam\u00edlia nombrosa<\/td><td class=\"has-text-align-left\" data-align=\"left\">10 punts<\/td><td class=\"has-text-align-left\" data-align=\"left\">Es consulta electr\u00f2nicament, si no s&#8217;haur\u00e0 de presentar la documentaci\u00f3 acreditativa<\/td><\/tr><tr><td class=\"has-text-align-left\" data-align=\"left\">Formar part d\u2019una fam\u00edlia monoparental<\/td><td class=\"has-text-align-left\" data-align=\"left\">10 punts<\/td><td class=\"has-text-align-left\" data-align=\"left\">Es consulta electr\u00f2nicament, si no s&#8217;haur\u00e0 de presentar la documentaci\u00f3 acreditativa<\/td><\/tr><tr><td class=\"has-text-align-left\" data-align=\"left\">Que l\u2019alumne\/a hagi nascut en un part m\u00faltiple<\/td><td class=\"has-text-align-left\" data-align=\"left\">10 punts<\/td><td class=\"has-text-align-left\" data-align=\"left\">Certificat electr\u00f2nic de la inscripci\u00f3 de naixement o llibre de fam\u00edlia<\/td><\/tr><tr><td class=\"has-text-align-left\" data-align=\"left\">Que l\u2019alumne\/a es trobi en situaci\u00f3 d\u2019acolliment familiar<\/td><td class=\"has-text-align-left\" data-align=\"left\">10 punts<\/td><td class=\"has-text-align-left\" data-align=\"left\">Resoluci\u00f3 d\u2019acolliment del Departament de Drets Socials i Inclusi\u00f3<\/td><\/tr><tr><td class=\"has-text-align-left\" data-align=\"left\">Quan s\u2019acrediti la condici\u00f3 de v\u00edctima de viol\u00e8ncia de g\u00e8nere o terrorisme<\/td><td class=\"has-text-align-left\" data-align=\"left\">10 punts<\/td><td class=\"has-text-align-left\" data-align=\"left\">Viol\u00e8ncia de g\u00e8nere: Mitjans establerts a l&#8217;art. 23 de la Llei org\u00e0nica 1\/2004, de 28 de desembre, de mesures de protecci\u00f3 integral contra la viol\u00e8ncia de g\u00e8nere. V\u00edctima del terrorisme: Certificat que emet la Subdirecci\u00f3 General de Suport a V\u00edctimes del Terrorisme del Ministeri d&#8217;Interior.<\/td><\/tr><\/tbody><\/table><\/figure>\n","protected":false},"excerpt":{"rendered":"<p>CRITERIS PRIORITARIS BAREM DOCUMENTACI\u00d3 ACREDITATIVA Germans o germanes que ja estan estudiant al centre sol\u00b7licitat 50 punts Ho comprova el propi centre Proximitat geogr\u00e0fica del domicili habitual o del lloc de treball del pare o la mare a l&#8217;escola, Nom\u00e9s un dels tres sup\u00f2sits: a) Quan el domicili habitual de la fam\u00edlia es troba dins [&hellip;]<\/p>\n","protected":false},"author":1,"featured_media":0,"parent":7530,"menu_order":0,"comment_status":"closed","ping_status":"close","template":"","meta":{"_bbp_topic_count":0,"_bbp_reply_count":0,"_bbp_total_topic_count":0,"_bbp_total_reply_count":0,"_bbp_voice_count":0,"_bbp_anonymous_reply_count":0,"_bbp_topic_count_hidden":0,"_bbp_reply_count_hidden":0,"_bbp_forum_subforum_count":0,"site-sidebar-layout":"default","site-content-layout":"","ast-site-content-layout":"default","site-content-style":"default","site-sidebar-style":"default","ast-global-header-display":"","ast-banner-title-visibility":"","ast-main-header-display":"","ast-hfb-above-header-display":"","ast-hfb-below-header-display":"","ast-hfb-mobile-header-display":"","site-post-title":"","ast-breadcrumbs-content":"","ast-featured-img":"","footer-sml-layout":"","theme-transparent-header-meta":"","adv-header-id-meta":"","stick-header-meta":"","header-above-stick-meta":"","header-main-stick-meta":"","header-below-stick-meta":"","astra-migrate-meta-layouts":"set","ast-page-background-enabled":"default","ast-page-background-meta":{"desktop":{"background-color":"var(--ast-global-color-4)","background-image":"","background-repeat":"repeat","background-position":"center center","background-size":"auto","background-attachment":"scroll","background-type":"","background-media":"","overlay-type":"","overlay-color":"","overlay-opacity":"","overlay-gradient":""},"tablet":{"background-color":"","background-image":"","background-repeat":"repeat","background-position":"center center","background-size":"auto","background-attachment":"scroll","background-type":"","background-media":"","overlay-type":"","overlay-color":"","overlay-opacity":"","overlay-gradient":""},"mobile":{"background-color":"","background-image":"","background-repeat":"repeat","background-position":"center center","background-size":"auto","background-attachment":"scroll","background-type":"","background-media":"","overlay-type":"","overlay-color":"","overlay-opacity":"","overlay-gradient":""}},"ast-content-background-meta":{"desktop":{"background-color":"var(--ast-global-color-5)","background-image":"","background-repeat":"repeat","background-position":"center center","background-size":"auto","background-attachment":"scroll","background-type":"","background-media":"","overlay-type":"","overlay-color":"","overlay-opacity":"","overlay-gradient":""},"tablet":{"background-color":"var(--ast-global-color-5)","background-image":"","background-repeat":"repeat","background-position":"center center","background-size":"auto","background-attachment":"scroll","background-type":"","background-media":"","overlay-type":"","overlay-color":"","overlay-opacity":"","overlay-gradient":""},"mobile":{"background-color":"var(--ast-global-color-5)","background-image":"","background-repeat":"repeat","background-position":"center center","background-size":"auto","background-attachment":"scroll","background-type":"","background-media":"","overlay-type":"","overlay-color":"","overlay-opacity":"","overlay-gradient":""}},"footnotes":""},"class_list":["post-8789","page","type-page","status-publish","hentry"],"post_mailing_queue_ids":[],"_links":{"self":[{"href":"https:\/\/agora.xtec.cat\/ceipjventallo\/wp-json\/wp\/v2\/pages\/8789","targetHints":{"allow":["GET"]}}],"collection":[{"href":"https:\/\/agora.xtec.cat\/ceipjventallo\/wp-json\/wp\/v2\/pages"}],"about":[{"href":"https:\/\/agora.xtec.cat\/ceipjventallo\/wp-json\/wp\/v2\/types\/page"}],"author":[{"embeddable":true,"href":"https:\/\/agora.xtec.cat\/ceipjventallo\/wp-json\/wp\/v2\/users\/1"}],"replies":[{"embeddable":true,"href":"https:\/\/agora.xtec.cat\/ceipjventallo\/wp-json\/wp\/v2\/comments?post=8789"}],"version-history":[{"count":4,"href":"https:\/\/agora.xtec.cat\/ceipjventallo\/wp-json\/wp\/v2\/pages\/8789\/revisions"}],"predecessor-version":[{"id":8795,"href":"https:\/\/agora.xtec.cat\/ceipjventallo\/wp-json\/wp\/v2\/pages\/8789\/revisions\/8795"}],"up":[{"embeddable":true,"href":"https:\/\/agora.xtec.cat\/ceipjventallo\/wp-json\/wp\/v2\/pages\/7530"}],"wp:attachment":[{"href":"https:\/\/agora.xtec.cat\/ceipjventallo\/wp-json\/wp\/v2\/media?parent=8789"}],"curies":[{"name":"wp","href":"https:\/\/api.w.org\/{rel}","templated":true}]}}