{"id":8785,"date":"2026-03-02T12:16:13","date_gmt":"2026-03-02T11:16:13","guid":{"rendered":"https:\/\/agora.xtec.cat\/ceipjventallo\/?page_id=8785"},"modified":"2026-03-03T13:08:00","modified_gmt":"2026-03-03T12:08:00","slug":"calendari-preinscripcio-2026-2027","status":"publish","type":"page","link":"https:\/\/agora.xtec.cat\/ceipjventallo\/preinscripcio-2025-2026\/calendari-preinscripcio-2026-2027\/","title":{"rendered":"Calendari Preinscripci\u00f3 2026-2027"},"content":{"rendered":"\n<figure class=\"wp-block-table is-style-stripes has-medium-font-size\"><table class=\"has-ast-global-color-1-color has-ast-global-color-8-background-color has-text-color has-background has-link-color has-fixed-layout\"><thead><tr><th>Fases de la Preinscripci\u00f3<\/th><th>Aplicaci\u00f3<\/th><th>Dates<\/th><\/tr><\/thead><tbody><tr><td>Gesti\u00f3 de l&#8217;oferta (reserva per a alumnes del centre)\u200b<\/td><td>GEDAC<\/td><td>Del 19 al 24 de febrer\u200b<\/td><\/tr><tr><td><a href=\"https:\/\/agora.xtec.cat\/ceipjventallo\/wp-content\/uploads\/usu802\/2026\/03\/20260303_INF_oferta_inicial.pdf\" data-type=\"page\" data-id=\"8797\">Publicaci\u00f3 de l&#8217;oferta inicial<\/a><\/td><td>GEDAC<\/td><td>3 de mar\u00e7<\/td><\/tr><tr><td><strong>Presentaci\u00f3 i\/o modificaci\u00f3 de sol\u00b7licituds 2n cicle d&#8217;educaci\u00f3 infantil i prim\u00e0ria<\/strong><\/td><td><strong>GEDAC<\/strong><\/td><td><strong>Del 4 al 18 de mar\u00e7<\/strong><\/td><\/tr><tr><td>Presentaci\u00f3 de documentaci\u00f3&nbsp;<\/td><td>&nbsp;GEDAC M\u00f2dul online<\/td><td>Fins el 19 de mar\u00e7\u200b<\/td><\/tr><tr><td><strong>Publicaci\u00f3 de la llista de sol\u00b7licituds amb la puntuaci\u00f3 provisional<\/strong><\/td><td><strong>GEDAC<\/strong><\/td><td><strong>15 d&#8217;abril<\/strong><\/td><\/tr><tr><td>Presentaci\u00f3 de reclamacions per&nbsp;a la llista amb la puntuaci\u00f3 provisional<\/td><td>GEDAC<\/td><td>Del 15&nbsp;al 20&nbsp;d&#8217;abril<\/td><\/tr><tr><td><strong>Publicaci\u00f3 de la llista amb la puntuaci\u00f3, un cop&nbsp;resoltes les reclamacions<\/strong><\/td><td><strong>GEDAC<\/strong><\/td><td><strong>23 d\u2019abril<\/strong><\/td><\/tr><tr><td><strong>Sorteig<\/strong><\/td><td><strong>GEDAC<\/strong><\/td><td><strong>28 d\u2019abril<\/strong><\/td><\/tr><tr><td><strong>Publicaci\u00f3 de la llista ordenada<\/strong><\/td><td><strong>GEDAC<\/strong><\/td><td><strong>29 d\u2019abril<\/strong><\/td><\/tr><tr><td><strong>Publicaci\u00f3 de la llista d&#8217;admesos i la llista d&#8217;espera<\/strong><\/td><td><strong>GEDAC<\/strong><\/td><td><strong>10&nbsp;de juny<\/strong><\/td><\/tr><tr><td>Per\u00edode per interposar reclamacions a les llistes d&#8217;alumnes amb pla\u00e7a assignada davant la comissi\u00f3 de garanties d&#8217;admissi\u00f3 (CGA)<\/td><td>&nbsp;<\/td><td>Del 10 al 12 de juny<\/td><\/tr><tr><td><strong>Per\u00edode de matr\u00edcula de l\u2019Educaci\u00f3 Infantil, Prim\u00e0ria<\/strong><\/td><td><strong>\u200b<\/strong><strong>RALC \/ Esfer@<\/strong><strong>&nbsp;<\/strong><strong><\/strong><\/td><td><strong>\u200b<\/strong><strong>Del 22 al 30 de juny<\/strong><\/td><\/tr><tr><td>Gesti\u00f3 de la llista d&#8217;espera&nbsp;\u200bInfantil i Prim\u00e0ria<\/td><td>GEDAC<\/td><td>De l\u20191 de juliol al 2 de setembre<\/td><\/tr><\/tbody><\/table><\/figure>\n\n\n\n<p>*Del&nbsp;23 de mar\u00e7 al 9&nbsp;d\u2019abril, les fam\u00edlies podran presentar sol\u00b7licituds fora de termini, la qual cosa es marcar\u00e0 autom\u00e0ticament als efectes de l\u2019aplicaci\u00f3 de la prioritat en l\u2019assignaci\u00f3.&nbsp;\u200b<\/p>\n","protected":false},"excerpt":{"rendered":"<p>Fases de la Preinscripci\u00f3 Aplicaci\u00f3 Dates Gesti\u00f3 de l&#8217;oferta (reserva per a alumnes del centre)\u200b GEDAC Del 19 al 24 de febrer\u200b Publicaci\u00f3 de l&#8217;oferta inicial GEDAC 3 de mar\u00e7 Presentaci\u00f3 i\/o modificaci\u00f3 de sol\u00b7licituds 2n cicle d&#8217;educaci\u00f3 infantil i prim\u00e0ria GEDAC Del 4 al 18 de mar\u00e7 Presentaci\u00f3 de documentaci\u00f3&nbsp; &nbsp;GEDAC M\u00f2dul online Fins [&hellip;]<\/p>\n","protected":false},"author":1,"featured_media":0,"parent":7530,"menu_order":0,"comment_status":"closed","ping_status":"close","template":"","meta":{"_bbp_topic_count":0,"_bbp_reply_count":0,"_bbp_total_topic_count":0,"_bbp_total_reply_count":0,"_bbp_voice_count":0,"_bbp_anonymous_reply_count":0,"_bbp_topic_count_hidden":0,"_bbp_reply_count_hidden":0,"_bbp_forum_subforum_count":0,"site-sidebar-layout":"default","site-content-layout":"","ast-site-content-layout":"default","site-content-style":"default","site-sidebar-style":"default","ast-global-header-display":"","ast-banner-title-visibility":"","ast-main-header-display":"","ast-hfb-above-header-display":"","ast-hfb-below-header-display":"","ast-hfb-mobile-header-display":"","site-post-title":"","ast-breadcrumbs-content":"","ast-featured-img":"","footer-sml-layout":"","theme-transparent-header-meta":"","adv-header-id-meta":"","stick-header-meta":"","header-above-stick-meta":"","header-main-stick-meta":"","header-below-stick-meta":"","astra-migrate-meta-layouts":"set","ast-page-background-enabled":"default","ast-page-background-meta":{"desktop":{"background-color":"var(--ast-global-color-4)","background-image":"","background-repeat":"repeat","background-position":"center center","background-size":"auto","background-attachment":"scroll","background-type":"","background-media":"","overlay-type":"","overlay-color":"","overlay-opacity":"","overlay-gradient":""},"tablet":{"background-color":"","background-image":"","background-repeat":"repeat","background-position":"center center","background-size":"auto","background-attachment":"scroll","background-type":"","background-media":"","overlay-type":"","overlay-color":"","overlay-opacity":"","overlay-gradient":""},"mobile":{"background-color":"","background-image":"","background-repeat":"repeat","background-position":"center center","background-size":"auto","background-attachment":"scroll","background-type":"","background-media":"","overlay-type":"","overlay-color":"","overlay-opacity":"","overlay-gradient":""}},"ast-content-background-meta":{"desktop":{"background-color":"var(--ast-global-color-5)","background-image":"","background-repeat":"repeat","background-position":"center center","background-size":"auto","background-attachment":"scroll","background-type":"","background-media":"","overlay-type":"","overlay-color":"","overlay-opacity":"","overlay-gradient":""},"tablet":{"background-color":"var(--ast-global-color-5)","background-image":"","background-repeat":"repeat","background-position":"center center","background-size":"auto","background-attachment":"scroll","background-type":"","background-media":"","overlay-type":"","overlay-color":"","overlay-opacity":"","overlay-gradient":""},"mobile":{"background-color":"var(--ast-global-color-5)","background-image":"","background-repeat":"repeat","background-position":"center center","background-size":"auto","background-attachment":"scroll","background-type":"","background-media":"","overlay-type":"","overlay-color":"","overlay-opacity":"","overlay-gradient":""}},"footnotes":""},"class_list":["post-8785","page","type-page","status-publish","hentry"],"post_mailing_queue_ids":[],"_links":{"self":[{"href":"https:\/\/agora.xtec.cat\/ceipjventallo\/wp-json\/wp\/v2\/pages\/8785","targetHints":{"allow":["GET"]}}],"collection":[{"href":"https:\/\/agora.xtec.cat\/ceipjventallo\/wp-json\/wp\/v2\/pages"}],"about":[{"href":"https:\/\/agora.xtec.cat\/ceipjventallo\/wp-json\/wp\/v2\/types\/page"}],"author":[{"embeddable":true,"href":"https:\/\/agora.xtec.cat\/ceipjventallo\/wp-json\/wp\/v2\/users\/1"}],"replies":[{"embeddable":true,"href":"https:\/\/agora.xtec.cat\/ceipjventallo\/wp-json\/wp\/v2\/comments?post=8785"}],"version-history":[{"count":3,"href":"https:\/\/agora.xtec.cat\/ceipjventallo\/wp-json\/wp\/v2\/pages\/8785\/revisions"}],"predecessor-version":[{"id":8802,"href":"https:\/\/agora.xtec.cat\/ceipjventallo\/wp-json\/wp\/v2\/pages\/8785\/revisions\/8802"}],"up":[{"embeddable":true,"href":"https:\/\/agora.xtec.cat\/ceipjventallo\/wp-json\/wp\/v2\/pages\/7530"}],"wp:attachment":[{"href":"https:\/\/agora.xtec.cat\/ceipjventallo\/wp-json\/wp\/v2\/media?parent=8785"}],"curies":[{"name":"wp","href":"https:\/\/api.w.org\/{rel}","templated":true}]}}