{"id":7902,"date":"2025-03-17T16:21:44","date_gmt":"2025-03-17T15:21:44","guid":{"rendered":"https:\/\/agora.xtec.cat\/ceipjventallo\/?page_id=7902"},"modified":"2026-02-12T10:56:23","modified_gmt":"2026-02-12T09:56:23","slug":"pressupost-i-liquidacio","status":"publish","type":"page","link":"https:\/\/agora.xtec.cat\/ceipjventallo\/documents-i-projectes\/pressupost-i-liquidacio\/","title":{"rendered":"Pressupost i liquidaci\u00f3"},"content":{"rendered":"<p style=\"text-align: justify;\">Un centre educatiu \u00e9s un ens p\u00fablic i, com a tal, s\u2019ha de gestionar d\u2019acord amb els principis de transpar\u00e8ncia, fiabilitat i control social.<\/p>\n<p style=\"text-align: justify;\">La transpar\u00e8ncia i la fiabilitat es poden assegurar amb l\u2019\u00fas d\u2019eines com el pressupost i la comptabilitat. El control social s\u2019estableix en el consell escolar del centre, \u00f2rgan col\u00b7legiat de participaci\u00f3 en el govern del centre, el qual s\u2019ha de consultar de manera preceptiva i que manifesta el suport per majoria simple al pressupost que presenta i aprova el director o directora.<\/p>\n<p style=\"text-align: justify;\">El pressupost s\u2019ha d\u2019entendre com a eina de refer\u00e8ncia que facilita la planificaci\u00f3, la previsi\u00f3 i el seguiment d\u2019ingressos i despeses. En cap cas no s\u2019ha de considerar un pur formulisme de la gesti\u00f3 econ\u00f2mica. La comptabilitat no nom\u00e9s ha de ser all\u00f2 que exigeix la normativa, sin\u00f3 tamb\u00e9 una eina de control i ajuda al seguiment pressupostari.<\/p>\n<p style=\"text-align: justify;\">La compet\u00e8ncia i la responsabilitat de la gesti\u00f3 econ\u00f2mica corresponen a la direcci\u00f3 del centre.<\/p>\n<p><a href=\"https:\/\/agora.xtec.cat\/ceipjventallo\/wp-content\/uploads\/usu802\/2026\/02\/Liquidacio-del-pressupost.pdf\">Liquidaci\u00f3 exercici 2025<\/a><\/p>\n<p><a href=\"https:\/\/agora.xtec.cat\/ceipjventallo\/wp-content\/uploads\/usu802\/2026\/02\/Dades-del-pressupost.pdf\">Pressupost exercici 2026<\/a><\/p>\n","protected":false},"excerpt":{"rendered":"<p>Un centre educatiu \u00e9s un ens p\u00fablic i, com a tal, s\u2019ha de gestionar d\u2019acord amb els principis de transpar\u00e8ncia, fiabilitat i control social. La transpar\u00e8ncia i la fiabilitat es poden assegurar amb l\u2019\u00fas d\u2019eines com el pressupost i la comptabilitat. El control social s\u2019estableix en el consell escolar del centre, \u00f2rgan col\u00b7legiat de participaci\u00f3 [&hellip;]<\/p>\n","protected":false},"author":1,"featured_media":0,"parent":7548,"menu_order":95,"comment_status":"closed","ping_status":"closed","template":"","meta":{"_bbp_topic_count":0,"_bbp_reply_count":0,"_bbp_total_topic_count":0,"_bbp_total_reply_count":0,"_bbp_voice_count":0,"_bbp_anonymous_reply_count":0,"_bbp_topic_count_hidden":0,"_bbp_reply_count_hidden":0,"_bbp_forum_subforum_count":0,"site-sidebar-layout":"default","site-content-layout":"","ast-site-content-layout":"default","site-content-style":"default","site-sidebar-style":"default","ast-global-header-display":"","ast-banner-title-visibility":"","ast-main-header-display":"","ast-hfb-above-header-display":"","ast-hfb-below-header-display":"","ast-hfb-mobile-header-display":"","site-post-title":"","ast-breadcrumbs-content":"","ast-featured-img":"","footer-sml-layout":"","theme-transparent-header-meta":"default","adv-header-id-meta":"","stick-header-meta":"","header-above-stick-meta":"","header-main-stick-meta":"","header-below-stick-meta":"","astra-migrate-meta-layouts":"set","ast-page-background-enabled":"default","ast-page-background-meta":{"desktop":{"background-color":"var(--ast-global-color-4)","background-image":"","background-repeat":"repeat","background-position":"center center","background-size":"auto","background-attachment":"scroll","background-type":"","background-media":"","overlay-type":"","overlay-color":"","overlay-opacity":"","overlay-gradient":""},"tablet":{"background-color":"","background-image":"","background-repeat":"repeat","background-position":"center center","background-size":"auto","background-attachment":"scroll","background-type":"","background-media":"","overlay-type":"","overlay-color":"","overlay-opacity":"","overlay-gradient":""},"mobile":{"background-color":"","background-image":"","background-repeat":"repeat","background-position":"center center","background-size":"auto","background-attachment":"scroll","background-type":"","background-media":"","overlay-type":"","overlay-color":"","overlay-opacity":"","overlay-gradient":""}},"ast-content-background-meta":{"desktop":{"background-color":"var(--ast-global-color-5)","background-image":"","background-repeat":"repeat","background-position":"center center","background-size":"auto","background-attachment":"scroll","background-type":"","background-media":"","overlay-type":"","overlay-color":"","overlay-opacity":"","overlay-gradient":""},"tablet":{"background-color":"var(--ast-global-color-5)","background-image":"","background-repeat":"repeat","background-position":"center center","background-size":"auto","background-attachment":"scroll","background-type":"","background-media":"","overlay-type":"","overlay-color":"","overlay-opacity":"","overlay-gradient":""},"mobile":{"background-color":"var(--ast-global-color-5)","background-image":"","background-repeat":"repeat","background-position":"center center","background-size":"auto","background-attachment":"scroll","background-type":"","background-media":"","overlay-type":"","overlay-color":"","overlay-opacity":"","overlay-gradient":""}},"footnotes":""},"class_list":["post-7902","page","type-page","status-publish","hentry"],"post_mailing_queue_ids":[],"_links":{"self":[{"href":"https:\/\/agora.xtec.cat\/ceipjventallo\/wp-json\/wp\/v2\/pages\/7902","targetHints":{"allow":["GET"]}}],"collection":[{"href":"https:\/\/agora.xtec.cat\/ceipjventallo\/wp-json\/wp\/v2\/pages"}],"about":[{"href":"https:\/\/agora.xtec.cat\/ceipjventallo\/wp-json\/wp\/v2\/types\/page"}],"author":[{"embeddable":true,"href":"https:\/\/agora.xtec.cat\/ceipjventallo\/wp-json\/wp\/v2\/users\/1"}],"replies":[{"embeddable":true,"href":"https:\/\/agora.xtec.cat\/ceipjventallo\/wp-json\/wp\/v2\/comments?post=7902"}],"version-history":[{"count":5,"href":"https:\/\/agora.xtec.cat\/ceipjventallo\/wp-json\/wp\/v2\/pages\/7902\/revisions"}],"predecessor-version":[{"id":8686,"href":"https:\/\/agora.xtec.cat\/ceipjventallo\/wp-json\/wp\/v2\/pages\/7902\/revisions\/8686"}],"up":[{"embeddable":true,"href":"https:\/\/agora.xtec.cat\/ceipjventallo\/wp-json\/wp\/v2\/pages\/7548"}],"wp:attachment":[{"href":"https:\/\/agora.xtec.cat\/ceipjventallo\/wp-json\/wp\/v2\/media?parent=7902"}],"curies":[{"name":"wp","href":"https:\/\/api.w.org\/{rel}","templated":true}]}}