{"id":7581,"date":"2025-01-29T16:20:47","date_gmt":"2025-01-29T15:20:47","guid":{"rendered":"https:\/\/agora.xtec.cat\/ceipjventallo\/?page_id=7581"},"modified":"2025-10-20T15:40:12","modified_gmt":"2025-10-20T13:40:12","slug":"afa","status":"publish","type":"page","link":"https:\/\/agora.xtec.cat\/ceipjventallo\/lescola\/comunitat-educativa\/afa\/","title":{"rendered":"AFA"},"content":{"rendered":"<p class=\"CDt4Ke zfr3Q\" dir=\"ltr\"><span class=\" jgG6ef\">Benvolgudes fam\u00edlies, <\/span><\/p>\n<p class=\"CDt4Ke zfr3Q\" dir=\"ltr\"><span class=\" jgG6ef\">som els membres de l&#8217;<a href=\"https:\/\/sites.google.com\/escolajosepventallo.cat\/ampa\" target=\"_blank\" rel=\"noopener\">AFA de l&#8217;Escola Josep Ventall\u00f3<\/a> i ens agradaria presentar-vos la nostra feina:<\/span><\/p>\n<p class=\"CDt4Ke zfr3Q\" dir=\"ltr\"><span class=\" jgG6ef\">En primer lloc, el nostre inter\u00e8s \u00e9s sobretot l&#8217;educaci\u00f3 dels nostres fills i filles, en col\u00b7laboraci\u00f3 permanent amb els professors i professores aix\u00ed com amb l&#8217;equip directiu del nostre centre.<\/span><\/p>\n<p class=\"CDt4Ke zfr3Q\" dir=\"ltr\"><span class=\" jgG6ef\">La participaci\u00f3 \u00e9s volunt\u00e0ria, i \u00e9s per aix\u00f2 que us animem a totes les fam\u00edlies a fer-vos s\u00f2cies, ja que quants m\u00e9s serem, millor ser\u00e0 per als nostres fills i filles, per a l\u2019 associaci\u00f3 i per a l&#8217;escola. <\/span><\/p>\n<p class=\"CDt4Ke zfr3Q\" dir=\"ltr\"><span class=\" jgG6ef\">Hi ha dues formes de pert\u00e0nyer a l&#8217;AMPA: en primer lloc, aquelles fam\u00edlies que col\u00b7laboren fent una aportaci\u00f3 econ\u00f2mica amb la qual l&#8217;AMPA pot fer activitats que d&#8217;altra manera no seria possible. Alguns exemples s\u00f3n: festa de final de curs, Patge Xiu-Xiu, Carnestoltes, millores al centre aportant material, organitzant les extraescolars,etc. En segon lloc, podeu pert\u00e0nyer a l&#8217;AMPA com a mares i pares que dediquen el seu temps amb el prop\u00f2sit de millorar la nostra Escola.<\/span><\/p>\n<p class=\"CDt4Ke zfr3Q\" dir=\"ltr\"><span class=\" jgG6ef\"> Els pares i les mares hem de ser conscients que les fam\u00edlies som un membre m\u00e9s de la comunitat educativa, juntament amb l&#8217;alumnat i l&#8217;equip docent.<\/span><\/p>\n<p class=\"CDt4Ke zfr3Q\" dir=\"ltr\"><span class=\" jgG6ef\"> La Junta Directiva desitja que tothom aporti les seves opinions i idees, per tal de millorar l&#8217;educaci\u00f3 del nostres fills i filles. Per aix\u00f2 podeu contactar amb nosaltres <\/span> <span class=\" jgG6ef\">via e-mail al nostre correu: <\/span><span class=\" jgG6ef aw5Odc\"><a class=\"XqQF9c\" href=\"mailto:ampa@escolajosepventallo.cat\" target=\"_blank\" rel=\"noopener\">afa@escolajosepventallo.cat<\/a><\/span><span class=\" jgG6ef\"> . D&#8217;aquesta forma podreu transmetre qualsevol sugger\u00e8ncia i inquietud.<\/span><\/p>\n<p class=\"CDt4Ke zfr3Q\" dir=\"ltr\"><span class=\" jgG6ef\"> La vostra col\u00b7laboraci\u00f3 \u00e9s imprescindible i us animem a que participeu activament a la millora de la qualitat educativa dels nostres fills i del mateix Centre. Amb la il\u00b7lusi\u00f3 i l&#8217;esfor\u00e7 de tots , segur que podem gaudir encara m\u00e9s d&#8217;aquesta feina tan apassionant que \u00e9s ser pares.<\/span><\/p>\n<p class=\"CDt4Ke zfr3Q\" dir=\"ltr\"><span class=\" jgG6ef\">Una salutaci\u00f3 i fins aviat. La Junta Directiva<\/span><\/p>\n<p dir=\"ltr\">\n","protected":false},"excerpt":{"rendered":"<p>Benvolgudes fam\u00edlies, som els membres de l&#8217;AFA de l&#8217;Escola Josep Ventall\u00f3 i ens agradaria presentar-vos la nostra feina: En primer lloc, el nostre inter\u00e8s \u00e9s sobretot l&#8217;educaci\u00f3 dels nostres fills i filles, en col\u00b7laboraci\u00f3 permanent amb els professors i professores aix\u00ed com amb l&#8217;equip directiu del nostre centre. La participaci\u00f3 \u00e9s volunt\u00e0ria, i \u00e9s per [&hellip;]<\/p>\n","protected":false},"author":1,"featured_media":0,"parent":7573,"menu_order":0,"comment_status":"closed","ping_status":"closed","template":"page-templates\/side-menu.php","meta":{"_bbp_topic_count":0,"_bbp_reply_count":0,"_bbp_total_topic_count":0,"_bbp_total_reply_count":0,"_bbp_voice_count":0,"_bbp_anonymous_reply_count":0,"_bbp_topic_count_hidden":0,"_bbp_reply_count_hidden":0,"_bbp_forum_subforum_count":0,"site-sidebar-layout":"default","site-content-layout":"","ast-site-content-layout":"","site-content-style":"default","site-sidebar-style":"default","ast-global-header-display":"","ast-banner-title-visibility":"","ast-main-header-display":"","ast-hfb-above-header-display":"","ast-hfb-below-header-display":"","ast-hfb-mobile-header-display":"","site-post-title":"","ast-breadcrumbs-content":"","ast-featured-img":"","footer-sml-layout":"","theme-transparent-header-meta":"","adv-header-id-meta":"","stick-header-meta":"","header-above-stick-meta":"","header-main-stick-meta":"","header-below-stick-meta":"","astra-migrate-meta-layouts":"default","ast-page-background-enabled":"default","ast-page-background-meta":{"desktop":{"background-color":"var(--ast-global-color-4)","background-image":"","background-repeat":"repeat","background-position":"center center","background-size":"auto","background-attachment":"scroll","background-type":"","background-media":"","overlay-type":"","overlay-color":"","overlay-opacity":"","overlay-gradient":""},"tablet":{"background-color":"","background-image":"","background-repeat":"repeat","background-position":"center center","background-size":"auto","background-attachment":"scroll","background-type":"","background-media":"","overlay-type":"","overlay-color":"","overlay-opacity":"","overlay-gradient":""},"mobile":{"background-color":"","background-image":"","background-repeat":"repeat","background-position":"center center","background-size":"auto","background-attachment":"scroll","background-type":"","background-media":"","overlay-type":"","overlay-color":"","overlay-opacity":"","overlay-gradient":""}},"ast-content-background-meta":{"desktop":{"background-color":"var(--ast-global-color-5)","background-image":"","background-repeat":"repeat","background-position":"center center","background-size":"auto","background-attachment":"scroll","background-type":"","background-media":"","overlay-type":"","overlay-color":"","overlay-opacity":"","overlay-gradient":""},"tablet":{"background-color":"var(--ast-global-color-5)","background-image":"","background-repeat":"repeat","background-position":"center center","background-size":"auto","background-attachment":"scroll","background-type":"","background-media":"","overlay-type":"","overlay-color":"","overlay-opacity":"","overlay-gradient":""},"mobile":{"background-color":"var(--ast-global-color-5)","background-image":"","background-repeat":"repeat","background-position":"center center","background-size":"auto","background-attachment":"scroll","background-type":"","background-media":"","overlay-type":"","overlay-color":"","overlay-opacity":"","overlay-gradient":""}},"footnotes":""},"class_list":["post-7581","page","type-page","status-publish","hentry"],"post_mailing_queue_ids":[],"_links":{"self":[{"href":"https:\/\/agora.xtec.cat\/ceipjventallo\/wp-json\/wp\/v2\/pages\/7581","targetHints":{"allow":["GET"]}}],"collection":[{"href":"https:\/\/agora.xtec.cat\/ceipjventallo\/wp-json\/wp\/v2\/pages"}],"about":[{"href":"https:\/\/agora.xtec.cat\/ceipjventallo\/wp-json\/wp\/v2\/types\/page"}],"author":[{"embeddable":true,"href":"https:\/\/agora.xtec.cat\/ceipjventallo\/wp-json\/wp\/v2\/users\/1"}],"replies":[{"embeddable":true,"href":"https:\/\/agora.xtec.cat\/ceipjventallo\/wp-json\/wp\/v2\/comments?post=7581"}],"version-history":[{"count":4,"href":"https:\/\/agora.xtec.cat\/ceipjventallo\/wp-json\/wp\/v2\/pages\/7581\/revisions"}],"predecessor-version":[{"id":8343,"href":"https:\/\/agora.xtec.cat\/ceipjventallo\/wp-json\/wp\/v2\/pages\/7581\/revisions\/8343"}],"up":[{"embeddable":true,"href":"https:\/\/agora.xtec.cat\/ceipjventallo\/wp-json\/wp\/v2\/pages\/7573"}],"wp:attachment":[{"href":"https:\/\/agora.xtec.cat\/ceipjventallo\/wp-json\/wp\/v2\/media?parent=7581"}],"curies":[{"name":"wp","href":"https:\/\/api.w.org\/{rel}","templated":true}]}}